{"id":348,"date":"2020-11-12T11:29:58","date_gmt":"2020-11-12T11:29:58","guid":{"rendered":"https:\/\/site.educa.madrid.org\/cepa.vallecas.madrid\/?page_id=348"},"modified":"2024-07-21T22:12:52","modified_gmt":"2024-07-21T20:12:52","slug":"cau-2","status":"publish","type":"page","link":"https:\/\/site.educa.madrid.org\/cepa.vallecas.madrid\/index.php\/cau-2\/","title":{"rendered":"CAU"},"content":{"rendered":"\n<h2 class=\"wp-block-heading\">LA PRUEBA<\/h2>\n\n\n\n<figure class=\"wp-block-table\"><table><tbody><tr><td><br>Las personas mayores de 25 y 45 a\u00f1os de edad que deseen acceder a estudios universitarios, podr\u00e1n hacerlo mediante la superaci\u00f3n de una prueba de acceso. Solo podr\u00e1n concurrir a dicha prueba de acceso quienes cumplan o hayan cumplido los veinticinco a\u00f1os de edad en el a\u00f1o natural en que se celebre la prueba. Las universidades realizar\u00e1n anualmente una convocatoria de prueba de acceso para mayores de 25 y 45 a\u00f1os, para cada una de las ramas en las que oferten ense\u00f1anzas. La organizaci\u00f3n de las pruebas de acceso corresponder\u00e1 a las Universidades. El candidato podr\u00e1 realizar la prueba de acceso en tantas Universidades como estime oportuno, previo pago de tasas en cada una de ellas. El curr\u00edculo de los ejercicios ser\u00e1 el establecido para las materias de segundo curso de Bachillerato, conforme a lo determinado en el Real Decreto 1467\/2007, de 2 de noviembre, por el que se establece la estructura del Bachillerato y se fijan sus ense\u00f1anzas m\u00ednimas La superaci\u00f3n total de la prueba (as\u00ed como la superaci\u00f3n de la prueba de acceso a ciclos formativos de Grado Superior) habilita adem\u00e1s para poder presentarse a algunas oposiciones de la funci\u00f3n p\u00fablica.<\/td><\/tr><tr><td><strong>EN EL CEPA VALLECAS<\/strong><br><br>Este curso es exclusivamente preparatorio, con el fin de que el alumno afronte las pruebas con una preparaci\u00f3n adecuada. No hay ning\u00fan requisito acad\u00e9mico para poder cursarlo, solo poseer 25 a\u00f1os de edad antes del d\u00eda 31 de diciembre del a\u00f1o de realizaci\u00f3n de la prueba de acceso. La superaci\u00f3n de este curso preparatorio de las pruebas de acceso no supondr\u00e1 la obtenci\u00f3n de titulaci\u00f3n acad\u00e9mica o nivel acad\u00e9mico alguno, sino que es la propia Universidad la que expide el certificado Oficial.<\/td><\/tr><\/tbody><\/table><\/figure>\n\n\n\n<ul class=\"wp-block-social-links is-layout-flex wp-block-social-links-is-layout-flex\">\n\n\n\n\n\n\n\n<\/ul>\n\n\n\n<div class=\"wp-block-columns is-layout-flex wp-container-core-columns-is-layout-9d6595d7 wp-block-columns-is-layout-flex\">\n<div class=\"wp-block-column is-layout-flow wp-block-column-is-layout-flow\" style=\"flex-basis:100%\">\n<p><\/p>\n\n\n\n<p>En el CEPA Vallecas preparamos las siguientes asignaturas:<\/p>\n\n\n\n<p><\/p>\n\n\n\n<figure class=\"wp-block-table\"><table><tbody><tr><td><strong>TURNO DE MA\u00d1ANA<\/strong><\/td><td><strong>TURNO DE TARDE<\/strong><\/td><\/tr><tr><td><strong>Lengua castellana<br>Comentario de texto<br>Ingl\u00e9s<br>Matem\u00e1ticas II<br>Biolog\u00eda<br>Qu\u00edmica<\/strong><\/td><td><strong>Lengua castellana<br>Comentario de texto<br>Ingl\u00e9s<br>Historia de Espa\u00f1a<br>Econom\u00eda de la empresa<br>Geograf\u00eda de Espa\u00f1a<\/strong><\/td><\/tr><\/tbody><\/table><figcaption class=\"wp-element-caption\">&#8211; Los mayores de 45 a\u00f1os solo deben examinarse de lengua castellana y comentario de texto (los que superen la prueba deber\u00e1n, adem\u00e1s, realizar una entrevista personal).<br>&#8211; Los mayores de 25 a\u00f1os deben examinarse de las materias comunes (lengua castellana,\u00a0 comentario de texto e ingl\u00e9s) y de dos materias especificas (elegir solo dos).<\/figcaption><\/figure>\n\n\n\n<p><\/p>\n\n\n\n<div class=\"wp-block-buttons is-layout-flex wp-block-buttons-is-layout-flex\">\n<div class=\"wp-block-button\"><a class=\"wp-block-button__link has-luminous-vivid-orange-background-color has-background wp-element-button\" href=\"https:\/\/www.ucm.es\/estructura-de-la-prueba-y-programa-de-las-materias\" target=\"_blank\" rel=\"noreferrer noopener\">Estructura de la prueba<\/a><\/div>\n<\/div>\n<\/div>\n<\/div>\n\n\n\n<hr class=\"wp-block-separator has-alpha-channel-opacity\"\/>\n\n\n\n<h4 class=\"wp-block-heading has-text-align-left\">CONVOCATORIAS, PRUEBAS Y MODELOS DE EXAMEN<\/h4>\n\n\n\n<h5 class=\"wp-block-heading has-text-align-left\">PINCHA EN LOS SIGUIENTE ENLACES PARA ACCEDER:<\/h5>\n\n\n\n<p><\/p>\n\n\n\n<ul class=\"wp-block-list\">\n<li><a href=\"https:\/\/www.ucm.es\/mayores-de-25-anos\" target=\"_blank\" rel=\"noreferrer noopener\">UNIVERSIDAD COMPLUTENSE<\/a><\/li>\n<\/ul>\n\n\n\n<p><\/p>\n\n\n\n<ul class=\"wp-block-list\">\n<li><a href=\"https:\/\/www.uam.es\/ss\/Satellite\/es\/1242656108731\/1242656107918\/generico\/generico\/Acceso_para_mayores_de_25_anos.htm\" target=\"_blank\" rel=\"noreferrer noopener\">UNIVERSIDAD AUT\u00d3NOMA<\/a><\/li>\n<\/ul>\n\n\n\n<p><\/p>\n\n\n\n<ul class=\"wp-block-list\">\n<li><a href=\"https:\/\/www.urjc.es\/estudiar-en-la-urjc\/admision\/408-prueba-de-mayores-de-25-anos\" target=\"_blank\" rel=\"noreferrer noopener\">UNIVERSIDAD JUAN CARLOS I<\/a><\/li>\n<\/ul>\n\n\n\n<p><\/p>\n\n\n\n<ul class=\"wp-block-list\">\n<li><a href=\"https:\/\/www.uah.es\/es\/admision-y-ayudas\/grados\/pruebas-de-acceso\/mayores-de-25\/\" target=\"_blank\" rel=\"noreferrer noopener\">UNIVERSIDAD ALCAL\u00c1 DE HENARES<\/a><\/li>\n<\/ul>\n\n\n\n<p><\/p>\n\n\n\n<ul class=\"wp-block-list\">\n<li><a href=\"https:\/\/www.upm.es\/FuturosEstudiantes\/Ingresar\/Acceso\/25anios\" target=\"_blank\" rel=\"noreferrer noopener\">UNIVERSIDAD POLIT\u00c9CNICA<\/a><\/li>\n<\/ul>\n\n\n\n<p><\/p>\n\n\n\n<div class=\"wp-block-buttons is-layout-flex wp-block-buttons-is-layout-flex\">\n<div class=\"wp-block-button\"><a class=\"wp-block-button__link has-luminous-vivid-orange-background-color has-background wp-element-button\" href=\"https:\/\/site.educa.madrid.org\/cepa.vallecas.madrid\/index.php\/modelo-030-cau\/\" target=\"_blank\" rel=\"noreferrer noopener\">MODELO 030<\/a><\/div>\n<\/div>\n\n\n\n<p><\/p>\n\n\n\n<hr class=\"wp-block-separator has-alpha-channel-opacity\"\/>\n\n\n\n<p><\/p>\n","protected":false},"excerpt":{"rendered":"<p>LA PRUEBA Las personas mayores de 25 y 45 a\u00f1os de edad que deseen acceder a estudios universitarios, podr\u00e1n hacerlo mediante la superaci\u00f3n de una prueba de acceso. Solo podr\u00e1n concurrir a dicha prueba de acceso quienes cumplan o hayan cumplido los veinticinco a\u00f1os de edad en el a\u00f1o natural en que se celebre la<\/p><\/div>\n<div class=\"blog-btn\"><a href=\"https:\/\/site.educa.madrid.org\/cepa.vallecas.madrid\/index.php\/cau-2\/\" class=\"home-blog-btn\">Leer m\u00e1s<\/a><\/p>\n","protected":false},"author":3,"featured_media":0,"parent":0,"menu_order":0,"comment_status":"closed","ping_status":"closed","template":"","meta":{"footnotes":""},"folder":[],"class_list":["post-348","page","type-page","status-publish","hentry"],"rttpg_featured_image_url":null,"rttpg_author":{"display_name":"cepa.vallecas.madrid","author_link":"https:\/\/site.educa.madrid.org\/cepa.vallecas.madrid\/index.php\/author\/cuenta_cepa-vallecas-madrid\/"},"rttpg_comment":0,"rttpg_category":false,"rttpg_excerpt":"LA PRUEBA Las personas mayores de 25 y 45 a\u00f1os de edad que deseen acceder a estudios universitarios, podr\u00e1n hacerlo mediante la superaci\u00f3n de una prueba de acceso. Solo podr\u00e1n concurrir a dicha prueba de acceso quienes cumplan o hayan cumplido los veinticinco a\u00f1os de edad en el a\u00f1o natural en que se celebre laLeer&hellip;","post_mailing_queue_ids":[],"_links":{"self":[{"href":"https:\/\/site.educa.madrid.org\/cepa.vallecas.madrid\/index.php\/wp-json\/wp\/v2\/pages\/348","targetHints":{"allow":["GET"]}}],"collection":[{"href":"https:\/\/site.educa.madrid.org\/cepa.vallecas.madrid\/index.php\/wp-json\/wp\/v2\/pages"}],"about":[{"href":"https:\/\/site.educa.madrid.org\/cepa.vallecas.madrid\/index.php\/wp-json\/wp\/v2\/types\/page"}],"author":[{"embeddable":true,"href":"https:\/\/site.educa.madrid.org\/cepa.vallecas.madrid\/index.php\/wp-json\/wp\/v2\/users\/3"}],"replies":[{"embeddable":true,"href":"https:\/\/site.educa.madrid.org\/cepa.vallecas.madrid\/index.php\/wp-json\/wp\/v2\/comments?post=348"}],"version-history":[{"count":36,"href":"https:\/\/site.educa.madrid.org\/cepa.vallecas.madrid\/index.php\/wp-json\/wp\/v2\/pages\/348\/revisions"}],"predecessor-version":[{"id":2213,"href":"https:\/\/site.educa.madrid.org\/cepa.vallecas.madrid\/index.php\/wp-json\/wp\/v2\/pages\/348\/revisions\/2213"}],"wp:attachment":[{"href":"https:\/\/site.educa.madrid.org\/cepa.vallecas.madrid\/index.php\/wp-json\/wp\/v2\/media?parent=348"}],"wp:term":[{"taxonomy":"folder","embeddable":true,"href":"https:\/\/site.educa.madrid.org\/cepa.vallecas.madrid\/index.php\/wp-json\/wp\/v2\/folder?post=348"}],"curies":[{"name":"wp","href":"https:\/\/api.w.org\/{rel}","templated":true}]}}