{"id":358,"date":"2020-11-12T11:39:42","date_gmt":"2020-11-12T11:39:42","guid":{"rendered":"https:\/\/site.educa.madrid.org\/cepa.vallecas.madrid\/?page_id=358"},"modified":"2021-01-07T15:18:19","modified_gmt":"2021-01-07T15:18:19","slug":"modelo-030-aula-mentor","status":"publish","type":"page","link":"https:\/\/site.educa.madrid.org\/cepa.vallecas.madrid\/index.php\/modelo-030-aula-mentor\/","title":{"rendered":"MODELO 030 AULA MENTOR"},"content":{"rendered":"\n<p><strong>PROCESO PARA PAGAR LA TASA 030 PARA LOS CURSOS DEL AULA MENTOR<\/strong><\/p>\n\n\n\n<ol class=\"wp-block-list\" type=\"1\"><li>Escribir en la barra de b\u00fasqueda de internet la siguiente direcci\u00f3n o pincha el siguiente enlace:&nbsp;<\/li><\/ol>\n\n\n\n<p><a href=\"https:\/\/gestiona7.madrid.org\/rtas_webapp_pagotasas\/#!\/app-busqueda-tasa\" target=\"_blank\" rel=\"noreferrer noopener\">https:\/\/gestiona7.madrid.org\/rtas_webapp_pagotasas\/#!\/app-busqueda-tasa<\/a><\/p>\n\n\n\n<p>(Si est\u00e1s viendo esto en pdf puedes dar a bot\u00f3n derecho del rat\u00f3n y pinchar en \u201cabrir hipervinculo\u201d para redireccionarte directamente a la web sin tener que teclearlo en la barra de b\u00fasqueda)<\/p>\n\n\n\n<ul class=\"wp-block-list\"><li>Aparece una p\u00e1gina de CONDICIONES DE USO Y POL\u00cdTICA DE PRIVACIDAD. Bajamos hasta el final de la p\u00e1gina y pinchamos en ACEPTAR.<\/li><\/ul>\n\n\n\n<ul class=\"wp-block-list\"><li>Pinchar en el primer cuadro PAGAR TASA O PRECIO P\u00daBLICO<\/li><\/ul>\n\n\n\n<ul class=\"wp-block-list\"><li>En la barra B\u00daSQUEDA DE TASA escribir MENTOR VALLECAS&nbsp; y pinchar sobre la lupa. Aparece unas ventanas. Hay dos que corresponden al Mentor, una es matr\u00edcula , otra mensualidad, pincha sobre la que corresponda a tu situaci\u00f3n, si es para empezar ser\u00e1 matr\u00edcula , si es para recargar ser\u00e1 mensualidad.<\/li><\/ul>\n\n\n\n<ul class=\"wp-block-list\"><li>Si es familia numerosa pinchar en el cuadradito correspondiente (hay una deducci\u00f3n del 50% de la tasa). Si no, directamente se rellenan los datos del titular (a la izquierda). Si el titular coincide con el pagador se pincha en el cuadradito de abajo para transferir los datos a la parte de la derecha y se termina de rellenar los datos (n\u00ba de tfno. y correo electr\u00f3nico). Si es diferente persona, no se pincha el cuadradito de abajo y se rellenan los campos de la derecha con los datos del pagador de la tasa. En el recuadro de observaci\u00f3n del pago de la tasa hay que escribir el nombre del curso que se va a realizar<\/li><li>Se pincha en CONTINUAR.<\/li><\/ul>\n\n\n\n<ul class=\"wp-block-list\"><li>Aparece una ventana de confirmaci\u00f3n de datos. Si son correctos (revisar bien) se da a CONTINUAR. Si no es as\u00ed, se pincha en ATR\u00c1S, se corrige y se procede de igual manera.<\/li><\/ul>\n\n\n\n<ul class=\"wp-block-list\"><li>Se Pincha sobre PAGO PRESENCIAL. Se genera un pdf que hay que imprimir (dos copias). Se va a BANKIA (exclusivamente) y se paga la tasa de 48 \u20ac o 24\u20ac si es mensualidad). De las dos copias, una se la queda el banco y la otra sellada o autenticada el alumno la entregar\u00e1 en el CEPA Vallecas para formalizar la matr\u00edcula junto con el impreso de solicitud, una fotocopia del DNI, NIE o pasaporte.<\/li><li>Si se quiere ,se puede pagar con la tarjeta en ese mismo sitio y se genera un recibo del pago que puedes enviar al aula  Mentor, o imprimirlo y llevarlo presencialmente.<\/li><\/ul>\n","protected":false},"excerpt":{"rendered":"<p>PROCESO PARA PAGAR LA TASA 030 PARA LOS CURSOS DEL AULA MENTOR Escribir en la barra de b\u00fasqueda de internet la siguiente direcci\u00f3n o pincha el siguiente enlace:&nbsp; https:\/\/gestiona7.madrid.org\/rtas_webapp_pagotasas\/#!\/app-busqueda-tasa (Si est\u00e1s viendo esto en pdf puedes dar a bot\u00f3n derecho del rat\u00f3n y pinchar en \u201cabrir hipervinculo\u201d para redireccionarte directamente a la web sin tener<\/p><\/div>\n<div class=\"blog-btn\"><a href=\"https:\/\/site.educa.madrid.org\/cepa.vallecas.madrid\/index.php\/modelo-030-aula-mentor\/\" class=\"home-blog-btn\">Leer m\u00e1s<\/a><\/p>\n","protected":false},"author":3,"featured_media":0,"parent":0,"menu_order":0,"comment_status":"closed","ping_status":"closed","template":"","meta":{"footnotes":""},"folder":[],"class_list":["post-358","page","type-page","status-publish","hentry"],"rttpg_featured_image_url":null,"rttpg_author":{"display_name":"cepa.vallecas.madrid","author_link":"https:\/\/site.educa.madrid.org\/cepa.vallecas.madrid\/index.php\/author\/cuenta_cepa-vallecas-madrid\/"},"rttpg_comment":0,"rttpg_category":false,"rttpg_excerpt":"PROCESO PARA PAGAR LA TASA 030 PARA LOS CURSOS DEL AULA MENTOR Escribir en la barra de b\u00fasqueda de internet la siguiente direcci\u00f3n o pincha el siguiente enlace:&nbsp; https:\/\/gestiona7.madrid.org\/rtas_webapp_pagotasas\/#!\/app-busqueda-tasa (Si est\u00e1s viendo esto en pdf puedes dar a bot\u00f3n derecho del rat\u00f3n y pinchar en \u201cabrir hipervinculo\u201d para redireccionarte directamente a la web sin tenerLeer&hellip;","post_mailing_queue_ids":[],"_links":{"self":[{"href":"https:\/\/site.educa.madrid.org\/cepa.vallecas.madrid\/index.php\/wp-json\/wp\/v2\/pages\/358","targetHints":{"allow":["GET"]}}],"collection":[{"href":"https:\/\/site.educa.madrid.org\/cepa.vallecas.madrid\/index.php\/wp-json\/wp\/v2\/pages"}],"about":[{"href":"https:\/\/site.educa.madrid.org\/cepa.vallecas.madrid\/index.php\/wp-json\/wp\/v2\/types\/page"}],"author":[{"embeddable":true,"href":"https:\/\/site.educa.madrid.org\/cepa.vallecas.madrid\/index.php\/wp-json\/wp\/v2\/users\/3"}],"replies":[{"embeddable":true,"href":"https:\/\/site.educa.madrid.org\/cepa.vallecas.madrid\/index.php\/wp-json\/wp\/v2\/comments?post=358"}],"version-history":[{"count":3,"href":"https:\/\/site.educa.madrid.org\/cepa.vallecas.madrid\/index.php\/wp-json\/wp\/v2\/pages\/358\/revisions"}],"predecessor-version":[{"id":724,"href":"https:\/\/site.educa.madrid.org\/cepa.vallecas.madrid\/index.php\/wp-json\/wp\/v2\/pages\/358\/revisions\/724"}],"wp:attachment":[{"href":"https:\/\/site.educa.madrid.org\/cepa.vallecas.madrid\/index.php\/wp-json\/wp\/v2\/media?parent=358"}],"wp:term":[{"taxonomy":"folder","embeddable":true,"href":"https:\/\/site.educa.madrid.org\/cepa.vallecas.madrid\/index.php\/wp-json\/wp\/v2\/folder?post=358"}],"curies":[{"name":"wp","href":"https:\/\/api.w.org\/{rel}","templated":true}]}}