{"id":545,"date":"2020-11-16T17:55:59","date_gmt":"2020-11-16T17:55:59","guid":{"rendered":"https:\/\/site.educa.madrid.org\/cepa.vallecas.madrid\/?page_id=545"},"modified":"2025-11-24T17:32:54","modified_gmt":"2025-11-24T16:32:54","slug":"pruebas-libres","status":"publish","type":"page","link":"https:\/\/site.educa.madrid.org\/cepa.vallecas.madrid\/index.php\/pruebas-libres\/","title":{"rendered":"PRUEBAS LIBRES"},"content":{"rendered":"\n<p class=\"has-text-align-center has-black-color has-text-color has-x-large-font-size\"><strong>PRUEBAS LIBRES T\u00cdTULO ESO<\/strong><\/p>\n\n\n\n<ul class=\"wp-block-list\">\n<li>Son ex\u00e1menes realizados en Centros de Educaci\u00f3n de Personas Adultas (CEPA) que permiten obtener el t\u00edtulo de Graduado en Educaci\u00f3n Secundaria Obligatoria.<\/li>\n\n\n\n<li>Pueden participar todas aquellas personas mayores de edad, que no tengan T\u00edtulo de ESO ni&nbsp;est\u00e9n cursando estudios oficiales para su obtenci\u00f3n.<\/li>\n\n\n\n<li>La inscripci\u00f3n puede hacerse de forma telem\u00e1tica o de forma presencial en cualquier Centro de Educaci\u00f3n de Personas Adultas (CEPA).<\/li>\n\n\n\n<li>Se efect\u00faan en una convocatoria anual y de manera unificada para toda la Comunidad de Madrid.<\/li>\n\n\n\n<li>Lo que se tenga aprobado, o lo que se apruebe, se convalida para las convocatorias de los pr\u00f3ximos a\u00f1os.<\/li>\n\n\n\n<li>Los contenidos de estos ex\u00e1menes se encuentran en la&nbsp;<a href=\"https:\/\/www.comunidad.madrid\/transparencia\/sites\/default\/files\/bocm-20240924-13.pdf\" target=\"_blank\" rel=\"noreferrer noopener\">ORDEN&nbsp;3944\/2024<\/a><\/li>\n<\/ul>\n\n\n\n<p><\/p>\n\n\n\n<h2 class=\"wp-block-heading\">CONVOCATORIA 25-26<\/h2>\n\n\n\n<p><\/p>\n\n\n\n<p><\/p>\n\n\n\n<div class=\"wp-block-cover is-light\" style=\"min-height:189px;aspect-ratio:unset;\"><span aria-hidden=\"true\" class=\"wp-block-cover__background has-background-dim-20 has-background-dim\"><\/span><div class=\"wp-block-cover__inner-container is-layout-flow wp-block-cover-is-layout-flow\">\n<div class=\"wp-block-group\"><div class=\"wp-block-group__inner-container is-layout-constrained wp-block-group-is-layout-constrained\">\n<p><strong>PLAZO DE MATR\u00cdCULA DEL 19 AL 30 DE ENERO DE 2026<\/strong><\/p>\n\n\n\n<p><strong>LAS PRUEBAS SE CELEBRAR\u00c1N LOS D\u00cdAS 20 Y 21 DE MAYO DE 2026<\/strong><br><\/p>\n\n\n\n<p><\/p>\n\n\n\n<div class=\"wp-block-buttons is-layout-flex wp-block-buttons-is-layout-flex\">\n<div class=\"wp-block-button\"><a class=\"wp-block-button__link has-luminous-vivid-orange-background-color has-background wp-element-button\" href=\"https:\/\/site.educa.madrid.org\/cepa.vallecas.madrid\/\/wp-content\/uploads\/cepa.vallecas.madrid\/2025\/11\/pruebas-libres-ESO-2026.pdf\" target=\"_blank\" rel=\"noreferrer noopener\">M\u00c1S INFORMACI\u00d3N<\/a><\/div>\n\n\n\n<div class=\"wp-block-button\"><a class=\"wp-block-button__link has-luminous-vivid-orange-background-color has-background wp-element-button\" href=\"https:\/\/www.comunidad.madrid\/servicios\/educacion\/pruebas-obtencion-titulo-eso-mayores-18-anos\" target=\"_blank\" rel=\"noreferrer noopener\">CALENDARIO Y NORMATIVA<\/a><\/div>\n<\/div>\n<\/div><\/div>\n\n\n\n<p><\/p>\n<\/div><\/div>\n\n\n\n<h2 class=\"wp-block-heading\"><\/h2>\n\n\n\n<p class=\"has-white-color has-text-color\">.<\/p>\n\n\n\n<p><\/p>\n\n\n\n<p><\/p>\n","protected":false},"excerpt":{"rendered":"<p>PRUEBAS LIBRES T\u00cdTULO ESO CONVOCATORIA 25-26 .<\/p>\n","protected":false},"author":3,"featured_media":0,"parent":0,"menu_order":0,"comment_status":"closed","ping_status":"closed","template":"","meta":{"footnotes":""},"folder":[],"class_list":["post-545","page","type-page","status-publish","hentry"],"rttpg_featured_image_url":null,"rttpg_author":{"display_name":"cepa.vallecas.madrid","author_link":"https:\/\/site.educa.madrid.org\/cepa.vallecas.madrid\/index.php\/author\/cuenta_cepa-vallecas-madrid\/"},"rttpg_comment":0,"rttpg_category":false,"rttpg_excerpt":"PRUEBAS LIBRES T\u00cdTULO ESO CONVOCATORIA 25-26 .","post_mailing_queue_ids":[],"_links":{"self":[{"href":"https:\/\/site.educa.madrid.org\/cepa.vallecas.madrid\/index.php\/wp-json\/wp\/v2\/pages\/545","targetHints":{"allow":["GET"]}}],"collection":[{"href":"https:\/\/site.educa.madrid.org\/cepa.vallecas.madrid\/index.php\/wp-json\/wp\/v2\/pages"}],"about":[{"href":"https:\/\/site.educa.madrid.org\/cepa.vallecas.madrid\/index.php\/wp-json\/wp\/v2\/types\/page"}],"author":[{"embeddable":true,"href":"https:\/\/site.educa.madrid.org\/cepa.vallecas.madrid\/index.php\/wp-json\/wp\/v2\/users\/3"}],"replies":[{"embeddable":true,"href":"https:\/\/site.educa.madrid.org\/cepa.vallecas.madrid\/index.php\/wp-json\/wp\/v2\/comments?post=545"}],"version-history":[{"count":50,"href":"https:\/\/site.educa.madrid.org\/cepa.vallecas.madrid\/index.php\/wp-json\/wp\/v2\/pages\/545\/revisions"}],"predecessor-version":[{"id":2772,"href":"https:\/\/site.educa.madrid.org\/cepa.vallecas.madrid\/index.php\/wp-json\/wp\/v2\/pages\/545\/revisions\/2772"}],"wp:attachment":[{"href":"https:\/\/site.educa.madrid.org\/cepa.vallecas.madrid\/index.php\/wp-json\/wp\/v2\/media?parent=545"}],"wp:term":[{"taxonomy":"folder","embeddable":true,"href":"https:\/\/site.educa.madrid.org\/cepa.vallecas.madrid\/index.php\/wp-json\/wp\/v2\/folder?post=545"}],"curies":[{"name":"wp","href":"https:\/\/api.w.org\/{rel}","templated":true}]}}