{"id":1101,"date":"2023-12-05T13:52:48","date_gmt":"2023-12-05T12:52:48","guid":{"rendered":"https:\/\/site.educa.madrid.org\/cifp.federicamontseny.fuenlabrada\/?page_id=1101"},"modified":"2023-12-13T11:08:50","modified_gmt":"2023-12-13T10:08:50","slug":"aula-emprende","status":"publish","type":"page","link":"https:\/\/site.educa.madrid.org\/cifp.federicamontseny.fuenlabrada\/index.php\/programas-y-proyectos\/aula-emprende\/","title":{"rendered":"Aula Emprende"},"content":{"rendered":"\n<div class=\"wp-block-columns is-layout-flex wp-container-core-columns-is-layout-9d6595d7 wp-block-columns-is-layout-flex\">\n<div class=\"wp-block-column is-layout-flow wp-block-column-is-layout-flow\" style=\"flex-basis:550px\">\n<p><strong>\u00bfQuieres crear una empresa?<\/strong><\/p>\n\n\n\n<p><strong>AULA EMPRENDE IES FEDERICA MONTSENY<\/strong><\/p>\n\n\n\n<p>Te ofrecemos herramientas que te&nbsp;ayudar\u00e1n a analizar tu idea imprendedora&#8230;<\/p>\n\n\n\n<p><strong>Direcci\u00f3n General de Industria y de la Peque\u00f1a y Mediana Empresa<\/strong><\/p>\n\n\n\n<p>Informaci\u00f3n y herramientas para el emprendedor y la PYME: creacion de empresas, elecci\u00f3n de la forma jur\u00eddica, contrataci\u00f3n laboral, ayudas e incentivos, plan de empresa, autodiagn\u00f3sticos, DAFO,&#8230;&nbsp;<\/p>\n\n\n\n<p><a href=\"http:\/\/www.ipyme.org\/es-ES\/Paginas\/Home.aspx\">http:\/\/www.ipyme.org\/es-ES\/Paginas\/Home.aspx<\/a><\/p>\n\n\n\n<p><a href=\"https:\/\/www.ipyme.org\">https:\/\/www.ipyme.org<\/a><\/p>\n\n\n\n<hr class=\"wp-block-separator has-alpha-channel-opacity\"\/>\n\n\n\n<p>Conoce en los siguientes enlaces los detalles del Proyecto aula emprende del Centro IES Federica Montseny.<br><br><strong>\u00a1\u00a1\u00a1T\u00fa eres el protagonista de tus sue\u00f1os!!!<\/strong><br><\/p>\n\n\n\n<ul class=\"wp-block-list\">\n<li><a href=\"https:\/\/site.educa.madrid.org\/cifp.federicamontseny.fuenlabrada\/\/wp-content\/uploads\/cifp.federicamontseny.fuenlabrada\/2023\/12\/PROYECTO_EMPRENDE_18-19.pdf\" data-type=\"attachment\" data-id=\"1112\" target=\"_blank\" rel=\"noreferrer noopener\">Proyecto aula emprende<\/a><\/li>\n\n\n\n<li><a href=\"https:\/\/site.educa.madrid.org\/cifp.federicamontseny.fuenlabrada\/\/wp-content\/uploads\/cifp.federicamontseny.fuenlabrada\/2023\/12\/Contrato-Aula-Emprende.pdf\" data-type=\"attachment\" data-id=\"1111\">Contrato aula emprende<\/a><\/li>\n<\/ul>\n<\/div>\n\n\n\n<div class=\"wp-block-column is-layout-flow wp-block-column-is-layout-flow\" style=\"flex-basis:30px\"><\/div>\n\n\n\n<div class=\"wp-block-column is-layout-flow wp-block-column-is-layout-flow\" style=\"flex-basis:300px\">\n<iframe loading=\"lazy\" src=\"https:\/\/mediateca.educa.madrid.org\/video\/iywlyx561senhr38\/fs\" width=\"420\" height=\"315\" frameborder=\"0\" scrolling=\"no\" style=\"border:0;overflow:hidden\" allowfullscreen><\/iframe>\n\n\n\n<figure class=\"wp-block-embed is-type-video is-provider-youtube wp-block-embed-youtube wp-embed-aspect-16-9 wp-has-aspect-ratio\"><div class=\"wp-block-embed__wrapper\">\n<iframe loading=\"lazy\" title=\"Aula Emprende en el IES Federica Montseny\" width=\"640\" height=\"360\" src=\"https:\/\/www.youtube.com\/embed\/KC3LifXxiDQ?feature=oembed\" frameborder=\"0\" allow=\"accelerometer; autoplay; clipboard-write; encrypted-media; gyroscope; picture-in-picture; web-share\" referrerpolicy=\"strict-origin-when-cross-origin\" allowfullscreen><\/iframe>\n<\/div><figcaption class=\"wp-element-caption\">Inauguraci\u00f3n Aula Emprende<\/figcaption><\/figure>\n\n\n\n<h3 class=\"wp-block-heading\">MADRID SKILL 21_EMPRENDIMIENTO<\/h3>\n\n\n\n<figure class=\"wp-block-image size-full\"><img loading=\"lazy\" decoding=\"async\" width=\"550\" height=\"308\" src=\"https:\/\/site.educa.madrid.org\/cifp.federicamontseny.fuenlabrada\/\/wp-content\/uploads\/cifp.federicamontseny.fuenlabrada\/2023\/12\/MADRID-SKILL21.jpg\" alt=\"\" class=\"wp-image-1114\" srcset=\"https:\/\/site.educa.madrid.org\/cifp.federicamontseny.fuenlabrada\/\/wp-content\/uploads\/cifp.federicamontseny.fuenlabrada\/2023\/12\/MADRID-SKILL21.jpg 550w, https:\/\/site.educa.madrid.org\/cifp.federicamontseny.fuenlabrada\/\/wp-content\/uploads\/cifp.federicamontseny.fuenlabrada\/2023\/12\/MADRID-SKILL21-300x168.jpg 300w\" sizes=\"auto, (max-width: 550px) 100vw, 550px\" \/><\/figure>\n<\/div>\n<\/div>\n\n\n\t\t\t<!-- Flexy Breadcrumb -->\n\t\t\t<div class=\"fbc fbc-page\">\n\n\t\t\t\t<!-- Breadcrumb wrapper -->\n\t\t\t\t<div class=\"fbc-wrap\">\n\n\t\t\t\t\t<!-- Ordered list-->\n\t\t\t\t\t<ol class=\"fbc-items\" itemscope itemtype=\"https:\/\/schema.org\/BreadcrumbList\">\n\t\t\t\t\t\t            <li itemprop=\"itemListElement\" itemscope itemtype=\"https:\/\/schema.org\/ListItem\">\n                <span itemprop=\"name\">\n                    <!-- Home Link -->\n                    <a itemprop=\"item\" href=\"https:\/\/site.educa.madrid.org\/cifp.federicamontseny.fuenlabrada\">\n                    \n                                                    <i class=\"fa fa fa-home\" aria-hidden=\"true\"><\/i>C.I.F.P. Federica Montseny                    <\/a>\n                <\/span>\n                <meta itemprop=\"position\" content=\"1\" \/><!-- Meta Position-->\n             <\/li><li><span class=\"fbc-separator\">\/<\/span><\/li><li class=\"active\" itemprop=\"itemListElement\" itemscope itemtype=\"https:\/\/schema.org\/ListItem\"><span itemprop=\"name\" title=\"Aula Emprende\">Aula Emprende<\/span><meta itemprop=\"position\" content=\"2\" \/><\/li>\t\t\t\t\t<\/ol>\n\t\t\t\t\t<div class=\"clearfix\"><\/div>\n\t\t\t\t<\/div>\n\t\t\t<\/div>\n\t\t\t\n","protected":false},"excerpt":{"rendered":"<p>\u00bfQuieres crear una empresa? AULA EMPRENDE IES FEDERICA MONTSENY Te ofrecemos herramientas que te&nbsp;ayudar\u00e1n a analizar tu idea imprendedora&#8230; Direcci\u00f3n General de Industria y de la Peque\u00f1a y Mediana Empresa Informaci\u00f3n y herramientas para el emprendedor y la PYME: creacion de empresas, elecci\u00f3n de la forma jur\u00eddica, contrataci\u00f3n laboral, ayudas e incentivos, plan de empresa, [&hellip;]<\/p>\n","protected":false},"author":3,"featured_media":0,"parent":949,"menu_order":0,"comment_status":"closed","ping_status":"closed","template":"","meta":{"footnotes":""},"folder":[48],"class_list":["post-1101","page","type-page","status-publish","hentry"],"rttpg_featured_image_url":null,"rttpg_author":{"display_name":"cifp.federicamontseny.fuenlabrada","author_link":"https:\/\/site.educa.madrid.org\/cifp.federicamontseny.fuenlabrada\/index.php\/author\/cuenta_cifp-federicamontseny-fuenlabrada\/"},"rttpg_comment":0,"rttpg_category":" <a href=\"https:\/\/site.educa.madrid.org\/cifp.federicamontseny.fuenlabrada\/?taxonomy=folder&#038;term=emprende-1702456233-3\" rel=\"tag\">Emprende<\/a>","rttpg_excerpt":"\u00bfQuieres crear una empresa? AULA EMPRENDE IES FEDERICA MONTSENY Te ofrecemos herramientas que te&nbsp;ayudar\u00e1n a analizar tu idea imprendedora&#8230; Direcci\u00f3n General de Industria y de la Peque\u00f1a y Mediana Empresa Informaci\u00f3n y herramientas para el emprendedor y la PYME: creacion de empresas, elecci\u00f3n de la forma jur\u00eddica, contrataci\u00f3n laboral, ayudas e incentivos, plan de empresa,&hellip;","post_mailing_queue_ids":[],"_links":{"self":[{"href":"https:\/\/site.educa.madrid.org\/cifp.federicamontseny.fuenlabrada\/index.php\/wp-json\/wp\/v2\/pages\/1101","targetHints":{"allow":["GET"]}}],"collection":[{"href":"https:\/\/site.educa.madrid.org\/cifp.federicamontseny.fuenlabrada\/index.php\/wp-json\/wp\/v2\/pages"}],"about":[{"href":"https:\/\/site.educa.madrid.org\/cifp.federicamontseny.fuenlabrada\/index.php\/wp-json\/wp\/v2\/types\/page"}],"author":[{"embeddable":true,"href":"https:\/\/site.educa.madrid.org\/cifp.federicamontseny.fuenlabrada\/index.php\/wp-json\/wp\/v2\/users\/3"}],"replies":[{"embeddable":true,"href":"https:\/\/site.educa.madrid.org\/cifp.federicamontseny.fuenlabrada\/index.php\/wp-json\/wp\/v2\/comments?post=1101"}],"version-history":[{"count":7,"href":"https:\/\/site.educa.madrid.org\/cifp.federicamontseny.fuenlabrada\/index.php\/wp-json\/wp\/v2\/pages\/1101\/revisions"}],"predecessor-version":[{"id":1379,"href":"https:\/\/site.educa.madrid.org\/cifp.federicamontseny.fuenlabrada\/index.php\/wp-json\/wp\/v2\/pages\/1101\/revisions\/1379"}],"up":[{"embeddable":true,"href":"https:\/\/site.educa.madrid.org\/cifp.federicamontseny.fuenlabrada\/index.php\/wp-json\/wp\/v2\/pages\/949"}],"wp:attachment":[{"href":"https:\/\/site.educa.madrid.org\/cifp.federicamontseny.fuenlabrada\/index.php\/wp-json\/wp\/v2\/media?parent=1101"}],"wp:term":[{"taxonomy":"folder","embeddable":true,"href":"https:\/\/site.educa.madrid.org\/cifp.federicamontseny.fuenlabrada\/index.php\/wp-json\/wp\/v2\/folder?post=1101"}],"curies":[{"name":"wp","href":"https:\/\/api.w.org\/{rel}","templated":true}]}}