{"id":1130,"date":"2023-12-05T18:23:41","date_gmt":"2023-12-05T17:23:41","guid":{"rendered":"https:\/\/site.educa.madrid.org\/cifp.federicamontseny.fuenlabrada\/?page_id=1130"},"modified":"2026-04-24T10:00:44","modified_gmt":"2026-04-24T08:00:44","slug":"pago-de-tasas","status":"publish","type":"page","link":"https:\/\/site.educa.madrid.org\/cifp.federicamontseny.fuenlabrada\/index.php\/secretaria-2\/tramites-matricula\/pago-de-tasas\/","title":{"rendered":"Pago de tasas"},"content":{"rendered":"\n<div class=\"wp-block-columns is-layout-flex wp-container-core-columns-is-layout-9d6595d7 wp-block-columns-is-layout-flex\">\n<div class=\"wp-block-column is-layout-flow wp-block-column-is-layout-flow\" style=\"flex-basis:66.66%\">\n<p>Los alumnos que se&nbsp; matriculan en Ciclos Formativos de Grado Superior deben abonar las tasas correspondientes, que conforme establece el art. 4 del&nbsp; Acuerdo de 18 de julio&nbsp;&nbsp;de 2013, del Consejo de Gobierno, &nbsp;por el que se modifica el Cat\u00e1logo de Precios P\u00fablicos de la Comunidad de Madrid y se establecen las cuant\u00edas de determinados precios p\u00fablicos de la Consejer\u00eda de Educaci\u00f3n, Juventud y Deporte. BOCM de 22 de julio 2013.<\/p>\n\n\n\n<p>Conforme a la Orden 1125\/2022 de 10 de mayo, el pago se realizar\u00e1 conforme a la siguiente distinci\u00f3n:<\/p>\n\n\n\n<p>&#8211;\u00a0<strong>En caso de no haber solicitado la Beca MEC<\/strong>\u00a0para el curso correspondiente,\u00a0 se efectuar\u00e1 el ingreso de las Tasas de conforme a las instrucciones del documento adjunto.<\/p>\n\n\n\n<ul class=\"wp-block-list\">\n<li>Matr\u00edcula por curso completo: 400 \u20ac\/anuales.<\/li>\n\n\n\n<li>Matr\u00edcula por repetici\u00f3n de m\u00f3dulo profesional: 120 \u20ac\/anuales.<\/li>\n<\/ul>\n\n\n\n<p>&#8211;\u00a0<strong>En caso de haber solicitado Beca MEC<\/strong>\u00a0para el curso correspondiente: No se realizar\u00e1 ning\u00fan ingreso hasta la resoluci\u00f3n de la concesi\u00f3n de la beca, y la matr\u00edcula quedar\u00e1 condicionada a la concesi\u00f3n de la beca. <\/p>\n\n\n\n<p>Si finalmente la beca no es concedida o el importe de la beca es inferior al importe del precio p\u00fablico por la matr\u00edcula correspondiente, el alumno tendr\u00e1 que ingresar el importe del precio p\u00fablico por matr\u00edcula o la diferencia entre el precio p\u00fablico y la cuant\u00eda de la beca, seg\u00fan corresponda, efectu\u00e1ndolo conforme al modelo 030. El justificante del pago se entregar\u00e1 en la secretar\u00eda del centro dentro de los 30 d\u00edas naturales siguientes a la publicaci\u00f3n de la Resoluci\u00f3n de concesi\u00f3n de alumnos becarios por parte del Ministerio de Educaci\u00f3n y Formaci\u00f3n.<\/p>\n<\/div>\n\n\n\n<div class=\"wp-block-column is-layout-flow wp-block-column-is-layout-flow\" style=\"flex-basis:33.33%\">\n<h3 class=\"wp-block-heading\"><a href=\"https:\/\/site.educa.madrid.org\/cifp.federicamontseny.fuenlabrada\/\/wp-content\/uploads\/cifp.federicamontseny.fuenlabrada\/2024\/04\/INSTRUCCIONES-PAGO-TASAS-MATRICULA-1-2.pdf\" target=\"_blank\" rel=\"noreferrer noopener\">Instrucciones para el pago de la tasa a la Comunidad de Madrid<\/a><\/h3>\n<\/div>\n<\/div>\n\n\n\t\t\t<!-- Flexy Breadcrumb -->\n\t\t\t<div class=\"fbc fbc-page\">\n\n\t\t\t\t<!-- Breadcrumb wrapper -->\n\t\t\t\t<div class=\"fbc-wrap\">\n\n\t\t\t\t\t<!-- Ordered list-->\n\t\t\t\t\t<ol class=\"fbc-items\" itemscope itemtype=\"https:\/\/schema.org\/BreadcrumbList\">\n\t\t\t\t\t\t            <li itemprop=\"itemListElement\" itemscope itemtype=\"https:\/\/schema.org\/ListItem\">\n                <span itemprop=\"name\">\n                    <!-- Home Link -->\n                    <a itemprop=\"item\" href=\"https:\/\/site.educa.madrid.org\/cifp.federicamontseny.fuenlabrada\">\n                    \n                                                    <i class=\"fa fa fa-home\" aria-hidden=\"true\"><\/i>C.I.F.P. Federica Montseny                    <\/a>\n                <\/span>\n                <meta itemprop=\"position\" content=\"1\" \/><!-- Meta Position-->\n             <\/li><li><span class=\"fbc-separator\">\/<\/span><\/li><li class=\"active\" itemprop=\"itemListElement\" itemscope itemtype=\"https:\/\/schema.org\/ListItem\"><span itemprop=\"name\" title=\"Pago de tasas\">Pago de tasas<\/span><meta itemprop=\"position\" content=\"2\" \/><\/li>\t\t\t\t\t<\/ol>\n\t\t\t\t\t<div class=\"clearfix\"><\/div>\n\t\t\t\t<\/div>\n\t\t\t<\/div>\n\t\t\t\n","protected":false},"excerpt":{"rendered":"<p>Los alumnos que se&nbsp; matriculan en Ciclos Formativos de Grado Superior deben abonar las tasas correspondientes, que conforme establece el art. 4 del&nbsp; Acuerdo de 18 de julio&nbsp;&nbsp;de 2013, del Consejo de Gobierno, &nbsp;por el que se modifica el Cat\u00e1logo de Precios P\u00fablicos de la Comunidad de Madrid y se establecen las cuant\u00edas de determinados [&hellip;]<\/p>\n","protected":false},"author":3,"featured_media":0,"parent":1168,"menu_order":0,"comment_status":"closed","ping_status":"closed","template":"","meta":{"footnotes":""},"folder":[18],"class_list":["post-1130","page","type-page","status-publish","hentry"],"rttpg_featured_image_url":null,"rttpg_author":{"display_name":"cifp.federicamontseny.fuenlabrada","author_link":"https:\/\/site.educa.madrid.org\/cifp.federicamontseny.fuenlabrada\/index.php\/author\/cuenta_cifp-federicamontseny-fuenlabrada\/"},"rttpg_comment":0,"rttpg_category":" <a href=\"https:\/\/site.educa.madrid.org\/cifp.federicamontseny.fuenlabrada\/?taxonomy=folder&#038;term=secretaria-1701083573-3\" rel=\"tag\">Secretar\u00eda<\/a>","rttpg_excerpt":"Los alumnos que se&nbsp; matriculan en Ciclos Formativos de Grado Superior deben abonar las tasas correspondientes, que conforme establece el art. 4 del&nbsp; Acuerdo de 18 de julio&nbsp;&nbsp;de 2013, del Consejo de Gobierno, &nbsp;por el que se modifica el Cat\u00e1logo de Precios P\u00fablicos de la Comunidad de Madrid y se establecen las cuant\u00edas de determinados&hellip;","post_mailing_queue_ids":[],"_links":{"self":[{"href":"https:\/\/site.educa.madrid.org\/cifp.federicamontseny.fuenlabrada\/index.php\/wp-json\/wp\/v2\/pages\/1130","targetHints":{"allow":["GET"]}}],"collection":[{"href":"https:\/\/site.educa.madrid.org\/cifp.federicamontseny.fuenlabrada\/index.php\/wp-json\/wp\/v2\/pages"}],"about":[{"href":"https:\/\/site.educa.madrid.org\/cifp.federicamontseny.fuenlabrada\/index.php\/wp-json\/wp\/v2\/types\/page"}],"author":[{"embeddable":true,"href":"https:\/\/site.educa.madrid.org\/cifp.federicamontseny.fuenlabrada\/index.php\/wp-json\/wp\/v2\/users\/3"}],"replies":[{"embeddable":true,"href":"https:\/\/site.educa.madrid.org\/cifp.federicamontseny.fuenlabrada\/index.php\/wp-json\/wp\/v2\/comments?post=1130"}],"version-history":[{"count":9,"href":"https:\/\/site.educa.madrid.org\/cifp.federicamontseny.fuenlabrada\/index.php\/wp-json\/wp\/v2\/pages\/1130\/revisions"}],"predecessor-version":[{"id":3719,"href":"https:\/\/site.educa.madrid.org\/cifp.federicamontseny.fuenlabrada\/index.php\/wp-json\/wp\/v2\/pages\/1130\/revisions\/3719"}],"up":[{"embeddable":true,"href":"https:\/\/site.educa.madrid.org\/cifp.federicamontseny.fuenlabrada\/index.php\/wp-json\/wp\/v2\/pages\/1168"}],"wp:attachment":[{"href":"https:\/\/site.educa.madrid.org\/cifp.federicamontseny.fuenlabrada\/index.php\/wp-json\/wp\/v2\/media?parent=1130"}],"wp:term":[{"taxonomy":"folder","embeddable":true,"href":"https:\/\/site.educa.madrid.org\/cifp.federicamontseny.fuenlabrada\/index.php\/wp-json\/wp\/v2\/folder?post=1130"}],"curies":[{"name":"wp","href":"https:\/\/api.w.org\/{rel}","templated":true}]}}