{"id":1133,"date":"2023-12-05T18:24:53","date_gmt":"2023-12-05T17:24:53","guid":{"rendered":"https:\/\/site.educa.madrid.org\/cifp.federicamontseny.fuenlabrada\/?page_id=1133"},"modified":"2024-06-13T17:53:45","modified_gmt":"2024-06-13T15:53:45","slug":"devolucion-de-tasas","status":"publish","type":"page","link":"https:\/\/site.educa.madrid.org\/cifp.federicamontseny.fuenlabrada\/index.php\/secretaria-2\/tramites-matricula\/devolucion-de-tasas\/","title":{"rendered":"Devoluci\u00f3n de Tasas"},"content":{"rendered":"\n<div class=\"wp-block-columns is-layout-flex wp-container-core-columns-is-layout-9d6595d7 wp-block-columns-is-layout-flex\">\n<div class=\"wp-block-column is-layout-flow wp-block-column-is-layout-flow\" style=\"flex-basis:66.66%\">\n<h3 class=\"wp-block-heading\"><strong>&nbsp;<\/strong><\/h3>\n\n\n\n<h2 class=\"wp-block-heading\"><strong><em>Lee toda la informaci\u00f3n que aparece en las diferentes secciones de la web indicada para la solicitud.<\/em><\/strong> <\/h2>\n\n\n\n<h2 class=\"wp-block-heading\"><em><strong>Requisitos<\/strong><\/em><\/h2>\n\n\n\n<h3 class=\"wp-block-heading\">&nbsp;Podr\u00e1n&nbsp;solicitar la devoluci\u00f3n cuando se d\u00e9 alguna de las siguientes situaciones:&nbsp;<\/h3>\n\n\n\n<ol class=\"wp-block-list\">\n<li>Cuando no se realice la actividad por causas no imputables al obligado al pago.&nbsp;&nbsp;<\/li>\n\n\n\n<li>Por duplicidad en el pago.&nbsp;&nbsp;<\/li>\n\n\n\n<li>Por realizaci\u00f3n del pago en cuant\u00eda superior a la que corresponda.&nbsp;&nbsp;<\/li>\n\n\n\n<li>Errores materiales de hecho o aritm\u00e9ticos.&nbsp;&nbsp;<\/li>\n\n\n\n<li>Becarios que hayan acreditado su condici\u00f3n por estar exentos del pago de los precios.&nbsp;&nbsp;<\/li>\n<\/ol>\n\n\n\n<h3 class=\"wp-block-heading\">&nbsp;Supuestos que no dan derecho a devoluci\u00f3n:&nbsp;<\/h3>\n\n\n\n<ol class=\"wp-block-list\">\n<li>Que el servicio por el que se ha abonado el precio p\u00fablico no se preste por causas imputables al interesado (como incompatibilidad de horario laboral o de estudio), o no se preste por causas no imputables a la Administraci\u00f3n Educativa.&nbsp;<\/li>\n\n\n\n<li>Anulaci\u00f3n o renuncia a la matr\u00edcula.&nbsp;<\/li>\n\n\n\n<li>Beneficiarios de familia numerosa que no lo acrediten antes de efectuar el pago y no presenten el libro de familia en vigor en el momento de formalizar la matr\u00edcula. Una vez realizado el ingreso no se efectuar\u00e1n devoluciones.&nbsp;<\/li>\n<\/ol>\n\n\n\n<p><strong><em>Es muy conveniente que una vez cumplimentada la solicitud la descargues para presentarla directamente en la secretar\u00eda del centro, as\u00ed aseguramos que la documentaci\u00f3n que presentas es la correcta.<\/em><\/strong><\/p>\n\n\n\n<h2 class=\"wp-block-heading\"><strong><em><u>Documentaci\u00f3n necesaria<\/u><\/em><\/strong><\/h2>\n\n\n\n<h3 class=\"wp-block-heading\"><strong>La solicitud deber\u00e1 ir acompa\u00f1ada de los siguientes documentos<\/strong>&nbsp;(Debes traer una copia del documento y el original):<\/h3>\n\n\n\n<p>&nbsp;-D.N.I. o documento de identificaci\u00f3n personal del alumno, si es mayor de edad.<\/p>\n\n\n\n<p>&nbsp;-Si el alumno es menor de edad deber\u00e1 aportarse el D.N.I. o documento de identificaci\u00f3n personal del representante legal que firme la solicitud, as\u00ed como la documentaci\u00f3n acreditativa de la representaci\u00f3n o tutela: libro de familia (hojas correspondientes al matrimonio y nacimiento del alumno), sentencia o auto judicial, etc.<\/p>\n\n\n\n<p>&nbsp;-Justificante del ingreso indebido realizado en el modelo 030. Si la solicitud se motivase en una duplicidad de pago en dos centros de ense\u00f1anza especial o supuesto asimilable, deber\u00e1n aportarse los justificantes de ambos ingresos. La fotocopia compulsada deber\u00e1 ser perfectamente legible.<\/p>\n\n\n\n<p>&nbsp;-Impreso de solicitud de la matr\u00edcula o de la prueba. Ser\u00eda conveniente que en este impreso figuraran, en su caso, las asignaturas que se matricula el alumno, as\u00ed como su importe.<\/p>\n\n\n\n<p>&nbsp;-Certificado de titularidad bancaria firmado electr\u00f3nicamente por la entidad financiera.<\/p>\n\n\n\n<p>&nbsp;-Credencial de becario.<\/p>\n\n\n\n<p>&nbsp;-T\u00edtulo de familia numerosa en vigor, en caso de haberse acogido a dicha modalidad, con independencia del motivo por el que solicita la devoluci\u00f3n.<\/p>\n<\/div>\n\n\n\n<div class=\"wp-block-column is-layout-flow wp-block-column-is-layout-flow\" style=\"flex-basis:33.33%\">\n<h4 class=\"wp-block-heading\"><a href=\"https:\/\/sede.comunidad.madrid\/impuestos-tasas-precios-publicos\/devol-precios-publicos-centros-docentes\" target=\"_blank\" rel=\"noreferrer noopener\">Enlace a web de la Comunidad de Madrid con informaci\u00f3n y acceso a la solicitud<\/a><\/h4>\n\n\n\n<div style=\"height:50px\" aria-hidden=\"true\" class=\"wp-block-spacer\"><\/div>\n\n\n\n<h4 class=\"wp-block-heading\"><a href=\"https:\/\/site.educa.madrid.org\/cifp.federicamontseny.fuenlabrada\/\/wp-content\/uploads\/cifp.federicamontseny.fuenlabrada\/2022\/06\/instruccionesviceconsejera_paginasweb.pdf\" data-type=\"attachment\" data-id=\"352\">Circular de la Direcci\u00f3n General de Centros docentes con las instrucciones por la que se regula el procedimiento y se fijan criterios para la devoluci\u00f3n de ingresos indebidos<\/a><\/h4>\n<\/div>\n<\/div>\n\n\n\t\t\t<!-- Flexy Breadcrumb -->\n\t\t\t<div class=\"fbc fbc-page\">\n\n\t\t\t\t<!-- Breadcrumb wrapper -->\n\t\t\t\t<div class=\"fbc-wrap\">\n\n\t\t\t\t\t<!-- Ordered list-->\n\t\t\t\t\t<ol class=\"fbc-items\" itemscope itemtype=\"https:\/\/schema.org\/BreadcrumbList\">\n\t\t\t\t\t\t            <li itemprop=\"itemListElement\" itemscope itemtype=\"https:\/\/schema.org\/ListItem\">\n                <span itemprop=\"name\">\n                    <!-- Home Link -->\n                    <a itemprop=\"item\" href=\"https:\/\/site.educa.madrid.org\/cifp.federicamontseny.fuenlabrada\">\n                    \n                                                    <i class=\"fa fa fa-home\" aria-hidden=\"true\"><\/i>C.I.F.P. Federica Montseny                    <\/a>\n                <\/span>\n                <meta itemprop=\"position\" content=\"1\" \/><!-- Meta Position-->\n             <\/li><li><span class=\"fbc-separator\">\/<\/span><\/li><li class=\"active\" itemprop=\"itemListElement\" itemscope itemtype=\"https:\/\/schema.org\/ListItem\"><span itemprop=\"name\" title=\"Devoluci\u00f3n de Tasas\">Devoluci\u00f3n de Tasas<\/span><meta itemprop=\"position\" content=\"2\" \/><\/li>\t\t\t\t\t<\/ol>\n\t\t\t\t\t<div class=\"clearfix\"><\/div>\n\t\t\t\t<\/div>\n\t\t\t<\/div>\n\t\t\t\n","protected":false},"excerpt":{"rendered":"<p>&nbsp; Lee toda la informaci\u00f3n que aparece en las diferentes secciones de la web indicada para la solicitud. Requisitos &nbsp;Podr\u00e1n&nbsp;solicitar la devoluci\u00f3n cuando se d\u00e9 alguna de las siguientes situaciones:&nbsp; &nbsp;Supuestos que no dan derecho a devoluci\u00f3n:&nbsp; Es muy conveniente que una vez cumplimentada la solicitud la descargues para presentarla directamente en la secretar\u00eda del [&hellip;]<\/p>\n","protected":false},"author":3,"featured_media":0,"parent":1168,"menu_order":0,"comment_status":"closed","ping_status":"closed","template":"","meta":{"footnotes":""},"folder":[18],"class_list":["post-1133","page","type-page","status-publish","hentry"],"rttpg_featured_image_url":null,"rttpg_author":{"display_name":"cifp.federicamontseny.fuenlabrada","author_link":"https:\/\/site.educa.madrid.org\/cifp.federicamontseny.fuenlabrada\/index.php\/author\/cuenta_cifp-federicamontseny-fuenlabrada\/"},"rttpg_comment":0,"rttpg_category":" <a href=\"https:\/\/site.educa.madrid.org\/cifp.federicamontseny.fuenlabrada\/?taxonomy=folder&#038;term=secretaria-1701083573-3\" rel=\"tag\">Secretar\u00eda<\/a>","rttpg_excerpt":"&nbsp; Lee toda la informaci\u00f3n que aparece en las diferentes secciones de la web indicada para la solicitud. Requisitos &nbsp;Podr\u00e1n&nbsp;solicitar la devoluci\u00f3n cuando se d\u00e9 alguna de las siguientes situaciones:&nbsp; &nbsp;Supuestos que no dan derecho a devoluci\u00f3n:&nbsp; Es muy conveniente que una vez cumplimentada la solicitud la descargues para presentarla directamente en la secretar\u00eda del&hellip;","post_mailing_queue_ids":[],"_links":{"self":[{"href":"https:\/\/site.educa.madrid.org\/cifp.federicamontseny.fuenlabrada\/index.php\/wp-json\/wp\/v2\/pages\/1133","targetHints":{"allow":["GET"]}}],"collection":[{"href":"https:\/\/site.educa.madrid.org\/cifp.federicamontseny.fuenlabrada\/index.php\/wp-json\/wp\/v2\/pages"}],"about":[{"href":"https:\/\/site.educa.madrid.org\/cifp.federicamontseny.fuenlabrada\/index.php\/wp-json\/wp\/v2\/types\/page"}],"author":[{"embeddable":true,"href":"https:\/\/site.educa.madrid.org\/cifp.federicamontseny.fuenlabrada\/index.php\/wp-json\/wp\/v2\/users\/3"}],"replies":[{"embeddable":true,"href":"https:\/\/site.educa.madrid.org\/cifp.federicamontseny.fuenlabrada\/index.php\/wp-json\/wp\/v2\/comments?post=1133"}],"version-history":[{"count":5,"href":"https:\/\/site.educa.madrid.org\/cifp.federicamontseny.fuenlabrada\/index.php\/wp-json\/wp\/v2\/pages\/1133\/revisions"}],"predecessor-version":[{"id":1818,"href":"https:\/\/site.educa.madrid.org\/cifp.federicamontseny.fuenlabrada\/index.php\/wp-json\/wp\/v2\/pages\/1133\/revisions\/1818"}],"up":[{"embeddable":true,"href":"https:\/\/site.educa.madrid.org\/cifp.federicamontseny.fuenlabrada\/index.php\/wp-json\/wp\/v2\/pages\/1168"}],"wp:attachment":[{"href":"https:\/\/site.educa.madrid.org\/cifp.federicamontseny.fuenlabrada\/index.php\/wp-json\/wp\/v2\/media?parent=1133"}],"wp:term":[{"taxonomy":"folder","embeddable":true,"href":"https:\/\/site.educa.madrid.org\/cifp.federicamontseny.fuenlabrada\/index.php\/wp-json\/wp\/v2\/folder?post=1133"}],"curies":[{"name":"wp","href":"https:\/\/api.w.org\/{rel}","templated":true}]}}