{"id":1135,"date":"2023-12-05T18:25:13","date_gmt":"2023-12-05T17:25:13","guid":{"rendered":"https:\/\/site.educa.madrid.org\/cifp.federicamontseny.fuenlabrada\/?page_id=1135"},"modified":"2023-12-13T11:20:43","modified_gmt":"2023-12-13T10:20:43","slug":"anulacion-de-matricula","status":"publish","type":"page","link":"https:\/\/site.educa.madrid.org\/cifp.federicamontseny.fuenlabrada\/index.php\/secretaria-2\/tramites-matricula\/anulacion-de-matricula\/","title":{"rendered":"Anulaci\u00f3n de Matr\u00edcula"},"content":{"rendered":"\n<div class=\"wp-block-columns is-layout-flex wp-container-core-columns-is-layout-9d6595d7 wp-block-columns-is-layout-flex\">\n<div class=\"wp-block-column is-layout-flow wp-block-column-is-layout-flow\" style=\"flex-basis:66.66%\">\n<p>El alumno puede cancelar la matr\u00edcula en la totalidad de los m\u00f3dulos profesionales en los que se hubiese formalizado.<\/p>\n\n\n\n<h2 class=\"wp-block-heading\">PROCEDIMIENTO<\/h2>\n\n\n\n<p>El alumnos&nbsp; o su representante legal presentar\u00e1 la solicitud en la secretar\u00eda del centro, junto con el formulario de recogida de datos para el FSE.<\/p>\n\n\n\n<p>El alumno a quien se le conceda la cancelaci\u00f3n no ser\u00e1 incluido en actas y perder\u00e1 el derecho de reserva de la plaza para posteriores cursos.<\/p>\n\n\n\n<h2 class=\"wp-block-heading\">PLAZOS<\/h2>\n\n\n\n<p>Mes de Octubre<\/p>\n\n\n\n<h2 class=\"wp-block-heading\">NORMATIVA<\/h2>\n\n\n\n<p>Art\u00edculo 17 de la&nbsp;ORDEN 2694\/2009, de 9 de junio, por la que se regula el acceso, la matriculaci\u00f3n, el proceso de evaluaci\u00f3n y la acreditaci\u00f3n acad\u00e9mica de los alumnos que cursen en la Comunidad de Madrid la modalidad presencial de la formaci\u00f3n profesional del sistema educativo establecida en la&nbsp;Ley Org\u00e1nica 2\/2006, de 3 de mayo, de Educaci\u00f3n.<\/p>\n<\/div>\n\n\n\n<div class=\"wp-block-column is-layout-flow wp-block-column-is-layout-flow\" style=\"flex-basis:33.33%\">\n<h3 class=\"wp-block-heading\">Impresos<\/h3>\n\n\n\n<p><a href=\"https:\/\/site.educa.madrid.org\/cifp.federicamontseny.fuenlabrada\/\/wp-content\/uploads\/cifp.federicamontseny.fuenlabrada\/2023\/12\/01-ANEXO-SOLICITUD-CANCELACION-MATRICULA.pdf\" data-type=\"attachment\" data-id=\"1204\">Solicitud<\/a><\/p>\n\n\n\n<p><a href=\"https:\/\/site.educa.madrid.org\/cifp.federicamontseny.fuenlabrada\/\/wp-content\/uploads\/cifp.federicamontseny.fuenlabrada\/2023\/12\/FORMULARIO-PARA-EL-FONDO-SOCIAL-EUROPEO-BAJA.pdf\" data-type=\"attachment\" data-id=\"1203\">Formulario Fondo Social Europeo<\/a><\/p>\n<\/div>\n<\/div>\n\n\n\t\t\t<!-- Flexy Breadcrumb -->\n\t\t\t<div class=\"fbc fbc-page\">\n\n\t\t\t\t<!-- Breadcrumb wrapper -->\n\t\t\t\t<div class=\"fbc-wrap\">\n\n\t\t\t\t\t<!-- Ordered list-->\n\t\t\t\t\t<ol class=\"fbc-items\" itemscope itemtype=\"https:\/\/schema.org\/BreadcrumbList\">\n\t\t\t\t\t\t            <li itemprop=\"itemListElement\" itemscope itemtype=\"https:\/\/schema.org\/ListItem\">\n                <span itemprop=\"name\">\n                    <!-- Home Link -->\n                    <a itemprop=\"item\" href=\"https:\/\/site.educa.madrid.org\/cifp.federicamontseny.fuenlabrada\">\n                    \n                                                    <i class=\"fa fa fa-home\" aria-hidden=\"true\"><\/i>C.I.F.P. Federica Montseny                    <\/a>\n                <\/span>\n                <meta itemprop=\"position\" content=\"1\" \/><!-- Meta Position-->\n             <\/li><li><span class=\"fbc-separator\">\/<\/span><\/li><li class=\"active\" itemprop=\"itemListElement\" itemscope itemtype=\"https:\/\/schema.org\/ListItem\"><span itemprop=\"name\" title=\"Anulaci\u00f3n de Matr\u00edcula\">Anulaci\u00f3n de Matr\u00edcula<\/span><meta itemprop=\"position\" content=\"2\" \/><\/li>\t\t\t\t\t<\/ol>\n\t\t\t\t\t<div class=\"clearfix\"><\/div>\n\t\t\t\t<\/div>\n\t\t\t<\/div>\n\t\t\t\n","protected":false},"excerpt":{"rendered":"<p>El alumno puede cancelar la matr\u00edcula en la totalidad de los m\u00f3dulos profesionales en los que se hubiese formalizado. PROCEDIMIENTO El alumnos&nbsp; o su representante legal presentar\u00e1 la solicitud en la secretar\u00eda del centro, junto con el formulario de recogida de datos para el FSE. El alumno a quien se le conceda la cancelaci\u00f3n no [&hellip;]<\/p>\n","protected":false},"author":3,"featured_media":0,"parent":1168,"menu_order":0,"comment_status":"closed","ping_status":"closed","template":"","meta":{"footnotes":""},"folder":[18],"class_list":["post-1135","page","type-page","status-publish","hentry"],"rttpg_featured_image_url":null,"rttpg_author":{"display_name":"cifp.federicamontseny.fuenlabrada","author_link":"https:\/\/site.educa.madrid.org\/cifp.federicamontseny.fuenlabrada\/index.php\/author\/cuenta_cifp-federicamontseny-fuenlabrada\/"},"rttpg_comment":0,"rttpg_category":" <a href=\"https:\/\/site.educa.madrid.org\/cifp.federicamontseny.fuenlabrada\/?taxonomy=folder&#038;term=secretaria-1701083573-3\" rel=\"tag\">Secretar\u00eda<\/a>","rttpg_excerpt":"El alumno puede cancelar la matr\u00edcula en la totalidad de los m\u00f3dulos profesionales en los que se hubiese formalizado. PROCEDIMIENTO El alumnos&nbsp; o su representante legal presentar\u00e1 la solicitud en la secretar\u00eda del centro, junto con el formulario de recogida de datos para el FSE. El alumno a quien se le conceda la cancelaci\u00f3n no&hellip;","post_mailing_queue_ids":[],"_links":{"self":[{"href":"https:\/\/site.educa.madrid.org\/cifp.federicamontseny.fuenlabrada\/index.php\/wp-json\/wp\/v2\/pages\/1135","targetHints":{"allow":["GET"]}}],"collection":[{"href":"https:\/\/site.educa.madrid.org\/cifp.federicamontseny.fuenlabrada\/index.php\/wp-json\/wp\/v2\/pages"}],"about":[{"href":"https:\/\/site.educa.madrid.org\/cifp.federicamontseny.fuenlabrada\/index.php\/wp-json\/wp\/v2\/types\/page"}],"author":[{"embeddable":true,"href":"https:\/\/site.educa.madrid.org\/cifp.federicamontseny.fuenlabrada\/index.php\/wp-json\/wp\/v2\/users\/3"}],"replies":[{"embeddable":true,"href":"https:\/\/site.educa.madrid.org\/cifp.federicamontseny.fuenlabrada\/index.php\/wp-json\/wp\/v2\/comments?post=1135"}],"version-history":[{"count":3,"href":"https:\/\/site.educa.madrid.org\/cifp.federicamontseny.fuenlabrada\/index.php\/wp-json\/wp\/v2\/pages\/1135\/revisions"}],"predecessor-version":[{"id":1386,"href":"https:\/\/site.educa.madrid.org\/cifp.federicamontseny.fuenlabrada\/index.php\/wp-json\/wp\/v2\/pages\/1135\/revisions\/1386"}],"up":[{"embeddable":true,"href":"https:\/\/site.educa.madrid.org\/cifp.federicamontseny.fuenlabrada\/index.php\/wp-json\/wp\/v2\/pages\/1168"}],"wp:attachment":[{"href":"https:\/\/site.educa.madrid.org\/cifp.federicamontseny.fuenlabrada\/index.php\/wp-json\/wp\/v2\/media?parent=1135"}],"wp:term":[{"taxonomy":"folder","embeddable":true,"href":"https:\/\/site.educa.madrid.org\/cifp.federicamontseny.fuenlabrada\/index.php\/wp-json\/wp\/v2\/folder?post=1135"}],"curies":[{"name":"wp","href":"https:\/\/api.w.org\/{rel}","templated":true}]}}