{"id":1137,"date":"2023-12-05T18:25:40","date_gmt":"2023-12-05T17:25:40","guid":{"rendered":"https:\/\/site.educa.madrid.org\/cifp.federicamontseny.fuenlabrada\/?page_id=1137"},"modified":"2023-12-13T11:43:26","modified_gmt":"2023-12-13T10:43:26","slug":"renuncia-de-convocatorias","status":"publish","type":"page","link":"https:\/\/site.educa.madrid.org\/cifp.federicamontseny.fuenlabrada\/index.php\/secretaria-2\/tramites-matriculados\/renuncia-de-convocatorias\/","title":{"rendered":"Renuncia de Convocatorias"},"content":{"rendered":"\n<div class=\"wp-block-columns is-layout-flex wp-container-core-columns-is-layout-9d6595d7 wp-block-columns-is-layout-flex\">\n<div class=\"wp-block-column is-layout-flow wp-block-column-is-layout-flow\" style=\"flex-basis:66.66%\">\n<p>Con el fin de no agotar el l\u00edmite de las convocatorias (4) los alumnos podr\u00e1n renunciar a la evaluaci\u00f3n y calificaci\u00f3n de una o las dos convocatorias, de todos o algunos de los m\u00f3dulos, siempre que concurra alguna de las siguientes circunstancias:<\/p>\n\n\n\n<ol class=\"wp-block-list\">\n<li>Enfermedad prolongada o accidente del alumno.<\/li>\n\n\n\n<li>Obligaciones de tipo personal o familiar.<\/li>\n\n\n\n<li>Desempe\u00f1o de un puesto de trabajo.<\/li>\n<\/ol>\n\n\n\n<div style=\"height:14px\" aria-hidden=\"true\" class=\"wp-block-spacer\"><\/div>\n\n\n\n<h2 class=\"wp-block-heading\">PROCEDIMIENTO<\/h2>\n\n\n\n<p>El alumnos presentar\u00e1 la solicitud en la secretar\u00eda del centro.<\/p>\n\n\n\n<p>Las razones que se aleguen para la renuncia deben justificarse siempre documentalmente.<\/p>\n\n\n\n<h2 class=\"wp-block-heading\">PLAZOS<\/h2>\n\n\n\n<p>Al menos un mes antes de la celebraci\u00f3n de la evaluaci\u00f3n final a la que se pretende renunciar.<\/p>\n\n\n\n<h2 class=\"wp-block-heading\">NORMATIVA<\/h2>\n\n\n\n<p>Art\u00edculo 25 de la&nbsp;ORDEN 893\/2022, del 21 de abril, por la que se regula el acceso, la matriculaci\u00f3n, el proceso de evaluaci\u00f3n y la acreditaci\u00f3n acad\u00e9mica de los alumnos que cursen en la Comunidad de Madrid la modalidad presencial de la formaci\u00f3n profesional del sistema educativo establecida en la&nbsp;Ley Org\u00e1nica 2\/2006, de 3 de mayo, de Educaci\u00f3n.<\/p>\n<\/div>\n\n\n\n<div class=\"wp-block-column is-layout-flow wp-block-column-is-layout-flow\" style=\"flex-basis:33.33%\">\n<h3 class=\"wp-block-heading\"><a href=\"https:\/\/site.educa.madrid.org\/cifp.federicamontseny.fuenlabrada\/index.php\/renuncia-de-convocatorias\/\" data-type=\"page\" data-id=\"1137\">Solicitud de renuncia a convocatorias<\/a><\/h3>\n\n\n\n<p><\/p>\n<\/div>\n<\/div>\n\n\n\t\t\t<!-- Flexy Breadcrumb -->\n\t\t\t<div class=\"fbc fbc-page\">\n\n\t\t\t\t<!-- Breadcrumb wrapper -->\n\t\t\t\t<div class=\"fbc-wrap\">\n\n\t\t\t\t\t<!-- Ordered list-->\n\t\t\t\t\t<ol class=\"fbc-items\" itemscope itemtype=\"https:\/\/schema.org\/BreadcrumbList\">\n\t\t\t\t\t\t            <li itemprop=\"itemListElement\" itemscope itemtype=\"https:\/\/schema.org\/ListItem\">\n                <span itemprop=\"name\">\n                    <!-- Home Link -->\n                    <a itemprop=\"item\" href=\"https:\/\/site.educa.madrid.org\/cifp.federicamontseny.fuenlabrada\">\n                    \n                                                    <i class=\"fa fa fa-home\" aria-hidden=\"true\"><\/i>C.I.F.P. Federica Montseny                    <\/a>\n                <\/span>\n                <meta itemprop=\"position\" content=\"1\" \/><!-- Meta Position-->\n             <\/li><li><span class=\"fbc-separator\">\/<\/span><\/li><li class=\"active\" itemprop=\"itemListElement\" itemscope itemtype=\"https:\/\/schema.org\/ListItem\"><span itemprop=\"name\" title=\"Renuncia de Convocatorias\">Renuncia de Convocatorias<\/span><meta itemprop=\"position\" content=\"2\" \/><\/li>\t\t\t\t\t<\/ol>\n\t\t\t\t\t<div class=\"clearfix\"><\/div>\n\t\t\t\t<\/div>\n\t\t\t<\/div>\n\t\t\t\n","protected":false},"excerpt":{"rendered":"<p>Con el fin de no agotar el l\u00edmite de las convocatorias (4) los alumnos podr\u00e1n renunciar a la evaluaci\u00f3n y calificaci\u00f3n de una o las dos convocatorias, de todos o algunos de los m\u00f3dulos, siempre que concurra alguna de las siguientes circunstancias: PROCEDIMIENTO El alumnos presentar\u00e1 la solicitud en la secretar\u00eda del centro. Las razones [&hellip;]<\/p>\n","protected":false},"author":3,"featured_media":0,"parent":1173,"menu_order":0,"comment_status":"closed","ping_status":"closed","template":"","meta":{"footnotes":""},"folder":[18],"class_list":["post-1137","page","type-page","status-publish","hentry"],"rttpg_featured_image_url":null,"rttpg_author":{"display_name":"cifp.federicamontseny.fuenlabrada","author_link":"https:\/\/site.educa.madrid.org\/cifp.federicamontseny.fuenlabrada\/index.php\/author\/cuenta_cifp-federicamontseny-fuenlabrada\/"},"rttpg_comment":0,"rttpg_category":" <a href=\"https:\/\/site.educa.madrid.org\/cifp.federicamontseny.fuenlabrada\/?taxonomy=folder&#038;term=secretaria-1701083573-3\" rel=\"tag\">Secretar\u00eda<\/a>","rttpg_excerpt":"Con el fin de no agotar el l\u00edmite de las convocatorias (4) los alumnos podr\u00e1n renunciar a la evaluaci\u00f3n y calificaci\u00f3n de una o las dos convocatorias, de todos o algunos de los m\u00f3dulos, siempre que concurra alguna de las siguientes circunstancias: PROCEDIMIENTO El alumnos presentar\u00e1 la solicitud en la secretar\u00eda del centro. Las razones&hellip;","post_mailing_queue_ids":[],"_links":{"self":[{"href":"https:\/\/site.educa.madrid.org\/cifp.federicamontseny.fuenlabrada\/index.php\/wp-json\/wp\/v2\/pages\/1137","targetHints":{"allow":["GET"]}}],"collection":[{"href":"https:\/\/site.educa.madrid.org\/cifp.federicamontseny.fuenlabrada\/index.php\/wp-json\/wp\/v2\/pages"}],"about":[{"href":"https:\/\/site.educa.madrid.org\/cifp.federicamontseny.fuenlabrada\/index.php\/wp-json\/wp\/v2\/types\/page"}],"author":[{"embeddable":true,"href":"https:\/\/site.educa.madrid.org\/cifp.federicamontseny.fuenlabrada\/index.php\/wp-json\/wp\/v2\/users\/3"}],"replies":[{"embeddable":true,"href":"https:\/\/site.educa.madrid.org\/cifp.federicamontseny.fuenlabrada\/index.php\/wp-json\/wp\/v2\/comments?post=1137"}],"version-history":[{"count":4,"href":"https:\/\/site.educa.madrid.org\/cifp.federicamontseny.fuenlabrada\/index.php\/wp-json\/wp\/v2\/pages\/1137\/revisions"}],"predecessor-version":[{"id":1388,"href":"https:\/\/site.educa.madrid.org\/cifp.federicamontseny.fuenlabrada\/index.php\/wp-json\/wp\/v2\/pages\/1137\/revisions\/1388"}],"up":[{"embeddable":true,"href":"https:\/\/site.educa.madrid.org\/cifp.federicamontseny.fuenlabrada\/index.php\/wp-json\/wp\/v2\/pages\/1173"}],"wp:attachment":[{"href":"https:\/\/site.educa.madrid.org\/cifp.federicamontseny.fuenlabrada\/index.php\/wp-json\/wp\/v2\/media?parent=1137"}],"wp:term":[{"taxonomy":"folder","embeddable":true,"href":"https:\/\/site.educa.madrid.org\/cifp.federicamontseny.fuenlabrada\/index.php\/wp-json\/wp\/v2\/folder?post=1137"}],"curies":[{"name":"wp","href":"https:\/\/api.w.org\/{rel}","templated":true}]}}