{"id":1139,"date":"2023-12-05T18:25:59","date_gmt":"2023-12-05T17:25:59","guid":{"rendered":"https:\/\/site.educa.madrid.org\/cifp.federicamontseny.fuenlabrada\/?page_id=1139"},"modified":"2025-07-03T09:09:43","modified_gmt":"2025-07-03T07:09:43","slug":"convalidaciones","status":"publish","type":"page","link":"https:\/\/site.educa.madrid.org\/cifp.federicamontseny.fuenlabrada\/index.php\/secretaria-2\/tramites-matriculados\/convalidaciones\/","title":{"rendered":"CONVALIDACIONES"},"content":{"rendered":"\n<div class=\"wp-block-columns is-layout-flex wp-container-core-columns-is-layout-9d6595d7 wp-block-columns-is-layout-flex\">\n<div class=\"wp-block-column is-layout-flow wp-block-column-is-layout-flow\" style=\"flex-basis:66.67%\">\n<p style=\"font-size:25px\"><mark style=\"background-color:rgba(0, 0, 0, 0)\" class=\"has-inline-color has-vivid-red-color\"><strong>INSTRUCCIONES CONVALIDACIONES 25-26 (pendientes de publicar)<\/strong><\/mark><\/p>\n\n\n\n<div style=\"height:30px\" aria-hidden=\"true\" class=\"wp-block-spacer\"><\/div>\n\n\n\n<h3 class=\"wp-block-heading\">M\u00f3dulos generales<\/h3>\n\n\n\n<h5 class=\"wp-block-heading has-text-align-left\"><a href=\"https:\/\/site.educa.madrid.org\/cifp.federicamontseny.fuenlabrada\/\/wp-content\/uploads\/cifp.federicamontseny.fuenlabrada\/2025\/07\/ANEXO-1-GUIA-CONVALIDACIONES-Generales.docx\" data-type=\"link\" data-id=\"https:\/\/site.educa.madrid.org\/cifp.federicamontseny.fuenlabrada\/\/wp-content\/uploads\/cifp.federicamontseny.fuenlabrada\/2025\/07\/ANEXO-1-SOLICITUD-CONVALIDACIONES-GENERALES.docx\">Formulario solicitud de convalidaci\u00f3n<\/a><\/h5>\n\n\n\n<h3 class=\"wp-block-heading\">M\u00f3dulos propios de la Comunidad de Madrid<\/h3>\n\n\n\n<h5 class=\"wp-block-heading\">    <a href=\"https:\/\/site.educa.madrid.org\/cifp.federicamontseny.fuenlabrada\/\/wp-content\/uploads\/cifp.federicamontseny.fuenlabrada\/2025\/07\/ANEXO-1-SOLITUD-CONVALIDACION-MODULOS-PROPIOS-DE-LACOMUNICAD-DE-MADRID.docx\" data-type=\"link\" data-id=\"https:\/\/site.educa.madrid.org\/cifp.federicamontseny.fuenlabrada\/\/wp-content\/uploads\/cifp.federicamontseny.fuenlabrada\/2025\/07\/ANEXO-1-SOLICITUD-CONVALIDACIONES-GENERALES.docx\">Formulario solicitud convalidaci\u00f3n m\u00f3dulos de la CAM<\/a><\/h5>\n\n\n\n<div style=\"height:40px\" aria-hidden=\"true\" class=\"wp-block-spacer\"><\/div>\n\n\n\n<h2 class=\"wp-block-heading has-luminous-vivid-amber-color has-text-color has-link-color wp-elements-ae27a03a1a288a6083ba4580a1d8a9d1\">PROCEDIMIENTO<\/h2>\n\n\n\n<ul class=\"wp-block-list\">\n<li>El alumno presentar\u00e1 la solicitud junto a la matr\u00edcula.<\/li>\n<\/ul>\n\n\n\n<ul class=\"wp-block-list\">\n<li>A la solicitud deber\u00e1 adjuntarse certificaci\u00f3n acad\u00e9mica oficial de los estudios cursados.<\/li>\n<\/ul>\n\n\n\n<ul class=\"wp-block-list\">\n<li>El director del centro resolver\u00e1.<\/li>\n<\/ul>\n\n\n\n<ul class=\"wp-block-list\">\n<li>Hasta tanto no se resuelvan las peticiones, los alumnos no podr\u00e1n quedar exentos de los m\u00f3dulos profesionales cuya convalidaci\u00f3n solicitaron .<\/li>\n\n\n\n<li>Una vez resuelta la convalidaci\u00f3n, ser\u00e1 requisito imprescindible, que el alumno pase por Jefatura de Estudios para aceptar o rechazar la convalidaci\u00f3n. Mientras tanto no aparecer\u00e1 el m\u00f3dulo convalidado.<\/li>\n<\/ul>\n<\/div>\n\n\n\n<div class=\"wp-block-column is-layout-flow wp-block-column-is-layout-flow\" style=\"flex-basis:33.33%\">\n<h3 class=\"wp-block-heading\"><a href=\"https:\/\/www.comunidad.madrid\/servicios\/educacion\/normativa-formacion-profesional#panel-210690\">Normativa Formaci\u00f3n Profesional<\/a><\/h3>\n\n\n\n<div style=\"height:2px\" aria-hidden=\"true\" class=\"wp-block-spacer\"><\/div>\n<\/div>\n<\/div>\n\n\n\t\t\t<!-- Flexy Breadcrumb -->\n\t\t\t<div class=\"fbc fbc-page\">\n\n\t\t\t\t<!-- Breadcrumb wrapper -->\n\t\t\t\t<div class=\"fbc-wrap\">\n\n\t\t\t\t\t<!-- Ordered list-->\n\t\t\t\t\t<ol class=\"fbc-items\" itemscope itemtype=\"https:\/\/schema.org\/BreadcrumbList\">\n\t\t\t\t\t\t            <li itemprop=\"itemListElement\" itemscope itemtype=\"https:\/\/schema.org\/ListItem\">\n                <span itemprop=\"name\">\n                    <!-- Home Link -->\n                    <a itemprop=\"item\" href=\"https:\/\/site.educa.madrid.org\/cifp.federicamontseny.fuenlabrada\">\n                    \n                                                    <i class=\"fa fa fa-home\" aria-hidden=\"true\"><\/i>C.I.F.P. Federica Montseny                    <\/a>\n                <\/span>\n                <meta itemprop=\"position\" content=\"1\" \/><!-- Meta Position-->\n             <\/li><li><span class=\"fbc-separator\">\/<\/span><\/li><li class=\"active\" itemprop=\"itemListElement\" itemscope itemtype=\"https:\/\/schema.org\/ListItem\"><span itemprop=\"name\" title=\"CONVALIDACIONES\">CONVALIDACIONES<\/span><meta itemprop=\"position\" content=\"2\" \/><\/li>\t\t\t\t\t<\/ol>\n\t\t\t\t\t<div class=\"clearfix\"><\/div>\n\t\t\t\t<\/div>\n\t\t\t<\/div>\n\t\t\t\n","protected":false},"excerpt":{"rendered":"<p>INSTRUCCIONES CONVALIDACIONES 25-26 (pendientes de publicar) M\u00f3dulos generales Formulario solicitud de convalidaci\u00f3n M\u00f3dulos propios de la Comunidad de Madrid Formulario solicitud convalidaci\u00f3n m\u00f3dulos de la CAM PROCEDIMIENTO Normativa Formaci\u00f3n Profesional<\/p>\n","protected":false},"author":3,"featured_media":0,"parent":1173,"menu_order":0,"comment_status":"closed","ping_status":"closed","template":"","meta":{"footnotes":""},"folder":[18],"class_list":["post-1139","page","type-page","status-publish","hentry"],"rttpg_featured_image_url":null,"rttpg_author":{"display_name":"cifp.federicamontseny.fuenlabrada","author_link":"https:\/\/site.educa.madrid.org\/cifp.federicamontseny.fuenlabrada\/index.php\/author\/cuenta_cifp-federicamontseny-fuenlabrada\/"},"rttpg_comment":0,"rttpg_category":" <a href=\"https:\/\/site.educa.madrid.org\/cifp.federicamontseny.fuenlabrada\/?taxonomy=folder&#038;term=secretaria-1701083573-3\" rel=\"tag\">Secretar\u00eda<\/a>","rttpg_excerpt":"INSTRUCCIONES CONVALIDACIONES 25-26 (pendientes de publicar) M\u00f3dulos generales Formulario solicitud de convalidaci\u00f3n M\u00f3dulos propios de la Comunidad de Madrid Formulario solicitud convalidaci\u00f3n m\u00f3dulos de la CAM PROCEDIMIENTO Normativa Formaci\u00f3n Profesional","post_mailing_queue_ids":[],"_links":{"self":[{"href":"https:\/\/site.educa.madrid.org\/cifp.federicamontseny.fuenlabrada\/index.php\/wp-json\/wp\/v2\/pages\/1139","targetHints":{"allow":["GET"]}}],"collection":[{"href":"https:\/\/site.educa.madrid.org\/cifp.federicamontseny.fuenlabrada\/index.php\/wp-json\/wp\/v2\/pages"}],"about":[{"href":"https:\/\/site.educa.madrid.org\/cifp.federicamontseny.fuenlabrada\/index.php\/wp-json\/wp\/v2\/types\/page"}],"author":[{"embeddable":true,"href":"https:\/\/site.educa.madrid.org\/cifp.federicamontseny.fuenlabrada\/index.php\/wp-json\/wp\/v2\/users\/3"}],"replies":[{"embeddable":true,"href":"https:\/\/site.educa.madrid.org\/cifp.federicamontseny.fuenlabrada\/index.php\/wp-json\/wp\/v2\/comments?post=1139"}],"version-history":[{"count":24,"href":"https:\/\/site.educa.madrid.org\/cifp.federicamontseny.fuenlabrada\/index.php\/wp-json\/wp\/v2\/pages\/1139\/revisions"}],"predecessor-version":[{"id":3002,"href":"https:\/\/site.educa.madrid.org\/cifp.federicamontseny.fuenlabrada\/index.php\/wp-json\/wp\/v2\/pages\/1139\/revisions\/3002"}],"up":[{"embeddable":true,"href":"https:\/\/site.educa.madrid.org\/cifp.federicamontseny.fuenlabrada\/index.php\/wp-json\/wp\/v2\/pages\/1173"}],"wp:attachment":[{"href":"https:\/\/site.educa.madrid.org\/cifp.federicamontseny.fuenlabrada\/index.php\/wp-json\/wp\/v2\/media?parent=1139"}],"wp:term":[{"taxonomy":"folder","embeddable":true,"href":"https:\/\/site.educa.madrid.org\/cifp.federicamontseny.fuenlabrada\/index.php\/wp-json\/wp\/v2\/folder?post=1139"}],"curies":[{"name":"wp","href":"https:\/\/api.w.org\/{rel}","templated":true}]}}