{"id":1141,"date":"2023-12-05T18:26:24","date_gmt":"2023-12-05T17:26:24","guid":{"rendered":"https:\/\/site.educa.madrid.org\/cifp.federicamontseny.fuenlabrada\/?page_id=1141"},"modified":"2025-02-17T11:11:50","modified_gmt":"2025-02-17T10:11:50","slug":"solicitud-de-titulo","status":"publish","type":"page","link":"https:\/\/site.educa.madrid.org\/cifp.federicamontseny.fuenlabrada\/index.php\/secretaria-2\/tramites-matriculados\/solicitud-de-titulo\/","title":{"rendered":"Solicitud de T\u00edtulo"},"content":{"rendered":"\n<h4 class=\"wp-block-heading\">ALUMNOS QUE FINALICEN LOS ESTUDIOS DE FORMACI\u00d3N PROFESION GRADO B\u00c1SICO EN SERVICIOS ADMINISTRATIVOS, SERVICIOS COMERCIALES E INFORM\u00c1TICA DE OFICINA.<\/h4>\n\n\n\n<p><a href=\"https:\/\/site.educa.madrid.org\/cifp.federicamontseny.fuenlabrada\/\/wp-content\/uploads\/cifp.federicamontseny.fuenlabrada\/2023\/12\/SOLICITUD-TITULO-FPB-OK-1.pdf\" data-type=\"attachment\" data-id=\"1224\">SOLICITUD DE T\u00cdTULO DE FP B\u00c1SICA.<\/a><\/p>\n\n\n\n<div style=\"height:28px\" aria-hidden=\"true\" class=\"wp-block-spacer\"><\/div>\n\n\n\n<h4 class=\"wp-block-heading\">LOS ALUMNOS QUE FINALICEN EL CICLO FORMATIVO DE GRADO MEDIO O GRADO SUPERIOR DEBEN SOLICITAR EL T\u00cdTULO DE T\u00c9CNICO O T\u00c9CNICO SUPERIOR RESPECTIVAMENTE.<\/h4>\n\n\n\n<p>ES IMPRESCINDIBLE A LA HORA DE ACREDITAR LOS ESTUDIOS TANTO EN EL MUNDO LABORAL COMO PARA CONTINUAR LA FORMACI\u00d3N.<a href=\"http:\/\/cloud.educa.madrid.org\/index.php\/s\/RYRYxeMUjFUjcOt\" target=\"_blank\" rel=\"noreferrer noopener\"><\/a><\/p>\n\n\n\n<p>INSTRUCCIONES PARA SOLICITAR EL T\u00cdTULO DE GRADO MEDIO Y GRADO SUPERIOR:<\/p>\n\n\n\n<p>1\u00ba RELLENA EL IMPRESO DE SOLICITUD DEL T\u00cdTULO descargable en el siguiente enlace: <\/p>\n\n\n\n<p><a href=\"https:\/\/gestiona7.madrid.org\/i012_impresos\/run\/j\/VerImpreso.icm?CDIMPRESO=1344F1\" target=\"_blank\" rel=\"noreferrer noopener\">Solicitud<\/a><\/p>\n\n\n\n<p>Recuerda: con Grado medio obtienes el t\u00edtulo de T\u00e9cnico y con Grado superior obtienes el t\u00edtulo de T\u00e9cnico superior.<\/p>\n\n\n\n<p>2\u00ba REALIZA EL PAGO, conforme a las instrucciones del siguiente enlace: <\/p>\n\n\n\n<p><a href=\"https:\/\/site.educa.madrid.org\/cifp.federicamontseny.fuenlabrada\/\/wp-content\/uploads\/cifp.federicamontseny.fuenlabrada\/2023\/12\/PAGO-TASAS-TITULO-INSTRUCCIONES_-GRADO-SUPERIOR_GRADO-MEDIO.pdf\" data-type=\"attachment\" data-id=\"1226\" target=\"_blank\" rel=\"noreferrer noopener\">PAGO TASAS T\u00cdTULO INSTRUCCIONES_ GRADO SUPERIOR_GRADO MEDIO<\/a><\/p>\n\n\n\n<figure class=\"wp-block-table\"><table><tbody><tr><td rowspan=\"3\"><strong>TASAS<\/strong><\/td><td><strong>51,49 \u20ac<\/strong><\/td><td>&nbsp;TASA ORDINARIA<\/td><\/tr><tr><td><strong>25,74 \u20ac<\/strong><\/td><td>&nbsp;SI SE TRATA DE FAMILIA NUMEROSA CATEGOR\u00cdA GENERAL<\/td><\/tr><tr><td><strong>EXENTOS DE PAGO<\/strong><\/td><td>Las v\u00edctimas del terrorismo, c\u00f3nyuges o parejas de hecho e hijos y los miembros de familias numerosas de categor\u00eda especial gozar\u00e1n de exenci\u00f3n total, por lo que no deber\u00e1n tramitar el impreso 030.<\/td><\/tr><\/tbody><\/table><\/figure>\n\n\n\n<p>Aplicaci\u00f3n m\u00f3vil para el pago de tasas, precios p\u00fablicos y otros ingresos. S\u00f3lo con tarjeta.<\/p>\n\n\n\n<figure class=\"wp-block-image\"><img decoding=\"async\" src=\"https:\/\/www.educa2.madrid.org\/web\/educamadrid\/principal\/files\/26e7ee4b-f0b0-4f6a-8aab-9d993675df38\/C%C3%B3digo.png?t=1633417587514&amp;largeSize=true\" alt=\"\" title=\"C\u00f3digo.png\"\/><\/figure>\n\n\n\n<p>3\u00ba PRESENTAR EN SECRETAR\u00cdA LA SOLICITUD, DEBIDAMENTE CUMPLIMENTADA, EL IMPRESO \u201c030\u201d PAGADO, ORIGINAL Y FOTOCOPIA DEL D.N.I. POR AMBAS CARAS Y ORIGINAL Y FOTOCOPIA DEL T\u00cdTULO  DE FAMILIA NUMEROSA O TARJETA, SI PROCEDE.\u00a0\u00a0<\/p>\n\n\n\t\t\t<!-- Flexy Breadcrumb -->\n\t\t\t<div class=\"fbc fbc-page\">\n\n\t\t\t\t<!-- Breadcrumb wrapper -->\n\t\t\t\t<div class=\"fbc-wrap\">\n\n\t\t\t\t\t<!-- Ordered list-->\n\t\t\t\t\t<ol class=\"fbc-items\" itemscope itemtype=\"https:\/\/schema.org\/BreadcrumbList\">\n\t\t\t\t\t\t            <li itemprop=\"itemListElement\" itemscope itemtype=\"https:\/\/schema.org\/ListItem\">\n                <span itemprop=\"name\">\n                    <!-- Home Link -->\n                    <a itemprop=\"item\" href=\"https:\/\/site.educa.madrid.org\/cifp.federicamontseny.fuenlabrada\">\n                    \n                                                    <i class=\"fa fa fa-home\" aria-hidden=\"true\"><\/i>C.I.F.P. Federica Montseny                    <\/a>\n                <\/span>\n                <meta itemprop=\"position\" content=\"1\" \/><!-- Meta Position-->\n             <\/li><li><span class=\"fbc-separator\">\/<\/span><\/li><li class=\"active\" itemprop=\"itemListElement\" itemscope itemtype=\"https:\/\/schema.org\/ListItem\"><span itemprop=\"name\" title=\"Solicitud de T\u00edtulo\">Solicitud de T\u00edtulo<\/span><meta itemprop=\"position\" content=\"2\" \/><\/li>\t\t\t\t\t<\/ol>\n\t\t\t\t\t<div class=\"clearfix\"><\/div>\n\t\t\t\t<\/div>\n\t\t\t<\/div>\n\t\t\t\n","protected":false},"excerpt":{"rendered":"<p>ALUMNOS QUE FINALICEN LOS ESTUDIOS DE FORMACI\u00d3N PROFESION GRADO B\u00c1SICO EN SERVICIOS ADMINISTRATIVOS, SERVICIOS COMERCIALES E INFORM\u00c1TICA DE OFICINA. SOLICITUD DE T\u00cdTULO DE FP B\u00c1SICA. LOS ALUMNOS QUE FINALICEN EL CICLO FORMATIVO DE GRADO MEDIO O GRADO SUPERIOR DEBEN SOLICITAR EL T\u00cdTULO DE T\u00c9CNICO O T\u00c9CNICO SUPERIOR RESPECTIVAMENTE. ES IMPRESCINDIBLE A LA HORA DE ACREDITAR [&hellip;]<\/p>\n","protected":false},"author":3,"featured_media":0,"parent":1173,"menu_order":0,"comment_status":"closed","ping_status":"closed","template":"","meta":{"footnotes":""},"folder":[18],"class_list":["post-1141","page","type-page","status-publish","hentry"],"rttpg_featured_image_url":null,"rttpg_author":{"display_name":"cifp.federicamontseny.fuenlabrada","author_link":"https:\/\/site.educa.madrid.org\/cifp.federicamontseny.fuenlabrada\/index.php\/author\/cuenta_cifp-federicamontseny-fuenlabrada\/"},"rttpg_comment":0,"rttpg_category":" <a href=\"https:\/\/site.educa.madrid.org\/cifp.federicamontseny.fuenlabrada\/?taxonomy=folder&#038;term=secretaria-1701083573-3\" rel=\"tag\">Secretar\u00eda<\/a>","rttpg_excerpt":"ALUMNOS QUE FINALICEN LOS ESTUDIOS DE FORMACI\u00d3N PROFESION GRADO B\u00c1SICO EN SERVICIOS ADMINISTRATIVOS, SERVICIOS COMERCIALES E INFORM\u00c1TICA DE OFICINA. SOLICITUD DE T\u00cdTULO DE FP B\u00c1SICA. LOS ALUMNOS QUE FINALICEN EL CICLO FORMATIVO DE GRADO MEDIO O GRADO SUPERIOR DEBEN SOLICITAR EL T\u00cdTULO DE T\u00c9CNICO O T\u00c9CNICO SUPERIOR RESPECTIVAMENTE. ES IMPRESCINDIBLE A LA HORA DE ACREDITAR&hellip;","post_mailing_queue_ids":[],"_links":{"self":[{"href":"https:\/\/site.educa.madrid.org\/cifp.federicamontseny.fuenlabrada\/index.php\/wp-json\/wp\/v2\/pages\/1141","targetHints":{"allow":["GET"]}}],"collection":[{"href":"https:\/\/site.educa.madrid.org\/cifp.federicamontseny.fuenlabrada\/index.php\/wp-json\/wp\/v2\/pages"}],"about":[{"href":"https:\/\/site.educa.madrid.org\/cifp.federicamontseny.fuenlabrada\/index.php\/wp-json\/wp\/v2\/types\/page"}],"author":[{"embeddable":true,"href":"https:\/\/site.educa.madrid.org\/cifp.federicamontseny.fuenlabrada\/index.php\/wp-json\/wp\/v2\/users\/3"}],"replies":[{"embeddable":true,"href":"https:\/\/site.educa.madrid.org\/cifp.federicamontseny.fuenlabrada\/index.php\/wp-json\/wp\/v2\/comments?post=1141"}],"version-history":[{"count":13,"href":"https:\/\/site.educa.madrid.org\/cifp.federicamontseny.fuenlabrada\/index.php\/wp-json\/wp\/v2\/pages\/1141\/revisions"}],"predecessor-version":[{"id":2652,"href":"https:\/\/site.educa.madrid.org\/cifp.federicamontseny.fuenlabrada\/index.php\/wp-json\/wp\/v2\/pages\/1141\/revisions\/2652"}],"up":[{"embeddable":true,"href":"https:\/\/site.educa.madrid.org\/cifp.federicamontseny.fuenlabrada\/index.php\/wp-json\/wp\/v2\/pages\/1173"}],"wp:attachment":[{"href":"https:\/\/site.educa.madrid.org\/cifp.federicamontseny.fuenlabrada\/index.php\/wp-json\/wp\/v2\/media?parent=1141"}],"wp:term":[{"taxonomy":"folder","embeddable":true,"href":"https:\/\/site.educa.madrid.org\/cifp.federicamontseny.fuenlabrada\/index.php\/wp-json\/wp\/v2\/folder?post=1141"}],"curies":[{"name":"wp","href":"https:\/\/api.w.org\/{rel}","templated":true}]}}