{"id":1143,"date":"2023-12-05T18:26:48","date_gmt":"2023-12-05T17:26:48","guid":{"rendered":"https:\/\/site.educa.madrid.org\/cifp.federicamontseny.fuenlabrada\/?page_id=1143"},"modified":"2025-12-12T13:20:21","modified_gmt":"2025-12-12T12:20:21","slug":"exencion-de-f-c-t","status":"publish","type":"page","link":"https:\/\/site.educa.madrid.org\/cifp.federicamontseny.fuenlabrada\/index.php\/secretaria-2\/tramites-matriculados\/exencion-de-f-c-t\/","title":{"rendered":"Exenci\u00f3n de FFE"},"content":{"rendered":"\n<div class=\"wp-block-columns is-layout-flex wp-container-core-columns-is-layout-9d6595d7 wp-block-columns-is-layout-flex\">\n<div class=\"wp-block-column is-layout-flow wp-block-column-is-layout-flow\" style=\"flex-basis:66.66%\">\n<p>Seg\u00fan lo establecido en el art\u00edculo 67 de la Orden 893\/2022, de 21 de abril, se podr\u00e1 determinar la exenci\u00f3n total o parcial del m\u00f3dulo de FFE por su correspondencia con la experiencia laboral.<\/p>\n\n\n\n<p><strong>La informaci\u00f3n referida en la web, es un resumen de la orden.<\/strong><\/p>\n\n\n\n<h4 class=\"wp-block-heading\">POR FAVOR, CONSULTA EN LA ORDEN LOS REQUERIMIENTOS ESPEC\u00cdFICOS PARA REALIZAR ESTE PROCESO.<\/h4>\n\n\n\n<h3 class=\"wp-block-heading\">PROCEDIMIENTO<\/h3>\n\n\n\n<p>Podr\u00e1n solicitar la exenci\u00f3n los alumnos que acrediten una experiencia laboral a tiempo completo de un a\u00f1o como m\u00ednimo. El interesado presentar\u00e1 la solicitud en la secretar\u00eda del centro.<\/p>\n\n\n\n<p>Se deber\u00e1n presentar los documentos que permitan informar sobre su experiencia laboral.<\/p>\n\n\n\n<figure class=\"wp-block-table\"><table><tbody><tr><td><strong>Trabajadores por cuenta ajena<\/strong><br>Certificado de la Tesoser\u00eda General de la Seguridad Social.Certificado de la empresa o empresas donde haya adquirido la experiencia laboral, en el que conste la duraci\u00f3n del contrato, la actividad desarrollada, descripci\u00f3n de tareas y el tiempo ejecutado. Informe de la vida laboral.<\/td><td><strong>Trabajadores por cuenta propia<\/strong><br>Certificado de la Tesorer\u00eda General de la Seguridad Social.Documento de declaraci\u00f3n responsable realizado por el aut\u00f3nomo, que incluya una memoria descriptiva de las actividades desarrolladas durante el ejercicio profesional.<\/td><\/tr><tr><td colspan=\"2\">Otros modelos admitidos en derecho, que permitan ampliar la informaci\u00f3n sobre su experiencia laboral.<\/td><\/tr><\/tbody><\/table><\/figure>\n\n\n\n<p>Tambi\u00e9n se puede acreditar la exenci\u00f3n de FFE mediante el \u00abvoluntariado\u00bb entendiendo que la Acci\u00f3n Voluntaria organizada es aquella que se desarrolla dentro de una organizaci\u00f3n sin \u00e1nimo de lucro por personas f\u00edsicas que, de manera altruista y solidaria, intervienen con las personas y la realidad social, frente a situaciones de vulneraci\u00f3n, privaci\u00f3n o falta de derechos u oportunidades para alcanzar una mejor calidad de vida y una mayor cohesi\u00f3n y justicia social como expresi\u00f3n de ciudadan\u00eda activa organizada.<\/p>\n\n\n\n<h3 class=\"wp-block-heading\">PLAZOS<\/h3>\n\n\n\n<p>Al menos un mes antes de la fecha de inicio del m\u00f3dulo de FFE<\/p>\n<\/div>\n\n\n\n<div class=\"wp-block-column is-layout-flow wp-block-column-is-layout-flow\" style=\"flex-basis:33.33%\">\n<h3 class=\"wp-block-heading\"><a href=\"https:\/\/site.educa.madrid.org\/cifp.federicamontseny.fuenlabrada\/\/wp-content\/uploads\/cifp.federicamontseny.fuenlabrada\/2025\/12\/10_Anexo_Solicitud-de-exencion-de-la-FFE_CIFP_FedericaMontseny.pdf\">Solicitud de Exenci\u00f3n FFE<\/a><\/h3>\n\n\n\n<div style=\"height:34px\" aria-hidden=\"true\" class=\"wp-block-spacer\"><\/div>\n\n\n\n<h3 class=\"wp-block-heading\"><a href=\"https:\/\/www.bocm.es\/boletin\/CM_Orden_BOCM\/2022\/05\/04\/BOCM-20220504-34.PDF\">Orden 893\/2022 de 21 de abril<\/a><\/h3>\n<\/div>\n<\/div>\n\n\n\t\t\t<!-- Flexy Breadcrumb -->\n\t\t\t<div class=\"fbc fbc-page\">\n\n\t\t\t\t<!-- Breadcrumb wrapper -->\n\t\t\t\t<div class=\"fbc-wrap\">\n\n\t\t\t\t\t<!-- Ordered list-->\n\t\t\t\t\t<ol class=\"fbc-items\" itemscope itemtype=\"https:\/\/schema.org\/BreadcrumbList\">\n\t\t\t\t\t\t            <li itemprop=\"itemListElement\" itemscope itemtype=\"https:\/\/schema.org\/ListItem\">\n                <span itemprop=\"name\">\n                    <!-- Home Link -->\n                    <a itemprop=\"item\" href=\"https:\/\/site.educa.madrid.org\/cifp.federicamontseny.fuenlabrada\">\n                    \n                                                    <i class=\"fa fa fa-home\" aria-hidden=\"true\"><\/i>C.I.F.P. Federica Montseny                    <\/a>\n                <\/span>\n                <meta itemprop=\"position\" content=\"1\" \/><!-- Meta Position-->\n             <\/li><li><span class=\"fbc-separator\">\/<\/span><\/li><li class=\"active\" itemprop=\"itemListElement\" itemscope itemtype=\"https:\/\/schema.org\/ListItem\"><span itemprop=\"name\" title=\"Exenci\u00f3n de FFE\">Exenci\u00f3n de FFE<\/span><meta itemprop=\"position\" content=\"2\" \/><\/li>\t\t\t\t\t<\/ol>\n\t\t\t\t\t<div class=\"clearfix\"><\/div>\n\t\t\t\t<\/div>\n\t\t\t<\/div>\n\t\t\t\n","protected":false},"excerpt":{"rendered":"<p>Seg\u00fan lo establecido en el art\u00edculo 67 de la Orden 893\/2022, de 21 de abril, se podr\u00e1 determinar la exenci\u00f3n total o parcial del m\u00f3dulo de FFE por su correspondencia con la experiencia laboral. La informaci\u00f3n referida en la web, es un resumen de la orden. POR FAVOR, CONSULTA EN LA ORDEN LOS REQUERIMIENTOS ESPEC\u00cdFICOS [&hellip;]<\/p>\n","protected":false},"author":3,"featured_media":0,"parent":1173,"menu_order":0,"comment_status":"closed","ping_status":"closed","template":"","meta":{"footnotes":""},"folder":[18],"class_list":["post-1143","page","type-page","status-publish","hentry"],"rttpg_featured_image_url":null,"rttpg_author":{"display_name":"cifp.federicamontseny.fuenlabrada","author_link":"https:\/\/site.educa.madrid.org\/cifp.federicamontseny.fuenlabrada\/index.php\/author\/cuenta_cifp-federicamontseny-fuenlabrada\/"},"rttpg_comment":0,"rttpg_category":" <a href=\"https:\/\/site.educa.madrid.org\/cifp.federicamontseny.fuenlabrada\/?taxonomy=folder&#038;term=secretaria-1701083573-3\" rel=\"tag\">Secretar\u00eda<\/a>","rttpg_excerpt":"Seg\u00fan lo establecido en el art\u00edculo 67 de la Orden 893\/2022, de 21 de abril, se podr\u00e1 determinar la exenci\u00f3n total o parcial del m\u00f3dulo de FFE por su correspondencia con la experiencia laboral. La informaci\u00f3n referida en la web, es un resumen de la orden. POR FAVOR, CONSULTA EN LA ORDEN LOS REQUERIMIENTOS ESPEC\u00cdFICOS&hellip;","post_mailing_queue_ids":[],"_links":{"self":[{"href":"https:\/\/site.educa.madrid.org\/cifp.federicamontseny.fuenlabrada\/index.php\/wp-json\/wp\/v2\/pages\/1143","targetHints":{"allow":["GET"]}}],"collection":[{"href":"https:\/\/site.educa.madrid.org\/cifp.federicamontseny.fuenlabrada\/index.php\/wp-json\/wp\/v2\/pages"}],"about":[{"href":"https:\/\/site.educa.madrid.org\/cifp.federicamontseny.fuenlabrada\/index.php\/wp-json\/wp\/v2\/types\/page"}],"author":[{"embeddable":true,"href":"https:\/\/site.educa.madrid.org\/cifp.federicamontseny.fuenlabrada\/index.php\/wp-json\/wp\/v2\/users\/3"}],"replies":[{"embeddable":true,"href":"https:\/\/site.educa.madrid.org\/cifp.federicamontseny.fuenlabrada\/index.php\/wp-json\/wp\/v2\/comments?post=1143"}],"version-history":[{"count":10,"href":"https:\/\/site.educa.madrid.org\/cifp.federicamontseny.fuenlabrada\/index.php\/wp-json\/wp\/v2\/pages\/1143\/revisions"}],"predecessor-version":[{"id":3637,"href":"https:\/\/site.educa.madrid.org\/cifp.federicamontseny.fuenlabrada\/index.php\/wp-json\/wp\/v2\/pages\/1143\/revisions\/3637"}],"up":[{"embeddable":true,"href":"https:\/\/site.educa.madrid.org\/cifp.federicamontseny.fuenlabrada\/index.php\/wp-json\/wp\/v2\/pages\/1173"}],"wp:attachment":[{"href":"https:\/\/site.educa.madrid.org\/cifp.federicamontseny.fuenlabrada\/index.php\/wp-json\/wp\/v2\/media?parent=1143"}],"wp:term":[{"taxonomy":"folder","embeddable":true,"href":"https:\/\/site.educa.madrid.org\/cifp.federicamontseny.fuenlabrada\/index.php\/wp-json\/wp\/v2\/folder?post=1143"}],"curies":[{"name":"wp","href":"https:\/\/api.w.org\/{rel}","templated":true}]}}