{"id":1145,"date":"2023-12-05T18:27:09","date_gmt":"2023-12-05T17:27:09","guid":{"rendered":"https:\/\/site.educa.madrid.org\/cifp.federicamontseny.fuenlabrada\/?page_id=1145"},"modified":"2026-05-08T13:59:17","modified_gmt":"2026-05-08T11:59:17","slug":"aplazamiento-de-f-c-t","status":"publish","type":"page","link":"https:\/\/site.educa.madrid.org\/cifp.federicamontseny.fuenlabrada\/index.php\/f-c-t\/aplazamiento-de-f-c-t\/","title":{"rendered":"Aplazamiento de FFE"},"content":{"rendered":"\n<div class=\"wp-block-columns is-layout-flex wp-container-core-columns-is-layout-9d6595d7 wp-block-columns-is-layout-flex\">\n<div class=\"wp-block-column is-layout-flow wp-block-column-is-layout-flow\" style=\"flex-basis:66.66%\">\n<p>Los alumnos podr\u00e1n solicitar el&nbsp;<strong>aplazamiento de la calificaci\u00f3n<\/strong>&nbsp;del m\u00f3dulo de FFE cuando no puedan realizarlo en jornadas diarias de duraci\u00f3n similar a la que tengan establecidas los centros de trabajo para sus trabajadores por alguna de las causas siguientes:<\/p>\n\n\n\n<ol class=\"wp-block-list\">\n<li>Enfermedad prolongada o accidente del alumno.<\/li>\n\n\n\n<li>Obligaciones de tipo personal o familiar.<\/li>\n\n\n\n<li>Desempe\u00f1o de un puesto de trabajo.<\/li>\n<\/ol>\n\n\n\n<p>NOTA: No confundir aplazamiento de la calificaci\u00f3n del m\u00f3dulo de FFE con la renuncia a la realizaci\u00f3n de la FFE<\/p>\n\n\n\n<div style=\"height:21px\" aria-hidden=\"true\" class=\"wp-block-spacer\"><\/div>\n\n\n\n<h3 class=\"wp-block-heading\">Primer Curso<\/h3>\n\n\n\n<p>No existe el aplazamiento. Si hubiera una causa sobrevenida y no pudieran terminar las horas de pr\u00e1cticas, se pasan al curso siguiente<\/p>\n\n\n\n<div style=\"height:21px\" aria-hidden=\"true\" class=\"wp-block-spacer\"><\/div>\n\n\n\n<h3 class=\"wp-block-heading\">Segundo Curso<\/h3>\n\n\n\n<p>Si hubiera causa sobrevenida y no las puede terminar antes de la sesi\u00f3n de evaluaci\u00f3n extraordinaria, puede solicitar aplazamiento si las puede terminar en el a\u00f1o natural 2026<\/p>\n\n\n\n<div style=\"height:21px\" aria-hidden=\"true\" class=\"wp-block-spacer\"><\/div>\n\n\n\n<h2 class=\"wp-block-heading\">PROCEDIMIENTO<\/h2>\n\n\n\n<p>El alumnos presentar\u00e1 la solicitud en la secretar\u00eda del centro.<\/p>\n\n\n\n<p>Las razones que se aleguen para el aplazamiento deben justificarse siempre documentalmente.<\/p>\n\n\n\n<div style=\"height:21px\" aria-hidden=\"true\" class=\"wp-block-spacer\"><\/div>\n\n\n\n<h2 class=\"wp-block-heading\">PLAZOS<\/h2>\n\n\n\n<p>Al menos 10 d\u00edas antes de la fecha de inicio de la FFE. (Septiembre \u2013 Marzo).<\/p>\n\n\n\n<div style=\"height:21px\" aria-hidden=\"true\" class=\"wp-block-spacer\"><\/div>\n\n\n\n<h2 class=\"wp-block-heading\">NORMATIVA<\/h2>\n\n\n\n<p>Art\u00edculo 34 de la ORDEN 893\/2022, del 21 de abril, por la que se regulan los procedimientos relacionados con la organizaci\u00f3n, la matr\u00edcula, la evaluaci\u00f3n y acreditaci\u00f3n acad\u00e9mica de las ense\u00f1anzas de formaci\u00f3n profesional del sistema educativo en la Comunidad de Madrid.<\/p>\n<\/div>\n\n\n\n<div class=\"wp-block-column is-layout-flow wp-block-column-is-layout-flow\" style=\"flex-basis:33.33%\">\n<h3 class=\"wp-block-heading\"><a href=\"https:\/\/site.educa.madrid.org\/cifp.federicamontseny.fuenlabrada\/\/wp-content\/uploads\/cifp.federicamontseny.fuenlabrada\/2026\/05\/Solicitud-Aplazamiento-FFE.pdf\" target=\"_blank\" rel=\"noreferrer noopener\">Solicitud<\/a><\/h3>\n\n\n\n<div style=\"height:50px\" aria-hidden=\"true\" class=\"wp-block-spacer\"><\/div>\n\n\n\n<h3 class=\"wp-block-heading\"><a href=\"http:\/\/bocm.es\/boletin\/CM_Orden_BOCM\/2022\/05\/04\/BOCM-20220504-34.PDF\" data-type=\"URL\" data-id=\"bocm.es\/boletin\/CM_Orden_BOCM\/2022\/05\/04\/BOCM-20220504-34.PDF\">ORDEN 893\/2022, del 21 de abril<\/a><\/h3>\n<\/div>\n<\/div>\n\n\n\t\t\t<!-- Flexy Breadcrumb -->\n\t\t\t<div class=\"fbc fbc-page\">\n\n\t\t\t\t<!-- Breadcrumb wrapper -->\n\t\t\t\t<div class=\"fbc-wrap\">\n\n\t\t\t\t\t<!-- Ordered list-->\n\t\t\t\t\t<ol class=\"fbc-items\" itemscope itemtype=\"https:\/\/schema.org\/BreadcrumbList\">\n\t\t\t\t\t\t            <li itemprop=\"itemListElement\" itemscope itemtype=\"https:\/\/schema.org\/ListItem\">\n                <span itemprop=\"name\">\n                    <!-- Home Link -->\n                    <a itemprop=\"item\" href=\"https:\/\/site.educa.madrid.org\/cifp.federicamontseny.fuenlabrada\">\n                    \n                                                    <i class=\"fa fa fa-home\" aria-hidden=\"true\"><\/i>C.I.F.P. Federica Montseny                    <\/a>\n                <\/span>\n                <meta itemprop=\"position\" content=\"1\" \/><!-- Meta Position-->\n             <\/li><li><span class=\"fbc-separator\">\/<\/span><\/li><li class=\"active\" itemprop=\"itemListElement\" itemscope itemtype=\"https:\/\/schema.org\/ListItem\"><span itemprop=\"name\" title=\"Aplazamiento de FFE\">Aplazamiento de FFE<\/span><meta itemprop=\"position\" content=\"2\" \/><\/li>\t\t\t\t\t<\/ol>\n\t\t\t\t\t<div class=\"clearfix\"><\/div>\n\t\t\t\t<\/div>\n\t\t\t<\/div>\n\t\t\t\n","protected":false},"excerpt":{"rendered":"<p>Los alumnos podr\u00e1n solicitar el&nbsp;aplazamiento de la calificaci\u00f3n&nbsp;del m\u00f3dulo de FFE cuando no puedan realizarlo en jornadas diarias de duraci\u00f3n similar a la que tengan establecidas los centros de trabajo para sus trabajadores por alguna de las causas siguientes: NOTA: No confundir aplazamiento de la calificaci\u00f3n del m\u00f3dulo de FFE con la renuncia a la [&hellip;]<\/p>\n","protected":false},"author":3,"featured_media":0,"parent":38,"menu_order":0,"comment_status":"closed","ping_status":"closed","template":"","meta":{"footnotes":""},"folder":[18],"class_list":["post-1145","page","type-page","status-publish","hentry"],"rttpg_featured_image_url":null,"rttpg_author":{"display_name":"cifp.federicamontseny.fuenlabrada","author_link":"https:\/\/site.educa.madrid.org\/cifp.federicamontseny.fuenlabrada\/index.php\/author\/cuenta_cifp-federicamontseny-fuenlabrada\/"},"rttpg_comment":0,"rttpg_category":" <a href=\"https:\/\/site.educa.madrid.org\/cifp.federicamontseny.fuenlabrada\/?taxonomy=folder&#038;term=secretaria-1701083573-3\" rel=\"tag\">Secretar\u00eda<\/a>","rttpg_excerpt":"Los alumnos podr\u00e1n solicitar el&nbsp;aplazamiento de la calificaci\u00f3n&nbsp;del m\u00f3dulo de FFE cuando no puedan realizarlo en jornadas diarias de duraci\u00f3n similar a la que tengan establecidas los centros de trabajo para sus trabajadores por alguna de las causas siguientes: NOTA: No confundir aplazamiento de la calificaci\u00f3n del m\u00f3dulo de FFE con la renuncia a la&hellip;","post_mailing_queue_ids":[],"_links":{"self":[{"href":"https:\/\/site.educa.madrid.org\/cifp.federicamontseny.fuenlabrada\/index.php\/wp-json\/wp\/v2\/pages\/1145","targetHints":{"allow":["GET"]}}],"collection":[{"href":"https:\/\/site.educa.madrid.org\/cifp.federicamontseny.fuenlabrada\/index.php\/wp-json\/wp\/v2\/pages"}],"about":[{"href":"https:\/\/site.educa.madrid.org\/cifp.federicamontseny.fuenlabrada\/index.php\/wp-json\/wp\/v2\/types\/page"}],"author":[{"embeddable":true,"href":"https:\/\/site.educa.madrid.org\/cifp.federicamontseny.fuenlabrada\/index.php\/wp-json\/wp\/v2\/users\/3"}],"replies":[{"embeddable":true,"href":"https:\/\/site.educa.madrid.org\/cifp.federicamontseny.fuenlabrada\/index.php\/wp-json\/wp\/v2\/comments?post=1145"}],"version-history":[{"count":12,"href":"https:\/\/site.educa.madrid.org\/cifp.federicamontseny.fuenlabrada\/index.php\/wp-json\/wp\/v2\/pages\/1145\/revisions"}],"predecessor-version":[{"id":3749,"href":"https:\/\/site.educa.madrid.org\/cifp.federicamontseny.fuenlabrada\/index.php\/wp-json\/wp\/v2\/pages\/1145\/revisions\/3749"}],"up":[{"embeddable":true,"href":"https:\/\/site.educa.madrid.org\/cifp.federicamontseny.fuenlabrada\/index.php\/wp-json\/wp\/v2\/pages\/38"}],"wp:attachment":[{"href":"https:\/\/site.educa.madrid.org\/cifp.federicamontseny.fuenlabrada\/index.php\/wp-json\/wp\/v2\/media?parent=1145"}],"wp:term":[{"taxonomy":"folder","embeddable":true,"href":"https:\/\/site.educa.madrid.org\/cifp.federicamontseny.fuenlabrada\/index.php\/wp-json\/wp\/v2\/folder?post=1145"}],"curies":[{"name":"wp","href":"https:\/\/api.w.org\/{rel}","templated":true}]}}