{"id":1147,"date":"2023-12-05T18:27:43","date_gmt":"2023-12-05T17:27:43","guid":{"rendered":"https:\/\/site.educa.madrid.org\/cifp.federicamontseny.fuenlabrada\/?page_id=1147"},"modified":"2023-12-13T11:42:55","modified_gmt":"2023-12-13T10:42:55","slug":"pruebas-de-acceso-a-ciclos-formativos","status":"publish","type":"page","link":"https:\/\/site.educa.madrid.org\/cifp.federicamontseny.fuenlabrada\/index.php\/secretaria-2\/tramites-matricula\/pruebas-de-acceso-a-ciclos-formativos\/","title":{"rendered":"Pruebas de Acceso a Ciclos Formativos"},"content":{"rendered":"\n<p>La&nbsp;Orden 4879\/2008, de 21 de octubre, de la Consejer\u00eda de Educaci\u00f3n regula las pruebas de acceso a ciclos formativos de Formaci\u00f3n Profesional y el curso de preparaci\u00f3n de las mismas.<\/p>\n\n\n\n<p>Para concurrir a la prueba de acceso a Ciclos Formativos de Grado Medio el aspirante debe tener, como m\u00ednimo, 17 a\u00f1os o cumplirlos en el a\u00f1o natural en el que se realicen las pruebas.<\/p>\n\n\n\n<p>Para concurrir a la prueba de acceso a Ciclos Formativos de Grado Superior el aspirante debe reunir alguna de las condiciones siguientes:<\/p>\n\n\n\n<ul class=\"wp-block-list\">\n<li>Tener 19 a\u00f1os de edad, o cumplirlos en el a\u00f1o natural en el que se realicen las pruebas.<\/li>\n\n\n\n<li>Tener 18 a\u00f1os, o cumplirlos en el a\u00f1o natural en el que se realicen las pruebas, y estar en posesi\u00f3n del t\u00edtulo de T\u00e9cnico, siempre que el Ciclo de Grado Medio superado y el de Grado Superior al que se desea acceder pertenezcan a la misma opci\u00f3n.<\/li>\n<\/ul>\n\n\n\n<p>Para m\u00e1s informaci\u00f3n&nbsp;<a href=\"https:\/\/www.comunidad.madrid\/servicios\/educacion\/pruebas-acceso\">pincha aqu\u00ed<\/a>.<\/p>\n\n\n\t\t\t<!-- Flexy Breadcrumb -->\n\t\t\t<div class=\"fbc fbc-page\">\n\n\t\t\t\t<!-- Breadcrumb wrapper -->\n\t\t\t\t<div class=\"fbc-wrap\">\n\n\t\t\t\t\t<!-- Ordered list-->\n\t\t\t\t\t<ol class=\"fbc-items\" itemscope itemtype=\"https:\/\/schema.org\/BreadcrumbList\">\n\t\t\t\t\t\t            <li itemprop=\"itemListElement\" itemscope itemtype=\"https:\/\/schema.org\/ListItem\">\n                <span itemprop=\"name\">\n                    <!-- Home Link -->\n                    <a itemprop=\"item\" href=\"https:\/\/site.educa.madrid.org\/cifp.federicamontseny.fuenlabrada\">\n                    \n                                                    <i class=\"fa fa fa-home\" aria-hidden=\"true\"><\/i>C.I.F.P. Federica Montseny                    <\/a>\n                <\/span>\n                <meta itemprop=\"position\" content=\"1\" \/><!-- Meta Position-->\n             <\/li><li><span class=\"fbc-separator\">\/<\/span><\/li><li class=\"active\" itemprop=\"itemListElement\" itemscope itemtype=\"https:\/\/schema.org\/ListItem\"><span itemprop=\"name\" title=\"Pruebas de Acceso a Ciclos Formativos\">Pruebas de Acceso a...<\/span><meta itemprop=\"position\" content=\"2\" \/><\/li>\t\t\t\t\t<\/ol>\n\t\t\t\t\t<div class=\"clearfix\"><\/div>\n\t\t\t\t<\/div>\n\t\t\t<\/div>\n\t\t\t\n","protected":false},"excerpt":{"rendered":"<p>La&nbsp;Orden 4879\/2008, de 21 de octubre, de la Consejer\u00eda de Educaci\u00f3n regula las pruebas de acceso a ciclos formativos de Formaci\u00f3n Profesional y el curso de preparaci\u00f3n de las mismas. Para concurrir a la prueba de acceso a Ciclos Formativos de Grado Medio el aspirante debe tener, como m\u00ednimo, 17 a\u00f1os o cumplirlos en el [&hellip;]<\/p>\n","protected":false},"author":3,"featured_media":0,"parent":1168,"menu_order":0,"comment_status":"closed","ping_status":"closed","template":"","meta":{"footnotes":""},"folder":[18],"class_list":["post-1147","page","type-page","status-publish","hentry"],"rttpg_featured_image_url":null,"rttpg_author":{"display_name":"cifp.federicamontseny.fuenlabrada","author_link":"https:\/\/site.educa.madrid.org\/cifp.federicamontseny.fuenlabrada\/index.php\/author\/cuenta_cifp-federicamontseny-fuenlabrada\/"},"rttpg_comment":0,"rttpg_category":" <a href=\"https:\/\/site.educa.madrid.org\/cifp.federicamontseny.fuenlabrada\/?taxonomy=folder&#038;term=secretaria-1701083573-3\" rel=\"tag\">Secretar\u00eda<\/a>","rttpg_excerpt":"La&nbsp;Orden 4879\/2008, de 21 de octubre, de la Consejer\u00eda de Educaci\u00f3n regula las pruebas de acceso a ciclos formativos de Formaci\u00f3n Profesional y el curso de preparaci\u00f3n de las mismas. Para concurrir a la prueba de acceso a Ciclos Formativos de Grado Medio el aspirante debe tener, como m\u00ednimo, 17 a\u00f1os o cumplirlos en el&hellip;","post_mailing_queue_ids":[],"_links":{"self":[{"href":"https:\/\/site.educa.madrid.org\/cifp.federicamontseny.fuenlabrada\/index.php\/wp-json\/wp\/v2\/pages\/1147","targetHints":{"allow":["GET"]}}],"collection":[{"href":"https:\/\/site.educa.madrid.org\/cifp.federicamontseny.fuenlabrada\/index.php\/wp-json\/wp\/v2\/pages"}],"about":[{"href":"https:\/\/site.educa.madrid.org\/cifp.federicamontseny.fuenlabrada\/index.php\/wp-json\/wp\/v2\/types\/page"}],"author":[{"embeddable":true,"href":"https:\/\/site.educa.madrid.org\/cifp.federicamontseny.fuenlabrada\/index.php\/wp-json\/wp\/v2\/users\/3"}],"replies":[{"embeddable":true,"href":"https:\/\/site.educa.madrid.org\/cifp.federicamontseny.fuenlabrada\/index.php\/wp-json\/wp\/v2\/comments?post=1147"}],"version-history":[{"count":3,"href":"https:\/\/site.educa.madrid.org\/cifp.federicamontseny.fuenlabrada\/index.php\/wp-json\/wp\/v2\/pages\/1147\/revisions"}],"predecessor-version":[{"id":1394,"href":"https:\/\/site.educa.madrid.org\/cifp.federicamontseny.fuenlabrada\/index.php\/wp-json\/wp\/v2\/pages\/1147\/revisions\/1394"}],"up":[{"embeddable":true,"href":"https:\/\/site.educa.madrid.org\/cifp.federicamontseny.fuenlabrada\/index.php\/wp-json\/wp\/v2\/pages\/1168"}],"wp:attachment":[{"href":"https:\/\/site.educa.madrid.org\/cifp.federicamontseny.fuenlabrada\/index.php\/wp-json\/wp\/v2\/media?parent=1147"}],"wp:term":[{"taxonomy":"folder","embeddable":true,"href":"https:\/\/site.educa.madrid.org\/cifp.federicamontseny.fuenlabrada\/index.php\/wp-json\/wp\/v2\/folder?post=1147"}],"curies":[{"name":"wp","href":"https:\/\/api.w.org\/{rel}","templated":true}]}}