{"id":116,"date":"2022-06-06T09:28:10","date_gmt":"2022-06-06T07:28:10","guid":{"rendered":"https:\/\/site.educa.madrid.org\/cifp.federicamontseny.fuenlabrada\/?page_id=116"},"modified":"2026-05-08T11:22:58","modified_gmt":"2026-05-08T09:22:58","slug":"inicio","status":"publish","type":"page","link":"https:\/\/site.educa.madrid.org\/cifp.federicamontseny.fuenlabrada\/","title":{"rendered":"Inicio"},"content":{"rendered":"\n<div class=\"wp-block-group has-vivid-cyan-blue-color has-text-color\"><div class=\"wp-block-group__inner-container is-layout-constrained wp-block-group-is-layout-constrained\">\n<p class=\"has-text-align-center has-normal-font-size\"><strong><em><mark style=\"background-color:rgba(0, 0, 0, 0)\" class=\"has-inline-color has-vivid-cyan-blue-color\">El Centro integrado de Formaci\u00f3n Profesional Federica Montseny <\/mark>de Fuenlabrada (Madrid) estar\u00e1 dedicado de manera especial a la formaci\u00f3n en las familias profesionales de administraci\u00f3n y gesti\u00f3n y de comercio y marketing y desarrollar\u00e1 actividades de coordinaci\u00f3n dedicadas a fomentar la relaci\u00f3n continuada con las empresas del entorno. <\/em><\/strong><\/p>\n<\/div><\/div>\n\n\n\n<div class=\"wp-block-group\"><div class=\"wp-block-group__inner-container is-layout-constrained wp-block-group-is-layout-constrained\">\n<div class=\"wp-block-columns is-layout-flex wp-container-core-columns-is-layout-9d6595d7 wp-block-columns-is-layout-flex\">\n<div class=\"wp-block-column is-layout-flow wp-block-column-is-layout-flow\" style=\"flex-basis:550px\">\n<p class=\"has-white-color has-black-background-color has-text-color has-background\">\u00daltimas noticias del Montseny:<\/p>\n\n\n\n<div class=\"wp-block-group is-vertical is-layout-flex wp-container-core-group-is-layout-8cf370e7 wp-block-group-is-layout-flex\">\n<details class=\"wp-block-details is-layout-flow wp-block-details-is-layout-flow\" open><summary><\/summary><ul class=\"wp-block-latest-posts__list wp-block-latest-posts\"><li><div class=\"wp-block-latest-posts__featured-image\"><img loading=\"lazy\" decoding=\"async\" width=\"300\" height=\"75\" src=\"https:\/\/site.educa.madrid.org\/cifp.federicamontseny.fuenlabrada\/\/wp-content\/uploads\/cifp.federicamontseny.fuenlabrada\/2026\/04\/Timog-Silangang-Asya-Google-Classroom-Header-in-Orange-Illustrative-Style-10-300x75.png\" class=\"attachment-medium size-medium wp-post-image\" alt=\"\" style=\"\" srcset=\"https:\/\/site.educa.madrid.org\/cifp.federicamontseny.fuenlabrada\/\/wp-content\/uploads\/cifp.federicamontseny.fuenlabrada\/2026\/04\/Timog-Silangang-Asya-Google-Classroom-Header-in-Orange-Illustrative-Style-10-300x75.png 300w, https:\/\/site.educa.madrid.org\/cifp.federicamontseny.fuenlabrada\/\/wp-content\/uploads\/cifp.federicamontseny.fuenlabrada\/2026\/04\/Timog-Silangang-Asya-Google-Classroom-Header-in-Orange-Illustrative-Style-10-1024x256.png 1024w, https:\/\/site.educa.madrid.org\/cifp.federicamontseny.fuenlabrada\/\/wp-content\/uploads\/cifp.federicamontseny.fuenlabrada\/2026\/04\/Timog-Silangang-Asya-Google-Classroom-Header-in-Orange-Illustrative-Style-10-768x192.png 768w, https:\/\/site.educa.madrid.org\/cifp.federicamontseny.fuenlabrada\/\/wp-content\/uploads\/cifp.federicamontseny.fuenlabrada\/2026\/04\/Timog-Silangang-Asya-Google-Classroom-Header-in-Orange-Illustrative-Style-10-1536x384.png 1536w, https:\/\/site.educa.madrid.org\/cifp.federicamontseny.fuenlabrada\/\/wp-content\/uploads\/cifp.federicamontseny.fuenlabrada\/2026\/04\/Timog-Silangang-Asya-Google-Classroom-Header-in-Orange-Illustrative-Style-10.png 1920w\" sizes=\"auto, (max-width: 300px) 100vw, 300px\" \/><\/div><a class=\"wp-block-latest-posts__post-title\" href=\"https:\/\/site.educa.madrid.org\/cifp.federicamontseny.fuenlabrada\/index.php\/2026\/04\/20\/pruebas-libres-2025-2026-comercio-internacional\/\">Pruebas Libres 2025\/2026 Comercio Internacional<\/a><div class=\"wp-block-latest-posts__post-excerpt\">Calendario de ex\u00e1menes de las Pruebas Libres y Criterios de Calificaci\u00f3n<\/div><\/li>\n<li><div class=\"wp-block-latest-posts__featured-image\"><img loading=\"lazy\" decoding=\"async\" width=\"300\" height=\"75\" src=\"https:\/\/site.educa.madrid.org\/cifp.federicamontseny.fuenlabrada\/\/wp-content\/uploads\/cifp.federicamontseny.fuenlabrada\/2026\/04\/Timog-Silangang-Asya-Google-Classroom-Header-in-Orange-Illustrative-Style-9-300x75.png\" class=\"attachment-medium size-medium wp-post-image\" alt=\"\" style=\"\" srcset=\"https:\/\/site.educa.madrid.org\/cifp.federicamontseny.fuenlabrada\/\/wp-content\/uploads\/cifp.federicamontseny.fuenlabrada\/2026\/04\/Timog-Silangang-Asya-Google-Classroom-Header-in-Orange-Illustrative-Style-9-300x75.png 300w, https:\/\/site.educa.madrid.org\/cifp.federicamontseny.fuenlabrada\/\/wp-content\/uploads\/cifp.federicamontseny.fuenlabrada\/2026\/04\/Timog-Silangang-Asya-Google-Classroom-Header-in-Orange-Illustrative-Style-9-1024x256.png 1024w, https:\/\/site.educa.madrid.org\/cifp.federicamontseny.fuenlabrada\/\/wp-content\/uploads\/cifp.federicamontseny.fuenlabrada\/2026\/04\/Timog-Silangang-Asya-Google-Classroom-Header-in-Orange-Illustrative-Style-9-768x192.png 768w, https:\/\/site.educa.madrid.org\/cifp.federicamontseny.fuenlabrada\/\/wp-content\/uploads\/cifp.federicamontseny.fuenlabrada\/2026\/04\/Timog-Silangang-Asya-Google-Classroom-Header-in-Orange-Illustrative-Style-9-1536x384.png 1536w, https:\/\/site.educa.madrid.org\/cifp.federicamontseny.fuenlabrada\/\/wp-content\/uploads\/cifp.federicamontseny.fuenlabrada\/2026\/04\/Timog-Silangang-Asya-Google-Classroom-Header-in-Orange-Illustrative-Style-9.png 1920w\" sizes=\"auto, (max-width: 300px) 100vw, 300px\" \/><\/div><a class=\"wp-block-latest-posts__post-title\" href=\"https:\/\/site.educa.madrid.org\/cifp.federicamontseny.fuenlabrada\/index.php\/2026\/04\/09\/becas-mec\/\">Becas MEC<\/a><div class=\"wp-block-latest-posts__post-excerpt\">Os informamos de que ya se ha abierto el plazo de presentaci\u00f3n de las becas MEC para el curso 2026-2027. ENLACE El plazo estar\u00e1 disponible&#8230; <a class=\"wp-block-latest-posts__read-more\" href=\"https:\/\/site.educa.madrid.org\/cifp.federicamontseny.fuenlabrada\/index.php\/2026\/04\/09\/becas-mec\/\" rel=\"noopener noreferrer\">Lee m\u00e1s<span class=\"screen-reader-text\">: Becas MEC<\/span><\/a><\/div><\/li>\n<li><div class=\"wp-block-latest-posts__featured-image\"><img loading=\"lazy\" decoding=\"async\" width=\"300\" height=\"75\" src=\"https:\/\/site.educa.madrid.org\/cifp.federicamontseny.fuenlabrada\/\/wp-content\/uploads\/cifp.federicamontseny.fuenlabrada\/2026\/03\/Timog-Silangang-Asya-Google-Classroom-Header-in-Orange-Illustrative-Style-8-300x75.png\" class=\"attachment-medium size-medium wp-post-image\" alt=\"\" style=\"\" srcset=\"https:\/\/site.educa.madrid.org\/cifp.federicamontseny.fuenlabrada\/\/wp-content\/uploads\/cifp.federicamontseny.fuenlabrada\/2026\/03\/Timog-Silangang-Asya-Google-Classroom-Header-in-Orange-Illustrative-Style-8-300x75.png 300w, https:\/\/site.educa.madrid.org\/cifp.federicamontseny.fuenlabrada\/\/wp-content\/uploads\/cifp.federicamontseny.fuenlabrada\/2026\/03\/Timog-Silangang-Asya-Google-Classroom-Header-in-Orange-Illustrative-Style-8-1024x256.png 1024w, https:\/\/site.educa.madrid.org\/cifp.federicamontseny.fuenlabrada\/\/wp-content\/uploads\/cifp.federicamontseny.fuenlabrada\/2026\/03\/Timog-Silangang-Asya-Google-Classroom-Header-in-Orange-Illustrative-Style-8-768x192.png 768w, https:\/\/site.educa.madrid.org\/cifp.federicamontseny.fuenlabrada\/\/wp-content\/uploads\/cifp.federicamontseny.fuenlabrada\/2026\/03\/Timog-Silangang-Asya-Google-Classroom-Header-in-Orange-Illustrative-Style-8-1536x384.png 1536w, https:\/\/site.educa.madrid.org\/cifp.federicamontseny.fuenlabrada\/\/wp-content\/uploads\/cifp.federicamontseny.fuenlabrada\/2026\/03\/Timog-Silangang-Asya-Google-Classroom-Header-in-Orange-Illustrative-Style-8.png 1920w\" sizes=\"auto, (max-width: 300px) 100vw, 300px\" \/><\/div><a class=\"wp-block-latest-posts__post-title\" href=\"https:\/\/site.educa.madrid.org\/cifp.federicamontseny.fuenlabrada\/index.php\/2026\/03\/12\/examenes-pendientes-fp-basica-2025-2026\/\">Ex\u00e1menes Pendientes FP B\u00e1sica 2025\/2026<\/a><div class=\"wp-block-latest-posts__post-excerpt\">Aqu\u00ed os dejamos la informaci\u00f3n sobre los ex\u00e1menes de pendientes del Grado B\u00e1sico<\/div><\/li>\n<li><div class=\"wp-block-latest-posts__featured-image\"><img loading=\"lazy\" decoding=\"async\" width=\"300\" height=\"75\" src=\"https:\/\/site.educa.madrid.org\/cifp.federicamontseny.fuenlabrada\/\/wp-content\/uploads\/cifp.federicamontseny.fuenlabrada\/2026\/03\/Timog-Silangang-Asya-Google-Classroom-Header-in-Orange-Illustrative-Style-7-300x75.png\" class=\"attachment-medium size-medium wp-post-image\" alt=\"\" style=\"\" srcset=\"https:\/\/site.educa.madrid.org\/cifp.federicamontseny.fuenlabrada\/\/wp-content\/uploads\/cifp.federicamontseny.fuenlabrada\/2026\/03\/Timog-Silangang-Asya-Google-Classroom-Header-in-Orange-Illustrative-Style-7-300x75.png 300w, https:\/\/site.educa.madrid.org\/cifp.federicamontseny.fuenlabrada\/\/wp-content\/uploads\/cifp.federicamontseny.fuenlabrada\/2026\/03\/Timog-Silangang-Asya-Google-Classroom-Header-in-Orange-Illustrative-Style-7-1024x256.png 1024w, https:\/\/site.educa.madrid.org\/cifp.federicamontseny.fuenlabrada\/\/wp-content\/uploads\/cifp.federicamontseny.fuenlabrada\/2026\/03\/Timog-Silangang-Asya-Google-Classroom-Header-in-Orange-Illustrative-Style-7-768x192.png 768w, https:\/\/site.educa.madrid.org\/cifp.federicamontseny.fuenlabrada\/\/wp-content\/uploads\/cifp.federicamontseny.fuenlabrada\/2026\/03\/Timog-Silangang-Asya-Google-Classroom-Header-in-Orange-Illustrative-Style-7-1536x384.png 1536w, https:\/\/site.educa.madrid.org\/cifp.federicamontseny.fuenlabrada\/\/wp-content\/uploads\/cifp.federicamontseny.fuenlabrada\/2026\/03\/Timog-Silangang-Asya-Google-Classroom-Header-in-Orange-Illustrative-Style-7.png 1920w\" sizes=\"auto, (max-width: 300px) 100vw, 300px\" \/><\/div><a class=\"wp-block-latest-posts__post-title\" href=\"https:\/\/site.educa.madrid.org\/cifp.federicamontseny.fuenlabrada\/index.php\/2026\/03\/11\/fuenbecas\/\">FUENBECAS<\/a><div class=\"wp-block-latest-posts__post-excerpt\">En este enlace \u00a0pod\u00e9is encontrar toda la informaci\u00f3n de las Becas \u00abFUENBECAS\u00bb del Ayuntamiento de Fuenlabrada<\/div><\/li>\n<li><a class=\"wp-block-latest-posts__post-title\" href=\"https:\/\/site.educa.madrid.org\/cifp.federicamontseny.fuenlabrada\/index.php\/2026\/01\/16\/pruebas-libres-para-obtencion-de-titulo-fp\/\">Pruebas Libres para obtenci\u00f3n de T\u00edtulo FP<\/a><div class=\"wp-block-latest-posts__post-excerpt\">Buenos d\u00edas, ya est\u00e1 publicada la Resoluci\u00f3n por la que se Convocan las Pruebas Libres para la Obtenci\u00f3n de los T\u00edtulos de FP de Grado&#8230; <a class=\"wp-block-latest-posts__read-more\" href=\"https:\/\/site.educa.madrid.org\/cifp.federicamontseny.fuenlabrada\/index.php\/2026\/01\/16\/pruebas-libres-para-obtencion-de-titulo-fp\/\" rel=\"noopener noreferrer\">Lee m\u00e1s<span class=\"screen-reader-text\">: Pruebas Libres para obtenci\u00f3n de T\u00edtulo FP<\/span><\/a><\/div><\/li>\n<li><div class=\"wp-block-latest-posts__featured-image\"><img loading=\"lazy\" decoding=\"async\" width=\"300\" height=\"75\" src=\"https:\/\/site.educa.madrid.org\/cifp.federicamontseny.fuenlabrada\/\/wp-content\/uploads\/cifp.federicamontseny.fuenlabrada\/2025\/12\/Timog-Silangang-Asya-Google-Classroom-Header-in-Orange-Illustrative-Style-5-300x75.png\" class=\"attachment-medium size-medium wp-post-image\" alt=\"\" style=\"\" srcset=\"https:\/\/site.educa.madrid.org\/cifp.federicamontseny.fuenlabrada\/\/wp-content\/uploads\/cifp.federicamontseny.fuenlabrada\/2025\/12\/Timog-Silangang-Asya-Google-Classroom-Header-in-Orange-Illustrative-Style-5-300x75.png 300w, https:\/\/site.educa.madrid.org\/cifp.federicamontseny.fuenlabrada\/\/wp-content\/uploads\/cifp.federicamontseny.fuenlabrada\/2025\/12\/Timog-Silangang-Asya-Google-Classroom-Header-in-Orange-Illustrative-Style-5-1024x256.png 1024w, https:\/\/site.educa.madrid.org\/cifp.federicamontseny.fuenlabrada\/\/wp-content\/uploads\/cifp.federicamontseny.fuenlabrada\/2025\/12\/Timog-Silangang-Asya-Google-Classroom-Header-in-Orange-Illustrative-Style-5-768x192.png 768w, https:\/\/site.educa.madrid.org\/cifp.federicamontseny.fuenlabrada\/\/wp-content\/uploads\/cifp.federicamontseny.fuenlabrada\/2025\/12\/Timog-Silangang-Asya-Google-Classroom-Header-in-Orange-Illustrative-Style-5-1536x384.png 1536w, https:\/\/site.educa.madrid.org\/cifp.federicamontseny.fuenlabrada\/\/wp-content\/uploads\/cifp.federicamontseny.fuenlabrada\/2025\/12\/Timog-Silangang-Asya-Google-Classroom-Header-in-Orange-Illustrative-Style-5.png 1920w\" sizes=\"auto, (max-width: 300px) 100vw, 300px\" \/><\/div><a class=\"wp-block-latest-posts__post-title\" href=\"https:\/\/site.educa.madrid.org\/cifp.federicamontseny.fuenlabrada\/index.php\/2025\/12\/17\/pruebas-de-acceso-a-ciclos-formativos\/\">Pruebas de Acceso a Ciclos Formativos<\/a><div class=\"wp-block-latest-posts__post-excerpt\">Aqu\u00ed os dejamos la informaci\u00f3n relativa a las PRUEBAS DE ACCESO A LOS CICLOS FORMATIVOS DE F.P.\u00a0 para el Curso 2026<\/div><\/li>\n<\/ul><\/details>\n<\/div>\n\n\n\n<p><a href=\"https:\/\/site.educa.madrid.org\/cifp.federicamontseny.fuenlabrada\/index.php\/noticias\/\">Mas en Noticias<\/a><\/p>\n<\/div>\n\n\n\n<div class=\"wp-block-column is-layout-flow wp-block-column-is-layout-flow\" style=\"flex-basis:100px\"><\/div>\n\n\n\n<div class=\"wp-block-column is-layout-flow wp-block-column-is-layout-flow\" style=\"flex-basis:350px\">\n<figure class=\"wp-block-embed is-type-video is-provider-youtube wp-block-embed-youtube wp-embed-aspect-16-9 wp-has-aspect-ratio\"><div class=\"wp-block-embed__wrapper\">\n<iframe loading=\"lazy\" title=\"CIFP Federica Montseny 2024.\" width=\"640\" height=\"360\" src=\"https:\/\/www.youtube.com\/embed\/PYNNPbp4fVw?feature=oembed\" frameborder=\"0\" allow=\"accelerometer; autoplay; clipboard-write; encrypted-media; gyroscope; picture-in-picture; web-share\" referrerpolicy=\"strict-origin-when-cross-origin\" allowfullscreen><\/iframe>\n<\/div><\/figure>\n\n\n\n<figure class=\"wp-block-video\"><video height=\"1080\" style=\"aspect-ratio: 1920 \/ 1080;\" width=\"1920\" controls src=\"https:\/\/site.educa.madrid.org\/cifp.federicamontseny.fuenlabrada\/\/wp-content\/uploads\/cifp.federicamontseny.fuenlabrada\/2023\/12\/Admon-Gral-Esther-compr.mp4\"><\/video><\/figure>\n\n\n\n<figure class=\"wp-block-video\"><video height=\"720\" style=\"aspect-ratio: 1280 \/ 720;\" width=\"1280\" controls src=\"https:\/\/site.educa.madrid.org\/cifp.federicamontseny.fuenlabrada\/\/wp-content\/uploads\/cifp.federicamontseny.fuenlabrada\/2023\/12\/Admon-seguros-angel.mp4\"><\/video><\/figure>\n\n\n\n<figure class=\"wp-block-video\"><video height=\"1080\" style=\"aspect-ratio: 1920 \/ 1080;\" width=\"1920\" controls src=\"https:\/\/site.educa.madrid.org\/cifp.federicamontseny.fuenlabrada\/\/wp-content\/uploads\/cifp.federicamontseny.fuenlabrada\/2023\/12\/Comercio-intern-susana.mp4\"><\/video><\/figure>\n\n\n\n<figure class=\"wp-block-video\"><video height=\"720\" style=\"aspect-ratio: 1280 \/ 720;\" width=\"1280\" controls src=\"https:\/\/site.educa.madrid.org\/cifp.federicamontseny.fuenlabrada\/\/wp-content\/uploads\/cifp.federicamontseny.fuenlabrada\/2023\/12\/Comercio-general-Angeles.mp4\"><\/video><\/figure>\n\n\n<div class=\"wp-block-image\">\n<figure class=\"aligncenter size-full is-resized\"><a href=\"https:\/\/raices.madrid.org\/raiz_app\/jsp\/portal\/portalraices.html\" target=\"_blank\" rel=\"noreferrer noopener\"><img loading=\"lazy\" decoding=\"async\" width=\"249\" height=\"146\" src=\"https:\/\/site.educa.madrid.org\/cifp.federicamontseny.fuenlabrada\/\/wp-content\/uploads\/cifp.federicamontseny.fuenlabrada\/2023\/12\/Logo-Raices.png\" alt=\"\" class=\"wp-image-1249\" style=\"width:144px;height:84px\"\/><\/a><\/figure>\n<\/div>\n\n<div class=\"wp-block-image\">\n<figure class=\"aligncenter size-full is-resized\"><a href=\"https:\/\/aulavirtual33.educa.madrid.org\/cifp.federicamontseny.fuenlabrada\/\" target=\"_blank\" rel=\"noreferrer noopener\"><img loading=\"lazy\" decoding=\"async\" width=\"219\" height=\"150\" src=\"https:\/\/site.educa.madrid.org\/cifp.federicamontseny.fuenlabrada\/\/wp-content\/uploads\/cifp.federicamontseny.fuenlabrada\/2023\/12\/Aula-virtual_Educa-Madrid-1-1.jpg\" alt=\"\" class=\"wp-image-1250\" style=\"width:143px;height:98px\"\/><\/a><\/figure>\n<\/div>\n\n<div class=\"wp-block-image\">\n<figure class=\"aligncenter size-full is-resized\"><a href=\"https:\/\/correoweb.educa.madrid.org\/\" target=\"_blank\" rel=\"noreferrer noopener\"><img loading=\"lazy\" decoding=\"async\" width=\"249\" height=\"198\" src=\"https:\/\/site.educa.madrid.org\/cifp.federicamontseny.fuenlabrada\/\/wp-content\/uploads\/cifp.federicamontseny.fuenlabrada\/2023\/12\/correo.png\" alt=\"\" class=\"wp-image-1251\" style=\"width:121px;height:96px\"\/><\/a><\/figure>\n<\/div>\n\n<div class=\"wp-block-image\">\n<figure class=\"aligncenter size-full is-resized\"><a href=\"https:\/\/cloud.educa.madrid.org\/index.php\/login\" target=\"_blank\" rel=\"noreferrer noopener\"><img loading=\"lazy\" decoding=\"async\" width=\"249\" height=\"218\" src=\"https:\/\/site.educa.madrid.org\/cifp.federicamontseny.fuenlabrada\/\/wp-content\/uploads\/cifp.federicamontseny.fuenlabrada\/2023\/12\/Imagen1.png\" alt=\"\" class=\"wp-image-1252\" style=\"width:126px;height:111px\"\/><\/a><\/figure>\n<\/div>\n\n\n<h4 class=\"wp-block-heading has-text-align-center\"><a rel=\"noreferrer noopener\" href=\"http:\/\/linoit.com\/users\/iesfederica\/canvases\/AlumnosMontseny\" target=\"_blank\">Espacio de colaboraci\u00f3n entre alumnos<\/a> (pr\u00e9stamo de libros)<\/h4>\n\n\n\n<figure class=\"wp-block-image size-large\"><a href=\"https:\/\/site.educa.madrid.org\/cifp.federicamontseny.fuenlabrada\/\/wp-content\/uploads\/cifp.federicamontseny.fuenlabrada\/2024\/06\/Informacion-REACT_UE.pdf\" target=\"_blank\" rel=\"noreferrer noopener\"><img loading=\"lazy\" decoding=\"async\" width=\"1024\" height=\"125\" src=\"https:\/\/site.educa.madrid.org\/cifp.federicamontseny.fuenlabrada\/\/wp-content\/uploads\/cifp.federicamontseny.fuenlabrada\/2024\/06\/logo-UE-1024x125.jpg\" alt=\"\" class=\"wp-image-1918\" srcset=\"https:\/\/site.educa.madrid.org\/cifp.federicamontseny.fuenlabrada\/\/wp-content\/uploads\/cifp.federicamontseny.fuenlabrada\/2024\/06\/logo-UE-1024x125.jpg 1024w, https:\/\/site.educa.madrid.org\/cifp.federicamontseny.fuenlabrada\/\/wp-content\/uploads\/cifp.federicamontseny.fuenlabrada\/2024\/06\/logo-UE-300x37.jpg 300w, https:\/\/site.educa.madrid.org\/cifp.federicamontseny.fuenlabrada\/\/wp-content\/uploads\/cifp.federicamontseny.fuenlabrada\/2024\/06\/logo-UE-768x94.jpg 768w, https:\/\/site.educa.madrid.org\/cifp.federicamontseny.fuenlabrada\/\/wp-content\/uploads\/cifp.federicamontseny.fuenlabrada\/2024\/06\/logo-UE-1536x187.jpg 1536w, https:\/\/site.educa.madrid.org\/cifp.federicamontseny.fuenlabrada\/\/wp-content\/uploads\/cifp.federicamontseny.fuenlabrada\/2024\/06\/logo-UE.jpg 1745w\" sizes=\"auto, (max-width: 1024px) 100vw, 1024px\" \/><\/a><\/figure>\n<\/div>\n<\/div>\n<\/div><\/div>\n","protected":false},"excerpt":{"rendered":"<p>El Centro integrado de Formaci\u00f3n Profesional Federica Montseny de Fuenlabrada (Madrid) estar\u00e1 dedicado de manera especial a la formaci\u00f3n en las familias profesionales de administraci\u00f3n y gesti\u00f3n y de comercio y marketing y desarrollar\u00e1 actividades de coordinaci\u00f3n dedicadas a fomentar la relaci\u00f3n continuada con las empresas del entorno. \u00daltimas noticias del Montseny: Mas en Noticias [&hellip;]<\/p>\n","protected":false},"author":5,"featured_media":3746,"parent":0,"menu_order":0,"comment_status":"closed","ping_status":"closed","template":"","meta":{"footnotes":""},"folder":[50],"class_list":["post-116","page","type-page","status-publish","has-post-thumbnail","hentry"],"rttpg_featured_image_url":{"full":["https:\/\/site.educa.madrid.org\/cifp.federicamontseny.fuenlabrada\/\/wp-content\/uploads\/cifp.federicamontseny.fuenlabrada\/2026\/05\/9-10_43_15-2.png",1448,1086,false],"landscape":["https:\/\/site.educa.madrid.org\/cifp.federicamontseny.fuenlabrada\/\/wp-content\/uploads\/cifp.federicamontseny.fuenlabrada\/2026\/05\/9-10_43_15-2.png",1448,1086,false],"portraits":["https:\/\/site.educa.madrid.org\/cifp.federicamontseny.fuenlabrada\/\/wp-content\/uploads\/cifp.federicamontseny.fuenlabrada\/2026\/05\/9-10_43_15-2.png",1448,1086,false],"thumbnail":["https:\/\/site.educa.madrid.org\/cifp.federicamontseny.fuenlabrada\/\/wp-content\/uploads\/cifp.federicamontseny.fuenlabrada\/2026\/05\/9-10_43_15-2-150x150.png",150,150,true],"medium":["https:\/\/site.educa.madrid.org\/cifp.federicamontseny.fuenlabrada\/\/wp-content\/uploads\/cifp.federicamontseny.fuenlabrada\/2026\/05\/9-10_43_15-2-300x225.png",300,225,true],"large":["https:\/\/site.educa.madrid.org\/cifp.federicamontseny.fuenlabrada\/\/wp-content\/uploads\/cifp.federicamontseny.fuenlabrada\/2026\/05\/9-10_43_15-2-1024x768.png",640,480,true],"thumblist":["https:\/\/site.educa.madrid.org\/cifp.federicamontseny.fuenlabrada\/\/wp-content\/uploads\/cifp.federicamontseny.fuenlabrada\/2026\/05\/9-10_43_15-2-300x300.png",300,300,true],"thumbrelated":["https:\/\/site.educa.madrid.org\/cifp.federicamontseny.fuenlabrada\/\/wp-content\/uploads\/cifp.federicamontseny.fuenlabrada\/2026\/05\/9-10_43_15-2-500x500.png",500,500,true],"meccarouselthumb":["https:\/\/site.educa.madrid.org\/cifp.federicamontseny.fuenlabrada\/\/wp-content\/uploads\/cifp.federicamontseny.fuenlabrada\/2026\/05\/9-10_43_15-2-474x324.png",474,324,true],"gridsquare":["https:\/\/site.educa.madrid.org\/cifp.federicamontseny.fuenlabrada\/\/wp-content\/uploads\/cifp.federicamontseny.fuenlabrada\/2026\/05\/9-10_43_15-2-391x260.png",391,260,true],"tileview":["https:\/\/site.educa.madrid.org\/cifp.federicamontseny.fuenlabrada\/\/wp-content\/uploads\/cifp.federicamontseny.fuenlabrada\/2026\/05\/9-10_43_15-2-300x400.png",300,400,true],"1536x1536":["https:\/\/site.educa.madrid.org\/cifp.federicamontseny.fuenlabrada\/\/wp-content\/uploads\/cifp.federicamontseny.fuenlabrada\/2026\/05\/9-10_43_15-2.png",1448,1086,false],"2048x2048":["https:\/\/site.educa.madrid.org\/cifp.federicamontseny.fuenlabrada\/\/wp-content\/uploads\/cifp.federicamontseny.fuenlabrada\/2026\/05\/9-10_43_15-2.png",1448,1086,false],"academic-education-homepage-thumb":["https:\/\/site.educa.madrid.org\/cifp.federicamontseny.fuenlabrada\/\/wp-content\/uploads\/cifp.federicamontseny.fuenlabrada\/2026\/05\/9-10_43_15-2-240x145.png",240,145,true],"sow-carousel-default":["https:\/\/site.educa.madrid.org\/cifp.federicamontseny.fuenlabrada\/\/wp-content\/uploads\/cifp.federicamontseny.fuenlabrada\/2026\/05\/9-10_43_15-2-272x182.png",272,182,true],"sow-post-carousel-overlay-theme":["https:\/\/site.educa.madrid.org\/cifp.federicamontseny.fuenlabrada\/\/wp-content\/uploads\/cifp.federicamontseny.fuenlabrada\/2026\/05\/9-10_43_15-2-360x476.png",360,476,true],"sow-post-carousel-cards-theme":["https:\/\/site.educa.madrid.org\/cifp.federicamontseny.fuenlabrada\/\/wp-content\/uploads\/cifp.federicamontseny.fuenlabrada\/2026\/05\/9-10_43_15-2-360x240.png",360,240,true],"rt_custom":["https:\/\/site.educa.madrid.org\/cifp.federicamontseny.fuenlabrada\/\/wp-content\/uploads\/cifp.federicamontseny.fuenlabrada\/2026\/05\/9-10_43_15-2.png",1448,1086,false]},"rttpg_author":{"display_name":"Cuenta Admin-educamadrid","author_link":"https:\/\/site.educa.madrid.org\/cifp.federicamontseny.fuenlabrada\/index.php\/author\/cuenta_admin-educamadrid\/"},"rttpg_comment":0,"rttpg_category":" <a href=\"https:\/\/site.educa.madrid.org\/cifp.federicamontseny.fuenlabrada\/?taxonomy=folder&#038;term=principales-1702459475-3\" rel=\"tag\">Principales<\/a>","rttpg_excerpt":"El Centro integrado de Formaci\u00f3n Profesional Federica Montseny de Fuenlabrada (Madrid) estar\u00e1 dedicado de manera especial a la formaci\u00f3n en las familias profesionales de administraci\u00f3n y gesti\u00f3n y de comercio y marketing y desarrollar\u00e1 actividades de coordinaci\u00f3n dedicadas a fomentar la relaci\u00f3n continuada con las empresas del entorno. \u00daltimas noticias del Montseny: Mas en Noticias&hellip;","post_mailing_queue_ids":[],"_links":{"self":[{"href":"https:\/\/site.educa.madrid.org\/cifp.federicamontseny.fuenlabrada\/index.php\/wp-json\/wp\/v2\/pages\/116","targetHints":{"allow":["GET"]}}],"collection":[{"href":"https:\/\/site.educa.madrid.org\/cifp.federicamontseny.fuenlabrada\/index.php\/wp-json\/wp\/v2\/pages"}],"about":[{"href":"https:\/\/site.educa.madrid.org\/cifp.federicamontseny.fuenlabrada\/index.php\/wp-json\/wp\/v2\/types\/page"}],"author":[{"embeddable":true,"href":"https:\/\/site.educa.madrid.org\/cifp.federicamontseny.fuenlabrada\/index.php\/wp-json\/wp\/v2\/users\/5"}],"replies":[{"embeddable":true,"href":"https:\/\/site.educa.madrid.org\/cifp.federicamontseny.fuenlabrada\/index.php\/wp-json\/wp\/v2\/comments?post=116"}],"version-history":[{"count":50,"href":"https:\/\/site.educa.madrid.org\/cifp.federicamontseny.fuenlabrada\/index.php\/wp-json\/wp\/v2\/pages\/116\/revisions"}],"predecessor-version":[{"id":3747,"href":"https:\/\/site.educa.madrid.org\/cifp.federicamontseny.fuenlabrada\/index.php\/wp-json\/wp\/v2\/pages\/116\/revisions\/3747"}],"wp:featuredmedia":[{"embeddable":true,"href":"https:\/\/site.educa.madrid.org\/cifp.federicamontseny.fuenlabrada\/index.php\/wp-json\/wp\/v2\/media\/3746"}],"wp:attachment":[{"href":"https:\/\/site.educa.madrid.org\/cifp.federicamontseny.fuenlabrada\/index.php\/wp-json\/wp\/v2\/media?parent=116"}],"wp:term":[{"taxonomy":"folder","embeddable":true,"href":"https:\/\/site.educa.madrid.org\/cifp.federicamontseny.fuenlabrada\/index.php\/wp-json\/wp\/v2\/folder?post=116"}],"curies":[{"name":"wp","href":"https:\/\/api.w.org\/{rel}","templated":true}]}}