{"id":1168,"date":"2023-12-05T18:40:11","date_gmt":"2023-12-05T17:40:11","guid":{"rendered":"https:\/\/site.educa.madrid.org\/cifp.federicamontseny.fuenlabrada\/?page_id=1168"},"modified":"2024-03-21T09:44:36","modified_gmt":"2024-03-21T08:44:36","slug":"tramites-matricula","status":"publish","type":"page","link":"https:\/\/site.educa.madrid.org\/cifp.federicamontseny.fuenlabrada\/index.php\/secretaria-2\/tramites-matricula\/","title":{"rendered":"Tr\u00e1mites Admisi\u00f3n y Matr\u00edcula"},"content":{"rendered":"\n<div style=\"height:30px\" aria-hidden=\"true\" class=\"wp-block-spacer\"><\/div>\n\n\n\n<div class=\"wp-block-columns is-layout-flex wp-container-core-columns-is-layout-9d6595d7 wp-block-columns-is-layout-flex\">\n<div class=\"wp-block-column is-layout-flow wp-block-column-is-layout-flow\">\n<div class=\"wp-block-buttons is-layout-flex wp-block-buttons-is-layout-flex\">\n<div class=\"wp-block-button has-custom-width wp-block-button__width-100\"><a class=\"wp-block-button__link has-black-color has-luminous-vivid-orange-background-color has-text-color has-background wp-element-button\" href=\"https:\/\/site.educa.madrid.org\/cifp.federicamontseny.fuenlabrada\/index.php\/secretaria-2\/tramites-matricula\/admision\/\">Admisi\u00f3n<\/a><\/div>\n<\/div>\n<\/div>\n\n\n\n<div class=\"wp-block-column is-layout-flow wp-block-column-is-layout-flow\">\n<div class=\"wp-block-buttons is-layout-flex wp-block-buttons-is-layout-flex\">\n<div class=\"wp-block-button has-custom-width wp-block-button__width-100\"><a class=\"wp-block-button__link has-black-color has-luminous-vivid-orange-background-color has-text-color has-background wp-element-button\" href=\"https:\/\/site.educa.madrid.org\/cifp.federicamontseny.fuenlabrada\/index.php\/secretaria-2\/tramites-matricula\/matricula\/\">Matr\u00edcula<\/a><\/div>\n<\/div>\n<\/div>\n<\/div>\n\n\n\n<div style=\"height:50px\" aria-hidden=\"true\" class=\"wp-block-spacer\"><\/div>\n\n\n\n<div class=\"wp-block-buttons is-layout-flex wp-block-buttons-is-layout-flex\">\n<div class=\"wp-block-button has-custom-width wp-block-button__width-100\"><a class=\"wp-block-button__link has-black-color has-text-color has-background wp-element-button\" href=\"https:\/\/site.educa.madrid.org\/cifp.federicamontseny.fuenlabrada\/index.php\/pago-de-tasas\/\" style=\"background-color:#ffb700e3\">Pago de Tasas<\/a><\/div>\n<\/div>\n\n\n\n<div style=\"height:48px\" aria-hidden=\"true\" class=\"wp-block-spacer\"><\/div>\n\n\n\n<div class=\"wp-block-buttons is-layout-flex wp-block-buttons-is-layout-flex\">\n<div class=\"wp-block-button has-custom-width wp-block-button__width-100\"><a class=\"wp-block-button__link has-black-color has-luminous-vivid-orange-background-color has-text-color has-background wp-element-button\" href=\"https:\/\/site.educa.madrid.org\/cifp.federicamontseny.fuenlabrada\/index.php\/devolucion-de-tasas\/\">Devoluci\u00f3n de tasas<\/a><\/div>\n<\/div>\n\n\n\n<div style=\"height:50px\" aria-hidden=\"true\" class=\"wp-block-spacer\"><\/div>\n\n\n\n<div class=\"wp-block-buttons is-layout-flex wp-block-buttons-is-layout-flex\">\n<div class=\"wp-block-button has-custom-width wp-block-button__width-100\"><a class=\"wp-block-button__link has-black-color has-text-color has-background wp-element-button\" href=\"https:\/\/site.educa.madrid.org\/cifp.federicamontseny.fuenlabrada\/index.php\/anulacion-de-matricula\/\" style=\"background-color:#ffb700e3\">Anulaci\u00f3n de Matr\u00edcula<\/a><\/div>\n<\/div>\n\n\n\n<div style=\"height:41px\" aria-hidden=\"true\" class=\"wp-block-spacer\"><\/div>\n\n\n\n<div class=\"wp-block-buttons is-layout-flex wp-block-buttons-is-layout-flex\">\n<div class=\"wp-block-button has-custom-width wp-block-button__width-100\"><a class=\"wp-block-button__link has-black-color has-luminous-vivid-orange-background-color has-text-color has-background wp-element-button\" href=\"https:\/\/site.educa.madrid.org\/cifp.federicamontseny.fuenlabrada\/index.php\/secretaria-2\/tramites-matricula\/pruebas-de-acceso-a-ciclos-formativos\/\">Pruebas de acceso a Ciclos Formativos<\/a><\/div>\n<\/div>\n\n\n\n<div style=\"height:43px\" aria-hidden=\"true\" class=\"wp-block-spacer\"><\/div>\n\n\n\n<div class=\"wp-block-buttons is-layout-flex wp-block-buttons-is-layout-flex\">\n<div class=\"wp-block-button has-custom-width wp-block-button__width-100\"><a class=\"wp-block-button__link has-black-color has-text-color has-background wp-element-button\" href=\"https:\/\/site.educa.madrid.org\/cifp.federicamontseny.fuenlabrada\/index.php\/politica-privacidad\/\" style=\"background-color:#ffb700e3\">Protecci\u00f3n de datos<\/a><\/div>\n<\/div>\n\n\n\n<div style=\"height:52px\" aria-hidden=\"true\" class=\"wp-block-spacer\"><\/div>\n\n\n\n<div class=\"wp-block-buttons is-layout-flex wp-block-buttons-is-layout-flex\"><\/div>\n\n\n\t\t\t<!-- Flexy Breadcrumb -->\n\t\t\t<div class=\"fbc fbc-page\">\n\n\t\t\t\t<!-- Breadcrumb wrapper -->\n\t\t\t\t<div class=\"fbc-wrap\">\n\n\t\t\t\t\t<!-- Ordered list-->\n\t\t\t\t\t<ol class=\"fbc-items\" itemscope itemtype=\"https:\/\/schema.org\/BreadcrumbList\">\n\t\t\t\t\t\t            <li itemprop=\"itemListElement\" itemscope itemtype=\"https:\/\/schema.org\/ListItem\">\n                <span itemprop=\"name\">\n                    <!-- Home Link -->\n                    <a itemprop=\"item\" href=\"https:\/\/site.educa.madrid.org\/cifp.federicamontseny.fuenlabrada\">\n                    \n                                                    <i class=\"fa fa fa-home\" aria-hidden=\"true\"><\/i>C.I.F.P. Federica Montseny                    <\/a>\n                <\/span>\n                <meta itemprop=\"position\" content=\"1\" \/><!-- Meta Position-->\n             <\/li><li><span class=\"fbc-separator\">\/<\/span><\/li><li class=\"active\" itemprop=\"itemListElement\" itemscope itemtype=\"https:\/\/schema.org\/ListItem\"><span itemprop=\"name\" title=\"Tr\u00e1mites Admisi\u00f3n y Matr\u00edcula\">Tr\u00e1mites Admisi\u00f3n y Matr\u00edcula<\/span><meta itemprop=\"position\" content=\"2\" \/><\/li>\t\t\t\t\t<\/ol>\n\t\t\t\t\t<div class=\"clearfix\"><\/div>\n\t\t\t\t<\/div>\n\t\t\t<\/div>\n\t\t\t\n","protected":false},"excerpt":{"rendered":"","protected":false},"author":3,"featured_media":0,"parent":35,"menu_order":0,"comment_status":"closed","ping_status":"closed","template":"","meta":{"footnotes":""},"folder":[18],"class_list":["post-1168","page","type-page","status-publish","hentry"],"rttpg_featured_image_url":null,"rttpg_author":{"display_name":"cifp.federicamontseny.fuenlabrada","author_link":"https:\/\/site.educa.madrid.org\/cifp.federicamontseny.fuenlabrada\/index.php\/author\/cuenta_cifp-federicamontseny-fuenlabrada\/"},"rttpg_comment":0,"rttpg_category":" <a href=\"https:\/\/site.educa.madrid.org\/cifp.federicamontseny.fuenlabrada\/?taxonomy=folder&#038;term=secretaria-1701083573-3\" rel=\"tag\">Secretar\u00eda<\/a>","rttpg_excerpt":null,"post_mailing_queue_ids":[],"_links":{"self":[{"href":"https:\/\/site.educa.madrid.org\/cifp.federicamontseny.fuenlabrada\/index.php\/wp-json\/wp\/v2\/pages\/1168","targetHints":{"allow":["GET"]}}],"collection":[{"href":"https:\/\/site.educa.madrid.org\/cifp.federicamontseny.fuenlabrada\/index.php\/wp-json\/wp\/v2\/pages"}],"about":[{"href":"https:\/\/site.educa.madrid.org\/cifp.federicamontseny.fuenlabrada\/index.php\/wp-json\/wp\/v2\/types\/page"}],"author":[{"embeddable":true,"href":"https:\/\/site.educa.madrid.org\/cifp.federicamontseny.fuenlabrada\/index.php\/wp-json\/wp\/v2\/users\/3"}],"replies":[{"embeddable":true,"href":"https:\/\/site.educa.madrid.org\/cifp.federicamontseny.fuenlabrada\/index.php\/wp-json\/wp\/v2\/comments?post=1168"}],"version-history":[{"count":14,"href":"https:\/\/site.educa.madrid.org\/cifp.federicamontseny.fuenlabrada\/index.php\/wp-json\/wp\/v2\/pages\/1168\/revisions"}],"predecessor-version":[{"id":1667,"href":"https:\/\/site.educa.madrid.org\/cifp.federicamontseny.fuenlabrada\/index.php\/wp-json\/wp\/v2\/pages\/1168\/revisions\/1667"}],"up":[{"embeddable":true,"href":"https:\/\/site.educa.madrid.org\/cifp.federicamontseny.fuenlabrada\/index.php\/wp-json\/wp\/v2\/pages\/35"}],"wp:attachment":[{"href":"https:\/\/site.educa.madrid.org\/cifp.federicamontseny.fuenlabrada\/index.php\/wp-json\/wp\/v2\/media?parent=1168"}],"wp:term":[{"taxonomy":"folder","embeddable":true,"href":"https:\/\/site.educa.madrid.org\/cifp.federicamontseny.fuenlabrada\/index.php\/wp-json\/wp\/v2\/folder?post=1168"}],"curies":[{"name":"wp","href":"https:\/\/api.w.org\/{rel}","templated":true}]}}