{"id":1263,"date":"2023-12-09T10:38:41","date_gmt":"2023-12-09T09:38:41","guid":{"rendered":"https:\/\/site.educa.madrid.org\/cifp.federicamontseny.fuenlabrada\/?page_id=1263"},"modified":"2024-07-02T07:46:13","modified_gmt":"2024-07-02T05:46:13","slug":"sostenibilidad","status":"publish","type":"page","link":"https:\/\/site.educa.madrid.org\/cifp.federicamontseny.fuenlabrada\/index.php\/programas-y-proyectos\/sostenibilidad\/","title":{"rendered":"Sostenibilidad"},"content":{"rendered":"\n<div class=\"wp-block-columns is-layout-flex wp-container-core-columns-is-layout-9d6595d7 wp-block-columns-is-layout-flex\">\n<div class=\"wp-block-column is-layout-flow wp-block-column-is-layout-flow\" style=\"flex-basis:60%\">\n<p>Monitor de producci\u00f3n de energ\u00eda solar en el CIFP Federica Montseny (disponible de lunes a viernes, de 8:30 a puesta de sol).<\/p>\n\n\n\n<iframe loading=\"lazy\" width=\"510\" height=\"287\" src=\"https:\/\/www.youtube.com\/embed\/N_K4sdOHN4A?si=AiBbwFxrgONCxHf_\" title=\"YouTube video player\" frameborder=\"0\" allow=\"accelerometer; autoplay; clipboard-write; encrypted-media; gyroscope; picture-in-picture; web-share\" referrerpolicy=\"strict-origin-when-cross-origin\" allowfullscreen><\/iframe>\n\n\n\n<div style=\"height:32px\" aria-hidden=\"true\" class=\"wp-block-spacer\"><\/div>\n\n\n\n<figure class=\"wp-block-image size-large\"><img decoding=\"async\" src=\"https:\/\/site.educa.madrid.org\/cifp.federicamontseny.fuenlabrada\/\/wp-content\/uploads\/cifp.federicamontseny.fuenlabrada\/2024\/06\/Composicion-porcentual-por-anos-1024x347.png\" alt=\"\" class=\"wp-image-1822\"\/><\/figure>\n\n\n\n<p>\u00bfQuieres ver m\u00e1s gr\u00e1ficos sobre sostenibilidad? <a href=\"https:\/\/site.educa.madrid.org\/cifp.federicamontseny.fuenlabrada\/index.php\/graficos-sostenibilidad\/\" target=\"_blank\" rel=\"noreferrer noopener\">Enlace<\/a><\/p>\n\n\n\n<div style=\"height:25px\" aria-hidden=\"true\" class=\"wp-block-spacer\"><\/div>\n\n\n\n<figure class=\"wp-block-image size-full\"><img loading=\"lazy\" decoding=\"async\" width=\"678\" height=\"974\" src=\"https:\/\/site.educa.madrid.org\/cifp.federicamontseny.fuenlabrada\/\/wp-content\/uploads\/cifp.federicamontseny.fuenlabrada\/2023\/12\/Carta-medioambiente.png\" alt=\"\" class=\"wp-image-1268\" srcset=\"https:\/\/site.educa.madrid.org\/cifp.federicamontseny.fuenlabrada\/\/wp-content\/uploads\/cifp.federicamontseny.fuenlabrada\/2023\/12\/Carta-medioambiente.png 678w, https:\/\/site.educa.madrid.org\/cifp.federicamontseny.fuenlabrada\/\/wp-content\/uploads\/cifp.federicamontseny.fuenlabrada\/2023\/12\/Carta-medioambiente-209x300.png 209w\" sizes=\"auto, (max-width: 678px) 100vw, 678px\" \/><\/figure>\n\n\n\n<h2 class=\"wp-block-heading\">Env\u00edanos tu valoraci\u00f3n y sugerencias en Sostenibilidad.<\/h2>\n\n\n\n<div class=\"wp-block-contact-form-7-contact-form-selector\">\n<div class=\"wpcf7 no-js\" id=\"wpcf7-f1266-o1\" lang=\"es-ES\" dir=\"ltr\">\n<div class=\"screen-reader-response\"><p role=\"status\" aria-live=\"polite\" aria-atomic=\"true\"><\/p> <ul><\/ul><\/div>\n<form action=\"\/cifp.federicamontseny.fuenlabrada\/index.php\/wp-json\/wp\/v2\/pages\/1263#wpcf7-f1266-o1\" method=\"post\" class=\"wpcf7-form init\" aria-label=\"Formulario de contacto\" novalidate=\"novalidate\" data-status=\"init\">\n<div style=\"display: none;\">\n<input type=\"hidden\" name=\"_wpcf7\" value=\"1266\" \/>\n<input type=\"hidden\" name=\"_wpcf7_version\" value=\"5.9.7\" \/>\n<input type=\"hidden\" name=\"_wpcf7_locale\" value=\"es_ES\" \/>\n<input type=\"hidden\" name=\"_wpcf7_unit_tag\" value=\"wpcf7-f1266-o1\" \/>\n<input type=\"hidden\" name=\"_wpcf7_container_post\" value=\"0\" \/>\n<input type=\"hidden\" name=\"_wpcf7_posted_data_hash\" value=\"\" \/>\n<\/div>\n<p><label> Tu nombre<br \/>\n<span class=\"wpcf7-form-control-wrap\" data-name=\"tunombre\"><input size=\"40\" maxlength=\"400\" class=\"wpcf7-form-control wpcf7-text wpcf7-validates-as-required\" autocomplete=\"name\" aria-required=\"true\" aria-invalid=\"false\" value=\"\" type=\"text\" name=\"tunombre\" \/><\/span> <\/label>\n<\/p>\n<p><span class=\"wpcf7-form-control-wrap\" data-name=\"Tuvaloracion\"><select class=\"wpcf7-form-control wpcf7-select wpcf7-validates-as-required\" aria-required=\"true\" aria-invalid=\"false\" name=\"Tuvaloracion\"><option value=\"Excelente\">Excelente<\/option><option value=\"Buena\">Buena<\/option><option value=\"suficiente\">suficiente<\/option><option value=\"Insuficiente\">Insuficiente<\/option><\/select><\/span>\n<\/p>\n<p><label> Comenta tu valoracion<br \/>\n<span class=\"wpcf7-form-control-wrap\" data-name=\"comentatuvaloracion\"><textarea cols=\"40\" rows=\"10\" maxlength=\"2000\" class=\"wpcf7-form-control wpcf7-textarea\" aria-invalid=\"false\" name=\"comentatuvaloracion\"><\/textarea><\/span> <\/label>\n<\/p>\n<p class=\"aiowps-captcha hide-when-displaying-tfa-input\"><label for=\"aiowps-captcha-answer\">Por favor, introduce una respuesta en d\u00edgitos:<\/label>\n<\/p>\n<div class=\"aiowps-captcha-equation hide-when-displaying-tfa-input\">\n\t<p><strong>diecinueve &#8722; tres = <input type=\"hidden\" name=\"aiowps-captcha-string-info\" class=\"aiowps-captcha-string-info\" value=\"u5hutzlmd3\" \/><input type=\"hidden\" name=\"aiowps-captcha-temp-string\" class=\"aiowps-captcha-temp-string\" value=\"1778597128\" \/><input type=\"text\" size=\"2\" class=\"aiowps-captcha-answer\" name=\"aiowps-captcha-answer\" value=\"\" autocomplete=\"off\" \/><\/strong>\n\t<\/p>\n<\/div>\n<p><span class='wpcf7-form-control-wrap' data-name='aiowps-captcha'><\/span><input class=\"wpcf7-form-control wpcf7-submit has-spinner\" type=\"submit\" value=\"Enviar\" \/>\n<\/p><p style=\"display: none !important;\" class=\"akismet-fields-container\" data-prefix=\"_wpcf7_ak_\"><label>&#916;<textarea name=\"_wpcf7_ak_hp_textarea\" cols=\"45\" rows=\"8\" maxlength=\"100\"><\/textarea><\/label><input type=\"hidden\" id=\"ak_js_1\" name=\"_wpcf7_ak_js\" value=\"167\"\/><script>document.getElementById( \"ak_js_1\" ).setAttribute( \"value\", ( new Date() ).getTime() );<\/script><\/p><div class=\"wpcf7-response-output\" aria-hidden=\"true\"><\/div>\n<\/form>\n<\/div>\n<\/div>\n\n\n\n<p><\/p>\n<\/div>\n\n\n\n<div class=\"wp-block-column is-layout-flow wp-block-column-is-layout-flow\" style=\"flex-basis:40%\">\n<h2 class=\"wp-block-heading\">Desempe\u00f1o ambiental<\/h2>\n\n\n\n<p>El CIFP Federica Montseny, es un centro comprometido con el medioambiente, que tiene implantado un sistema de gesti\u00f3n ambiental, seg\u00fan la norma ISO 14001. En su compromiso de protecci\u00f3n del medioambiente y prevenci\u00f3n de la contaminaci\u00f3n, el sistema de gesti\u00f3n ambiental es revisado y evaluado peri\u00f3dicamente, con el objetivo de identificar acciones a tomar para minimizar el impacto negativo de nuestra actividad en el entorno que nos rodea.<\/p>\n\n\n\n<p><strong>INDICADORES<\/strong><br>De los aspectos ambientales definidos en CIFP FEDERICA MONTSENY, se han establecido una serie de Indicadores que se han comportado conforme a las expectativas planteadas.<\/p>\n\n\n\n<p>El consumo de electricidad por m2&nbsp;de oficina ha mejorado&nbsp;las instalaciones incluyendo medidas de eficiencia de consumo de electricidad al usar LEDs, y algunos sensores de presencia en zonas comunes, ventanas de rotura puente t\u00e9rmico y dobles de estilo climalit con muchas ventanas&nbsp; que permiten acceso a la luz natural y por supuesto el uso de nuestros equipos Inverter, que llevan bomba de calor y fr\u00edo.<\/p>\n\n\n\n<p>Para el resto de consumos analizados por el centro, aunque se ha aumentado el n\u00famero de horas lectivas, se est\u00e1 consiguiendo reducir, debido a un uso m\u00e1s eficiente de los mismos.<\/p>\n\n\n\n<p>Para el consumo de papel y t\u00f3ner se ha minimizado debido a la implantaci\u00f3n de nuevas tecnolog\u00edas para realizar todo tipo de actividades, tanto docentes como de actividad del centro.<\/p>\n\n\n\n<p>Una de las medidas para reutilizar los residuos es la generaci\u00f3n de compost a base de residuos de jard\u00edn y de residuo de materia org\u00e1nica derivada de la cocina.<\/p>\n\n\n\n<p>Tenemos informaci\u00f3n recopilada en el manual de Buenas pr\u00e1cticas que utilizamos para concienciar sobre reducci\u00f3n del consumos y adecuada gesti\u00f3n de residuos<\/p>\n\n\n\n<p><strong>OBJETIVOS 2022-2024<\/strong><br>&nbsp;<br>Para el a\u00f1o 2022 el objetivo en materia medioambiental es conseguir reducir el consumo de energ\u00eda, instalando paneles solares para el autoconsumo y la sustituci\u00f3n a l\u00e1mparas m\u00e1s eficientes.<\/p>\n\n\n\n<p>Elaborado en Noviembre de 2022.<\/p>\n\n\n\n<figure class=\"wp-block-image size-large\"><img loading=\"lazy\" decoding=\"async\" width=\"725\" height=\"1024\" src=\"https:\/\/site.educa.madrid.org\/cifp.federicamontseny.fuenlabrada\/\/wp-content\/uploads\/cifp.federicamontseny.fuenlabrada\/2024\/02\/20240208_092701_page-0001-725x1024.jpg\" alt=\"\" class=\"wp-image-1583\" srcset=\"https:\/\/site.educa.madrid.org\/cifp.federicamontseny.fuenlabrada\/\/wp-content\/uploads\/cifp.federicamontseny.fuenlabrada\/2024\/02\/20240208_092701_page-0001-725x1024.jpg 725w, https:\/\/site.educa.madrid.org\/cifp.federicamontseny.fuenlabrada\/\/wp-content\/uploads\/cifp.federicamontseny.fuenlabrada\/2024\/02\/20240208_092701_page-0001-212x300.jpg 212w, https:\/\/site.educa.madrid.org\/cifp.federicamontseny.fuenlabrada\/\/wp-content\/uploads\/cifp.federicamontseny.fuenlabrada\/2024\/02\/20240208_092701_page-0001-768x1085.jpg 768w, https:\/\/site.educa.madrid.org\/cifp.federicamontseny.fuenlabrada\/\/wp-content\/uploads\/cifp.federicamontseny.fuenlabrada\/2024\/02\/20240208_092701_page-0001-1087x1536.jpg 1087w, https:\/\/site.educa.madrid.org\/cifp.federicamontseny.fuenlabrada\/\/wp-content\/uploads\/cifp.federicamontseny.fuenlabrada\/2024\/02\/20240208_092701_page-0001-1449x2048.jpg 1449w, https:\/\/site.educa.madrid.org\/cifp.federicamontseny.fuenlabrada\/\/wp-content\/uploads\/cifp.federicamontseny.fuenlabrada\/2024\/02\/20240208_092701_page-0001-scaled.jpg 1811w\" sizes=\"auto, (max-width: 725px) 100vw, 725px\" \/><\/figure>\n<\/div>\n<\/div>\n\n\n\t\t\t<!-- Flexy Breadcrumb -->\n\t\t\t<div class=\"fbc fbc-page\">\n\n\t\t\t\t<!-- Breadcrumb wrapper -->\n\t\t\t\t<div class=\"fbc-wrap\">\n\n\t\t\t\t\t<!-- Ordered list-->\n\t\t\t\t\t<ol class=\"fbc-items\" itemscope itemtype=\"https:\/\/schema.org\/BreadcrumbList\">\n\t\t\t\t\t\t            <li itemprop=\"itemListElement\" itemscope itemtype=\"https:\/\/schema.org\/ListItem\">\n                <span itemprop=\"name\">\n                    <!-- Home Link -->\n                    <a itemprop=\"item\" href=\"https:\/\/site.educa.madrid.org\/cifp.federicamontseny.fuenlabrada\">\n                    \n                                                    <i class=\"fa fa fa-home\" aria-hidden=\"true\"><\/i>C.I.F.P. Federica Montseny                    <\/a>\n                <\/span>\n                <meta itemprop=\"position\" content=\"1\" \/><!-- Meta Position-->\n             <\/li><li><span class=\"fbc-separator\">\/<\/span><\/li><li class=\"active\" itemprop=\"itemListElement\" itemscope itemtype=\"https:\/\/schema.org\/ListItem\"><span itemprop=\"name\" title=\"Sostenibilidad\">Sostenibilidad<\/span><meta itemprop=\"position\" content=\"2\" \/><\/li>\t\t\t\t\t<\/ol>\n\t\t\t\t\t<div class=\"clearfix\"><\/div>\n\t\t\t\t<\/div>\n\t\t\t<\/div>\n\t\t\t\n","protected":false},"excerpt":{"rendered":"<p>Monitor de producci\u00f3n de energ\u00eda solar en el CIFP Federica Montseny (disponible de lunes a viernes, de 8:30 a puesta de sol). \u00bfQuieres ver m\u00e1s gr\u00e1ficos sobre sostenibilidad? Enlace Env\u00edanos tu valoraci\u00f3n y sugerencias en Sostenibilidad. Desempe\u00f1o ambiental El CIFP Federica Montseny, es un centro comprometido con el medioambiente, que tiene implantado un sistema de [&hellip;]<\/p>\n","protected":false},"author":3,"featured_media":0,"parent":949,"menu_order":0,"comment_status":"closed","ping_status":"closed","template":"","meta":{"footnotes":""},"folder":[49],"class_list":["post-1263","page","type-page","status-publish","hentry"],"rttpg_featured_image_url":null,"rttpg_author":{"display_name":"cifp.federicamontseny.fuenlabrada","author_link":"https:\/\/site.educa.madrid.org\/cifp.federicamontseny.fuenlabrada\/index.php\/author\/cuenta_cifp-federicamontseny-fuenlabrada\/"},"rttpg_comment":0,"rttpg_category":" <a href=\"https:\/\/site.educa.madrid.org\/cifp.federicamontseny.fuenlabrada\/?taxonomy=folder&#038;term=proyectos-1702459385-3\" rel=\"tag\">Proyectos<\/a>","rttpg_excerpt":"Monitor de producci\u00f3n de energ\u00eda solar en el CIFP Federica Montseny (disponible de lunes a viernes, de 8:30 a puesta de sol). \u00bfQuieres ver m\u00e1s gr\u00e1ficos sobre sostenibilidad? Enlace Env\u00edanos tu valoraci\u00f3n y sugerencias en Sostenibilidad. Desempe\u00f1o ambiental El CIFP Federica Montseny, es un centro comprometido con el medioambiente, que tiene implantado un sistema de&hellip;","post_mailing_queue_ids":[],"_links":{"self":[{"href":"https:\/\/site.educa.madrid.org\/cifp.federicamontseny.fuenlabrada\/index.php\/wp-json\/wp\/v2\/pages\/1263","targetHints":{"allow":["GET"]}}],"collection":[{"href":"https:\/\/site.educa.madrid.org\/cifp.federicamontseny.fuenlabrada\/index.php\/wp-json\/wp\/v2\/pages"}],"about":[{"href":"https:\/\/site.educa.madrid.org\/cifp.federicamontseny.fuenlabrada\/index.php\/wp-json\/wp\/v2\/types\/page"}],"author":[{"embeddable":true,"href":"https:\/\/site.educa.madrid.org\/cifp.federicamontseny.fuenlabrada\/index.php\/wp-json\/wp\/v2\/users\/3"}],"replies":[{"embeddable":true,"href":"https:\/\/site.educa.madrid.org\/cifp.federicamontseny.fuenlabrada\/index.php\/wp-json\/wp\/v2\/comments?post=1263"}],"version-history":[{"count":50,"href":"https:\/\/site.educa.madrid.org\/cifp.federicamontseny.fuenlabrada\/index.php\/wp-json\/wp\/v2\/pages\/1263\/revisions"}],"predecessor-version":[{"id":1934,"href":"https:\/\/site.educa.madrid.org\/cifp.federicamontseny.fuenlabrada\/index.php\/wp-json\/wp\/v2\/pages\/1263\/revisions\/1934"}],"up":[{"embeddable":true,"href":"https:\/\/site.educa.madrid.org\/cifp.federicamontseny.fuenlabrada\/index.php\/wp-json\/wp\/v2\/pages\/949"}],"wp:attachment":[{"href":"https:\/\/site.educa.madrid.org\/cifp.federicamontseny.fuenlabrada\/index.php\/wp-json\/wp\/v2\/media?parent=1263"}],"wp:term":[{"taxonomy":"folder","embeddable":true,"href":"https:\/\/site.educa.madrid.org\/cifp.federicamontseny.fuenlabrada\/index.php\/wp-json\/wp\/v2\/folder?post=1263"}],"curies":[{"name":"wp","href":"https:\/\/api.w.org\/{rel}","templated":true}]}}