{"id":1599,"date":"2024-02-20T18:09:08","date_gmt":"2024-02-20T17:09:08","guid":{"rendered":"https:\/\/site.educa.madrid.org\/cifp.federicamontseny.fuenlabrada\/?page_id=1599"},"modified":"2024-02-29T14:14:23","modified_gmt":"2024-02-29T13:14:23","slug":"nuestros-datos-de-matriculacion","status":"publish","type":"page","link":"https:\/\/site.educa.madrid.org\/cifp.federicamontseny.fuenlabrada\/index.php\/nuestros-datos-de-matriculacion\/","title":{"rendered":"Nuestros datos de matriculaci\u00f3n y promoci\u00f3n"},"content":{"rendered":"\n<p><\/p>\n\n\n\n<p>En el siguiente tablero, puedes consultar nuestros datos de matriculaci\u00f3n por ciclo, sexo, nivel, domicilio, etc., adem\u00e1s de los porcentajes de promoci\u00f3n y titulaci\u00f3n.  Prueba a seleccionar diferentes filtros para obtener datos concretos. <\/p>\n\n\n\n<iframe loading=\"lazy\" title=\"WEBFM\" width=\"1100\" height=\"600\" src=\"https:\/\/app.powerbi.com\/view?r=eyJrIjoiZTYzYTE3NDUtNzY2ZC00YTViLWIzNmYtN2VhYzI2MzAyNGY4IiwidCI6IjMzNTE1NWQ5LWQ2Y2UtNDcwZC04YzY2LTcxNDFmYmM4Y2EzOSIsImMiOjl9\" frameborder=\"0\" allowFullScreen=\"true\"><\/iframe>\n\n\n\t\t\t<!-- Flexy Breadcrumb -->\n\t\t\t<div class=\"fbc fbc-page\">\n\n\t\t\t\t<!-- Breadcrumb wrapper -->\n\t\t\t\t<div class=\"fbc-wrap\">\n\n\t\t\t\t\t<!-- Ordered list-->\n\t\t\t\t\t<ol class=\"fbc-items\" itemscope itemtype=\"https:\/\/schema.org\/BreadcrumbList\">\n\t\t\t\t\t\t            <li itemprop=\"itemListElement\" itemscope itemtype=\"https:\/\/schema.org\/ListItem\">\n                <span itemprop=\"name\">\n                    <!-- Home Link -->\n                    <a itemprop=\"item\" href=\"https:\/\/site.educa.madrid.org\/cifp.federicamontseny.fuenlabrada\">\n                    \n                                                    <i class=\"fa fa fa-home\" aria-hidden=\"true\"><\/i>C.I.F.P. Federica Montseny                    <\/a>\n                <\/span>\n                <meta itemprop=\"position\" content=\"1\" \/><!-- Meta Position-->\n             <\/li><li><span class=\"fbc-separator\">\/<\/span><\/li><li class=\"active\" itemprop=\"itemListElement\" itemscope itemtype=\"https:\/\/schema.org\/ListItem\"><span itemprop=\"name\" title=\"Nuestros datos de matriculaci\u00f3n y promoci\u00f3n\">Nuestros datos de matriculaci\u00f3n...<\/span><meta itemprop=\"position\" content=\"2\" \/><\/li>\t\t\t\t\t<\/ol>\n\t\t\t\t\t<div class=\"clearfix\"><\/div>\n\t\t\t\t<\/div>\n\t\t\t<\/div>\n\t\t\t\n","protected":false},"excerpt":{"rendered":"<p>En el siguiente tablero, puedes consultar nuestros datos de matriculaci\u00f3n por ciclo, sexo, nivel, domicilio, etc., adem\u00e1s de los porcentajes de promoci\u00f3n y titulaci\u00f3n. Prueba a seleccionar diferentes filtros para obtener datos concretos.<\/p>\n","protected":false},"author":3,"featured_media":0,"parent":0,"menu_order":0,"comment_status":"closed","ping_status":"closed","template":"","meta":{"footnotes":""},"folder":[15,18],"class_list":["post-1599","page","type-page","status-publish","hentry"],"rttpg_featured_image_url":null,"rttpg_author":{"display_name":"cifp.federicamontseny.fuenlabrada","author_link":"https:\/\/site.educa.madrid.org\/cifp.federicamontseny.fuenlabrada\/index.php\/author\/cuenta_cifp-federicamontseny-fuenlabrada\/"},"rttpg_comment":0,"rttpg_category":" <a href=\"https:\/\/site.educa.madrid.org\/cifp.federicamontseny.fuenlabrada\/?taxonomy=folder&#038;term=ensenanzas-1701083519-3\" rel=\"tag\">Ense\u00f1anzas<\/a><a href=\"https:\/\/site.educa.madrid.org\/cifp.federicamontseny.fuenlabrada\/?taxonomy=folder&#038;term=secretaria-1701083573-3\" rel=\"tag\">Secretar\u00eda<\/a>","rttpg_excerpt":"En el siguiente tablero, puedes consultar nuestros datos de matriculaci\u00f3n por ciclo, sexo, nivel, domicilio, etc., adem\u00e1s de los porcentajes de promoci\u00f3n y titulaci\u00f3n. Prueba a seleccionar diferentes filtros para obtener datos concretos.","post_mailing_queue_ids":[],"_links":{"self":[{"href":"https:\/\/site.educa.madrid.org\/cifp.federicamontseny.fuenlabrada\/index.php\/wp-json\/wp\/v2\/pages\/1599","targetHints":{"allow":["GET"]}}],"collection":[{"href":"https:\/\/site.educa.madrid.org\/cifp.federicamontseny.fuenlabrada\/index.php\/wp-json\/wp\/v2\/pages"}],"about":[{"href":"https:\/\/site.educa.madrid.org\/cifp.federicamontseny.fuenlabrada\/index.php\/wp-json\/wp\/v2\/types\/page"}],"author":[{"embeddable":true,"href":"https:\/\/site.educa.madrid.org\/cifp.federicamontseny.fuenlabrada\/index.php\/wp-json\/wp\/v2\/users\/3"}],"replies":[{"embeddable":true,"href":"https:\/\/site.educa.madrid.org\/cifp.federicamontseny.fuenlabrada\/index.php\/wp-json\/wp\/v2\/comments?post=1599"}],"version-history":[{"count":13,"href":"https:\/\/site.educa.madrid.org\/cifp.federicamontseny.fuenlabrada\/index.php\/wp-json\/wp\/v2\/pages\/1599\/revisions"}],"predecessor-version":[{"id":1631,"href":"https:\/\/site.educa.madrid.org\/cifp.federicamontseny.fuenlabrada\/index.php\/wp-json\/wp\/v2\/pages\/1599\/revisions\/1631"}],"wp:attachment":[{"href":"https:\/\/site.educa.madrid.org\/cifp.federicamontseny.fuenlabrada\/index.php\/wp-json\/wp\/v2\/media?parent=1599"}],"wp:term":[{"taxonomy":"folder","embeddable":true,"href":"https:\/\/site.educa.madrid.org\/cifp.federicamontseny.fuenlabrada\/index.php\/wp-json\/wp\/v2\/folder?post=1599"}],"curies":[{"name":"wp","href":"https:\/\/api.w.org\/{rel}","templated":true}]}}