{"id":1662,"date":"2024-03-21T09:38:25","date_gmt":"2024-03-21T08:38:25","guid":{"rendered":"https:\/\/site.educa.madrid.org\/cifp.federicamontseny.fuenlabrada\/?page_id=1662"},"modified":"2026-04-23T08:53:28","modified_gmt":"2026-04-23T06:53:28","slug":"matricula","status":"publish","type":"page","link":"https:\/\/site.educa.madrid.org\/cifp.federicamontseny.fuenlabrada\/index.php\/secretaria-2\/tramites-matricula\/matricula\/","title":{"rendered":"Matr\u00edcula"},"content":{"rendered":"\n<div class=\"wp-block-columns is-layout-flex wp-container-core-columns-is-layout-9d6595d7 wp-block-columns-is-layout-flex\">\n<div class=\"wp-block-column is-layout-flow wp-block-column-is-layout-flow\" style=\"flex-basis:40%\">\n<div style=\"height:46px\" aria-hidden=\"true\" class=\"wp-block-spacer\"><\/div>\n\n\n\n<h2 class=\"wp-block-heading\">Matr\u00edcula curso 2026\/2027<\/h2>\n\n\n\n<p><strong>Pueden<\/strong> realizar la matr\u00edcula:<\/p>\n\n\n\n<ul class=\"wp-block-list\">\n<li><s>Alumnos del centro que pasan a 2<sup>\u00ba<\/sup>, 3<sup>\u00ba<\/sup> o repiten alg\u00fan curso.<\/s><\/li>\n\n\n\n<li>Alumnos admitidos en el proceso de admisi\u00f3n conforme al calendario (<a href=\"https:\/\/site.educa.madrid.org\/cifp.federicamontseny.fuenlabrada\/\/wp-content\/uploads\/cifp.federicamontseny.fuenlabrada\/2025\/06\/ESQUEMA-ADMISION-Ciclos-Formativos-FP-2025-2026.pdf\" target=\"_blank\" rel=\"noreferrer noopener\">enlace<\/a>)<\/li>\n<\/ul>\n\n\n\n<div style=\"height:37px\" aria-hidden=\"true\" class=\"wp-block-spacer\"><\/div>\n\n\n\n<p><strong>No pueden<\/strong> matricularse:<\/p>\n\n\n\n<p><\/p>\n\n\n\n<ul class=\"wp-block-list\">\n<li>Los que no hayan sido admitidos en el proceso de Admisi\u00f3n que se realiza de forma centralizada por la Comunidad de Madrid (ver apartado <a href=\"https:\/\/site.educa.madrid.org\/cifp.federicamontseny.fuenlabrada\/index.php\/secretaria-2\/tramites-matricula\/admision\/\">Admisi\u00f3n<\/a>)<\/li>\n<\/ul>\n\n\n\n<div style=\"height:35px\" aria-hidden=\"true\" class=\"wp-block-spacer\"><\/div>\n\n\n\n<p>Aquellos alumnos del centro que finalizan un ciclo de Grado B\u00e1sico o Grado Medio que quieran acceder a uno de Grado Medio o Superior, respectivamente, han de participar en el proceso de <a href=\"https:\/\/site.educa.madrid.org\/cifp.federicamontseny.fuenlabrada\/index.php\/secretaria-2\/tramites-matricula\/admision\/\">Admisi\u00f3n<\/a> de la Comunidad de Madrid.<\/p>\n\n\n\n<p><\/p>\n\n\n\n<div style=\"height:43px\" aria-hidden=\"true\" class=\"wp-block-spacer\"><\/div>\n<\/div>\n\n\n\n<div class=\"wp-block-column is-layout-flow wp-block-column-is-layout-flow\" style=\"flex-basis:55%\">\n<h2 class=\"wp-block-heading\">Documentaci\u00f3n para realizar la matr\u00edcula<\/h2>\n\n\n\n<h3 class=\"wp-block-heading has-luminous-vivid-orange-color has-text-color\">Ciclos Grado B\u00e1sico<\/h3>\n\n\n\n<figure class=\"wp-block-table\"><table class=\"has-black-color has-text-color\"><tbody><tr><td><a href=\"https:\/\/site.educa.madrid.org\/cifp.federicamontseny.fuenlabrada\/\/wp-content\/uploads\/cifp.federicamontseny.fuenlabrada\/2025\/03\/INSTRUCCIONES-Y-DOCUMENTACION-MATRICULACION-CURSO-2025-26-CB.pdf\" target=\"_blank\" rel=\"noreferrer noopener\">Instrucciones y do<\/a><a href=\"https:\/\/site.educa.madrid.org\/cifp.federicamontseny.fuenlabrada\/\/wp-content\/uploads\/cifp.federicamontseny.fuenlabrada\/2026\/04\/INSTRUCCIONES-Y-DOCUMENTACION-MATRICULACION-CURSO-2026-27-GB.pdf\" target=\"_blank\" rel=\"noreferrer noopener\">cumentaci\u00f3n a presentar Matr\u00edcula Ciclo B\u00e1sico (leer estas instrucciones, y documentos necesarios para realizar la matr\u00edcula, NO ES NECESARIO IMPRIMIR ESTE DOCUMENTO.)<\/a><\/td><\/tr><tr><td><a href=\"https:\/\/site.educa.madrid.org\/cifp.federicamontseny.fuenlabrada\/\/wp-content\/uploads\/cifp.federicamontseny.fuenlabrada\/2025\/03\/IMPRESO-MATRICULA-CURSO-25_26.pdf\" target=\"_blank\" rel=\"noreferrer noopener\">Impreso Matr\u00edcula (rellenar e imprimir 2 copias)<\/a><\/td><\/tr><tr><td><a href=\"https:\/\/site.educa.madrid.org\/cifp.federicamontseny.fuenlabrada\/\/wp-content\/uploads\/cifp.federicamontseny.fuenlabrada\/2024\/03\/PRIVACIDAD-IMAGENES-Y-PROTECCION-DATOS.pdf\" target=\"_blank\" rel=\"noreferrer noopener\">Privacidad im\u00e1genes y protecci\u00f3n de datos (leer. NO ES NECESARIO IMPRIMIR ESTE DOCUMENTO)<\/a><\/td><\/tr><tr><td><a href=\"https:\/\/site.educa.madrid.org\/cifp.federicamontseny.fuenlabrada\/\/wp-content\/uploads\/cifp.federicamontseny.fuenlabrada\/2026\/04\/FORMULARIO-DECLARACION-RESPONSABLE_2026_27_WEB.pdf\">Declaraci\u00f3n Responsable (SOLO SE RELLENA Y  SE IMPRIME cuando firma un \u00fanico tutor de un\/a menor de edad)<\/a><\/td><\/tr><tr><td><a href=\"https:\/\/site.educa.madrid.org\/cifp.federicamontseny.fuenlabrada\/index.php\/programas-y-proyectos\/programa-accede-2\/\" data-type=\"link\" data-id=\"https:\/\/site.educa.madrid.org\/cifp.federicamontseny.fuenlabrada\/index.php\/programas-y-proyectos\/programa-accede-2\/\" target=\"_blank\" rel=\"noreferrer noopener\">Programa de pr\u00e9stamo de libros para G. B\u00e1sico<\/a> <a href=\"https:\/\/site.educa.madrid.org\/cifp.federicamontseny.fuenlabrada\/index.php\/programas-y-proyectos\/programa-accede-2\/\" data-type=\"page\" data-id=\"2060\" target=\"_blank\" rel=\"noreferrer noopener\">(Opcional)<\/a><\/td><\/tr><\/tbody><\/table><\/figure>\n\n\n\n<h3 class=\"wp-block-heading has-luminous-vivid-orange-color has-text-color\">Ciclos Grado Medio<\/h3>\n\n\n\n<figure class=\"wp-block-table\"><table><tbody><tr><td><a href=\"https:\/\/site.educa.madrid.org\/cifp.federicamontseny.fuenlabrada\/\/wp-content\/uploads\/cifp.federicamontseny.fuenlabrada\/2026\/04\/INSTRUCCIONES-Y-DOCUMENTACION-MATRICULACION-CURSO-2026-27-GM.pdf\">Instrucciones y documentaci\u00f3n a presentar Matr\u00edcula Ciclo Grado Medio (leer estas instrucciones y documentos necesarios para realizar la matr\u00edcula. NO ES NECESARIO IMPRIMIR ESTE DOCUMENTO)<\/a><\/td><\/tr><tr><td><a href=\"https:\/\/site.educa.madrid.org\/cifp.federicamontseny.fuenlabrada\/\/wp-content\/uploads\/cifp.federicamontseny.fuenlabrada\/2025\/03\/IMPRESO-MATRICULA-CURSO-25_26.pdf\" target=\"_blank\" rel=\"noreferrer noopener\">Impreso Matr\u00edcula (rellenar e imprimir 2 copias)<\/a><\/td><\/tr><tr><td><a href=\"https:\/\/site.educa.madrid.org\/cifp.federicamontseny.fuenlabrada\/\/wp-content\/uploads\/cifp.federicamontseny.fuenlabrada\/2024\/03\/PRIVACIDAD-IMAGENES-Y-PROTECCION-DATOS.pdf\" target=\"_blank\" rel=\"noreferrer noopener\">Privacidad im\u00e1genes y protecci\u00f3n de datos (leer. NO ES NECESARIO IMPRIMIR ESTE DOCUMENTO)<\/a><\/td><\/tr><tr><td><a href=\"https:\/\/site.educa.madrid.org\/cifp.federicamontseny.fuenlabrada\/\/wp-content\/uploads\/cifp.federicamontseny.fuenlabrada\/2026\/04\/FORMULARIO-DECLARACION-RESPONSABLE_2026_27_WEB.pdf\">Declaraci\u00f3n responsable (SOLO SE RELLENA E IMPRIME cuando firma https:\/\/site.educa.madrid.org\/cifp.federicamontseny.fuenlabrada\/\/wp-content\/uploads\/cifp.federicamontseny.fuenlabrada\/2026\/04\/FORMULARIO-DECLARACION-RESPONSABLE_2026_27_WEB.pdf<\/a><\/td><\/tr><\/tbody><\/table><\/figure>\n\n\n\n<h3 class=\"wp-block-heading has-luminous-vivid-orange-color has-text-color\">Ciclos Grado Superior<\/h3>\n\n\n\n<figure class=\"wp-block-table\"><table><tbody><tr><td><a href=\"https:\/\/site.educa.madrid.org\/cifp.federicamontseny.fuenlabrada\/\/wp-content\/uploads\/cifp.federicamontseny.fuenlabrada\/2025\/03\/INSTRUCCIONES-Y-DOCUMENTACION-MATRICULACION-CURSO-2025-26-GS.pdf\" target=\"_blank\" rel=\"noreferrer noopener\">Instrucciones y documentaci\u00f3n a presentar Matr\u00edcula Ciclo Grado Superior (leer estas instrucciones y documentos necesarios para realizar la matr\u00edcula. NO ES NECESARIO IMPRIMIR ESTE DOCUMENTO)<\/a><\/td><\/tr><tr><td><a href=\"https:\/\/site.educa.madrid.org\/cifp.federicamontseny.fuenlabrada\/\/wp-content\/uploads\/cifp.federicamontseny.fuenlabrada\/2025\/03\/IMPRESO-MATRICULA-CURSO-25_26.pdf\" target=\"_blank\" rel=\"noreferrer noopener\">Impreso Matr\u00edcula (rellenar e imprimir 2 copias)<\/a><\/td><\/tr><tr><td><a href=\"https:\/\/site.educa.madrid.org\/cifp.federicamontseny.fuenlabrada\/\/wp-content\/uploads\/cifp.federicamontseny.fuenlabrada\/2024\/03\/PRIVACIDAD-IMAGENES-Y-PROTECCION-DATOS.pdf\" target=\"_blank\" rel=\"noreferrer noopener\">Privacidad im\u00e1genes y protecci\u00f3n de datos (leer. NO ES NECESARIO IMPRIMIR ESTE DOCUMENTO)<\/a><\/td><\/tr><tr><td><a href=\"https:\/\/site.educa.madrid.org\/cifp.federicamontseny.fuenlabrada\/\/wp-content\/uploads\/cifp.federicamontseny.fuenlabrada\/2026\/04\/FORMULARIO-DECLARACION-RESPONSABLE_2026_27_WEB.pdf\">Declaraci\u00f3n responsable (SOLO SE RELLENA E IMPRIME cuando firma un \u00fanico tutor de un\/a menor de edad)<\/a><\/td><\/tr><\/tbody><\/table><\/figure>\n<\/div>\n<\/div>\n\n\n\t\t\t<!-- Flexy Breadcrumb -->\n\t\t\t<div class=\"fbc fbc-page\">\n\n\t\t\t\t<!-- Breadcrumb wrapper -->\n\t\t\t\t<div class=\"fbc-wrap\">\n\n\t\t\t\t\t<!-- Ordered list-->\n\t\t\t\t\t<ol class=\"fbc-items\" itemscope itemtype=\"https:\/\/schema.org\/BreadcrumbList\">\n\t\t\t\t\t\t            <li itemprop=\"itemListElement\" itemscope itemtype=\"https:\/\/schema.org\/ListItem\">\n                <span itemprop=\"name\">\n                    <!-- Home Link -->\n                    <a itemprop=\"item\" href=\"https:\/\/site.educa.madrid.org\/cifp.federicamontseny.fuenlabrada\">\n                    \n                                                    <i class=\"fa fa fa-home\" aria-hidden=\"true\"><\/i>C.I.F.P. Federica Montseny                    <\/a>\n                <\/span>\n                <meta itemprop=\"position\" content=\"1\" \/><!-- Meta Position-->\n             <\/li><li><span class=\"fbc-separator\">\/<\/span><\/li><li class=\"active\" itemprop=\"itemListElement\" itemscope itemtype=\"https:\/\/schema.org\/ListItem\"><span itemprop=\"name\" title=\"Matr\u00edcula\">Matr\u00edcula<\/span><meta itemprop=\"position\" content=\"2\" \/><\/li>\t\t\t\t\t<\/ol>\n\t\t\t\t\t<div class=\"clearfix\"><\/div>\n\t\t\t\t<\/div>\n\t\t\t<\/div>\n\t\t\t\n","protected":false},"excerpt":{"rendered":"<p>Matr\u00edcula curso 2026\/2027 Pueden realizar la matr\u00edcula: No pueden matricularse: Aquellos alumnos del centro que finalizan un ciclo de Grado B\u00e1sico o Grado Medio que quieran acceder a uno de Grado Medio o Superior, respectivamente, han de participar en el proceso de Admisi\u00f3n de la Comunidad de Madrid. Documentaci\u00f3n para realizar la matr\u00edcula Ciclos Grado [&hellip;]<\/p>\n","protected":false},"author":1,"featured_media":0,"parent":1168,"menu_order":0,"comment_status":"closed","ping_status":"closed","template":"","meta":{"footnotes":""},"folder":[18],"class_list":["post-1662","page","type-page","status-publish","hentry"],"rttpg_featured_image_url":null,"rttpg_author":{"display_name":"jirafa20","author_link":"https:\/\/site.educa.madrid.org\/cifp.federicamontseny.fuenlabrada\/index.php\/author\/educa\/"},"rttpg_comment":0,"rttpg_category":" <a href=\"https:\/\/site.educa.madrid.org\/cifp.federicamontseny.fuenlabrada\/?taxonomy=folder&#038;term=secretaria-1701083573-3\" rel=\"tag\">Secretar\u00eda<\/a>","rttpg_excerpt":"Matr\u00edcula curso 2026\/2027 Pueden realizar la matr\u00edcula: No pueden matricularse: Aquellos alumnos del centro que finalizan un ciclo de Grado B\u00e1sico o Grado Medio que quieran acceder a uno de Grado Medio o Superior, respectivamente, han de participar en el proceso de Admisi\u00f3n de la Comunidad de Madrid. Documentaci\u00f3n para realizar la matr\u00edcula Ciclos Grado&hellip;","post_mailing_queue_ids":[],"_links":{"self":[{"href":"https:\/\/site.educa.madrid.org\/cifp.federicamontseny.fuenlabrada\/index.php\/wp-json\/wp\/v2\/pages\/1662","targetHints":{"allow":["GET"]}}],"collection":[{"href":"https:\/\/site.educa.madrid.org\/cifp.federicamontseny.fuenlabrada\/index.php\/wp-json\/wp\/v2\/pages"}],"about":[{"href":"https:\/\/site.educa.madrid.org\/cifp.federicamontseny.fuenlabrada\/index.php\/wp-json\/wp\/v2\/types\/page"}],"author":[{"embeddable":true,"href":"https:\/\/site.educa.madrid.org\/cifp.federicamontseny.fuenlabrada\/index.php\/wp-json\/wp\/v2\/users\/1"}],"replies":[{"embeddable":true,"href":"https:\/\/site.educa.madrid.org\/cifp.federicamontseny.fuenlabrada\/index.php\/wp-json\/wp\/v2\/comments?post=1662"}],"version-history":[{"count":42,"href":"https:\/\/site.educa.madrid.org\/cifp.federicamontseny.fuenlabrada\/index.php\/wp-json\/wp\/v2\/pages\/1662\/revisions"}],"predecessor-version":[{"id":3714,"href":"https:\/\/site.educa.madrid.org\/cifp.federicamontseny.fuenlabrada\/index.php\/wp-json\/wp\/v2\/pages\/1662\/revisions\/3714"}],"up":[{"embeddable":true,"href":"https:\/\/site.educa.madrid.org\/cifp.federicamontseny.fuenlabrada\/index.php\/wp-json\/wp\/v2\/pages\/1168"}],"wp:attachment":[{"href":"https:\/\/site.educa.madrid.org\/cifp.federicamontseny.fuenlabrada\/index.php\/wp-json\/wp\/v2\/media?parent=1662"}],"wp:term":[{"taxonomy":"folder","embeddable":true,"href":"https:\/\/site.educa.madrid.org\/cifp.federicamontseny.fuenlabrada\/index.php\/wp-json\/wp\/v2\/folder?post=1662"}],"curies":[{"name":"wp","href":"https:\/\/api.w.org\/{rel}","templated":true}]}}