{"id":2,"date":"2023-10-27T20:57:11","date_gmt":"2023-10-27T18:57:11","guid":{"rendered":"https:\/\/cifpfedericamontseny.es\/?page_id=2"},"modified":"2026-01-09T16:31:45","modified_gmt":"2026-01-09T15:31:45","slug":"quienes-somos","status":"publish","type":"page","link":"https:\/\/site.educa.madrid.org\/cifp.federicamontseny.fuenlabrada\/index.php\/quienes-somos\/","title":{"rendered":"Quienes somos"},"content":{"rendered":"\n\n\n\n<div class=\"wp-block-columns is-layout-flex wp-container-core-columns-is-layout-9d6595d7 wp-block-columns-is-layout-flex\">\n<div class=\"wp-block-column is-layout-flow wp-block-column-is-layout-flow\" style=\"flex-basis:25%\">\n<figure class=\"wp-block-image size-large\"><img loading=\"lazy\" decoding=\"async\" width=\"1024\" height=\"460\" src=\"https:\/\/site.educa.madrid.org\/cifp.federicamontseny.fuenlabrada\/\/wp-content\/uploads\/cifp.federicamontseny.fuenlabrada\/2023\/12\/IMG_20230321_085437-1024x460.jpg\" alt=\"\" class=\"wp-image-843\" srcset=\"https:\/\/site.educa.madrid.org\/cifp.federicamontseny.fuenlabrada\/\/wp-content\/uploads\/cifp.federicamontseny.fuenlabrada\/2023\/12\/IMG_20230321_085437-1024x460.jpg 1024w, https:\/\/site.educa.madrid.org\/cifp.federicamontseny.fuenlabrada\/\/wp-content\/uploads\/cifp.federicamontseny.fuenlabrada\/2023\/12\/IMG_20230321_085437-300x135.jpg 300w, https:\/\/site.educa.madrid.org\/cifp.federicamontseny.fuenlabrada\/\/wp-content\/uploads\/cifp.federicamontseny.fuenlabrada\/2023\/12\/IMG_20230321_085437-768x345.jpg 768w, https:\/\/site.educa.madrid.org\/cifp.federicamontseny.fuenlabrada\/\/wp-content\/uploads\/cifp.federicamontseny.fuenlabrada\/2023\/12\/IMG_20230321_085437.jpg 1344w\" sizes=\"auto, (max-width: 1024px) 100vw, 1024px\" \/><figcaption class=\"wp-element-caption\">Aparcamiento con cargador para patinetes. Estamos con la sostenibilidad.<\/figcaption><\/figure>\n\n\n\n<hr class=\"wp-block-separator has-alpha-channel-opacity\"\/>\n\n\n\n<figure class=\"wp-block-image size-large\"><img loading=\"lazy\" decoding=\"async\" width=\"1024\" height=\"460\" src=\"https:\/\/site.educa.madrid.org\/cifp.federicamontseny.fuenlabrada\/\/wp-content\/uploads\/cifp.federicamontseny.fuenlabrada\/2023\/12\/IMG_20230116_093115-1024x460.jpg\" alt=\"\" class=\"wp-image-845\" srcset=\"https:\/\/site.educa.madrid.org\/cifp.federicamontseny.fuenlabrada\/\/wp-content\/uploads\/cifp.federicamontseny.fuenlabrada\/2023\/12\/IMG_20230116_093115-1024x460.jpg 1024w, https:\/\/site.educa.madrid.org\/cifp.federicamontseny.fuenlabrada\/\/wp-content\/uploads\/cifp.federicamontseny.fuenlabrada\/2023\/12\/IMG_20230116_093115-300x135.jpg 300w, https:\/\/site.educa.madrid.org\/cifp.federicamontseny.fuenlabrada\/\/wp-content\/uploads\/cifp.federicamontseny.fuenlabrada\/2023\/12\/IMG_20230116_093115-768x345.jpg 768w, https:\/\/site.educa.madrid.org\/cifp.federicamontseny.fuenlabrada\/\/wp-content\/uploads\/cifp.federicamontseny.fuenlabrada\/2023\/12\/IMG_20230116_093115.jpg 1344w\" sizes=\"auto, (max-width: 1024px) 100vw, 1024px\" \/><figcaption class=\"wp-element-caption\">Una de nuestras muchas aulas de inform\u00e1tica.<\/figcaption><\/figure>\n\n\n\n<hr class=\"wp-block-separator has-alpha-channel-opacity\"\/>\n\n\n\n<figure class=\"wp-block-image size-large\"><img loading=\"lazy\" decoding=\"async\" width=\"1024\" height=\"460\" src=\"https:\/\/site.educa.madrid.org\/cifp.federicamontseny.fuenlabrada\/\/wp-content\/uploads\/cifp.federicamontseny.fuenlabrada\/2023\/12\/IMG_20230504_145505-1024x460.jpg\" alt=\"\" class=\"wp-image-846\" srcset=\"https:\/\/site.educa.madrid.org\/cifp.federicamontseny.fuenlabrada\/\/wp-content\/uploads\/cifp.federicamontseny.fuenlabrada\/2023\/12\/IMG_20230504_145505-1024x460.jpg 1024w, https:\/\/site.educa.madrid.org\/cifp.federicamontseny.fuenlabrada\/\/wp-content\/uploads\/cifp.federicamontseny.fuenlabrada\/2023\/12\/IMG_20230504_145505-300x135.jpg 300w, https:\/\/site.educa.madrid.org\/cifp.federicamontseny.fuenlabrada\/\/wp-content\/uploads\/cifp.federicamontseny.fuenlabrada\/2023\/12\/IMG_20230504_145505-768x345.jpg 768w, https:\/\/site.educa.madrid.org\/cifp.federicamontseny.fuenlabrada\/\/wp-content\/uploads\/cifp.federicamontseny.fuenlabrada\/2023\/12\/IMG_20230504_145505.jpg 1344w\" sizes=\"auto, (max-width: 1024px) 100vw, 1024px\" \/><figcaption class=\"wp-element-caption\">Tecnolog\u00eda hasta en los tablones de anuncios.<\/figcaption><\/figure>\n\n\n\n<hr class=\"wp-block-separator has-alpha-channel-opacity\"\/>\n\n\n\n<figure class=\"wp-block-image size-full\"><img loading=\"lazy\" decoding=\"async\" width=\"403\" height=\"181\" src=\"https:\/\/site.educa.madrid.org\/cifp.federicamontseny.fuenlabrada\/\/wp-content\/uploads\/cifp.federicamontseny.fuenlabrada\/2023\/12\/IMG_20230725_094305-2.jpg\" alt=\"\" class=\"wp-image-847\" srcset=\"https:\/\/site.educa.madrid.org\/cifp.federicamontseny.fuenlabrada\/\/wp-content\/uploads\/cifp.federicamontseny.fuenlabrada\/2023\/12\/IMG_20230725_094305-2.jpg 403w, https:\/\/site.educa.madrid.org\/cifp.federicamontseny.fuenlabrada\/\/wp-content\/uploads\/cifp.federicamontseny.fuenlabrada\/2023\/12\/IMG_20230725_094305-2-300x135.jpg 300w\" sizes=\"auto, (max-width: 403px) 100vw, 403px\" \/><figcaption class=\"wp-element-caption\">Aula Safety-Room.<\/figcaption><\/figure>\n<\/div>\n\n\n\n<div class=\"wp-block-column is-layout-flow wp-block-column-is-layout-flow\" style=\"flex-basis:66.66%\">\n<div class=\"wp-block-group\"><div class=\"wp-block-group__inner-container is-layout-constrained wp-block-group-is-layout-constrained\">\n<p><strong>El CIFP Federica Montseny (CC&nbsp; 28077971) se constituy\u00f3 como centro espec\u00edfico de Formaci\u00f3n Profesional en septiembre de 2017 mediante el DECRETO 76\/2017, de 29 de agosto y publicado el 31 de agosto en el BOCM, y en el DECRETO 231\/2023, de 6 de septiembre y publicado el 11 de septiembre se transforma en Centro integrado de Formaci\u00f3n Profesional.<\/strong><\/p>\n\n\n\n<p><a rel=\"noreferrer noopener\" href=\"https:\/\/www.educa2.madrid.org\/web\/educamadrid\/principal\/files\/5c25213c-8021-41ad-9952-22e8e3f7d16a\/2023.24%20Plan%20Digital%20de%20Centro.%20IES%20Federica%20Montseny.pdf?t=1699438148376\" target=\"_blank\"><\/a><\/p>\n\n\n\n<p><strong>SE\u00d1AS DE IDENTIDAD DEL CENTRO<\/strong><\/p>\n\n\n\n<p><strong>Misi\u00f3n, Visi\u00f3n y Valores<\/strong><\/p>\n\n\n\n<p><strong>MISI\u00d3N:<\/strong>&nbsp;El <a>CIFP Federica Montseny<\/a>, como centro p\u00fablico de la Comunidad de Madrid, tiene como objetivo proporcionar una formaci\u00f3n integral y de calidad que prepare a profesionales altamente cualificados, capaces de adaptarse a las demandas del mercado laboral actual. Su misi\u00f3n prioritaria es ofrecer una formaci\u00f3n flexible, que no solo permita a los estudiantes acceder con \u00e9xito al mundo laboral o continuar su desarrollo acad\u00e9mico, sino tambi\u00e9n facilitar la mejora de cualificaci\u00f3n, adaptaci\u00f3n o reciclaje de la formaci\u00f3n previa para el empleo, contribuyendo al crecimiento profesional y personal continuo.<\/p>\n\n\n\n<p>Impartimos Formaci\u00f3n Profesional B\u00e1sica (FPB), Ciclo Formativo Grado Medio (CFGM) y&nbsp;&nbsp; Ciclo Formativo Grado Superior (CFGS) de las familias de Administraci\u00f3n y Gesti\u00f3n y de Comercio y Marketing&nbsp;&nbsp;&nbsp; e Inform\u00e1tica y&nbsp; Comunicaciones.<\/p>\n\n\n\n<p><\/p>\n\n\n\n<p><strong>Visi\u00f3n<\/strong> El CPIFP Federica Montseny aspira a ser un referente en la formaci\u00f3n profesional, generando cambios significativos en sus alumnos a trav\u00e9s de una ense\u00f1anza de calidad, innovaci\u00f3n educativa y una gesti\u00f3n eficiente de los recursos. Se compromete con la mejora continua y la adaptaci\u00f3n a las demandas del mercado laboral, impulsando el desarrollo personal y profesional de sus estudiantes.<\/p>\n\n\n\n<p><strong>VALORES (objetivos estrat\u00e9gicos) &nbsp;<\/strong><\/p>\n\n\n\n<p>&#8211; Organizaci\u00f3n democr\u00e1tica y abierto a la participaci\u00f3n de todos los sectores<br>&#8211; Innovador, con visi\u00f3n de futuro y capacidad de adaptaci\u00f3n a los cambios educativos, econ\u00f3micos, sociales, empresariales.<br>&#8211; Integrador de las diferencias individuales y culturales de sus miembros como valor enriquecedor de toda la comunidad educativa<br>&#8211; Desarrollo de la igualdad de derechos y oportunidades fomento de la igualdad efectiva entre hombre y mujeres<br>&#8211; Referente para el entorno como Centro de Formaci\u00f3n Profesional Especifico.<br>&#8211; Fomento de la Responsabilidad de todas los miembros de la comunidad educativa<br>&#8211; Trabajo en equipo como valor a\u00f1adido<br>&#8211; Abierto a la colaboraci\u00f3n con las instituciones y sector empresarial.<br>&#8211; Incentivo del valor critico como base del aprendizaje.<\/p>\n\n\n\n<hr class=\"wp-block-separator has-alpha-channel-opacity\"\/>\n\n\n\n<p><strong>El Proyecto de Direcci\u00f3n est\u00e1 a disposici\u00f3n para cualquier interesado en la Secretar\u00eda del Centro.<\/strong><\/p>\n\n\n\n<hr class=\"wp-block-separator has-alpha-channel-opacity\"\/>\n\n\n\n<h2 class=\"wp-block-heading\">Ficheros adicionales<\/h2>\n\n\n\n<figure class=\"wp-block-table\"><table><tbody><tr><td>Documentos generales<\/td><td>Documentos espec\u00edficos<\/td><\/tr><tr><td><a href=\"https:\/\/site.educa.madrid.org\/cifp.federicamontseny.fuenlabrada\/\/wp-content\/uploads\/cifp.federicamontseny.fuenlabrada\/2024\/07\/Proyecto-Funcional.pdf\" target=\"_blank\" rel=\"noreferrer noopener\">Proyecto Funcional de Centro<\/a> <a href=\"https:\/\/site.educa.madrid.org\/cifp.federicamontseny.fuenlabrada\/\/wp-content\/uploads\/cifp.federicamontseny.fuenlabrada\/2025\/11\/Proyecto-Funcional-de-Centro-de-enero.pdf\">texto<\/a> <a href=\"https:\/\/site.educa.madrid.org\/cifp.federicamontseny.fuenlabrada\/\/wp-content\/uploads\/cifp.federicamontseny.fuenlabrada\/2025\/12\/Proyecto-Funcional-de-Centro.pdf\">PFC<\/a><\/td><td><a href=\"https:\/\/site.educa.madrid.org\/cifp.federicamontseny.fuenlabrada\/\/wp-content\/uploads\/cifp.federicamontseny.fuenlabrada\/2024\/10\/Programa-ACCEDE.pdf\">Programa ACCEDE<\/a><\/td><\/tr><tr><td><a href=\"https:\/\/site.educa.madrid.org\/cifp.federicamontseny.fuenlabrada\/\/wp-content\/uploads\/cifp.federicamontseny.fuenlabrada\/2025\/11\/28077971_CIFP_FEDERICA_MONTSENY_P_INCLUYO_25-26-1-4.pdf\">Plan IncluYO<\/a><\/td><td><a href=\"https:\/\/site.educa.madrid.org\/cifp.federicamontseny.fuenlabrada\/\/wp-content\/uploads\/cifp.federicamontseny.fuenlabrada\/2025\/11\/28077971_CIFP_FEDERICA_MONTSENY_PAT_-25-26.pdf\">Plan de acci\u00f3n tutorial<\/a><\/td><\/tr><tr><td><a href=\"https:\/\/site.educa.madrid.org\/cifp.federicamontseny.fuenlabrada\/\/wp-content\/uploads\/cifp.federicamontseny.fuenlabrada\/2026\/01\/28077971_CIFP_FEDERICA_MONTSENY_P_CONVIVENCIA_25-26-.pdf\">Plan de convivencia<\/a><\/td><td><a href=\"https:\/\/site.educa.madrid.org\/cifp.federicamontseny.fuenlabrada\/\/wp-content\/uploads\/cifp.federicamontseny.fuenlabrada\/2023\/12\/Anexo-III-Protocolo-de-prevencion-deteccion-e-intervencion-en-caso-solo-maltrato-menores-22-23.pdf\" target=\"_blank\" rel=\"noreferrer noopener\">Anexo III Protocolo de prevenci\u00f3n maltrato menores<\/a><\/td><\/tr><tr><td><a href=\"https:\/\/site.educa.madrid.org\/cifp.federicamontseny.fuenlabrada\/\/wp-content\/uploads\/cifp.federicamontseny.fuenlabrada\/2025\/10\/2025-26-PLAN-DIGITAL-DE-CENTRO-1.pdf\">Plan digital del centro<\/a><\/td><td><a href=\"https:\/\/site.educa.madrid.org\/cifp.federicamontseny.fuenlabrada\/\/wp-content\/uploads\/cifp.federicamontseny.fuenlabrada\/2023\/12\/Anexo-IV-Protocolo-adicciones-22-23.pdf\" target=\"_blank\" rel=\"noreferrer noopener\">Anexo IV Protocolo adicciones<\/a><\/td><\/tr><tr><td><a href=\"https:\/\/site.educa.madrid.org\/cifp.federicamontseny.fuenlabrada\/\/wp-content\/uploads\/cifp.federicamontseny.fuenlabrada\/2024\/10\/Plan-de-Igualdad-.pdf\">Plan de igualdad<\/a><\/td><td><a href=\"https:\/\/site.educa.madrid.org\/cifp.federicamontseny.fuenlabrada\/\/wp-content\/uploads\/cifp.federicamontseny.fuenlabrada\/2023\/12\/Anexo-V-Protocolo-de-seguridad-e-intervencion-para-casos-de-intento-de-suicidio-o-ideacion-suicida-1.pdf\" target=\"_blank\" rel=\"noreferrer noopener\">Anexo V Protocolo ante el suicidio<\/a><\/td><\/tr><tr><td><a href=\"https:\/\/site.educa.madrid.org\/cifp.federicamontseny.fuenlabrada\/\/wp-content\/uploads\/cifp.federicamontseny.fuenlabrada\/2024\/10\/28077971_CPIFP_FEDERICA_MONTESNY_-NOFC_24-25.pdf\">Normas de organizaci\u00f3n y funcionamiento<\/a><\/td><td><a href=\"https:\/\/site.educa.madrid.org\/cifp.federicamontseny.fuenlabrada\/\/wp-content\/uploads\/cifp.federicamontseny.fuenlabrada\/2023\/12\/Anexo-II-Protocolo-de-LGTBI.pdf\" target=\"_blank\" rel=\"noreferrer noopener\">Anexo II Protocolo de LGTBI<\/a><\/td><\/tr><tr><td><a href=\"https:\/\/site.educa.madrid.org\/cifp.federicamontseny.fuenlabrada\/\/wp-content\/uploads\/cifp.federicamontseny.fuenlabrada\/2024\/11\/PLAN_DE_EMERGENCIAS_24-25.pdf\">Plan de emergencia<\/a><\/td><td><a href=\"https:\/\/site.educa.madrid.org\/cifp.federicamontseny.fuenlabrada\/\/wp-content\/uploads\/cifp.federicamontseny.fuenlabrada\/2024\/11\/Horario-del-centro.pdf\">Horario turno diurno y vespertino<\/a><\/td><\/tr><\/tbody><\/table><\/figure>\n<\/div><\/div>\n<\/div>\n<\/div>\n\n\n\n<p>Nuestros <a href=\"https:\/\/site.educa.madrid.org\/cifp.federicamontseny.fuenlabrada\/index.php\/nuestros-datos-de-matriculacion\/\">datos de matriculaci\u00f3n<\/a> de los \u00faltimos cursos, con filtros para obtener diferentes datos. <\/p>\n\n\n\t\t\t<!-- Flexy Breadcrumb -->\n\t\t\t<div class=\"fbc fbc-page\">\n\n\t\t\t\t<!-- Breadcrumb wrapper -->\n\t\t\t\t<div class=\"fbc-wrap\">\n\n\t\t\t\t\t<!-- Ordered list-->\n\t\t\t\t\t<ol class=\"fbc-items\" itemscope itemtype=\"https:\/\/schema.org\/BreadcrumbList\">\n\t\t\t\t\t\t            <li itemprop=\"itemListElement\" itemscope itemtype=\"https:\/\/schema.org\/ListItem\">\n                <span itemprop=\"name\">\n                    <!-- Home Link -->\n                    <a itemprop=\"item\" href=\"https:\/\/site.educa.madrid.org\/cifp.federicamontseny.fuenlabrada\">\n                    \n                                                    <i class=\"fa fa fa-home\" aria-hidden=\"true\"><\/i>C.I.F.P. Federica Montseny                    <\/a>\n                <\/span>\n                <meta itemprop=\"position\" content=\"1\" \/><!-- Meta Position-->\n             <\/li><li><span class=\"fbc-separator\">\/<\/span><\/li><li class=\"active\" itemprop=\"itemListElement\" itemscope itemtype=\"https:\/\/schema.org\/ListItem\"><span itemprop=\"name\" title=\"Quienes somos\">Quienes somos<\/span><meta itemprop=\"position\" content=\"2\" \/><\/li>\t\t\t\t\t<\/ol>\n\t\t\t\t\t<div class=\"clearfix\"><\/div>\n\t\t\t\t<\/div>\n\t\t\t<\/div>\n\t\t\t\n","protected":false},"excerpt":{"rendered":"<p>El CIFP Federica Montseny (CC&nbsp; 28077971) se constituy\u00f3 como centro espec\u00edfico de Formaci\u00f3n Profesional en septiembre de 2017 mediante el DECRETO 76\/2017, de 29 de agosto y publicado el 31 de agosto en el BOCM, y en el DECRETO 231\/2023, de 6 de septiembre y publicado el 11 de septiembre se transforma en Centro integrado [&hellip;]<\/p>\n","protected":false},"author":3,"featured_media":0,"parent":0,"menu_order":0,"comment_status":"closed","ping_status":"closed","template":"","meta":{"footnotes":""},"folder":[50],"class_list":["post-2","page","type-page","status-publish","hentry"],"rttpg_featured_image_url":null,"rttpg_author":{"display_name":"cifp.federicamontseny.fuenlabrada","author_link":"https:\/\/site.educa.madrid.org\/cifp.federicamontseny.fuenlabrada\/index.php\/author\/cuenta_cifp-federicamontseny-fuenlabrada\/"},"rttpg_comment":0,"rttpg_category":" <a href=\"https:\/\/site.educa.madrid.org\/cifp.federicamontseny.fuenlabrada\/?taxonomy=folder&#038;term=principales-1702459475-3\" rel=\"tag\">Principales<\/a>","rttpg_excerpt":"El CIFP Federica Montseny (CC&nbsp; 28077971) se constituy\u00f3 como centro espec\u00edfico de Formaci\u00f3n Profesional en septiembre de 2017 mediante el DECRETO 76\/2017, de 29 de agosto y publicado el 31 de agosto en el BOCM, y en el DECRETO 231\/2023, de 6 de septiembre y publicado el 11 de septiembre se transforma en Centro integrado&hellip;","post_mailing_queue_ids":[],"_links":{"self":[{"href":"https:\/\/site.educa.madrid.org\/cifp.federicamontseny.fuenlabrada\/index.php\/wp-json\/wp\/v2\/pages\/2","targetHints":{"allow":["GET"]}}],"collection":[{"href":"https:\/\/site.educa.madrid.org\/cifp.federicamontseny.fuenlabrada\/index.php\/wp-json\/wp\/v2\/pages"}],"about":[{"href":"https:\/\/site.educa.madrid.org\/cifp.federicamontseny.fuenlabrada\/index.php\/wp-json\/wp\/v2\/types\/page"}],"author":[{"embeddable":true,"href":"https:\/\/site.educa.madrid.org\/cifp.federicamontseny.fuenlabrada\/index.php\/wp-json\/wp\/v2\/users\/3"}],"replies":[{"embeddable":true,"href":"https:\/\/site.educa.madrid.org\/cifp.federicamontseny.fuenlabrada\/index.php\/wp-json\/wp\/v2\/comments?post=2"}],"version-history":[{"count":44,"href":"https:\/\/site.educa.madrid.org\/cifp.federicamontseny.fuenlabrada\/index.php\/wp-json\/wp\/v2\/pages\/2\/revisions"}],"predecessor-version":[{"id":3650,"href":"https:\/\/site.educa.madrid.org\/cifp.federicamontseny.fuenlabrada\/index.php\/wp-json\/wp\/v2\/pages\/2\/revisions\/3650"}],"wp:attachment":[{"href":"https:\/\/site.educa.madrid.org\/cifp.federicamontseny.fuenlabrada\/index.php\/wp-json\/wp\/v2\/media?parent=2"}],"wp:term":[{"taxonomy":"folder","embeddable":true,"href":"https:\/\/site.educa.madrid.org\/cifp.federicamontseny.fuenlabrada\/index.php\/wp-json\/wp\/v2\/folder?post=2"}],"curies":[{"name":"wp","href":"https:\/\/api.w.org\/{rel}","templated":true}]}}