{"id":2364,"date":"2024-09-01T18:36:11","date_gmt":"2024-09-01T16:36:11","guid":{"rendered":"https:\/\/site.educa.madrid.org\/cifp.federicamontseny.fuenlabrada\/?page_id=2364"},"modified":"2025-09-23T09:01:05","modified_gmt":"2025-09-23T07:01:05","slug":"incorporacion-al-programa-accede-en-el-cifp-federica-montseny","status":"publish","type":"page","link":"https:\/\/site.educa.madrid.org\/cifp.federicamontseny.fuenlabrada\/index.php\/incorporacion-al-programa-accede-en-el-cifp-federica-montseny\/","title":{"rendered":"Incorporaci\u00f3n al Programa Accede en el CIFP Federica Montseny de Fuenlabrada"},"content":{"rendered":"\n<div class=\"wp-block-cover aligncenter has-parallax wp-duotone-blue-red\" style=\"min-height:188px;aspect-ratio:unset;\"><span aria-hidden=\"true\" class=\"wp-block-cover__background has-background-dim\"><\/span><div role=\"img\" aria-label=\"Programa de Pr\u00e9stamo de libros de la Comunidad de Madrid en el CIFP Federica Montseny Coordinador Luis G. Carvajal Mart\u00edn\" class=\"wp-block-cover__image-background wp-image-2340 has-parallax\" style=\"background-position:50% 50%;background-image:url(https:\/\/site.educa.madrid.org\/cifp.federicamontseny.fuenlabrada\/\/wp-content\/uploads\/cifp.federicamontseny.fuenlabrada\/2024\/08\/Accede-jpeg.jpg)\"><\/div><div class=\"wp-block-cover__inner-container is-layout-flow wp-block-cover-is-layout-flow\">\n<figure class=\"wp-block-image size-full is-resized is-style-rounded\"><img loading=\"lazy\" decoding=\"async\" width=\"349\" height=\"77\" src=\"https:\/\/site.educa.madrid.org\/cifp.federicamontseny.fuenlabrada\/\/wp-content\/uploads\/cifp.federicamontseny.fuenlabrada\/2024\/08\/Accede-jpeg.jpg\" alt=\"Programa de Pr\u00e9stamo de libros de la Comunidad de Madrid en el CIFP Federica Montseny Coordinador Luis G. Carvajal Mart\u00edn\" class=\"wp-image-2340\" style=\"width:356px;height:auto\" srcset=\"https:\/\/site.educa.madrid.org\/cifp.federicamontseny.fuenlabrada\/\/wp-content\/uploads\/cifp.federicamontseny.fuenlabrada\/2024\/08\/Accede-jpeg.jpg 349w, https:\/\/site.educa.madrid.org\/cifp.federicamontseny.fuenlabrada\/\/wp-content\/uploads\/cifp.federicamontseny.fuenlabrada\/2024\/08\/Accede-jpeg-300x66.jpg 300w\" sizes=\"auto, (max-width: 349px) 100vw, 349px\" \/><figcaption class=\"wp-element-caption\">Programa de Pr\u00e9stamo de libros de la Comunidad de Madrid en el CIFP Federica Montseny <strong>DIRIGIDO \u00daNICAM4NTE PARE EL ALUMNADO DE GRADO B\u00c1SICO<\/strong>. Coordinador Luis G. Carvajal Mart\u00edn.<\/figcaption><\/figure>\n<\/div><\/div>\n\n\n\n<p>ACCEDE<\/p>\n\n\n\n<p>Coordinadora Accede: Laura Rueda Rev\u00e9<\/p>\n\n\n\n<p>Correo electr\u00f3nico: accede.cifp.federicamontseny.fuenlabrada@educa.madridd.org<\/p>\n\n\n\n<p><\/p>\n","protected":false},"excerpt":{"rendered":"<p>ACCEDE Coordinadora Accede: Laura Rueda Rev\u00e9 Correo electr\u00f3nico: accede.cifp.federicamontseny.fuenlabrada@educa.madridd.org<\/p>\n","protected":false},"author":3,"featured_media":0,"parent":0,"menu_order":0,"comment_status":"closed","ping_status":"closed","template":"","meta":{"footnotes":""},"folder":[49,18],"class_list":["post-2364","page","type-page","status-publish","hentry"],"rttpg_featured_image_url":null,"rttpg_author":{"display_name":"cifp.federicamontseny.fuenlabrada","author_link":"https:\/\/site.educa.madrid.org\/cifp.federicamontseny.fuenlabrada\/index.php\/author\/cuenta_cifp-federicamontseny-fuenlabrada\/"},"rttpg_comment":0,"rttpg_category":" <a href=\"https:\/\/site.educa.madrid.org\/cifp.federicamontseny.fuenlabrada\/?taxonomy=folder&#038;term=proyectos-1702459385-3\" rel=\"tag\">Proyectos<\/a><a href=\"https:\/\/site.educa.madrid.org\/cifp.federicamontseny.fuenlabrada\/?taxonomy=folder&#038;term=secretaria-1701083573-3\" rel=\"tag\">Secretar\u00eda<\/a>","rttpg_excerpt":"ACCEDE Coordinadora Accede: Laura Rueda Rev\u00e9 Correo electr\u00f3nico: accede.cifp.federicamontseny.fuenlabrada@educa.madridd.org","post_mailing_queue_ids":[],"_links":{"self":[{"href":"https:\/\/site.educa.madrid.org\/cifp.federicamontseny.fuenlabrada\/index.php\/wp-json\/wp\/v2\/pages\/2364","targetHints":{"allow":["GET"]}}],"collection":[{"href":"https:\/\/site.educa.madrid.org\/cifp.federicamontseny.fuenlabrada\/index.php\/wp-json\/wp\/v2\/pages"}],"about":[{"href":"https:\/\/site.educa.madrid.org\/cifp.federicamontseny.fuenlabrada\/index.php\/wp-json\/wp\/v2\/types\/page"}],"author":[{"embeddable":true,"href":"https:\/\/site.educa.madrid.org\/cifp.federicamontseny.fuenlabrada\/index.php\/wp-json\/wp\/v2\/users\/3"}],"replies":[{"embeddable":true,"href":"https:\/\/site.educa.madrid.org\/cifp.federicamontseny.fuenlabrada\/index.php\/wp-json\/wp\/v2\/comments?post=2364"}],"version-history":[{"count":11,"href":"https:\/\/site.educa.madrid.org\/cifp.federicamontseny.fuenlabrada\/index.php\/wp-json\/wp\/v2\/pages\/2364\/revisions"}],"predecessor-version":[{"id":3534,"href":"https:\/\/site.educa.madrid.org\/cifp.federicamontseny.fuenlabrada\/index.php\/wp-json\/wp\/v2\/pages\/2364\/revisions\/3534"}],"wp:attachment":[{"href":"https:\/\/site.educa.madrid.org\/cifp.federicamontseny.fuenlabrada\/index.php\/wp-json\/wp\/v2\/media?parent=2364"}],"wp:term":[{"taxonomy":"folder","embeddable":true,"href":"https:\/\/site.educa.madrid.org\/cifp.federicamontseny.fuenlabrada\/index.php\/wp-json\/wp\/v2\/folder?post=2364"}],"curies":[{"name":"wp","href":"https:\/\/api.w.org\/{rel}","templated":true}]}}