{"id":2616,"date":"2025-01-16T19:19:42","date_gmt":"2025-01-16T18:19:42","guid":{"rendered":"https:\/\/site.educa.madrid.org\/cifp.federicamontseny.fuenlabrada\/?page_id=2616"},"modified":"2025-01-17T12:05:33","modified_gmt":"2025-01-17T11:05:33","slug":"plan-regional-contra-las-drogas","status":"publish","type":"page","link":"https:\/\/site.educa.madrid.org\/cifp.federicamontseny.fuenlabrada\/index.php\/informacion-a-las-familias\/plan-regional-contra-las-drogas\/","title":{"rendered":"Plan regional contra las drogas"},"content":{"rendered":"\n<p>El consumo de drogas es un grave problema con repercusiones, tanto en la persona que las consume, como en el conjunto de la sociedad. El gobierno regional afronta el desaf\u00edo de realizar una labor de car\u00e1cter social y preventiva, con la finalidad de eliminar o modificar los factores de riesgo y fomentar factores de protecci\u00f3n frente al consumo de drogas. Es por ello que, se ha aprobado el Plan Regional contra las drogas de la Comunidad de Madrid y, desde la Consejer\u00eda competente en materia de Educaci\u00f3n de la Comunidad de Madrid, se han desarrollado actuaciones unificadas y coordinadas para frenar y erradicar actitudes en relaci\u00f3n con el consumo de drogas.<\/p>\n\n\n\n<p>NUEVO Protocolo de actuaci\u00f3n ante una situaci\u00f3n de posible riesgo, sospecha, o evidencia de consumo de drogas.<br><br>NUEVOS BUZONES DE DENUNCIAS<br>Estos buzones de denuncias garantizar\u00e1n el anonimato, as\u00ed como las actuaciones derivadas de las mismas<br>bajo el principio de confidencialidad y sigilo en la toma de decisiones.<br>\u00b7 Buz\u00f3n f\u00edsico de denuncias: El CIFP Federica Montseny dispone de un buz\u00f3n f\u00edsico de denuncias, situado junto al departamento de Orientaci\u00f3n en el edifico Principal se\u00f1alizado como \u201cBUZ\u00d3N DE DENUNCIAS\u201d. El director, ser\u00e1 responsable de revisar diariamente el buz\u00f3n de denuncias, siendo cualquier formato v\u00e1lido como notificaci\u00f3n oficial. Enviar\u00e1 inmediatamente, por correo certificado, las denuncias recibidas en sobre cerrado a la \u201cUnidad de convivencia y contra el acoso escolar\u201d<\/p>\n\n\n\n<p>La Unidad de convivencia y contra el acoso escolar activar\u00e1 el protocolo correspondiente y enviar\u00e1 el anexo I a la direcci\u00f3n del centro y, en su caso, se derivar\u00e1 a los Cuerpos y Fuerzas de Seguridad del Estado.<br>\u00b7 Buz\u00f3n de denuncias por correo electr\u00f3nico: Tambi\u00e9n se puede enviar una denuncia por correo<br>electr\u00f3nico, a <strong>buzonfueradrogas@educa.madrid.org<\/strong> . El responsable de este buz\u00f3n de denuncias es la Unidad de Convivencia y contra el acoso escolar que proceder\u00e1 de manera inmediata y seg\u00fan corresponda.<\/p>\n\n\n\n<p>\u00b7 Buz\u00f3n de denuncias a trav\u00e9s de c\u00f3digo QR: <\/p>\n\n\n\n<figure class=\"wp-block-image size-large\"><img decoding=\"async\" src=\"https:\/\/site.educa.madrid.org\/cifp.federicamontseny.fuenlabrada\/\/wp-content\/uploads\/cifp.federicamontseny.fuenlabrada\/2025\/01\/QR-Plan-contra-las-drogas.jpg\" alt=\"\"\/><\/figure>\n\n\n\n<p>Se trata de un Buz\u00f3n an\u00f3nimo gestionado por la Unidad de convivencia y contra el acoso escolar a trav\u00e9s de la plataforma EducaMadrid.<br>El QR lleva a un formulario WEB, con un captcha, an\u00f3nimo y que garantiza la confidencialidad de los datos.<br>Autom\u00e1ticamente la Unidad de convivencia y contra el acoso escolar recibir\u00e1 el mensaje y podr\u00e1 actuar en consecuencia.<\/p>\n\n\n\n<p><\/p>\n\n\n\t\t\t<!-- Flexy Breadcrumb -->\n\t\t\t<div class=\"fbc fbc-page\">\n\n\t\t\t\t<!-- Breadcrumb wrapper -->\n\t\t\t\t<div class=\"fbc-wrap\">\n\n\t\t\t\t\t<!-- Ordered list-->\n\t\t\t\t\t<ol class=\"fbc-items\" itemscope itemtype=\"https:\/\/schema.org\/BreadcrumbList\">\n\t\t\t\t\t\t            <li itemprop=\"itemListElement\" itemscope itemtype=\"https:\/\/schema.org\/ListItem\">\n                <span itemprop=\"name\">\n                    <!-- Home Link -->\n                    <a itemprop=\"item\" href=\"https:\/\/site.educa.madrid.org\/cifp.federicamontseny.fuenlabrada\">\n                    \n                                                    <i class=\"fa fa fa-home\" aria-hidden=\"true\"><\/i>C.I.F.P. Federica Montseny                    <\/a>\n                <\/span>\n                <meta itemprop=\"position\" content=\"1\" \/><!-- Meta Position-->\n             <\/li><li><span class=\"fbc-separator\">\/<\/span><\/li><li class=\"active\" itemprop=\"itemListElement\" itemscope itemtype=\"https:\/\/schema.org\/ListItem\"><span itemprop=\"name\" title=\"Plan regional contra las drogas\">Plan regional contra las...<\/span><meta itemprop=\"position\" content=\"2\" \/><\/li>\t\t\t\t\t<\/ol>\n\t\t\t\t\t<div class=\"clearfix\"><\/div>\n\t\t\t\t<\/div>\n\t\t\t<\/div>\n\t\t\t\n","protected":false},"excerpt":{"rendered":"<p>El consumo de drogas es un grave problema con repercusiones, tanto en la persona que las consume, como en el conjunto de la sociedad. El gobierno regional afronta el desaf\u00edo de realizar una labor de car\u00e1cter social y preventiva, con la finalidad de eliminar o modificar los factores de riesgo y fomentar factores de protecci\u00f3n [&hellip;]<\/p>\n","protected":false},"author":3,"featured_media":0,"parent":1545,"menu_order":0,"comment_status":"closed","ping_status":"closed","template":"","meta":{"footnotes":""},"folder":[50],"class_list":["post-2616","page","type-page","status-publish","hentry"],"rttpg_featured_image_url":null,"rttpg_author":{"display_name":"cifp.federicamontseny.fuenlabrada","author_link":"https:\/\/site.educa.madrid.org\/cifp.federicamontseny.fuenlabrada\/index.php\/author\/cuenta_cifp-federicamontseny-fuenlabrada\/"},"rttpg_comment":0,"rttpg_category":" <a href=\"https:\/\/site.educa.madrid.org\/cifp.federicamontseny.fuenlabrada\/?taxonomy=folder&#038;term=principales-1702459475-3\" rel=\"tag\">Principales<\/a>","rttpg_excerpt":"El consumo de drogas es un grave problema con repercusiones, tanto en la persona que las consume, como en el conjunto de la sociedad. El gobierno regional afronta el desaf\u00edo de realizar una labor de car\u00e1cter social y preventiva, con la finalidad de eliminar o modificar los factores de riesgo y fomentar factores de protecci\u00f3n&hellip;","post_mailing_queue_ids":[],"_links":{"self":[{"href":"https:\/\/site.educa.madrid.org\/cifp.federicamontseny.fuenlabrada\/index.php\/wp-json\/wp\/v2\/pages\/2616","targetHints":{"allow":["GET"]}}],"collection":[{"href":"https:\/\/site.educa.madrid.org\/cifp.federicamontseny.fuenlabrada\/index.php\/wp-json\/wp\/v2\/pages"}],"about":[{"href":"https:\/\/site.educa.madrid.org\/cifp.federicamontseny.fuenlabrada\/index.php\/wp-json\/wp\/v2\/types\/page"}],"author":[{"embeddable":true,"href":"https:\/\/site.educa.madrid.org\/cifp.federicamontseny.fuenlabrada\/index.php\/wp-json\/wp\/v2\/users\/3"}],"replies":[{"embeddable":true,"href":"https:\/\/site.educa.madrid.org\/cifp.federicamontseny.fuenlabrada\/index.php\/wp-json\/wp\/v2\/comments?post=2616"}],"version-history":[{"count":8,"href":"https:\/\/site.educa.madrid.org\/cifp.federicamontseny.fuenlabrada\/index.php\/wp-json\/wp\/v2\/pages\/2616\/revisions"}],"predecessor-version":[{"id":2631,"href":"https:\/\/site.educa.madrid.org\/cifp.federicamontseny.fuenlabrada\/index.php\/wp-json\/wp\/v2\/pages\/2616\/revisions\/2631"}],"up":[{"embeddable":true,"href":"https:\/\/site.educa.madrid.org\/cifp.federicamontseny.fuenlabrada\/index.php\/wp-json\/wp\/v2\/pages\/1545"}],"wp:attachment":[{"href":"https:\/\/site.educa.madrid.org\/cifp.federicamontseny.fuenlabrada\/index.php\/wp-json\/wp\/v2\/media?parent=2616"}],"wp:term":[{"taxonomy":"folder","embeddable":true,"href":"https:\/\/site.educa.madrid.org\/cifp.federicamontseny.fuenlabrada\/index.php\/wp-json\/wp\/v2\/folder?post=2616"}],"curies":[{"name":"wp","href":"https:\/\/api.w.org\/{rel}","templated":true}]}}