{"id":3,"date":"2023-10-27T20:57:11","date_gmt":"2023-10-27T18:57:11","guid":{"rendered":"https:\/\/cifpfedericamontseny.es\/?page_id=3"},"modified":"2023-12-13T11:24:22","modified_gmt":"2023-12-13T10:24:22","slug":"politica-privacidad","status":"publish","type":"page","link":"https:\/\/site.educa.madrid.org\/cifp.federicamontseny.fuenlabrada\/index.php\/secretaria-2\/otros-tramites\/politica-privacidad\/","title":{"rendered":"Pol\u00edtica de privacidad y protecci\u00f3n de datos"},"content":{"rendered":"\n<h2 class=\"wp-block-heading\">Informaci\u00f3n sobre protecci\u00f3n de datos<\/h2>\n\n\n\n<p>Informaci\u00f3n sobre protecci\u00f3n de los datos de car\u00e1cter personal en las p\u00e1ginas web de los centros educativos p\u00fablicos de la Comunidad de Madrid, en cumplimiento de la normativa de Protecci\u00f3n de Datos Personales (Reglamento Europeo 2016\/679, de 27 de abril de 2016, de Protecci\u00f3n de Datos Personales y Ley Org\u00e1nica 3\/2018, de 5 de diciembre, de Protecci\u00f3n de Datos Personales y garant\u00eda de los derechos digitales.).<\/p>\n\n\n\n<figure class=\"wp-block-table\"><table><tbody><tr><th>RESPONSABLE<\/th><td>Responsables en funci\u00f3n del tipo de centro:<strong>Escuelas p\u00fablicas infantiles de gesti\u00f3n directa e indirecta, colegios p\u00fablicos de educaci\u00f3n infantil, primaria y especial:<\/strong><br>Direcci\u00f3n General de Educaci\u00f3n Infantil y Primaria<br>C\/ Alcal\u00e1, 30-32<br>C. P. 28013 (Madrid)<br><a href=\"mailto:dgeips.educacion@madrid.org\">dgeips.educacion@madrid.org<\/a><strong>Institutos de educaci\u00f3n secundaria y centros p\u00fablicos espec\u00edficos de formaci\u00f3n profesional y de ense\u00f1anzas de r\u00e9gimen especial, as\u00ed como centros de educaci\u00f3n de personas adultas:<\/strong><br>Direcci\u00f3n General de Educaci\u00f3n Secundaria, Formaci\u00f3n Profesional y R\u00e9gimen Especial<br>C\/ O&#8217;Donnell, 12<br>C. P. 28009 (Madrid)<br><a href=\"mailto:dg.formacionprofesional@madrid.org\">dg.formacionprofesional@madrid.org<\/a><\/td><\/tr><tr><th>DELEGADO DE PROTECCI\u00d3N DE DATOS<\/th><td><a href=\"mailto:protecciondatos.educacion@madrid.org\">protecciondatos.educacion@madrid.org<\/a><br><a href=\"https:\/\/dpd.educa2.madrid.org\/\">https:\/\/dpd.educa2.madrid.org<\/a><br>C\/ Alcal\u00e1, 32. Planta baja<br>C. P. 28014 (Madrid)<\/td><\/tr><tr><th>FINALIDAD<\/th><td>Los datos que se recojan para actividades extraescolares o similares se utilizar\u00e1n \u00fanicamente para una actividad concreta.Con car\u00e1cter general, los datos personales incorporados para cada actividad se conservar\u00e1n durante el tiempo que sea necesario para cumplir con la finalidad para la que se recabaron y para determinar las posibles responsabilidades que se pudieran derivar de dicha finalidad y del tratamiento de los datos.Los datos personales que figuren en los listados publicados estar\u00e1n expuestos durante el per\u00edodo estrictamente necesario y ser\u00e1 eliminados comprobando que no quedan indexados a ning\u00fan buscador o p\u00e1gina web.<\/td><\/tr><tr><th>LEGITIMACI\u00d3N<\/th><td>El centro docente y la Administraci\u00f3n educativa est\u00e1n legitimados para recabar y tratar los datos personales, conforme a lo dispuesto en art\u00edculo 6.1, letras c) y e) del Reglamento Europeo 2016\/679 de Protecci\u00f3n de Datos Personales.Cuando los alumnos hayan sido autorizados por sus tutores legales para participar en una actividad extraescolar o similar, el tratamiento de los datos es necesario para poder llevar a cabo dicha actividad.<\/td><\/tr><tr><th>DESTINATARIOS<\/th><td>No se realizan cesiones de datos personales salvo las que en su caso se establezcan por ley y a las empresas prestadoras del servicio correspondiente a la actividad extraescolar.<\/td><\/tr><tr><th>DERECHOS<\/th><td>Los participantes en los servicios o sus representantes legales pueden ejercitar, si lo desean, los&nbsp;<a href=\"https:\/\/www.comunidad.madrid\/sites\/default\/files\/doc\/presidencia\/ejercicio_de_derechos_en_web_protecciondatos_madrid.org_.pdf\">derechos de acceso y rectificaci\u00f3n de datos, as\u00ed como solicitar que se limite el tratamiento de sus datos personales u oponerse al mismo<\/a>, dentro de lo dispuesto en la normativa vigente, dirigiendo una solicitud al centro docente, o bien a la Direcci\u00f3n General responsable del tratamiento o al Delegado de Protecci\u00f3n de Datos de la Consejer\u00eda competente en materia de Educaci\u00f3n, por el registro (electr\u00f3nico o presencial) de la Comunidad de Madrid, rellenando el&nbsp;<a href=\"https:\/\/gestionesytramites.madrid.org\/cs\/Satellite?c=CM_ConvocaPrestac_FA&amp;cid=1354786662101&amp;language=es&amp;nombreVb=impresos&amp;op=PSAE_&amp;pagename=ICMFramework%2FComunes%2FLogica%2FICM_WrapperGetion&amp;tipoGestion=GFORM\">formulario<\/a>&nbsp;correspondiente y aportando la documentaci\u00f3n que considere oportuna.La calidad de profesor o alumno exige el tratamiento de sus datos durante todo el tiempo de permanencia en el mismo, por lo tanto, no podr\u00e1 ejercerse el derecho de oposici\u00f3n o limitaci\u00f3n hasta que se cause baja en el mismo.Adem\u00e1s, en caso de disconformidad con el tratamiento de los datos personales, podr\u00e1n interponer una reclamaci\u00f3n ante la Agencia Espa\u00f1ola de Protecci\u00f3n de Datos mediante escrito (C\/ Jorge Juan, 6, 28001-Madrid) o formulario en su Sede electr\u00f3nica:&nbsp;<a href=\"https:\/\/sedeagpd.gob.es\/\">https:\/\/sedeagpd.gob.es\/<\/a><\/td><\/tr><tr><th>M\u00c1S INFORMACI\u00d3N<\/th><td>Puede consultar, adicional y detalladamente, la informaci\u00f3n y normativa aplicable en materia de protecci\u00f3n de datos en la web de la Agencia Espa\u00f1ola de Protecci\u00f3n de Datos:&nbsp;<a href=\"https:\/\/www.aepd.es\/\">https:\/\/www.aepd.es\/<\/a>Adem\u00e1s, en la web de la Comunidad de Madrid (<a href=\"https:\/\/www.comunidad.madrid\/\">https:\/\/www.comunidad.madrid<\/a>), podr\u00e1 consultar diversos aspectos sobre la&nbsp;<a href=\"https:\/\/www.comunidad.madrid\/gobierno\/informacion-juridica-legislacion\/proteccion-datos\">protecci\u00f3n de datos<\/a>&nbsp;personales.<\/td><\/tr><\/tbody><\/table><figcaption class=\"wp-element-caption\">Protecci\u00f3n de datos<\/figcaption><\/figure>\n\n\n\t\t\t<!-- Flexy Breadcrumb -->\n\t\t\t<div class=\"fbc fbc-page\">\n\n\t\t\t\t<!-- Breadcrumb wrapper -->\n\t\t\t\t<div class=\"fbc-wrap\">\n\n\t\t\t\t\t<!-- Ordered list-->\n\t\t\t\t\t<ol class=\"fbc-items\" itemscope itemtype=\"https:\/\/schema.org\/BreadcrumbList\">\n\t\t\t\t\t\t            <li itemprop=\"itemListElement\" itemscope itemtype=\"https:\/\/schema.org\/ListItem\">\n                <span itemprop=\"name\">\n                    <!-- Home Link -->\n                    <a itemprop=\"item\" href=\"https:\/\/site.educa.madrid.org\/cifp.federicamontseny.fuenlabrada\">\n                    \n                                                    <i class=\"fa fa fa-home\" aria-hidden=\"true\"><\/i>C.I.F.P. Federica Montseny                    <\/a>\n                <\/span>\n                <meta itemprop=\"position\" content=\"1\" \/><!-- Meta Position-->\n             <\/li><li><span class=\"fbc-separator\">\/<\/span><\/li><li class=\"active\" itemprop=\"itemListElement\" itemscope itemtype=\"https:\/\/schema.org\/ListItem\"><span itemprop=\"name\" title=\"Pol\u00edtica de privacidad y protecci\u00f3n de datos\">Pol\u00edtica de privacidad y...<\/span><meta itemprop=\"position\" content=\"2\" \/><\/li>\t\t\t\t\t<\/ol>\n\t\t\t\t\t<div class=\"clearfix\"><\/div>\n\t\t\t\t<\/div>\n\t\t\t<\/div>\n\t\t\t\n","protected":false},"excerpt":{"rendered":"<p>Informaci\u00f3n sobre protecci\u00f3n de datos Informaci\u00f3n sobre protecci\u00f3n de los datos de car\u00e1cter personal en las p\u00e1ginas web de los centros educativos p\u00fablicos de la Comunidad de Madrid, en cumplimiento de la normativa de Protecci\u00f3n de Datos Personales (Reglamento Europeo 2016\/679, de 27 de abril de 2016, de Protecci\u00f3n de Datos Personales y Ley Org\u00e1nica [&hellip;]<\/p>\n","protected":false},"author":3,"featured_media":0,"parent":1177,"menu_order":0,"comment_status":"closed","ping_status":"closed","template":"","meta":{"footnotes":""},"folder":[50],"class_list":["post-3","page","type-page","status-publish","hentry"],"rttpg_featured_image_url":null,"rttpg_author":{"display_name":"cifp.federicamontseny.fuenlabrada","author_link":"https:\/\/site.educa.madrid.org\/cifp.federicamontseny.fuenlabrada\/index.php\/author\/cuenta_cifp-federicamontseny-fuenlabrada\/"},"rttpg_comment":0,"rttpg_category":" <a href=\"https:\/\/site.educa.madrid.org\/cifp.federicamontseny.fuenlabrada\/?taxonomy=folder&#038;term=principales-1702459475-3\" rel=\"tag\">Principales<\/a>","rttpg_excerpt":"Informaci\u00f3n sobre protecci\u00f3n de datos Informaci\u00f3n sobre protecci\u00f3n de los datos de car\u00e1cter personal en las p\u00e1ginas web de los centros educativos p\u00fablicos de la Comunidad de Madrid, en cumplimiento de la normativa de Protecci\u00f3n de Datos Personales (Reglamento Europeo 2016\/679, de 27 de abril de 2016, de Protecci\u00f3n de Datos Personales y Ley Org\u00e1nica&hellip;","post_mailing_queue_ids":[],"_links":{"self":[{"href":"https:\/\/site.educa.madrid.org\/cifp.federicamontseny.fuenlabrada\/index.php\/wp-json\/wp\/v2\/pages\/3","targetHints":{"allow":["GET"]}}],"collection":[{"href":"https:\/\/site.educa.madrid.org\/cifp.federicamontseny.fuenlabrada\/index.php\/wp-json\/wp\/v2\/pages"}],"about":[{"href":"https:\/\/site.educa.madrid.org\/cifp.federicamontseny.fuenlabrada\/index.php\/wp-json\/wp\/v2\/types\/page"}],"author":[{"embeddable":true,"href":"https:\/\/site.educa.madrid.org\/cifp.federicamontseny.fuenlabrada\/index.php\/wp-json\/wp\/v2\/users\/3"}],"replies":[{"embeddable":true,"href":"https:\/\/site.educa.madrid.org\/cifp.federicamontseny.fuenlabrada\/index.php\/wp-json\/wp\/v2\/comments?post=3"}],"version-history":[{"count":3,"href":"https:\/\/site.educa.madrid.org\/cifp.federicamontseny.fuenlabrada\/index.php\/wp-json\/wp\/v2\/pages\/3\/revisions"}],"predecessor-version":[{"id":1387,"href":"https:\/\/site.educa.madrid.org\/cifp.federicamontseny.fuenlabrada\/index.php\/wp-json\/wp\/v2\/pages\/3\/revisions\/1387"}],"up":[{"embeddable":true,"href":"https:\/\/site.educa.madrid.org\/cifp.federicamontseny.fuenlabrada\/index.php\/wp-json\/wp\/v2\/pages\/1177"}],"wp:attachment":[{"href":"https:\/\/site.educa.madrid.org\/cifp.federicamontseny.fuenlabrada\/index.php\/wp-json\/wp\/v2\/media?parent=3"}],"wp:term":[{"taxonomy":"folder","embeddable":true,"href":"https:\/\/site.educa.madrid.org\/cifp.federicamontseny.fuenlabrada\/index.php\/wp-json\/wp\/v2\/folder?post=3"}],"curies":[{"name":"wp","href":"https:\/\/api.w.org\/{rel}","templated":true}]}}