{"id":35,"date":"2023-10-27T23:23:18","date_gmt":"2023-10-27T21:23:18","guid":{"rendered":"https:\/\/cifpfedericamontseny.es\/?page_id=35"},"modified":"2025-11-13T08:34:10","modified_gmt":"2025-11-13T07:34:10","slug":"secretaria-2","status":"publish","type":"page","link":"https:\/\/site.educa.madrid.org\/cifp.federicamontseny.fuenlabrada\/index.php\/secretaria-2\/","title":{"rendered":"Secretar\u00eda"},"content":{"rendered":"\n<div class=\"wp-block-columns is-layout-flex wp-container-core-columns-is-layout-9d6595d7 wp-block-columns-is-layout-flex\">\n<div class=\"wp-block-column is-layout-flow wp-block-column-is-layout-flow\" style=\"flex-basis:66.66%\">\n<h2 class=\"wp-block-heading\">Gestiones:<\/h2>\n\n\n\n<ul class=\"wp-block-list\">\n<li><a href=\"https:\/\/site.educa.madrid.org\/cifp.federicamontseny.fuenlabrada\/index.php\/secretaria-2\/tramites-matricula\/\">Admisi\u00f3n y matr\u00edcula<\/a><\/li>\n\n\n\n<li><a href=\"https:\/\/site.educa.madrid.org\/cifp.federicamontseny.fuenlabrada\/index.php\/pago-de-tasas\/\" data-type=\"page\" data-id=\"1130\">Pago de tasas<\/a><\/li>\n\n\n\n<li><a href=\"https:\/\/site.educa.madrid.org\/cifp.federicamontseny.fuenlabrada\/index.php\/devolucion-de-tasas\/\" data-type=\"page\" data-id=\"1133\">Devoluci\u00f3n de tasas<\/a><\/li>\n\n\n\n<li><a href=\"https:\/\/site.educa.madrid.org\/cifp.federicamontseny.fuenlabrada\/index.php\/anulacion-de-matricula\/\" data-type=\"page\" data-id=\"1135\">Anulaci\u00f3n de matr\u00edcula<\/a><\/li>\n\n\n\n<li><a href=\"https:\/\/site.educa.madrid.org\/cifp.federicamontseny.fuenlabrada\/index.php\/politica-privacidad\/\" data-type=\"page\" data-id=\"3\">Protecci\u00f3n de datos<\/a><\/li>\n\n\n\n<li><a href=\"https:\/\/site.educa.madrid.org\/cifp.federicamontseny.fuenlabrada\/index.php\/renuncia-de-convocatorias\/\" data-type=\"page\" data-id=\"1137\">Renuncia a Convocatorias<\/a><\/li>\n\n\n\n<li><a href=\"https:\/\/site.educa.madrid.org\/cifp.federicamontseny.fuenlabrada\/index.php\/convalidaciones\/\" data-type=\"page\" data-id=\"1139\">Convalidaciones<\/a><\/li>\n\n\n\n<li><a href=\"https:\/\/site.educa.madrid.org\/cifp.federicamontseny.fuenlabrada\/index.php\/exencion-de-f-c-t\/\">Exenci\u00f3n de FFE<\/a><\/li>\n\n\n\n<li><a href=\"https:\/\/site.educa.madrid.org\/cifp.federicamontseny.fuenlabrada\/index.php\/aplazamiento-de-f-c-t\/\">Aplazamiento de FFE<\/a><\/li>\n\n\n\n<li><a href=\"https:\/\/site.educa.madrid.org\/cifp.federicamontseny.fuenlabrada\/index.php\/solicitud-de-titulo\/\" data-type=\"page\" data-id=\"1141\">Solicitud de T\u00edtulo<\/a><\/li>\n\n\n\n<li><a href=\"https:\/\/site.educa.madrid.org\/cifp.federicamontseny.fuenlabrada\/index.php\/secretaria-2\/tramites-matriculados\/solicitud_revision_reclamacion\/\">Solicitud de revisi\u00f3n o reclamaci\u00f3n de calificaciones<\/a><\/li>\n\n\n\n<li><a href=\"https:\/\/site.educa.madrid.org\/cifp.federicamontseny.fuenlabrada\/index.php\/becas\/\" data-type=\"page\" data-id=\"1149\">Becas<\/a><\/li>\n\n\n\n<li><a href=\"https:\/\/site.educa.madrid.org\/cifp.federicamontseny.fuenlabrada\/index.php\/pruebas-de-acceso-a-ciclos-formativos\/\" data-type=\"page\" data-id=\"1147\">Pruebas de acceso a Ciclos Formativos<\/a><\/li>\n\n\n\n<li><a href=\"https:\/\/site.educa.madrid.org\/cifp.federicamontseny.fuenlabrada\/index.php\/certificado-de-competencia-profesional-del-titulo-de-transporte-y-logistica\/\" data-type=\"page\" data-id=\"1151\">Certificado de competencia Profesional del T\u00edtulo de Transporte y Log\u00edstica<\/a><\/li>\n<\/ul>\n\n\n\n<p><\/p>\n<\/div>\n\n\n\n<div class=\"wp-block-column is-layout-flow wp-block-column-is-layout-flow\" style=\"flex-basis:33.33%\">\n<h2 class=\"wp-block-heading\">Horario de Secretar\u00eda (atenci\u00f3n al p\u00fablico)<\/h2>\n\n\n\n<h3 class=\"wp-block-heading\">Horario <\/h3>\n\n\n\n<p><strong>Ma\u00f1anas<\/strong>: Lunes a Viernes de 09:00 horas a 12:00 horas<\/p>\n\n\n\n<p><strong>Tardes<\/strong>: Lunes de 17:00 horas a 19:00 horas<\/p>\n\n\n\n<div style=\"height:50px\" aria-hidden=\"true\" class=\"wp-block-spacer\"><\/div>\n\n\n\n<p>Tambi\u00e9n se posible la atenci\u00f3n a trav\u00e9s del Chat de Teams en el usuario:<\/p>\n\n\n\n<p><strong><em>Secretar\u00eda I.E.S. Federica Montseny<\/em><\/strong><\/p>\n\n\n\n<p><\/p>\n<\/div>\n<\/div>\n\n\n\t\t\t<!-- Flexy Breadcrumb -->\n\t\t\t<div class=\"fbc fbc-page\">\n\n\t\t\t\t<!-- Breadcrumb wrapper -->\n\t\t\t\t<div class=\"fbc-wrap\">\n\n\t\t\t\t\t<!-- Ordered list-->\n\t\t\t\t\t<ol class=\"fbc-items\" itemscope itemtype=\"https:\/\/schema.org\/BreadcrumbList\">\n\t\t\t\t\t\t            <li itemprop=\"itemListElement\" itemscope itemtype=\"https:\/\/schema.org\/ListItem\">\n                <span itemprop=\"name\">\n                    <!-- Home Link -->\n                    <a itemprop=\"item\" href=\"https:\/\/site.educa.madrid.org\/cifp.federicamontseny.fuenlabrada\">\n                    \n                                                    <i class=\"fa fa fa-home\" aria-hidden=\"true\"><\/i>C.I.F.P. Federica Montseny                    <\/a>\n                <\/span>\n                <meta itemprop=\"position\" content=\"1\" \/><!-- Meta Position-->\n             <\/li><li><span class=\"fbc-separator\">\/<\/span><\/li><li class=\"active\" itemprop=\"itemListElement\" itemscope itemtype=\"https:\/\/schema.org\/ListItem\"><span itemprop=\"name\" title=\"Secretar\u00eda\">Secretar\u00eda<\/span><meta itemprop=\"position\" content=\"2\" \/><\/li>\t\t\t\t\t<\/ol>\n\t\t\t\t\t<div class=\"clearfix\"><\/div>\n\t\t\t\t<\/div>\n\t\t\t<\/div>\n\t\t\t\n","protected":false},"excerpt":{"rendered":"<p>Gestiones: Horario de Secretar\u00eda (atenci\u00f3n al p\u00fablico) Horario Ma\u00f1anas: Lunes a Viernes de 09:00 horas a 12:00 horas Tardes: Lunes de 17:00 horas a 19:00 horas Tambi\u00e9n se posible la atenci\u00f3n a trav\u00e9s del Chat de Teams en el usuario: Secretar\u00eda I.E.S. Federica Montseny<\/p>\n","protected":false},"author":3,"featured_media":0,"parent":0,"menu_order":0,"comment_status":"closed","ping_status":"closed","template":"","meta":{"footnotes":""},"folder":[18],"class_list":["post-35","page","type-page","status-publish","hentry"],"rttpg_featured_image_url":null,"rttpg_author":{"display_name":"cifp.federicamontseny.fuenlabrada","author_link":"https:\/\/site.educa.madrid.org\/cifp.federicamontseny.fuenlabrada\/index.php\/author\/cuenta_cifp-federicamontseny-fuenlabrada\/"},"rttpg_comment":0,"rttpg_category":" <a href=\"https:\/\/site.educa.madrid.org\/cifp.federicamontseny.fuenlabrada\/?taxonomy=folder&#038;term=secretaria-1701083573-3\" rel=\"tag\">Secretar\u00eda<\/a>","rttpg_excerpt":"Gestiones: Horario de Secretar\u00eda (atenci\u00f3n al p\u00fablico) Horario Ma\u00f1anas: Lunes a Viernes de 09:00 horas a 12:00 horas Tardes: Lunes de 17:00 horas a 19:00 horas Tambi\u00e9n se posible la atenci\u00f3n a trav\u00e9s del Chat de Teams en el usuario: Secretar\u00eda I.E.S. Federica Montseny","post_mailing_queue_ids":[],"_links":{"self":[{"href":"https:\/\/site.educa.madrid.org\/cifp.federicamontseny.fuenlabrada\/index.php\/wp-json\/wp\/v2\/pages\/35","targetHints":{"allow":["GET"]}}],"collection":[{"href":"https:\/\/site.educa.madrid.org\/cifp.federicamontseny.fuenlabrada\/index.php\/wp-json\/wp\/v2\/pages"}],"about":[{"href":"https:\/\/site.educa.madrid.org\/cifp.federicamontseny.fuenlabrada\/index.php\/wp-json\/wp\/v2\/types\/page"}],"author":[{"embeddable":true,"href":"https:\/\/site.educa.madrid.org\/cifp.federicamontseny.fuenlabrada\/index.php\/wp-json\/wp\/v2\/users\/3"}],"replies":[{"embeddable":true,"href":"https:\/\/site.educa.madrid.org\/cifp.federicamontseny.fuenlabrada\/index.php\/wp-json\/wp\/v2\/comments?post=35"}],"version-history":[{"count":16,"href":"https:\/\/site.educa.madrid.org\/cifp.federicamontseny.fuenlabrada\/index.php\/wp-json\/wp\/v2\/pages\/35\/revisions"}],"predecessor-version":[{"id":3582,"href":"https:\/\/site.educa.madrid.org\/cifp.federicamontseny.fuenlabrada\/index.php\/wp-json\/wp\/v2\/pages\/35\/revisions\/3582"}],"wp:attachment":[{"href":"https:\/\/site.educa.madrid.org\/cifp.federicamontseny.fuenlabrada\/index.php\/wp-json\/wp\/v2\/media?parent=35"}],"wp:term":[{"taxonomy":"folder","embeddable":true,"href":"https:\/\/site.educa.madrid.org\/cifp.federicamontseny.fuenlabrada\/index.php\/wp-json\/wp\/v2\/folder?post=35"}],"curies":[{"name":"wp","href":"https:\/\/api.w.org\/{rel}","templated":true}]}}