{"id":861,"date":"2023-12-03T10:41:50","date_gmt":"2023-12-03T09:41:50","guid":{"rendered":"https:\/\/site.educa.madrid.org\/cifp.federicamontseny.fuenlabrada\/?page_id=861"},"modified":"2025-02-19T09:51:06","modified_gmt":"2025-02-19T08:51:06","slug":"contacto-nuevos-profesores","status":"publish","type":"page","link":"https:\/\/site.educa.madrid.org\/cifp.federicamontseny.fuenlabrada\/index.php\/contactanos\/contacto-nuevos-profesores\/","title":{"rendered":"Contacto nuevos profesores"},"content":{"rendered":"\n<p><a href=\"https:\/\/site.educa.madrid.org\/cifp.federicamontseny.fuenlabrada\/index.php\/politica-privacidad\/\" data-type=\"page\" data-id=\"3\" target=\"_blank\" rel=\"noreferrer noopener\">Pol\u00edtica de protecci\u00f3n de datos<\/a><\/p>\n\n\n\n<div class=\"wp-block-contact-form-7-contact-form-selector\">\n<div class=\"wpcf7 no-js\" id=\"wpcf7-f854-o1\" lang=\"es-ES\" dir=\"ltr\">\n<div class=\"screen-reader-response\"><p role=\"status\" aria-live=\"polite\" aria-atomic=\"true\"><\/p> <ul><\/ul><\/div>\n<form action=\"\/cifp.federicamontseny.fuenlabrada\/index.php\/wp-json\/wp\/v2\/pages\/861#wpcf7-f854-o1\" method=\"post\" class=\"wpcf7-form init\" aria-label=\"Formulario de contacto\" novalidate=\"novalidate\" data-status=\"init\">\n<div style=\"display: none;\">\n<input type=\"hidden\" name=\"_wpcf7\" value=\"854\" \/>\n<input type=\"hidden\" name=\"_wpcf7_version\" value=\"5.9.7\" \/>\n<input type=\"hidden\" name=\"_wpcf7_locale\" value=\"es_ES\" \/>\n<input type=\"hidden\" name=\"_wpcf7_unit_tag\" value=\"wpcf7-f854-o1\" \/>\n<input type=\"hidden\" name=\"_wpcf7_container_post\" value=\"0\" \/>\n<input type=\"hidden\" name=\"_wpcf7_posted_data_hash\" value=\"\" \/>\n<\/div>\n<p><label> Nombre profesor<br \/>\n<span class=\"wpcf7-form-control-wrap\" data-name=\"Nombre-profesor\"><input size=\"40\" maxlength=\"400\" class=\"wpcf7-form-control wpcf7-text wpcf7-validates-as-required\" autocomplete=\"nombreprofesor\" aria-required=\"true\" aria-invalid=\"false\" value=\"\" type=\"text\" name=\"Nombre-profesor\" \/><\/span> <\/label>\n<\/p>\n<p><label> Apellidos profesor<br \/>\n<span class=\"wpcf7-form-control-wrap\" data-name=\"Apellidos-profesor\"><input size=\"40\" maxlength=\"400\" class=\"wpcf7-form-control wpcf7-text wpcf7-validates-as-required\" autocomplete=\"apellidosprofesor\" aria-required=\"true\" aria-invalid=\"false\" value=\"\" type=\"text\" name=\"Apellidos-profesor\" \/><\/span> <\/label>\n<\/p>\n<p>Fecha nacimiento<br \/>\n<span class=\"wpcf7-form-control-wrap\" data-name=\"Fechanacimiento\"><input class=\"wpcf7-form-control wpcf7-date wpcf7-validates-as-date\" min=\"1949-12-26\" max=\"2020-12-31\" aria-invalid=\"false\" value=\"\" type=\"date\" name=\"Fechanacimiento\" \/><\/span>\n<\/p>\n<p><label> NIF<br \/>\n<span class=\"wpcf7-form-control-wrap\" data-name=\"NIF\"><input size=\"40\" maxlength=\"400\" class=\"wpcf7-form-control wpcf7-text wpcf7-validates-as-required\" aria-required=\"true\" aria-invalid=\"false\" value=\"\" type=\"text\" name=\"NIF\" \/><\/span> <\/label>\n<\/p>\n<p>Fecha de incorporaci\u00f3n<br \/>\n<span class=\"wpcf7-form-control-wrap\" data-name=\"Fechaincorporacion\"><input class=\"wpcf7-form-control wpcf7-date wpcf7-validates-as-date\" min=\"1949-12-26\" max=\"2040-12-31\" aria-invalid=\"false\" value=\"\" type=\"date\" name=\"Fechaincorporacion\" \/><\/span>\n<\/p>\n<p>Especialidad<br \/>\n<span class=\"wpcf7-form-control-wrap\" data-name=\"Especialidad\"><select class=\"wpcf7-form-control wpcf7-select\" aria-invalid=\"false\" name=\"Especialidad\"><option value=\"\">&#8212;Por favor, elige una opci\u00f3n&#8212;<\/option><option value=\"ADMINISTRACION Y FINANZAS\">ADMINISTRACION Y FINANZAS<\/option><option value=\"PROCESOS DE GESTI\u00d3N ADMINISTRATIVA\">PROCESOS DE GESTI\u00d3N ADMINISTRATIVA<\/option><option value=\"ORGANIZACI\u00d3N Y GESTI\u00d3N COMERCIAL\">ORGANIZACI\u00d3N Y GESTI\u00d3N COMERCIAL<\/option><option value=\"PROCESOS COMERCIALES\">PROCESOS COMERCIALES<\/option><option value=\"INFORM\u00c1TICA\">INFORM\u00c1TICA<\/option><option value=\"SISTEMAS Y APLICACIONES INFORM\u00c1TICAS\">SISTEMAS Y APLICACIONES INFORM\u00c1TICAS<\/option><option value=\"INGL\u00c9S\">INGL\u00c9S<\/option><option value=\"FOL\">FOL<\/option><option value=\"ORIENTACI\u00d3N (MATEMATICAS_LENGUA_EDUCACI\u00d3N F\u00cdSICA_ORIENTACI\u00d3N)\">ORIENTACI\u00d3N (MATEMATICAS_LENGUA_EDUCACI\u00d3N F\u00cdSICA_ORIENTACI\u00d3N)<\/option><\/select><\/span>\n<\/p>\n<p><label> Titulaci\u00f3n<br \/>\n<span class=\"wpcf7-form-control-wrap\" data-name=\"Titulacion\"><input size=\"40\" maxlength=\"400\" class=\"wpcf7-form-control wpcf7-text wpcf7-validates-as-required\" aria-required=\"true\" aria-invalid=\"false\" value=\"\" type=\"text\" name=\"Titulacion\" \/><\/span> <\/label>\n<\/p>\n<p><label> Centro en el curso anterior<br \/>\n<span class=\"wpcf7-form-control-wrap\" data-name=\"CENTROENELCURSOANTERIOR\"><input size=\"40\" maxlength=\"400\" class=\"wpcf7-form-control wpcf7-text\" aria-invalid=\"false\" value=\"\" type=\"text\" name=\"CENTROENELCURSOANTERIOR\" \/><\/span> <\/label>\n<\/p>\n<p>Jornada laboral<br \/>\n<span class=\"wpcf7-form-control-wrap\" data-name=\"Jornada\"><span class=\"wpcf7-form-control wpcf7-checkbox\"><span class=\"wpcf7-list-item first\"><label><span class=\"wpcf7-list-item-label\">COMPLETA<\/span><input type=\"checkbox\" name=\"Jornada[]\" value=\"COMPLETA\" \/><\/label><\/span><span class=\"wpcf7-list-item\"><label><span class=\"wpcf7-list-item-label\">PARCIAL<\/span><input type=\"checkbox\" name=\"Jornada[]\" value=\"PARCIAL\" \/><\/label><\/span><span class=\"wpcf7-list-item last\"><label><span class=\"wpcf7-list-item-label\">DOS TERCIOS<\/span><input type=\"checkbox\" name=\"Jornada[]\" value=\"DOS TERCIOS\" \/><\/label><\/span><\/span><\/span>\n<\/p>\n<p><label> Sustituye a<br \/>\n<span class=\"wpcf7-form-control-wrap\" data-name=\"Sustituyea\"><input size=\"40\" maxlength=\"400\" class=\"wpcf7-form-control wpcf7-text\" aria-invalid=\"false\" value=\"\" type=\"text\" name=\"Sustituyea\" \/><\/span> <\/label>\n<\/p>\n<p><label> Localidad domicilio del profesor-a<br \/>\n<span class=\"wpcf7-form-control-wrap\" data-name=\"DOMICILIODELPROFESORADSOLOLOCALIDADCP\"><input size=\"40\" maxlength=\"400\" class=\"wpcf7-form-control wpcf7-text\" aria-invalid=\"false\" value=\"\" type=\"text\" name=\"DOMICILIODELPROFESORADSOLOLOCALIDADCP\" \/><\/span> <\/label>\n<\/p>\n<p><label> Provincia<br \/>\n<span class=\"wpcf7-form-control-wrap\" data-name=\"Provincia\"><input size=\"40\" maxlength=\"400\" class=\"wpcf7-form-control wpcf7-text\" aria-invalid=\"false\" value=\"\" type=\"text\" name=\"Provincia\" \/><\/span> <\/label>\n<\/p>\n<p><label> Calle, avda, n\u00famero, piso<br \/>\n<span class=\"wpcf7-form-control-wrap\" data-name=\"Calleavdanumeropiso\"><input size=\"40\" maxlength=\"400\" class=\"wpcf7-form-control wpcf7-text\" aria-invalid=\"false\" value=\"\" type=\"text\" name=\"Calleavdanumeropiso\" \/><\/span> <\/label>\n<\/p>\n<p><label> Tel\u00e9fono fijo<br \/>\n<span class=\"wpcf7-form-control-wrap\" data-name=\"telefonofijo\"><input size=\"40\" maxlength=\"400\" class=\"wpcf7-form-control wpcf7-tel wpcf7-text wpcf7-validates-as-tel\" aria-invalid=\"false\" value=\"\" type=\"tel\" name=\"telefonofijo\" \/><\/span> <\/label>\n<\/p>\n<p><label> Tel\u00e9fono m\u00f3vil<br \/>\n<span class=\"wpcf7-form-control-wrap\" data-name=\"telefonomovil\"><input size=\"40\" maxlength=\"400\" class=\"wpcf7-form-control wpcf7-tel wpcf7-text wpcf7-validates-as-tel\" aria-invalid=\"false\" value=\"\" type=\"tel\" name=\"telefonomovil\" \/><\/span> <\/label>\n<\/p>\n<p><label> Correo diferente al de Educamadrid<br \/>\n<span class=\"wpcf7-form-control-wrap\" data-name=\"CorreodiferentealdeEducamadrid\"><input size=\"40\" maxlength=\"400\" class=\"wpcf7-form-control wpcf7-email wpcf7-text wpcf7-validates-as-email\" aria-invalid=\"false\" value=\"\" type=\"email\" name=\"CorreodiferentealdeEducamadrid\" \/><\/span> <\/label>\n<\/p>\n<p><label> Correo Educamadrid<br \/>\n<span class=\"wpcf7-form-control-wrap\" data-name=\"CorreoEducamadrid\"><input size=\"40\" maxlength=\"400\" class=\"wpcf7-form-control wpcf7-email wpcf7-text wpcf7-validates-as-email\" aria-invalid=\"false\" value=\"\" type=\"email\" name=\"CorreoEducamadrid\" \/><\/span> <\/label>\n<\/p>\n<p class=\"aiowps-captcha hide-when-displaying-tfa-input\"><label for=\"aiowps-captcha-answer\">Por favor, introduce una respuesta en d\u00edgitos:<\/label>\n<\/p>\n<div class=\"aiowps-captcha-equation hide-when-displaying-tfa-input\">\n\t<p><strong>doce &#43; 8 = <input type=\"hidden\" name=\"aiowps-captcha-string-info\" class=\"aiowps-captcha-string-info\" value=\"x4jqah9cf5\" \/><input type=\"hidden\" name=\"aiowps-captcha-temp-string\" class=\"aiowps-captcha-temp-string\" value=\"1778598197\" \/><input type=\"text\" size=\"2\" class=\"aiowps-captcha-answer\" name=\"aiowps-captcha-answer\" value=\"\" autocomplete=\"off\" \/><\/strong>\n\t<\/p>\n<\/div>\n<p><span class='wpcf7-form-control-wrap' data-name='aiowps-captcha'><\/span><input class=\"wpcf7-form-control wpcf7-submit has-spinner\" type=\"submit\" value=\"Enviar\" \/>\n<\/p><p style=\"display: none !important;\" class=\"akismet-fields-container\" data-prefix=\"_wpcf7_ak_\"><label>&#916;<textarea name=\"_wpcf7_ak_hp_textarea\" cols=\"45\" rows=\"8\" maxlength=\"100\"><\/textarea><\/label><input type=\"hidden\" id=\"ak_js_1\" name=\"_wpcf7_ak_js\" value=\"231\"\/><script>document.getElementById( \"ak_js_1\" ).setAttribute( \"value\", ( new Date() ).getTime() );<\/script><\/p><div class=\"wpcf7-response-output\" aria-hidden=\"true\"><\/div>\n<\/form>\n<\/div>\n<\/div>\n\n\n\n<p>ATENCI\u00d3N: Si, por problemas t\u00e9cnicos externos, no se env\u00eda su formulario, por favor utilice el correo cifp.federicamontseny.fuenlabrada@educa.madrid.org para remitirnos la misma informaci\u00f3n del formulario. Disculpen.<\/p>\n\n\n\t\t\t<!-- Flexy Breadcrumb -->\n\t\t\t<div class=\"fbc fbc-page\">\n\n\t\t\t\t<!-- Breadcrumb wrapper -->\n\t\t\t\t<div class=\"fbc-wrap\">\n\n\t\t\t\t\t<!-- Ordered list-->\n\t\t\t\t\t<ol class=\"fbc-items\" itemscope itemtype=\"https:\/\/schema.org\/BreadcrumbList\">\n\t\t\t\t\t\t            <li itemprop=\"itemListElement\" itemscope itemtype=\"https:\/\/schema.org\/ListItem\">\n                <span itemprop=\"name\">\n                    <!-- Home Link -->\n                    <a itemprop=\"item\" href=\"https:\/\/site.educa.madrid.org\/cifp.federicamontseny.fuenlabrada\">\n                    \n                                                    <i class=\"fa fa fa-home\" aria-hidden=\"true\"><\/i>C.I.F.P. Federica Montseny                    <\/a>\n                <\/span>\n                <meta itemprop=\"position\" content=\"1\" \/><!-- Meta Position-->\n             <\/li><li><span class=\"fbc-separator\">\/<\/span><\/li><li class=\"active\" itemprop=\"itemListElement\" itemscope itemtype=\"https:\/\/schema.org\/ListItem\"><span itemprop=\"name\" title=\"Contacto nuevos profesores\">Contacto nuevos profesores<\/span><meta itemprop=\"position\" content=\"2\" \/><\/li>\t\t\t\t\t<\/ol>\n\t\t\t\t\t<div class=\"clearfix\"><\/div>\n\t\t\t\t<\/div>\n\t\t\t<\/div>\n\t\t\t\n","protected":false},"excerpt":{"rendered":"<p>Pol\u00edtica de protecci\u00f3n de datos ATENCI\u00d3N: Si, por problemas t\u00e9cnicos externos, no se env\u00eda su formulario, por favor utilice el correo cifp.federicamontseny.fuenlabrada@educa.madrid.org para remitirnos la misma informaci\u00f3n del formulario. Disculpen.<\/p>\n","protected":false},"author":3,"featured_media":0,"parent":26,"menu_order":0,"comment_status":"closed","ping_status":"closed","template":"","meta":{"footnotes":""},"folder":[19],"class_list":["post-861","page","type-page","status-publish","hentry"],"rttpg_featured_image_url":null,"rttpg_author":{"display_name":"cifp.federicamontseny.fuenlabrada","author_link":"https:\/\/site.educa.madrid.org\/cifp.federicamontseny.fuenlabrada\/index.php\/author\/cuenta_cifp-federicamontseny-fuenlabrada\/"},"rttpg_comment":0,"rttpg_category":" <a href=\"https:\/\/site.educa.madrid.org\/cifp.federicamontseny.fuenlabrada\/?taxonomy=folder&#038;term=otros-1701083593-3\" rel=\"tag\">Otros<\/a>","rttpg_excerpt":"Pol\u00edtica de protecci\u00f3n de datos ATENCI\u00d3N: Si, por problemas t\u00e9cnicos externos, no se env\u00eda su formulario, por favor utilice el correo cifp.federicamontseny.fuenlabrada@educa.madrid.org para remitirnos la misma informaci\u00f3n del formulario. Disculpen.","post_mailing_queue_ids":[],"_links":{"self":[{"href":"https:\/\/site.educa.madrid.org\/cifp.federicamontseny.fuenlabrada\/index.php\/wp-json\/wp\/v2\/pages\/861","targetHints":{"allow":["GET"]}}],"collection":[{"href":"https:\/\/site.educa.madrid.org\/cifp.federicamontseny.fuenlabrada\/index.php\/wp-json\/wp\/v2\/pages"}],"about":[{"href":"https:\/\/site.educa.madrid.org\/cifp.federicamontseny.fuenlabrada\/index.php\/wp-json\/wp\/v2\/types\/page"}],"author":[{"embeddable":true,"href":"https:\/\/site.educa.madrid.org\/cifp.federicamontseny.fuenlabrada\/index.php\/wp-json\/wp\/v2\/users\/3"}],"replies":[{"embeddable":true,"href":"https:\/\/site.educa.madrid.org\/cifp.federicamontseny.fuenlabrada\/index.php\/wp-json\/wp\/v2\/comments?post=861"}],"version-history":[{"count":8,"href":"https:\/\/site.educa.madrid.org\/cifp.federicamontseny.fuenlabrada\/index.php\/wp-json\/wp\/v2\/pages\/861\/revisions"}],"predecessor-version":[{"id":2657,"href":"https:\/\/site.educa.madrid.org\/cifp.federicamontseny.fuenlabrada\/index.php\/wp-json\/wp\/v2\/pages\/861\/revisions\/2657"}],"up":[{"embeddable":true,"href":"https:\/\/site.educa.madrid.org\/cifp.federicamontseny.fuenlabrada\/index.php\/wp-json\/wp\/v2\/pages\/26"}],"wp:attachment":[{"href":"https:\/\/site.educa.madrid.org\/cifp.federicamontseny.fuenlabrada\/index.php\/wp-json\/wp\/v2\/media?parent=861"}],"wp:term":[{"taxonomy":"folder","embeddable":true,"href":"https:\/\/site.educa.madrid.org\/cifp.federicamontseny.fuenlabrada\/index.php\/wp-json\/wp\/v2\/folder?post=861"}],"curies":[{"name":"wp","href":"https:\/\/api.w.org\/{rel}","templated":true}]}}