{"id":866,"date":"2023-12-03T10:42:47","date_gmt":"2023-12-03T09:42:47","guid":{"rendered":"https:\/\/site.educa.madrid.org\/cifp.federicamontseny.fuenlabrada\/?page_id=866"},"modified":"2025-02-19T09:49:16","modified_gmt":"2025-02-19T08:49:16","slug":"contacto-empresas-para-bolsa-de-empleo","status":"publish","type":"page","link":"https:\/\/site.educa.madrid.org\/cifp.federicamontseny.fuenlabrada\/index.php\/f-c-t\/contacto-empresas-para-bolsa-de-empleo\/","title":{"rendered":"Bolsa de empleo empresas"},"content":{"rendered":"\n<p>El IES&nbsp;&nbsp;FEDERICA MONTSENY &nbsp;cuenta con los servicios de una bolsa de empleo coordinada por los responsables de FCT&nbsp; (Jefatura de estudios adjunta)<\/p>\n\n\n\n<p>Ofrecemos a las empresas interesadas una amplia bolsa de empleo integrada por personas que han estudiado en nuestro centro, los cuales cuentan con diversos perfiles laborales y profesionales.<\/p>\n\n\n\n<p>Tratamos de facilitar el contacto entre las empresas colaboradoras y nuestros graduados, cualificados y t\u00e9cnicos formados, dispuestos a incorporarse al mercado laboral.<\/p>\n\n\n\n<p>De este modo, las ofertas de empleo remitidas ser\u00e1n enviadas a nuestros alumnos seg\u00fan el perfil solicitado, quienes se pondr\u00e1n en contacto con la empresa.<\/p>\n\n\n\n<p>Los objetivos de la bolsa de empleo son:<\/p>\n\n\n\n<ul class=\"wp-block-list\">\n<li>Facilitar la inserci\u00f3n laboral de los alumnos del centro.<\/li>\n\n\n\n<li>Gestionar contacto entre alumnos y empresas relacionadas con las familias profesionales<\/li>\n<\/ul>\n\n\n\n<p>Los servicios que presta la bolsa de empleo son:<\/p>\n\n\n\n<ol class=\"wp-block-list\">\n<li>Los alumnos son incluidos, si as\u00ed lo desean, en la base de datos de la bolsa de empleo.<\/li>\n\n\n\n<li>Las ofertas de empleo son enviadas a los alumnos.<\/li>\n\n\n\n<li>Los procesos de selecci\u00f3n siempre ser\u00e1n realizados por las empresas.<\/li>\n\n\n\n<li>Es un servicio por parte del instituto sin \u00e1nimo de lucro y en el que no se asumen ninguna responsabilidad sobre la oferta de trabajo, relaci\u00f3n laboral, etcLas empresas agradecen y valoraran muy positivamente este servicio, confiando en el conocimiento de los perfiles de alumnos por parte del profesorado sin ser por parte del centro un proceso de selecci\u00f3n de personal.<\/li>\n<\/ol>\n\n\n\n<p>Las empresas que deseen solicitar ofertas de empleo deber\u00e1n rellenar el siguiente formulario:<\/p>\n\n\n\n<p><a rel=\"noreferrer noopener\" href=\"https:\/\/site.educa.madrid.org\/cifp.federicamontseny.fuenlabrada\/index.php\/politica-privacidad\/\" data-type=\"page\" data-id=\"3\" target=\"_blank\">Pol\u00edtica de protecci\u00f3n de datos<\/a><\/p>\n\n\n\n<div class=\"wp-block-contact-form-7-contact-form-selector\">\n<div class=\"wpcf7 no-js\" id=\"wpcf7-f920-o1\" lang=\"es-ES\" dir=\"ltr\">\n<div class=\"screen-reader-response\"><p role=\"status\" aria-live=\"polite\" aria-atomic=\"true\"><\/p> <ul><\/ul><\/div>\n<form action=\"\/cifp.federicamontseny.fuenlabrada\/index.php\/wp-json\/wp\/v2\/pages\/866#wpcf7-f920-o1\" method=\"post\" class=\"wpcf7-form init\" aria-label=\"Formulario de contacto\" novalidate=\"novalidate\" data-status=\"init\">\n<div style=\"display: none;\">\n<input type=\"hidden\" name=\"_wpcf7\" value=\"920\" \/>\n<input type=\"hidden\" name=\"_wpcf7_version\" value=\"5.9.7\" \/>\n<input type=\"hidden\" name=\"_wpcf7_locale\" value=\"es_ES\" \/>\n<input type=\"hidden\" name=\"_wpcf7_unit_tag\" value=\"wpcf7-f920-o1\" \/>\n<input type=\"hidden\" name=\"_wpcf7_container_post\" value=\"0\" \/>\n<input type=\"hidden\" name=\"_wpcf7_posted_data_hash\" value=\"\" \/>\n<\/div>\n<p><label> Nombre o raz\u00f3n social de la empresa<br \/>\n<span class=\"wpcf7-form-control-wrap\" data-name=\"Nombreempresa\"><input size=\"40\" maxlength=\"400\" class=\"wpcf7-form-control wpcf7-text wpcf7-validates-as-required\" autocomplete=\"name\" aria-required=\"true\" aria-invalid=\"false\" value=\"\" type=\"text\" name=\"Nombreempresa\" \/><\/span> <\/label>\n<\/p>\n<p>Especialidades solicitadas:<br \/>\n<span class=\"wpcf7-form-control-wrap\" data-name=\"Especialidadessolicitadas\"><select class=\"wpcf7-form-control wpcf7-select\" aria-invalid=\"false\" multiple=\"multiple\" name=\"Especialidadessolicitadas[]\"><option value=\"Administraci\u00f3n\">Administraci\u00f3n<\/option><option value=\"Comercio\">Comercio<\/option><option value=\"Inform\u00e1tica\">Inform\u00e1tica<\/option><\/select><\/span>\n<\/p>\n<p>Nivel de estudios que requiere:<br \/>\n<span class=\"wpcf7-form-control-wrap\" data-name=\"Niveldeestudios\"><select class=\"wpcf7-form-control wpcf7-select\" aria-invalid=\"false\" multiple=\"multiple\" name=\"Niveldeestudios[]\"><option value=\"Grado Basico\">Grado Basico<\/option><option value=\"Grado Medio\">Grado Medio<\/option><option value=\"Grado Superior\">Grado Superior<\/option><\/select><\/span>\n<\/p>\n<p>N\u00famero de puestos a cubrir:<br \/>\n<span class=\"wpcf7-form-control-wrap\" data-name=\"Numeropuestos\"><input class=\"wpcf7-form-control wpcf7-number wpcf7-validates-as-number\" min=\"0\" max=\"100\" aria-invalid=\"false\" value=\"1\" type=\"number\" name=\"Numeropuestos\" \/><\/span>\n<\/p>\n<p>POBLACI\u00d3N\/LOCALIDAD\/CP<br \/>\n<span class=\"wpcf7-form-control-wrap\" data-name=\"POBLACINLOCALIDADCP\"><input size=\"40\" maxlength=\"400\" class=\"wpcf7-form-control wpcf7-text\" aria-invalid=\"false\" value=\"\" type=\"text\" name=\"POBLACINLOCALIDADCP\" \/><\/span>\n<\/p>\n<p>Tel\u00e9fono:<br \/>\n<span class=\"wpcf7-form-control-wrap\" data-name=\"Telefono\"><input size=\"40\" maxlength=\"400\" class=\"wpcf7-form-control wpcf7-tel wpcf7-text wpcf7-validates-as-tel\" aria-invalid=\"false\" value=\"\" type=\"tel\" name=\"Telefono\" \/><\/span>\n<\/p>\n<p><label> Correo electr\u00f3nico<br \/>\n<span class=\"wpcf7-form-control-wrap\" data-name=\"your-email\"><input size=\"40\" maxlength=\"400\" class=\"wpcf7-form-control wpcf7-email wpcf7-validates-as-required wpcf7-text wpcf7-validates-as-email\" autocomplete=\"email\" aria-required=\"true\" aria-invalid=\"false\" value=\"\" type=\"email\" name=\"your-email\" \/><\/span> <\/label>\n<\/p>\n<p>Persona de Contacto:<br \/>\n<span class=\"wpcf7-form-control-wrap\" data-name=\"Personadecontacto\"><input size=\"40\" maxlength=\"400\" class=\"wpcf7-form-control wpcf7-text\" aria-invalid=\"false\" value=\"\" type=\"text\" name=\"Personadecontacto\" \/><\/span>\n<\/p>\n<p><label> Tu mensaje<br \/>\n<span class=\"wpcf7-form-control-wrap\" data-name=\"your-message\"><textarea cols=\"40\" rows=\"10\" maxlength=\"2000\" class=\"wpcf7-form-control wpcf7-textarea\" aria-invalid=\"false\" name=\"your-message\"><\/textarea><\/span> <\/label>\n<\/p>\n<p class=\"aiowps-captcha hide-when-displaying-tfa-input\"><label for=\"aiowps-captcha-answer\">Por favor, introduce una respuesta en d\u00edgitos:<\/label>\n<\/p>\n<div class=\"aiowps-captcha-equation hide-when-displaying-tfa-input\">\n\t<p><strong>4 &#215; 1 = <input type=\"hidden\" name=\"aiowps-captcha-string-info\" class=\"aiowps-captcha-string-info\" value=\"b7078wi8wf\" \/><input type=\"hidden\" name=\"aiowps-captcha-temp-string\" class=\"aiowps-captcha-temp-string\" value=\"1778598163\" \/><input type=\"text\" size=\"2\" class=\"aiowps-captcha-answer\" name=\"aiowps-captcha-answer\" value=\"\" autocomplete=\"off\" \/><\/strong>\n\t<\/p>\n<\/div>\n<p><span class='wpcf7-form-control-wrap' data-name='aiowps-captcha'><\/span><input class=\"wpcf7-form-control wpcf7-submit has-spinner\" type=\"submit\" value=\"Enviar\" \/>\n<\/p><p style=\"display: none !important;\" class=\"akismet-fields-container\" data-prefix=\"_wpcf7_ak_\"><label>&#916;<textarea name=\"_wpcf7_ak_hp_textarea\" cols=\"45\" rows=\"8\" maxlength=\"100\"><\/textarea><\/label><input type=\"hidden\" id=\"ak_js_1\" name=\"_wpcf7_ak_js\" value=\"5\"\/><script>document.getElementById( \"ak_js_1\" ).setAttribute( \"value\", ( new Date() ).getTime() );<\/script><\/p><div class=\"wpcf7-response-output\" aria-hidden=\"true\"><\/div>\n<\/form>\n<\/div>\n<\/div>\n\n\n\n<p>ATENCI\u00d3N: Si, por problemas t\u00e9cnicos externos, no se env\u00eda su formulario, por favor utilice el correo cifp.federicamontseny.fuenlabrada@educa.madrid.org para remitirnos la misma informaci\u00f3n del formulario. Disculpen.<\/p>\n\n\n\t\t\t<!-- Flexy Breadcrumb -->\n\t\t\t<div class=\"fbc fbc-page\">\n\n\t\t\t\t<!-- Breadcrumb wrapper -->\n\t\t\t\t<div class=\"fbc-wrap\">\n\n\t\t\t\t\t<!-- Ordered list-->\n\t\t\t\t\t<ol class=\"fbc-items\" itemscope itemtype=\"https:\/\/schema.org\/BreadcrumbList\">\n\t\t\t\t\t\t            <li itemprop=\"itemListElement\" itemscope itemtype=\"https:\/\/schema.org\/ListItem\">\n                <span itemprop=\"name\">\n                    <!-- Home Link -->\n                    <a itemprop=\"item\" href=\"https:\/\/site.educa.madrid.org\/cifp.federicamontseny.fuenlabrada\">\n                    \n                                                    <i class=\"fa fa fa-home\" aria-hidden=\"true\"><\/i>C.I.F.P. Federica Montseny                    <\/a>\n                <\/span>\n                <meta itemprop=\"position\" content=\"1\" \/><!-- Meta Position-->\n             <\/li><li><span class=\"fbc-separator\">\/<\/span><\/li><li class=\"active\" itemprop=\"itemListElement\" itemscope itemtype=\"https:\/\/schema.org\/ListItem\"><span itemprop=\"name\" title=\"Bolsa de empleo empresas\">Bolsa de empleo empresas<\/span><meta itemprop=\"position\" content=\"2\" \/><\/li>\t\t\t\t\t<\/ol>\n\t\t\t\t\t<div class=\"clearfix\"><\/div>\n\t\t\t\t<\/div>\n\t\t\t<\/div>\n\t\t\t\n","protected":false},"excerpt":{"rendered":"<p>El IES&nbsp;&nbsp;FEDERICA MONTSENY &nbsp;cuenta con los servicios de una bolsa de empleo coordinada por los responsables de FCT&nbsp; (Jefatura de estudios adjunta) Ofrecemos a las empresas interesadas una amplia bolsa de empleo integrada por personas que han estudiado en nuestro centro, los cuales cuentan con diversos perfiles laborales y profesionales. Tratamos de facilitar el contacto [&hellip;]<\/p>\n","protected":false},"author":3,"featured_media":0,"parent":38,"menu_order":0,"comment_status":"closed","ping_status":"closed","template":"","meta":{"footnotes":""},"folder":[16],"class_list":["post-866","page","type-page","status-publish","hentry"],"rttpg_featured_image_url":null,"rttpg_author":{"display_name":"cifp.federicamontseny.fuenlabrada","author_link":"https:\/\/site.educa.madrid.org\/cifp.federicamontseny.fuenlabrada\/index.php\/author\/cuenta_cifp-federicamontseny-fuenlabrada\/"},"rttpg_comment":0,"rttpg_category":" <a href=\"https:\/\/site.educa.madrid.org\/cifp.federicamontseny.fuenlabrada\/?taxonomy=folder&#038;term=fct-1701083528-3\" rel=\"tag\">FCT<\/a>","rttpg_excerpt":"El IES&nbsp;&nbsp;FEDERICA MONTSENY &nbsp;cuenta con los servicios de una bolsa de empleo coordinada por los responsables de FCT&nbsp; (Jefatura de estudios adjunta) Ofrecemos a las empresas interesadas una amplia bolsa de empleo integrada por personas que han estudiado en nuestro centro, los cuales cuentan con diversos perfiles laborales y profesionales. Tratamos de facilitar el contacto&hellip;","post_mailing_queue_ids":[],"_links":{"self":[{"href":"https:\/\/site.educa.madrid.org\/cifp.federicamontseny.fuenlabrada\/index.php\/wp-json\/wp\/v2\/pages\/866","targetHints":{"allow":["GET"]}}],"collection":[{"href":"https:\/\/site.educa.madrid.org\/cifp.federicamontseny.fuenlabrada\/index.php\/wp-json\/wp\/v2\/pages"}],"about":[{"href":"https:\/\/site.educa.madrid.org\/cifp.federicamontseny.fuenlabrada\/index.php\/wp-json\/wp\/v2\/types\/page"}],"author":[{"embeddable":true,"href":"https:\/\/site.educa.madrid.org\/cifp.federicamontseny.fuenlabrada\/index.php\/wp-json\/wp\/v2\/users\/3"}],"replies":[{"embeddable":true,"href":"https:\/\/site.educa.madrid.org\/cifp.federicamontseny.fuenlabrada\/index.php\/wp-json\/wp\/v2\/comments?post=866"}],"version-history":[{"count":8,"href":"https:\/\/site.educa.madrid.org\/cifp.federicamontseny.fuenlabrada\/index.php\/wp-json\/wp\/v2\/pages\/866\/revisions"}],"predecessor-version":[{"id":2655,"href":"https:\/\/site.educa.madrid.org\/cifp.federicamontseny.fuenlabrada\/index.php\/wp-json\/wp\/v2\/pages\/866\/revisions\/2655"}],"up":[{"embeddable":true,"href":"https:\/\/site.educa.madrid.org\/cifp.federicamontseny.fuenlabrada\/index.php\/wp-json\/wp\/v2\/pages\/38"}],"wp:attachment":[{"href":"https:\/\/site.educa.madrid.org\/cifp.federicamontseny.fuenlabrada\/index.php\/wp-json\/wp\/v2\/media?parent=866"}],"wp:term":[{"taxonomy":"folder","embeddable":true,"href":"https:\/\/site.educa.madrid.org\/cifp.federicamontseny.fuenlabrada\/index.php\/wp-json\/wp\/v2\/folder?post=866"}],"curies":[{"name":"wp","href":"https:\/\/api.w.org\/{rel}","templated":true}]}}