{"id":868,"date":"2023-12-03T10:43:48","date_gmt":"2023-12-03T09:43:48","guid":{"rendered":"https:\/\/site.educa.madrid.org\/cifp.federicamontseny.fuenlabrada\/?page_id=868"},"modified":"2025-02-19T09:50:09","modified_gmt":"2025-02-19T08:50:09","slug":"contacto-alumnos-para-bolsa-de-empleo","status":"publish","type":"page","link":"https:\/\/site.educa.madrid.org\/cifp.federicamontseny.fuenlabrada\/index.php\/f-c-t\/contacto-alumnos-para-bolsa-de-empleo\/","title":{"rendered":"Bolsa de empleo alumnos"},"content":{"rendered":"\n<div class=\"wp-block-columns is-layout-flex wp-container-core-columns-is-layout-9d6595d7 wp-block-columns-is-layout-flex\">\n<div class=\"wp-block-column is-layout-flow wp-block-column-is-layout-flow\" style=\"flex-basis:63%\">\n<p>El I.E.S FEDERICA MONTSENY cuenta con una bolsa de empleo coordinada por el responsable de FCT ( jefatura de estudios), adem\u00e1s de contar con la bolsa de empleo de&nbsp; FP EMPRESA. (SON INDEPEDIENTES, TE RECOMENDAMOS QUE TE&nbsp; INSCRIBAS A LAS DOS).<\/p>\n\n\n\n<p>Ofrecemos a las empresas interesadas una amplia bolsa de empleo integrada por personas que han estudiado en nuestro centro, los cuales cuentan con diversos perfiles laborales y profesionales.<\/p>\n\n\n\n<p>Las ofertas de empleo remitidas ser\u00e1n enviadas a nuestros alumnos seg\u00fan el perfil solicitado, quienes se pondr\u00e1n en contacto con la empresa.<\/p>\n\n\n\n<p>Los objetivos de la bolsa de empleo son:<\/p>\n\n\n\n<ul class=\"wp-block-list\">\n<li>Facilitar la inserci\u00f3n laboral de los alumnos del centro.<\/li>\n\n\n\n<li>Gestionar contacto entre alumnos y empresas relacionadas con&nbsp; nuestras &nbsp;familias profesionales<\/li>\n<\/ul>\n\n\n\n<p>Los servicios que presta la bolsa de empleo son:<\/p>\n\n\n\n<ol class=\"wp-block-list\">\n<li>Los alumnos son incluidos, si as\u00ed lo desean, en la base de datos de la bolsa de empleo.<\/li>\n\n\n\n<li>Las ofertas de empleo son enviadas a los alumnos.<\/li>\n\n\n\n<li>Los procesos de selecci\u00f3n siempre ser\u00e1n realizados por las empresas.<\/li>\n\n\n\n<li>Es un servicio por parte del instituto sin \u00e1nimo de lucro y en el que no se asumen ninguna responsabilidad sobre la oferta de trabajo, relaci\u00f3n laboral, etcLas empresas agradecen y valoraran muy positivamente este servicio, confiando en el conocimiento de los perfiles de alumnos por parte del profesorado sin ser por parte del centro un proceso de selecci\u00f3n de personal.<\/li>\n<\/ol>\n\n\n\n<p>Para inscribirte en la bolsa de empleo:<\/p>\n\n\n\n<ul class=\"wp-block-list\">\n<li>Cumplimenta el siguiente formulario<\/li>\n\n\n\n<li>O env\u00eda el CV, en formato PDF , preferiblemente siguiendo el&nbsp;<a href=\"https:\/\/www.modelocurriculum.net\/wp-content\/eu-cv_es.pdf\">modelo europeo<\/a>, al siguiente correo electr\u00f3nico fpfedericamontsenyfct@gmail.com, asunto&nbsp; BOLSA DE EMPLEO ALUMNOS.<\/li>\n<\/ul>\n\n\n\n<p><a rel=\"noreferrer noopener\" href=\"https:\/\/site.educa.madrid.org\/cifp.federicamontseny.fuenlabrada\/index.php\/politica-privacidad\/\" data-type=\"page\" data-id=\"3\" target=\"_blank\">Pol\u00edtica de protecci\u00f3n de datos<\/a><\/p>\n\n\n\n<div class=\"wp-block-contact-form-7-contact-form-selector\">\n<div class=\"wpcf7 no-js\" id=\"wpcf7-f928-o1\" lang=\"es-ES\" dir=\"ltr\">\n<div class=\"screen-reader-response\"><p role=\"status\" aria-live=\"polite\" aria-atomic=\"true\"><\/p> <ul><\/ul><\/div>\n<form action=\"\/cifp.federicamontseny.fuenlabrada\/index.php\/wp-json\/wp\/v2\/pages\/868#wpcf7-f928-o1\" method=\"post\" class=\"wpcf7-form init\" aria-label=\"Formulario de contacto\" novalidate=\"novalidate\" data-status=\"init\">\n<div style=\"display: none;\">\n<input type=\"hidden\" name=\"_wpcf7\" value=\"928\" \/>\n<input type=\"hidden\" name=\"_wpcf7_version\" value=\"5.9.7\" \/>\n<input type=\"hidden\" name=\"_wpcf7_locale\" value=\"es_ES\" \/>\n<input type=\"hidden\" name=\"_wpcf7_unit_tag\" value=\"wpcf7-f928-o1\" \/>\n<input type=\"hidden\" name=\"_wpcf7_container_post\" value=\"0\" \/>\n<input type=\"hidden\" name=\"_wpcf7_posted_data_hash\" value=\"\" \/>\n<\/div>\n<p><label> Nombre<br \/>\n<span class=\"wpcf7-form-control-wrap\" data-name=\"Nombre\"><input size=\"40\" maxlength=\"400\" class=\"wpcf7-form-control wpcf7-text wpcf7-validates-as-required\" autocomplete=\"nombre\" aria-required=\"true\" aria-invalid=\"false\" value=\"\" type=\"text\" name=\"Nombre\" \/><\/span> <\/label>\n<\/p>\n<p><label> Apellidos<br \/>\n<span class=\"wpcf7-form-control-wrap\" data-name=\"Apellidos\"><input size=\"40\" maxlength=\"400\" class=\"wpcf7-form-control wpcf7-text wpcf7-validates-as-required\" autocomplete=\"apellidos\" aria-required=\"true\" aria-invalid=\"false\" value=\"\" type=\"text\" name=\"Apellidos\" \/><\/span> <\/label>\n<\/p>\n<p>Fecha nacimiento<br \/>\n<span class=\"wpcf7-form-control-wrap\" data-name=\"Fechanacimiento\"><input class=\"wpcf7-form-control wpcf7-date wpcf7-validates-as-date\" min=\"1949-12-26\" max=\"2020-12-31\" aria-invalid=\"false\" value=\"\" type=\"date\" name=\"Fechanacimiento\" \/><\/span>\n<\/p>\n<p>Formaci\u00f3n<br \/>\n<span class=\"wpcf7-form-control-wrap\" data-name=\"Formacion\"><span class=\"wpcf7-form-control wpcf7-checkbox wpcf7-exclusive-checkbox\"><span class=\"wpcf7-list-item first\"><label><input type=\"checkbox\" name=\"Formacion\" value=\"Grado B\u00e1sico\" \/><span class=\"wpcf7-list-item-label\">Grado B\u00e1sico<\/span><\/label><\/span><span class=\"wpcf7-list-item\"><label><input type=\"checkbox\" name=\"Formacion\" value=\"Grado Medio\" \/><span class=\"wpcf7-list-item-label\">Grado Medio<\/span><\/label><\/span><span class=\"wpcf7-list-item last\"><label><input type=\"checkbox\" name=\"Formacion\" value=\"Grado superior\" \/><span class=\"wpcf7-list-item-label\">Grado superior<\/span><\/label><\/span><\/span><\/span>\n<\/p>\n<p>Familia<br \/>\n<span class=\"wpcf7-form-control-wrap\" data-name=\"Familia\"><span class=\"wpcf7-form-control wpcf7-checkbox wpcf7-exclusive-checkbox\"><span class=\"wpcf7-list-item first\"><label><input type=\"checkbox\" name=\"Familia\" value=\"Administraci\u00f3n\" \/><span class=\"wpcf7-list-item-label\">Administraci\u00f3n<\/span><\/label><\/span><span class=\"wpcf7-list-item\"><label><input type=\"checkbox\" name=\"Familia\" value=\"Comercio\" \/><span class=\"wpcf7-list-item-label\">Comercio<\/span><\/label><\/span><span class=\"wpcf7-list-item last\"><label><input type=\"checkbox\" name=\"Familia\" value=\"Inform\u00e1tica\" \/><span class=\"wpcf7-list-item-label\">Inform\u00e1tica<\/span><\/label><\/span><\/span><\/span>\n<\/p>\n<p>Nombre del ciclo<br \/>\n<span class=\"wpcf7-form-control-wrap\" data-name=\"Ciclo\"><input size=\"40\" maxlength=\"400\" class=\"wpcf7-form-control wpcf7-text wpcf7-validates-as-required\" aria-required=\"true\" aria-invalid=\"false\" value=\"\" type=\"text\" name=\"Ciclo\" \/><\/span>\n<\/p>\n<p>A\u00f1o de finalizaci\u00f3n<br \/>\n<span class=\"wpcf7-form-control-wrap\" data-name=\"ano\"><input class=\"wpcf7-form-control wpcf7-number wpcf7-validates-as-number\" min=\"2000\" aria-invalid=\"false\" value=\"\" type=\"number\" name=\"ano\" \/><\/span>\n<\/p>\n<p><label> Tel\u00e9fono m\u00f3vil<br \/>\n<span class=\"wpcf7-form-control-wrap\" data-name=\"telefonomovil\"><input size=\"40\" maxlength=\"400\" class=\"wpcf7-form-control wpcf7-tel wpcf7-text wpcf7-validates-as-tel\" aria-invalid=\"false\" value=\"\" type=\"tel\" name=\"telefonomovil\" \/><\/span> <\/label>\n<\/p>\n<p><label> Correo<br \/>\n<span class=\"wpcf7-form-control-wrap\" data-name=\"Correo\"><input size=\"40\" maxlength=\"400\" class=\"wpcf7-form-control wpcf7-email wpcf7-text wpcf7-validates-as-email\" aria-invalid=\"false\" value=\"\" type=\"email\" name=\"Correo\" \/><\/span> <\/label>\n<\/p>\n<p class=\"aiowps-captcha hide-when-displaying-tfa-input\"><label for=\"aiowps-captcha-answer\">Por favor, introduce una respuesta en d\u00edgitos:<\/label>\n<\/p>\n<div class=\"aiowps-captcha-equation hide-when-displaying-tfa-input\">\n\t<p><strong>catorce &#8722; 10 = <input type=\"hidden\" name=\"aiowps-captcha-string-info\" class=\"aiowps-captcha-string-info\" value=\"6luqgt4k1e\" \/><input type=\"hidden\" name=\"aiowps-captcha-temp-string\" class=\"aiowps-captcha-temp-string\" value=\"1778612107\" \/><input type=\"text\" size=\"2\" class=\"aiowps-captcha-answer\" name=\"aiowps-captcha-answer\" value=\"\" autocomplete=\"off\" \/><\/strong>\n\t<\/p>\n<\/div>\n<p><span class='wpcf7-form-control-wrap' data-name='aiowps-captcha'><\/span><input class=\"wpcf7-form-control wpcf7-submit has-spinner\" type=\"submit\" value=\"Enviar\" \/>\n<\/p><p style=\"display: none !important;\" class=\"akismet-fields-container\" data-prefix=\"_wpcf7_ak_\"><label>&#916;<textarea name=\"_wpcf7_ak_hp_textarea\" cols=\"45\" rows=\"8\" maxlength=\"100\"><\/textarea><\/label><input type=\"hidden\" id=\"ak_js_1\" name=\"_wpcf7_ak_js\" value=\"217\"\/><script>document.getElementById( \"ak_js_1\" ).setAttribute( \"value\", ( new Date() ).getTime() );<\/script><\/p><div class=\"wpcf7-response-output\" aria-hidden=\"true\"><\/div>\n<\/form>\n<\/div>\n<\/div>\n\n\n\n<p>ATENCI\u00d3N: Si, por problemas t\u00e9cnicos externos, no se env\u00eda su formulario, por favor utilice el correo cifp.federicamontseny.fuenlabrada@educa.madrid.org para remitirnos la misma informaci\u00f3n del formulario. Disculpen.<\/p>\n<\/div>\n\n\n\n<div class=\"wp-block-column is-layout-flow wp-block-column-is-layout-flow\" style=\"flex-basis:5%\"><\/div>\n\n\n\n<div class=\"wp-block-column is-layout-flow wp-block-column-is-layout-flow\" style=\"flex-basis:32%\">\n<p>Este centro forma parte de la Asociaci\u00f3n de Centros de Formaci\u00f3n Profesional FPEmpresa.<\/p>\n\n\n\n<figure class=\"wp-block-image\"><a href=\"https:\/\/fpempresa.net\/\"><img decoding=\"async\" src=\"https:\/\/www.educa2.madrid.org\/web\/educamadrid\/principal\/files\/e31b6e34-ef87-4f61-adff-44f9ea8a20eb\/logoFp.jpg?t=1615968959113&amp;largeSize=true\" alt=\"\"\/><\/a><\/figure>\n\n\n\n<p>Que proporciona acceso a una bolsa de empleo de todos los Centros Asociados de Formaci\u00f3n Profesional.<\/p>\n\n\n\n<p>Pulsa <a href=\"https:\/\/site.educa.madrid.org\/cifp.federicamontseny.fuenlabrada\/\/wp-content\/uploads\/cifp.federicamontseny.fuenlabrada\/2023\/12\/Alta-alumnado-Bolsa-de-empleo.pdf\" data-type=\"attachment\" data-id=\"923\">aqu\u00ed <\/a>para ver las instrucciones y darte de alta.<\/p>\n<\/div>\n<\/div>\n\n\n\t\t\t<!-- Flexy Breadcrumb -->\n\t\t\t<div class=\"fbc fbc-page\">\n\n\t\t\t\t<!-- Breadcrumb wrapper -->\n\t\t\t\t<div class=\"fbc-wrap\">\n\n\t\t\t\t\t<!-- Ordered list-->\n\t\t\t\t\t<ol class=\"fbc-items\" itemscope itemtype=\"https:\/\/schema.org\/BreadcrumbList\">\n\t\t\t\t\t\t            <li itemprop=\"itemListElement\" itemscope itemtype=\"https:\/\/schema.org\/ListItem\">\n                <span itemprop=\"name\">\n                    <!-- Home Link -->\n                    <a itemprop=\"item\" href=\"https:\/\/site.educa.madrid.org\/cifp.federicamontseny.fuenlabrada\">\n                    \n                                                    <i class=\"fa fa fa-home\" aria-hidden=\"true\"><\/i>C.I.F.P. Federica Montseny                    <\/a>\n                <\/span>\n                <meta itemprop=\"position\" content=\"1\" \/><!-- Meta Position-->\n             <\/li><li><span class=\"fbc-separator\">\/<\/span><\/li><li class=\"active\" itemprop=\"itemListElement\" itemscope itemtype=\"https:\/\/schema.org\/ListItem\"><span itemprop=\"name\" title=\"Bolsa de empleo alumnos\">Bolsa de empleo alumnos<\/span><meta itemprop=\"position\" content=\"2\" \/><\/li>\t\t\t\t\t<\/ol>\n\t\t\t\t\t<div class=\"clearfix\"><\/div>\n\t\t\t\t<\/div>\n\t\t\t<\/div>\n\t\t\t\n","protected":false},"excerpt":{"rendered":"<p>El I.E.S FEDERICA MONTSENY cuenta con una bolsa de empleo coordinada por el responsable de FCT ( jefatura de estudios), adem\u00e1s de contar con la bolsa de empleo de&nbsp; FP EMPRESA. (SON INDEPEDIENTES, TE RECOMENDAMOS QUE TE&nbsp; INSCRIBAS A LAS DOS). Ofrecemos a las empresas interesadas una amplia bolsa de empleo integrada por personas que [&hellip;]<\/p>\n","protected":false},"author":3,"featured_media":0,"parent":38,"menu_order":0,"comment_status":"closed","ping_status":"closed","template":"","meta":{"footnotes":""},"folder":[16],"class_list":["post-868","page","type-page","status-publish","hentry"],"rttpg_featured_image_url":null,"rttpg_author":{"display_name":"cifp.federicamontseny.fuenlabrada","author_link":"https:\/\/site.educa.madrid.org\/cifp.federicamontseny.fuenlabrada\/index.php\/author\/cuenta_cifp-federicamontseny-fuenlabrada\/"},"rttpg_comment":0,"rttpg_category":" <a href=\"https:\/\/site.educa.madrid.org\/cifp.federicamontseny.fuenlabrada\/?taxonomy=folder&#038;term=fct-1701083528-3\" rel=\"tag\">FCT<\/a>","rttpg_excerpt":"El I.E.S FEDERICA MONTSENY cuenta con una bolsa de empleo coordinada por el responsable de FCT ( jefatura de estudios), adem\u00e1s de contar con la bolsa de empleo de&nbsp; FP EMPRESA. (SON INDEPEDIENTES, TE RECOMENDAMOS QUE TE&nbsp; INSCRIBAS A LAS DOS). Ofrecemos a las empresas interesadas una amplia bolsa de empleo integrada por personas que&hellip;","post_mailing_queue_ids":[],"_links":{"self":[{"href":"https:\/\/site.educa.madrid.org\/cifp.federicamontseny.fuenlabrada\/index.php\/wp-json\/wp\/v2\/pages\/868","targetHints":{"allow":["GET"]}}],"collection":[{"href":"https:\/\/site.educa.madrid.org\/cifp.federicamontseny.fuenlabrada\/index.php\/wp-json\/wp\/v2\/pages"}],"about":[{"href":"https:\/\/site.educa.madrid.org\/cifp.federicamontseny.fuenlabrada\/index.php\/wp-json\/wp\/v2\/types\/page"}],"author":[{"embeddable":true,"href":"https:\/\/site.educa.madrid.org\/cifp.federicamontseny.fuenlabrada\/index.php\/wp-json\/wp\/v2\/users\/3"}],"replies":[{"embeddable":true,"href":"https:\/\/site.educa.madrid.org\/cifp.federicamontseny.fuenlabrada\/index.php\/wp-json\/wp\/v2\/comments?post=868"}],"version-history":[{"count":12,"href":"https:\/\/site.educa.madrid.org\/cifp.federicamontseny.fuenlabrada\/index.php\/wp-json\/wp\/v2\/pages\/868\/revisions"}],"predecessor-version":[{"id":2656,"href":"https:\/\/site.educa.madrid.org\/cifp.federicamontseny.fuenlabrada\/index.php\/wp-json\/wp\/v2\/pages\/868\/revisions\/2656"}],"up":[{"embeddable":true,"href":"https:\/\/site.educa.madrid.org\/cifp.federicamontseny.fuenlabrada\/index.php\/wp-json\/wp\/v2\/pages\/38"}],"wp:attachment":[{"href":"https:\/\/site.educa.madrid.org\/cifp.federicamontseny.fuenlabrada\/index.php\/wp-json\/wp\/v2\/media?parent=868"}],"wp:term":[{"taxonomy":"folder","embeddable":true,"href":"https:\/\/site.educa.madrid.org\/cifp.federicamontseny.fuenlabrada\/index.php\/wp-json\/wp\/v2\/folder?post=868"}],"curies":[{"name":"wp","href":"https:\/\/api.w.org\/{rel}","templated":true}]}}