{"id":4293,"date":"2024-11-07T19:50:58","date_gmt":"2024-11-07T18:50:58","guid":{"rendered":"http:\/\/cifp.joseluisgarci.alcobendas.educa.madrid.org\/?page_id=4293"},"modified":"2025-11-11T11:28:39","modified_gmt":"2025-11-11T10:28:39","slug":"el-garci","status":"publish","type":"page","link":"https:\/\/site.educa.madrid.org\/cifp.joseluisgarci.alcobendas\/index.php\/centro\/el-garci\/","title":{"rendered":"El Garci"},"content":{"rendered":"\t\t<div class=\"rttpg-block-postgrid rttpg-block-wrapper rttpg-block-6ad310 section-title-style-style4\">\n\t\t\t<div class=\"rt-container-fluid rt-tpg-container tpg-el-main-wrapper tpg-gutenberg clearfix\">\n\t\t\t\t<div class='tpg-header-wrapper'>\n\t\t\t\t\t\n        <div class=\"tpg-widget-heading-wrapper rt-clear heading-style4 \">\n            <span class=\"tpg-widget-heading-line line-left\"><\/span>\n\t\t\t<h2 class='tpg-widget-heading'>\n\t\t\t            <a href=\"#\"  target=&quot;_self&quot; >\n\t\t\t\t\n\t\t\t\t                    <span>\n\t\t\t\t\t\t\u00bfQuienes somos?\t\t\t\t\t<\/span>\n\t\t\t\t\t\n\t\t\t\t            <\/a>\n\n\t\t\t\t\t<\/h2>            <span class=\"tpg-widget-heading-line line-right\"><\/span>\n\n\t\t\t\n        <\/div>\n\n\t\t\n\t\t\t\t\t\t<\/div>\n\t\t\t<\/div>\n\t\t<\/div>\n\t\t\n\n\n<p>El CIFP de Nuevas Tecnolog\u00edas Jos\u00e9 Luis Garci se distingue por ser un centro referente en el \u00e1mbito de la Formaci\u00f3n Profesional del sector audiovisual a nivel nacional.<\/p>\n\n\n\n<p>La cualificaci\u00f3n de su profesorado, el compromiso y la motivaci\u00f3n de sus alumnos, los medios tecnol\u00f3gicos a su disposici\u00f3n y una metodolog\u00eda docente innovadora capaz de cualificar al alumnado en sus m\u00e1s altas cotas de excelencia hace de esta instituci\u00f3n educativa un centro de caracter\u00edsticas \u00fanicas.<\/p>\n\n\n\n<ul class=\"wp-block-list\">\n<li>Misi\u00f3n: cualificaci\u00f3n profesional e inserci\u00f3n laboral de calidad<\/li>\n\n\n\n<li>Visi\u00f3n: ser centro referente en la formaci\u00f3n de profesionales del sector audiovisuales de Espa\u00f1a<\/li>\n\n\n\n<li>Valores: responsabilidad, esfuerzo, compromiso, creatividad, formaci\u00f3n integral y humanista, atenci\u00f3n individualizada, trabajo por la excelencia<\/li>\n<\/ul>\n\n\n\n<p>Es el primer Centro que ofrece una formaci\u00f3n integrada y especializada en Comunicaci\u00f3n, Imagen y Sonido, impartiendo Ciclos Formativos de Grado Superior y cursos de Formaci\u00f3n Profesional para el empleo con una capacidad para 800 alumnos.<\/p>\n\n\n\n<p>Nuestra imagen de marca son las pr\u00e1cticas interc\u00edclicas: formamos a partir de pr\u00e1cticas reales en equipos multidisciplinares simulando el sector profesional. A lo largo de cada curso los alumnos producen series, cortometrajes, conciertos, pasarelas de moda y<br>todo tipo de espect\u00e1culos en vivo.<\/p>\n\n\n\n<h2 class=\"wp-block-heading\"><span style=\"color: #e0001a;\"><strong>Documentos de inter\u00e9s:<\/strong><\/span><\/h2>\n\n\n\n<div class=\"wp-block-file\"><a id=\"wp-block-file--media-cb6a2ea4-fa7f-4454-a8f1-072d09383ab5\" href=\"https:\/\/site.educa.madrid.org\/cifp.joseluisgarci.alcobendas\/\/wp-content\/uploads\/cifp.joseluisgarci.alcobendas\/2025\/10\/PLAN-DE-CONVIVENCIA-octubre_2025.pdf\" target=\"_blank\" rel=\"noreferrer noopener\">Plan de convivencia<\/a><a href=\"https:\/\/site.educa.madrid.org\/cifp.joseluisgarci.alcobendas\/\/wp-content\/uploads\/cifp.joseluisgarci.alcobendas\/2025\/10\/PLAN-DE-CONVIVENCIA-octubre_2025.pdf\" class=\"wp-block-file__button wp-element-button\" download aria-describedby=\"wp-block-file--media-cb6a2ea4-fa7f-4454-a8f1-072d09383ab5\">Descarga<\/a><\/div>\n\n\n\n<div class=\"wp-block-file\"><a id=\"wp-block-file--media-cdea56ae-3594-4357-a861-5c0e1baefbba\" href=\"https:\/\/site.educa.madrid.org\/cifp.joseluisgarci.alcobendas\/\/wp-content\/uploads\/cifp.joseluisgarci.alcobendas\/2025\/07\/PFC_RRI_CIFP-Jose-Luis-Garci_11062025.pdf\">Proyecto Funcional de Centro<\/a><a href=\"https:\/\/site.educa.madrid.org\/cifp.joseluisgarci.alcobendas\/\/wp-content\/uploads\/cifp.joseluisgarci.alcobendas\/2025\/07\/PFC_RRI_CIFP-Jose-Luis-Garci_11062025.pdf\" class=\"wp-block-file__button wp-element-button\" download aria-describedby=\"wp-block-file--media-cdea56ae-3594-4357-a861-5c0e1baefbba\">Descarga<\/a><\/div>\n\n\n\n<div class=\"wp-block-file\"><a id=\"wp-block-file--media-b5a1bee1-8263-4488-b88c-5011e8dd14c5\" href=\"https:\/\/site.educa.madrid.org\/cifp.joseluisgarci.alcobendas\/\/wp-content\/uploads\/cifp.joseluisgarci.alcobendas\/2025\/11\/Plan-Digital-de-Centro-CIFP-JLGARCI_25_26.pdf\">Plan Digital de Centro<\/a><a href=\"https:\/\/site.educa.madrid.org\/cifp.joseluisgarci.alcobendas\/\/wp-content\/uploads\/cifp.joseluisgarci.alcobendas\/2025\/11\/Plan-Digital-de-Centro-CIFP-JLGARCI_25_26.pdf\" class=\"wp-block-file__button wp-element-button\" download aria-describedby=\"wp-block-file--media-b5a1bee1-8263-4488-b88c-5011e8dd14c5\">Descarga<\/a><\/div>\n","protected":false},"excerpt":{"rendered":"<p>El CIFP de Nuevas Tecnolog\u00edas Jos\u00e9 Luis Garci se distingue por ser un centro referente en el \u00e1mbito de la Formaci\u00f3n Profesional del sector audiovisual a nivel nacional. La cualificaci\u00f3n de su profesorado, el compromiso y la motivaci\u00f3n de sus alumnos, los medios tecnol\u00f3gicos a su disposici\u00f3n y una metodolog\u00eda docente innovadora capaz de cualificar<\/p><\/div>\n<div class=\"blog-btn\"><a href=\"https:\/\/site.educa.madrid.org\/cifp.joseluisgarci.alcobendas\/index.php\/centro\/el-garci\/\" class=\"home-blog-btn\">Leer m\u00e1s<\/a><\/p>\n","protected":false},"author":3,"featured_media":7790,"parent":4654,"menu_order":1,"comment_status":"closed","ping_status":"closed","template":"","meta":{"footnotes":""},"folder":[69],"class_list":["post-4293","page","type-page","status-publish","has-post-thumbnail","hentry"],"rttpg_featured_image_url":{"full":["https:\/\/site.educa.madrid.org\/cifp.joseluisgarci.alcobendas\/\/wp-content\/uploads\/cifp.joseluisgarci.alcobendas\/2024\/11\/Fachada_destacado2.jpg",1250,500,false],"landscape":["https:\/\/site.educa.madrid.org\/cifp.joseluisgarci.alcobendas\/\/wp-content\/uploads\/cifp.joseluisgarci.alcobendas\/2024\/11\/Fachada_destacado2.jpg",1250,500,false],"portraits":["https:\/\/site.educa.madrid.org\/cifp.joseluisgarci.alcobendas\/\/wp-content\/uploads\/cifp.joseluisgarci.alcobendas\/2024\/11\/Fachada_destacado2.jpg",1250,500,false],"thumbnail":["https:\/\/site.educa.madrid.org\/cifp.joseluisgarci.alcobendas\/\/wp-content\/uploads\/cifp.joseluisgarci.alcobendas\/2024\/11\/Fachada_destacado2-150x150.jpg",150,150,true],"medium":["https:\/\/site.educa.madrid.org\/cifp.joseluisgarci.alcobendas\/\/wp-content\/uploads\/cifp.joseluisgarci.alcobendas\/2024\/11\/Fachada_destacado2-300x120.jpg",300,120,true],"large":["https:\/\/site.educa.madrid.org\/cifp.joseluisgarci.alcobendas\/\/wp-content\/uploads\/cifp.joseluisgarci.alcobendas\/2024\/11\/Fachada_destacado2-1024x410.jpg",696,279,true],"thumblist":["https:\/\/site.educa.madrid.org\/cifp.joseluisgarci.alcobendas\/\/wp-content\/uploads\/cifp.joseluisgarci.alcobendas\/2024\/11\/Fachada_destacado2-300x300.jpg",300,300,true],"thumbrelated":["https:\/\/site.educa.madrid.org\/cifp.joseluisgarci.alcobendas\/\/wp-content\/uploads\/cifp.joseluisgarci.alcobendas\/2024\/11\/Fachada_destacado2-500x500.jpg",500,500,true],"meccarouselthumb":["https:\/\/site.educa.madrid.org\/cifp.joseluisgarci.alcobendas\/\/wp-content\/uploads\/cifp.joseluisgarci.alcobendas\/2024\/11\/Fachada_destacado2-474x324.jpg",474,324,true],"gridsquare":["https:\/\/site.educa.madrid.org\/cifp.joseluisgarci.alcobendas\/\/wp-content\/uploads\/cifp.joseluisgarci.alcobendas\/2024\/11\/Fachada_destacado2-391x260.jpg",391,260,true],"tileview":["https:\/\/site.educa.madrid.org\/cifp.joseluisgarci.alcobendas\/\/wp-content\/uploads\/cifp.joseluisgarci.alcobendas\/2024\/11\/Fachada_destacado2-300x400.jpg",300,400,true],"1536x1536":["https:\/\/site.educa.madrid.org\/cifp.joseluisgarci.alcobendas\/\/wp-content\/uploads\/cifp.joseluisgarci.alcobendas\/2024\/11\/Fachada_destacado2.jpg",1250,500,false],"2048x2048":["https:\/\/site.educa.madrid.org\/cifp.joseluisgarci.alcobendas\/\/wp-content\/uploads\/cifp.joseluisgarci.alcobendas\/2024\/11\/Fachada_destacado2.jpg",1250,500,false],"sow-carousel-default":["https:\/\/site.educa.madrid.org\/cifp.joseluisgarci.alcobendas\/\/wp-content\/uploads\/cifp.joseluisgarci.alcobendas\/2024\/11\/Fachada_destacado2-272x182.jpg",272,182,true],"sow-post-carousel-overlay-theme":["https:\/\/site.educa.madrid.org\/cifp.joseluisgarci.alcobendas\/\/wp-content\/uploads\/cifp.joseluisgarci.alcobendas\/2024\/11\/Fachada_destacado2.jpg",360,144,false],"sow-post-carousel-cards-theme":["https:\/\/site.educa.madrid.org\/cifp.joseluisgarci.alcobendas\/\/wp-content\/uploads\/cifp.joseluisgarci.alcobendas\/2024\/11\/Fachada_destacado2.jpg",360,144,false],"rt_custom":["https:\/\/site.educa.madrid.org\/cifp.joseluisgarci.alcobendas\/\/wp-content\/uploads\/cifp.joseluisgarci.alcobendas\/2024\/11\/Fachada_destacado2.jpg",1250,500,false]},"rttpg_author":{"display_name":"cifp.joseluisgarci.alcobendas","author_link":"https:\/\/site.educa.madrid.org\/cifp.joseluisgarci.alcobendas\/index.php\/author\/cuenta_cifp-joseluisgarci-alcobendas\/"},"rttpg_comment":0,"rttpg_category":" <a href=\"https:\/\/site.educa.madrid.org\/cifp.joseluisgarci.alcobendas\/?taxonomy=folder&#038;term=centro-1682075889\" rel=\"tag\">Centro<\/a>","rttpg_excerpt":"El CIFP de Nuevas Tecnolog\u00edas Jos\u00e9 Luis Garci se distingue por ser un centro referente en el \u00e1mbito de la Formaci\u00f3n Profesional del sector audiovisual a nivel nacional. La cualificaci\u00f3n de su profesorado, el compromiso y la motivaci\u00f3n de sus alumnos, los medios tecnol\u00f3gicos a su disposici\u00f3n y una metodolog\u00eda docente innovadora capaz de cualificarLeer&hellip;","post_mailing_queue_ids":[],"_links":{"self":[{"href":"https:\/\/site.educa.madrid.org\/cifp.joseluisgarci.alcobendas\/index.php\/wp-json\/wp\/v2\/pages\/4293","targetHints":{"allow":["GET"]}}],"collection":[{"href":"https:\/\/site.educa.madrid.org\/cifp.joseluisgarci.alcobendas\/index.php\/wp-json\/wp\/v2\/pages"}],"about":[{"href":"https:\/\/site.educa.madrid.org\/cifp.joseluisgarci.alcobendas\/index.php\/wp-json\/wp\/v2\/types\/page"}],"author":[{"embeddable":true,"href":"https:\/\/site.educa.madrid.org\/cifp.joseluisgarci.alcobendas\/index.php\/wp-json\/wp\/v2\/users\/3"}],"replies":[{"embeddable":true,"href":"https:\/\/site.educa.madrid.org\/cifp.joseluisgarci.alcobendas\/index.php\/wp-json\/wp\/v2\/comments?post=4293"}],"version-history":[{"count":16,"href":"https:\/\/site.educa.madrid.org\/cifp.joseluisgarci.alcobendas\/index.php\/wp-json\/wp\/v2\/pages\/4293\/revisions"}],"predecessor-version":[{"id":9156,"href":"https:\/\/site.educa.madrid.org\/cifp.joseluisgarci.alcobendas\/index.php\/wp-json\/wp\/v2\/pages\/4293\/revisions\/9156"}],"up":[{"embeddable":true,"href":"https:\/\/site.educa.madrid.org\/cifp.joseluisgarci.alcobendas\/index.php\/wp-json\/wp\/v2\/pages\/4654"}],"wp:featuredmedia":[{"embeddable":true,"href":"https:\/\/site.educa.madrid.org\/cifp.joseluisgarci.alcobendas\/index.php\/wp-json\/wp\/v2\/media\/7790"}],"wp:attachment":[{"href":"https:\/\/site.educa.madrid.org\/cifp.joseluisgarci.alcobendas\/index.php\/wp-json\/wp\/v2\/media?parent=4293"}],"wp:term":[{"taxonomy":"folder","embeddable":true,"href":"https:\/\/site.educa.madrid.org\/cifp.joseluisgarci.alcobendas\/index.php\/wp-json\/wp\/v2\/folder?post=4293"}],"curies":[{"name":"wp","href":"https:\/\/api.w.org\/{rel}","templated":true}]}}