{"id":4352,"date":"2018-05-09T12:38:19","date_gmt":"2018-05-09T10:38:19","guid":{"rendered":"http:\/\/cifp.joseluisgarci.alcobendas.educa.madrid.org\/?page_id=4352"},"modified":"2025-07-10T14:06:09","modified_gmt":"2025-07-10T12:06:09","slug":"iluminacion","status":"publish","type":"page","link":"https:\/\/site.educa.madrid.org\/cifp.joseluisgarci.alcobendas\/index.php\/oferta-educativa\/ciclos-formativos-grado-superior\/iluminacion\/","title":{"rendered":"Iluminaci\u00f3n"},"content":{"rendered":"\n<h5 class=\"wp-block-heading\">T\u00e9cnico Superior en Iluminaci\u00f3n, Captaci\u00f3n y Tratamiento de la Imagen<\/h5>\n\n\n\n<p><b>Este profesional ser\u00e1 capaz de<\/b><\/p>\n\n\n\n<p>Realizar proyectos fotogr\u00e1ficos completos, captar, registrar y tratar im\u00e1genes en producciones audiovisuales e iluminar espacios esc\u00e9nicos en audiovisuales, espect\u00e1culos y eventos, determinando y controlando la calidad t\u00e9cnica, formal y expresiva.<\/p>\n\n\n\n<h4 class=\"wp-block-heading\"><span style=\"color: #000000;\">Plan de estudios<\/span><\/h4>\n\n\n\n<div data-wp-interactive=\"core\/file\" class=\"wp-block-file\"><object data-wp-bind--hidden=\"!state.hasPdfPreview\" hidden class=\"wp-block-file__embed\" data=\"https:\/\/site.educa.madrid.org\/cifp.joseluisgarci.alcobendas\/\/wp-content\/uploads\/cifp.joseluisgarci.alcobendas\/2025\/06\/ilumintablas_grado_superior.pdf\" type=\"application\/pdf\" style=\"width:100%;height:600px\" aria-label=\"Incrustado de ilumintablas_grado_superior.\"><\/object><a id=\"wp-block-file--media-a5218a06-7c20-4fac-9b92-05c0a644fbe7\" href=\"https:\/\/site.educa.madrid.org\/cifp.joseluisgarci.alcobendas\/\/wp-content\/uploads\/cifp.joseluisgarci.alcobendas\/2025\/06\/ilumintablas_grado_superior.pdf\">ilumintablas_grado_superior<\/a><a href=\"https:\/\/site.educa.madrid.org\/cifp.joseluisgarci.alcobendas\/\/wp-content\/uploads\/cifp.joseluisgarci.alcobendas\/2025\/06\/ilumintablas_grado_superior.pdf\" class=\"wp-block-file__button wp-element-button\" download aria-describedby=\"wp-block-file--media-a5218a06-7c20-4fac-9b92-05c0a644fbe7\">Descarga<\/a><\/div>\n\n\n\n<h3 class=\"wp-block-heading\" id=\"ui-accordion-paragraphs_item_title_text_accordion_group_paragraph_accordions-header-4\"><a href=\"https:\/\/www.comunidad.madrid\/servicios\/educacion\/estudiar-fp-ciclos-formativos-grado-superior#\">T\u00e9cnico Superior en Iluminaci\u00f3n, Captaci\u00f3n y Tratamiento de Imagen<\/a><\/h3>\n\n\n\n<p><\/p>\n\n\n\n<ul class=\"wp-block-list\">\n<li>Ense\u00f1anzas m\u00ednimas del t\u00edtulo\n<ul class=\"wp-block-list\">\n<li><a href=\"https:\/\/www.boe.es\/buscar\/doc.php?id=BOE-A-2011-20274\" target=\"_blank\" rel=\"noreferrer noopener\">Real Decreto 1686\/2011, de 18 de noviembre<\/a><\/li>\n<\/ul>\n<\/li>\n\n\n\n<li>Plan de estudios de la Comunidad de Madrid\n<ul class=\"wp-block-list\">\n<li>Decretos 102\/2024, de 13 de noviembre, y 103\/2024, de 13 de noviembre, del Consejo de Gobierno de la Comunidad de Madrid<\/li>\n<\/ul>\n<\/li>\n<\/ul>\n\n\n\n<hr class=\"wp-block-separator has-css-opacity\"\/>\n\n\n\n<div class=\"wp-block-buttons is-layout-flex wp-block-buttons-is-layout-flex\">\n<div class=\"wp-block-button has-custom-width wp-block-button__width-100\"><a class=\"wp-block-button__link has-background wp-element-button\" href=\"https:\/\/site.educa.madrid.org\/cifp.joseluisgarci.alcobendas\/index.php\/oferta-educativa\/\" style=\"background-color:#e2001a\">VOLVER A OFERTA EDUCATIVA<\/a><\/div>\n<\/div>\n","protected":false},"excerpt":{"rendered":"<p>T\u00e9cnico Superior en Iluminaci\u00f3n, Captaci\u00f3n y Tratamiento de la Imagen Este profesional ser\u00e1 capaz de Realizar proyectos fotogr\u00e1ficos completos, captar, registrar y tratar im\u00e1genes en producciones audiovisuales e iluminar espacios esc\u00e9nicos en audiovisuales, espect\u00e1culos y eventos, determinando y controlando la calidad t\u00e9cnica, formal y expresiva. Plan de estudios T\u00e9cnico Superior en Iluminaci\u00f3n, Captaci\u00f3n y Tratamiento<\/p><\/div>\n<div class=\"blog-btn\"><a href=\"https:\/\/site.educa.madrid.org\/cifp.joseluisgarci.alcobendas\/index.php\/oferta-educativa\/ciclos-formativos-grado-superior\/iluminacion\/\" class=\"home-blog-btn\">Leer m\u00e1s<\/a><\/p>\n","protected":false},"author":3,"featured_media":0,"parent":5902,"menu_order":0,"comment_status":"closed","ping_status":"closed","template":"template\/template-page-full-width.php","meta":{"footnotes":""},"folder":[67],"class_list":["post-4352","page","type-page","status-publish","hentry"],"rttpg_featured_image_url":null,"rttpg_author":{"display_name":"cifp.joseluisgarci.alcobendas","author_link":"https:\/\/site.educa.madrid.org\/cifp.joseluisgarci.alcobendas\/index.php\/author\/cuenta_cifp-joseluisgarci-alcobendas\/"},"rttpg_comment":0,"rttpg_category":" <a href=\"https:\/\/site.educa.madrid.org\/cifp.joseluisgarci.alcobendas\/?taxonomy=folder&#038;term=ensenanzas-1682075843\" rel=\"tag\">Ense\u00f1anzas<\/a>","rttpg_excerpt":"T\u00e9cnico Superior en Iluminaci\u00f3n, Captaci\u00f3n y Tratamiento de la Imagen Este profesional ser\u00e1 capaz de Realizar proyectos fotogr\u00e1ficos completos, captar, registrar y tratar im\u00e1genes en producciones audiovisuales e iluminar espacios esc\u00e9nicos en audiovisuales, espect\u00e1culos y eventos, determinando y controlando la calidad t\u00e9cnica, formal y expresiva. Plan de estudios T\u00e9cnico Superior en Iluminaci\u00f3n, Captaci\u00f3n y TratamientoLeer&hellip;","post_mailing_queue_ids":[],"_links":{"self":[{"href":"https:\/\/site.educa.madrid.org\/cifp.joseluisgarci.alcobendas\/index.php\/wp-json\/wp\/v2\/pages\/4352","targetHints":{"allow":["GET"]}}],"collection":[{"href":"https:\/\/site.educa.madrid.org\/cifp.joseluisgarci.alcobendas\/index.php\/wp-json\/wp\/v2\/pages"}],"about":[{"href":"https:\/\/site.educa.madrid.org\/cifp.joseluisgarci.alcobendas\/index.php\/wp-json\/wp\/v2\/types\/page"}],"author":[{"embeddable":true,"href":"https:\/\/site.educa.madrid.org\/cifp.joseluisgarci.alcobendas\/index.php\/wp-json\/wp\/v2\/users\/3"}],"replies":[{"embeddable":true,"href":"https:\/\/site.educa.madrid.org\/cifp.joseluisgarci.alcobendas\/index.php\/wp-json\/wp\/v2\/comments?post=4352"}],"version-history":[{"count":12,"href":"https:\/\/site.educa.madrid.org\/cifp.joseluisgarci.alcobendas\/index.php\/wp-json\/wp\/v2\/pages\/4352\/revisions"}],"predecessor-version":[{"id":8875,"href":"https:\/\/site.educa.madrid.org\/cifp.joseluisgarci.alcobendas\/index.php\/wp-json\/wp\/v2\/pages\/4352\/revisions\/8875"}],"up":[{"embeddable":true,"href":"https:\/\/site.educa.madrid.org\/cifp.joseluisgarci.alcobendas\/index.php\/wp-json\/wp\/v2\/pages\/5902"}],"wp:attachment":[{"href":"https:\/\/site.educa.madrid.org\/cifp.joseluisgarci.alcobendas\/index.php\/wp-json\/wp\/v2\/media?parent=4352"}],"wp:term":[{"taxonomy":"folder","embeddable":true,"href":"https:\/\/site.educa.madrid.org\/cifp.joseluisgarci.alcobendas\/index.php\/wp-json\/wp\/v2\/folder?post=4352"}],"curies":[{"name":"wp","href":"https:\/\/api.w.org\/{rel}","templated":true}]}}