{"id":4377,"date":"2018-05-10T19:51:26","date_gmt":"2018-05-10T17:51:26","guid":{"rendered":"http:\/\/cifp.joseluisgarci.alcobendas.educa.madrid.org\/?page_id=4377"},"modified":"2025-07-10T14:07:53","modified_gmt":"2025-07-10T12:07:53","slug":"produccion","status":"publish","type":"page","link":"https:\/\/site.educa.madrid.org\/cifp.joseluisgarci.alcobendas\/index.php\/oferta-educativa\/ciclos-formativos-grado-superior\/produccion\/","title":{"rendered":"Producci\u00f3n"},"content":{"rendered":"\n<h3 class=\"wp-block-heading\" id=\"ui-accordion-paragraphs_item_title_text_accordion_group_paragraph_accordions-header-2\">T\u00e9cnico Superior en Producci\u00f3n de Audiovisuales y Espect\u00e1culos<\/h3>\n\n\n\n<p><b>Este profesional ser\u00e1 capaz de<\/b><\/p>\n\n\n\n<p>Planificar, organizar, supervisar y gestionar los recursos econ\u00f3micos, materiales, t\u00e9cnicos y humanos para la producci\u00f3n de audiovisuales, espect\u00e1culos y eventos, asegurando el cumplimiento de los planes u objetivos de la producci\u00f3n en el tiempo y las condiciones de coste y calidad establecidas.<\/p>\n\n\n\n<hr class=\"wp-block-separator has-alpha-channel-opacity\"\/>\n\n\n\n<h2 class=\"wp-block-heading\">Plan de estudios<\/h2>\n\n\n\n<div data-wp-interactive=\"core\/file\" class=\"wp-block-file\"><object data-wp-bind--hidden=\"!state.hasPdfPreview\" hidden class=\"wp-block-file__embed\" data=\"https:\/\/site.educa.madrid.org\/cifp.joseluisgarci.alcobendas\/\/wp-content\/uploads\/cifp.joseluisgarci.alcobendas\/2025\/06\/producciontablas_grado_superior.pdf\" type=\"application\/pdf\" style=\"width:100%;height:600px\" aria-label=\"Incrustado de producciontablas_grado_superior.\"><\/object><a id=\"wp-block-file--media-c19b8698-d711-4e36-b89d-7d20e1637557\" href=\"https:\/\/site.educa.madrid.org\/cifp.joseluisgarci.alcobendas\/\/wp-content\/uploads\/cifp.joseluisgarci.alcobendas\/2025\/06\/producciontablas_grado_superior.pdf\">producciontablas_grado_superior<\/a><a href=\"https:\/\/site.educa.madrid.org\/cifp.joseluisgarci.alcobendas\/\/wp-content\/uploads\/cifp.joseluisgarci.alcobendas\/2025\/06\/producciontablas_grado_superior.pdf\" class=\"wp-block-file__button wp-element-button\" download aria-describedby=\"wp-block-file--media-c19b8698-d711-4e36-b89d-7d20e1637557\">Descarga<\/a><\/div>\n\n\n\n<p><\/p>\n\n\n\n<ul class=\"wp-block-list\">\n<li>Ense\u00f1anzas m\u00ednimas del t\u00edtulo\n<ul class=\"wp-block-list\">\n<li><a href=\"https:\/\/www.boe.es\/buscar\/doc.php?id=BOE-A-2011-19600\" target=\"_blank\" rel=\"noreferrer noopener\">Real Decreto 1681\/2011, de 18 de noviembre<\/a><\/li>\n<\/ul>\n<\/li>\n\n\n\n<li>Plan de estudios de la Comunidad de Madrid\n<ul class=\"wp-block-list\">\n<li>Decretos 102\/2024, de 13 de noviembre, y 103\/2024, de 13 de noviembre, del Consejo de Gobierno de la Comunidad de Madrid<\/li>\n<\/ul>\n<\/li>\n<\/ul>\n\n\n\n<hr class=\"wp-block-separator has-css-opacity\"\/>\n\n\n\n<div class=\"wp-block-buttons is-layout-flex wp-block-buttons-is-layout-flex\">\n<div class=\"wp-block-button has-custom-width wp-block-button__width-100\" style=\"text-decoration:none\"><a class=\"wp-block-button__link has-background wp-element-button\" href=\"https:\/\/site.educa.madrid.org\/cifp.joseluisgarci.alcobendas\/index.php\/oferta-educativa\/\" style=\"background-color:#e2001a\">VOLVER A OFERTA EDUCATIVA<\/a><\/div>\n<\/div>\n\n\n\n<p><\/p>\n","protected":false},"excerpt":{"rendered":"<p>T\u00e9cnico Superior en Producci\u00f3n de Audiovisuales y Espect\u00e1culos Este profesional ser\u00e1 capaz de Planificar, organizar, supervisar y gestionar los recursos econ\u00f3micos, materiales, t\u00e9cnicos y humanos para la producci\u00f3n de audiovisuales, espect\u00e1culos y eventos, asegurando el cumplimiento de los planes u objetivos de la producci\u00f3n en el tiempo y las condiciones de coste y calidad establecidas.<\/p><\/div>\n<div class=\"blog-btn\"><a href=\"https:\/\/site.educa.madrid.org\/cifp.joseluisgarci.alcobendas\/index.php\/oferta-educativa\/ciclos-formativos-grado-superior\/produccion\/\" class=\"home-blog-btn\">Leer m\u00e1s<\/a><\/p>\n","protected":false},"author":3,"featured_media":0,"parent":5902,"menu_order":0,"comment_status":"closed","ping_status":"closed","template":"template\/template-page-full-width.php","meta":{"footnotes":""},"folder":[67],"class_list":["post-4377","page","type-page","status-publish","hentry"],"rttpg_featured_image_url":null,"rttpg_author":{"display_name":"cifp.joseluisgarci.alcobendas","author_link":"https:\/\/site.educa.madrid.org\/cifp.joseluisgarci.alcobendas\/index.php\/author\/cuenta_cifp-joseluisgarci-alcobendas\/"},"rttpg_comment":0,"rttpg_category":" <a href=\"https:\/\/site.educa.madrid.org\/cifp.joseluisgarci.alcobendas\/?taxonomy=folder&#038;term=ensenanzas-1682075843\" rel=\"tag\">Ense\u00f1anzas<\/a>","rttpg_excerpt":"T\u00e9cnico Superior en Producci\u00f3n de Audiovisuales y Espect\u00e1culos Este profesional ser\u00e1 capaz de Planificar, organizar, supervisar y gestionar los recursos econ\u00f3micos, materiales, t\u00e9cnicos y humanos para la producci\u00f3n de audiovisuales, espect\u00e1culos y eventos, asegurando el cumplimiento de los planes u objetivos de la producci\u00f3n en el tiempo y las condiciones de coste y calidad establecidas.Leer&hellip;","post_mailing_queue_ids":[],"_links":{"self":[{"href":"https:\/\/site.educa.madrid.org\/cifp.joseluisgarci.alcobendas\/index.php\/wp-json\/wp\/v2\/pages\/4377","targetHints":{"allow":["GET"]}}],"collection":[{"href":"https:\/\/site.educa.madrid.org\/cifp.joseluisgarci.alcobendas\/index.php\/wp-json\/wp\/v2\/pages"}],"about":[{"href":"https:\/\/site.educa.madrid.org\/cifp.joseluisgarci.alcobendas\/index.php\/wp-json\/wp\/v2\/types\/page"}],"author":[{"embeddable":true,"href":"https:\/\/site.educa.madrid.org\/cifp.joseluisgarci.alcobendas\/index.php\/wp-json\/wp\/v2\/users\/3"}],"replies":[{"embeddable":true,"href":"https:\/\/site.educa.madrid.org\/cifp.joseluisgarci.alcobendas\/index.php\/wp-json\/wp\/v2\/comments?post=4377"}],"version-history":[{"count":11,"href":"https:\/\/site.educa.madrid.org\/cifp.joseluisgarci.alcobendas\/index.php\/wp-json\/wp\/v2\/pages\/4377\/revisions"}],"predecessor-version":[{"id":8879,"href":"https:\/\/site.educa.madrid.org\/cifp.joseluisgarci.alcobendas\/index.php\/wp-json\/wp\/v2\/pages\/4377\/revisions\/8879"}],"up":[{"embeddable":true,"href":"https:\/\/site.educa.madrid.org\/cifp.joseluisgarci.alcobendas\/index.php\/wp-json\/wp\/v2\/pages\/5902"}],"wp:attachment":[{"href":"https:\/\/site.educa.madrid.org\/cifp.joseluisgarci.alcobendas\/index.php\/wp-json\/wp\/v2\/media?parent=4377"}],"wp:term":[{"taxonomy":"folder","embeddable":true,"href":"https:\/\/site.educa.madrid.org\/cifp.joseluisgarci.alcobendas\/index.php\/wp-json\/wp\/v2\/folder?post=4377"}],"curies":[{"name":"wp","href":"https:\/\/api.w.org\/{rel}","templated":true}]}}