{"id":4381,"date":"2018-05-10T20:04:27","date_gmt":"2018-05-10T18:04:27","guid":{"rendered":"http:\/\/cifp.joseluisgarci.alcobendas.educa.madrid.org\/?page_id=4381"},"modified":"2025-07-10T14:06:45","modified_gmt":"2025-07-10T12:06:45","slug":"sonido-2","status":"publish","type":"page","link":"https:\/\/site.educa.madrid.org\/cifp.joseluisgarci.alcobendas\/index.php\/oferta-educativa\/ciclos-formativos-grado-superior\/sonido-2\/","title":{"rendered":"Sonido"},"content":{"rendered":"\n<h2 class=\"wp-block-heading\">T\u00e9cnico Superior en Sonido para Audiovisuales y Espect\u00e1culos<\/h2>\n\n\n\n<p><b>Este profesional ser\u00e1 capaz de<\/b><\/p>\n\n\n\n<p>Definir, planificar y supervisar la instalaci\u00f3n, captaci\u00f3n, grabaci\u00f3n, control, emisi\u00f3n, postproducci\u00f3n y reproducci\u00f3n del sonido en audiovisuales, radio, industria discogr\u00e1fica, espect\u00e1culos, eventos e instalaciones fijas de sonorizaci\u00f3n, controlando y asegurando la calidad t\u00e9cnica y formal.<\/p>\n\n\n\n<p>En este centro el Ciclo Formativo de Grado Superior <b>S<span style=\"font-size: xx-small;\">ONIDO PARA <\/span>A<span style=\"font-size: xx-small;\">UDIOVISUALES Y <\/span>E<\/b><span style=\"font-size: xx-small;\"><b>SPECT\u00c1CULOS<\/b> <\/span>est\u00e1 cofinanciado por el Fondo Social Europeo.<\/p>\n\n\n\n<figure class=\"wp-block-image size-full\"><img loading=\"lazy\" decoding=\"async\" width=\"419\" height=\"52\" src=\"https:\/\/site.educa.madrid.org\/cifp.joseluisgarci.alcobendas\/\/wp-content\/uploads\/cifp.joseluisgarci.alcobendas\/2024\/06\/banda_superior.png\" alt=\"\" class=\"wp-image-6358\" srcset=\"https:\/\/site.educa.madrid.org\/cifp.joseluisgarci.alcobendas\/\/wp-content\/uploads\/cifp.joseluisgarci.alcobendas\/2024\/06\/banda_superior.png 419w, https:\/\/site.educa.madrid.org\/cifp.joseluisgarci.alcobendas\/\/wp-content\/uploads\/cifp.joseluisgarci.alcobendas\/2024\/06\/banda_superior-300x37.png 300w\" sizes=\"auto, (max-width: 419px) 100vw, 419px\" \/><\/figure>\n\n\n\n<hr class=\"wp-block-separator has-alpha-channel-opacity\"\/>\n\n\n\n<h2 class=\"wp-block-heading\">Plan de estudios<\/h2>\n\n\n\n<div data-wp-interactive=\"core\/file\" class=\"wp-block-file\"><object data-wp-bind--hidden=\"!state.hasPdfPreview\" hidden class=\"wp-block-file__embed\" data=\"https:\/\/site.educa.madrid.org\/cifp.joseluisgarci.alcobendas\/\/wp-content\/uploads\/cifp.joseluisgarci.alcobendas\/2025\/06\/sonidotablas_grado_superior.pdf\" type=\"application\/pdf\" style=\"width:100%;height:600px\" aria-label=\"Incrustado de sonidotablas_grado_superior.\"><\/object><a id=\"wp-block-file--media-653e4219-8fb3-4ddc-8933-03356a7b7116\" href=\"https:\/\/site.educa.madrid.org\/cifp.joseluisgarci.alcobendas\/\/wp-content\/uploads\/cifp.joseluisgarci.alcobendas\/2025\/06\/sonidotablas_grado_superior.pdf\">sonidotablas_grado_superior<\/a><a href=\"https:\/\/site.educa.madrid.org\/cifp.joseluisgarci.alcobendas\/\/wp-content\/uploads\/cifp.joseluisgarci.alcobendas\/2025\/06\/sonidotablas_grado_superior.pdf\" class=\"wp-block-file__button wp-element-button\" download aria-describedby=\"wp-block-file--media-653e4219-8fb3-4ddc-8933-03356a7b7116\">Descarga<\/a><\/div>\n\n\n\n<p><\/p>\n\n\n\n<ul class=\"wp-block-list\">\n<li>Ense\u00f1anzas m\u00ednimas del t\u00edtulo\n<ul class=\"wp-block-list\">\n<li><a href=\"https:\/\/www.boe.es\/buscar\/doc.php?id=BOE-A-2011-19601\" target=\"_blank\" rel=\"noreferrer noopener\">Real Decreto 1682\/2011, de 18 de noviembre<\/a><\/li>\n<\/ul>\n<\/li>\n\n\n\n<li>Plan de estudios de la Comunidad de Madrid\n<ul class=\"wp-block-list\">\n<li>Decretos 102\/2024, de 13 de noviembre, y 103\/2024, de 13 de noviembre, del Consejo de Gobierno de la Comunidad de Madrid<\/li>\n<\/ul>\n<\/li>\n<\/ul>\n\n\n\n<hr class=\"wp-block-separator has-css-opacity\"\/>\n\n\n\n<div class=\"wp-block-buttons is-layout-flex wp-block-buttons-is-layout-flex\">\n<div class=\"wp-block-button has-custom-width wp-block-button__width-100\" style=\"text-decoration:none\"><a class=\"wp-block-button__link has-background wp-element-button\" href=\"https:\/\/site.educa.madrid.org\/cifp.joseluisgarci.alcobendas\/index.php\/oferta-educativa\/\" style=\"background-color:#e2001a\">VOLVER A OFERTA EDUCATIVA<\/a><\/div>\n<\/div>\n\n\n\n<p><\/p>\n","protected":false},"excerpt":{"rendered":"<p>T\u00e9cnico Superior en Sonido para Audiovisuales y Espect\u00e1culos Este profesional ser\u00e1 capaz de Definir, planificar y supervisar la instalaci\u00f3n, captaci\u00f3n, grabaci\u00f3n, control, emisi\u00f3n, postproducci\u00f3n y reproducci\u00f3n del sonido en audiovisuales, radio, industria discogr\u00e1fica, espect\u00e1culos, eventos e instalaciones fijas de sonorizaci\u00f3n, controlando y asegurando la calidad t\u00e9cnica y formal. En este centro el Ciclo Formativo de<\/p><\/div>\n<div class=\"blog-btn\"><a href=\"https:\/\/site.educa.madrid.org\/cifp.joseluisgarci.alcobendas\/index.php\/oferta-educativa\/ciclos-formativos-grado-superior\/sonido-2\/\" class=\"home-blog-btn\">Leer m\u00e1s<\/a><\/p>\n","protected":false},"author":3,"featured_media":0,"parent":5902,"menu_order":0,"comment_status":"closed","ping_status":"closed","template":"template\/template-page-full-width.php","meta":{"footnotes":""},"folder":[67],"class_list":["post-4381","page","type-page","status-publish","hentry"],"rttpg_featured_image_url":null,"rttpg_author":{"display_name":"cifp.joseluisgarci.alcobendas","author_link":"https:\/\/site.educa.madrid.org\/cifp.joseluisgarci.alcobendas\/index.php\/author\/cuenta_cifp-joseluisgarci-alcobendas\/"},"rttpg_comment":0,"rttpg_category":" <a href=\"https:\/\/site.educa.madrid.org\/cifp.joseluisgarci.alcobendas\/?taxonomy=folder&#038;term=ensenanzas-1682075843\" rel=\"tag\">Ense\u00f1anzas<\/a>","rttpg_excerpt":"T\u00e9cnico Superior en Sonido para Audiovisuales y Espect\u00e1culos Este profesional ser\u00e1 capaz de Definir, planificar y supervisar la instalaci\u00f3n, captaci\u00f3n, grabaci\u00f3n, control, emisi\u00f3n, postproducci\u00f3n y reproducci\u00f3n del sonido en audiovisuales, radio, industria discogr\u00e1fica, espect\u00e1culos, eventos e instalaciones fijas de sonorizaci\u00f3n, controlando y asegurando la calidad t\u00e9cnica y formal. En este centro el Ciclo Formativo deLeer&hellip;","post_mailing_queue_ids":[],"_links":{"self":[{"href":"https:\/\/site.educa.madrid.org\/cifp.joseluisgarci.alcobendas\/index.php\/wp-json\/wp\/v2\/pages\/4381","targetHints":{"allow":["GET"]}}],"collection":[{"href":"https:\/\/site.educa.madrid.org\/cifp.joseluisgarci.alcobendas\/index.php\/wp-json\/wp\/v2\/pages"}],"about":[{"href":"https:\/\/site.educa.madrid.org\/cifp.joseluisgarci.alcobendas\/index.php\/wp-json\/wp\/v2\/types\/page"}],"author":[{"embeddable":true,"href":"https:\/\/site.educa.madrid.org\/cifp.joseluisgarci.alcobendas\/index.php\/wp-json\/wp\/v2\/users\/3"}],"replies":[{"embeddable":true,"href":"https:\/\/site.educa.madrid.org\/cifp.joseluisgarci.alcobendas\/index.php\/wp-json\/wp\/v2\/comments?post=4381"}],"version-history":[{"count":10,"href":"https:\/\/site.educa.madrid.org\/cifp.joseluisgarci.alcobendas\/index.php\/wp-json\/wp\/v2\/pages\/4381\/revisions"}],"predecessor-version":[{"id":8876,"href":"https:\/\/site.educa.madrid.org\/cifp.joseluisgarci.alcobendas\/index.php\/wp-json\/wp\/v2\/pages\/4381\/revisions\/8876"}],"up":[{"embeddable":true,"href":"https:\/\/site.educa.madrid.org\/cifp.joseluisgarci.alcobendas\/index.php\/wp-json\/wp\/v2\/pages\/5902"}],"wp:attachment":[{"href":"https:\/\/site.educa.madrid.org\/cifp.joseluisgarci.alcobendas\/index.php\/wp-json\/wp\/v2\/media?parent=4381"}],"wp:term":[{"taxonomy":"folder","embeddable":true,"href":"https:\/\/site.educa.madrid.org\/cifp.joseluisgarci.alcobendas\/index.php\/wp-json\/wp\/v2\/folder?post=4381"}],"curies":[{"name":"wp","href":"https:\/\/api.w.org\/{rel}","templated":true}]}}