{"id":4602,"date":"2018-06-09T10:12:24","date_gmt":"2018-06-09T08:12:24","guid":{"rendered":"http:\/\/cifp.joseluisgarci.alcobendas.educa.madrid.org\/?page_id=4602"},"modified":"2024-12-19T11:16:10","modified_gmt":"2024-12-19T10:16:10","slug":"oferta-educativa","status":"publish","type":"page","link":"https:\/\/site.educa.madrid.org\/cifp.joseluisgarci.alcobendas\/index.php\/oferta-educativa\/","title":{"rendered":"OFERTA FORMATIVA"},"content":{"rendered":"\n<p>Aqu\u00ed podr\u00e1s acceder a las diferentes ofertas formativas que ofrece el centro<\/p>\n\n\n\n<h2 class=\"wp-block-heading\">Formaci\u00f3n para el empleo<\/h2>\n\n\n\n<p>Consulta las ofertas disponibles en formaci\u00f3n para el empleo<\/p>\n\n\n\n<div class=\"wp-block-buttons is-layout-flex wp-block-buttons-is-layout-flex\">\n<div class=\"wp-block-button has-custom-width wp-block-button__width-100 is-style-fill\"><a class=\"wp-block-button__link has-background wp-element-button\" href=\"https:\/\/site.educa.madrid.org\/cifp.joseluisgarci.alcobendas\/index.php\/oferta-educativa\/formacion-para-el-empleo\/\" style=\"background-color:#e2001a\">ENTRAR<\/a><\/div>\n<\/div>\n\n\n\n<hr class=\"wp-block-separator has-alpha-channel-opacity\"\/>\n\n\n\n<h2 class=\"wp-block-heading\">Ciclos Formativos<\/h2>\n\n\n<figure class=\"wp-block-gallery columns-3 is-cropped\">\n<ul class=\"blocks-gallery-grid\">\n<li class=\"blocks-gallery-item\">\n<figure><a href=\"https:\/\/site.educa.madrid.org\/cifp.joseluisgarci.alcobendas\/index.php\/oferta-educativa\/ciclos-formativo-grado-medio\/\"><img loading=\"lazy\" decoding=\"async\" width=\"500\" height=\"288\" class=\"wp-image-5985\" src=\"https:\/\/site.educa.madrid.org\/cifp.joseluisgarci.alcobendas\/\/wp-content\/uploads\/cifp.joseluisgarci.alcobendas\/2022\/02\/CFGM_VDJ.jpg\" alt=\"\" data-id=\"5985\" data-full-url=\"https:\/\/site.educa.madrid.org\/cifp.joseluisgarci.alcobendas\/\/wp-content\/uploads\/cifp.joseluisgarci.alcobendas\/2022\/02\/CFGM_VDJ.jpg\" data-link=\"https:\/\/site.educa.madrid.org\/cifp.joseluisgarci.alcobendas\/index.php\/oferta-educativa\/cfgm_vdj\/\" srcset=\"https:\/\/site.educa.madrid.org\/cifp.joseluisgarci.alcobendas\/\/wp-content\/uploads\/cifp.joseluisgarci.alcobendas\/2022\/02\/CFGM_VDJ.jpg 500w, https:\/\/site.educa.madrid.org\/cifp.joseluisgarci.alcobendas\/\/wp-content\/uploads\/cifp.joseluisgarci.alcobendas\/2022\/02\/CFGM_VDJ-300x173.jpg 300w\" sizes=\"auto, (max-width: 500px) 100vw, 500px\" \/><\/a><\/figure>\n<\/li>\n<li class=\"blocks-gallery-item\">\n<figure><a href=\"https:\/\/site.educa.madrid.org\/cifp.joseluisgarci.alcobendas\/index.php\/animacion-3d-y-videojuegos\/\"><img loading=\"lazy\" decoding=\"async\" width=\"500\" height=\"288\" class=\"wp-image-5986 alignnone\" src=\"https:\/\/site.educa.madrid.org\/cifp.joseluisgarci.alcobendas\/\/wp-content\/uploads\/cifp.joseluisgarci.alcobendas\/2022\/02\/CFGS_3D.jpg\" alt=\"\" data-id=\"5986\" data-full-url=\"https:\/\/site.educa.madrid.org\/cifp.joseluisgarci.alcobendas\/\/wp-content\/uploads\/cifp.joseluisgarci.alcobendas\/2022\/02\/CFGS_3D.jpg\" data-link=\"https:\/\/site.educa.madrid.org\/cifp.joseluisgarci.alcobendas\/index.php\/oferta-educativa\/cfgs_3d\/\" srcset=\"https:\/\/site.educa.madrid.org\/cifp.joseluisgarci.alcobendas\/\/wp-content\/uploads\/cifp.joseluisgarci.alcobendas\/2022\/02\/CFGS_3D.jpg 500w, https:\/\/site.educa.madrid.org\/cifp.joseluisgarci.alcobendas\/\/wp-content\/uploads\/cifp.joseluisgarci.alcobendas\/2022\/02\/CFGS_3D-300x173.jpg 300w\" sizes=\"auto, (max-width: 500px) 100vw, 500px\" \/><\/a><\/figure>\n<\/li>\n<li class=\"blocks-gallery-item\">\n<figure><a href=\"https:\/\/site.educa.madrid.org\/cifp.joseluisgarci.alcobendas\/index.php\/iluminacion\/\"><img loading=\"lazy\" decoding=\"async\" width=\"500\" height=\"288\" class=\"wp-image-5987\" src=\"https:\/\/site.educa.madrid.org\/cifp.joseluisgarci.alcobendas\/\/wp-content\/uploads\/cifp.joseluisgarci.alcobendas\/2022\/02\/CFGS_ILU.jpg\" alt=\"\" data-id=\"5987\" data-full-url=\"https:\/\/site.educa.madrid.org\/cifp.joseluisgarci.alcobendas\/\/wp-content\/uploads\/cifp.joseluisgarci.alcobendas\/2022\/02\/CFGS_ILU.jpg\" data-link=\"https:\/\/site.educa.madrid.org\/cifp.joseluisgarci.alcobendas\/index.php\/oferta-educativa\/cfgs_ilu\/\" srcset=\"https:\/\/site.educa.madrid.org\/cifp.joseluisgarci.alcobendas\/\/wp-content\/uploads\/cifp.joseluisgarci.alcobendas\/2022\/02\/CFGS_ILU.jpg 500w, https:\/\/site.educa.madrid.org\/cifp.joseluisgarci.alcobendas\/\/wp-content\/uploads\/cifp.joseluisgarci.alcobendas\/2022\/02\/CFGS_ILU-300x173.jpg 300w\" sizes=\"auto, (max-width: 500px) 100vw, 500px\" \/><\/a><\/figure>\n<\/li>\n<li class=\"blocks-gallery-item\">\n<figure><a href=\"https:\/\/site.educa.madrid.org\/cifp.joseluisgarci.alcobendas\/index.php\/produccion\/\"><img loading=\"lazy\" decoding=\"async\" width=\"500\" height=\"288\" class=\"wp-image-5988\" src=\"https:\/\/site.educa.madrid.org\/cifp.joseluisgarci.alcobendas\/\/wp-content\/uploads\/cifp.joseluisgarci.alcobendas\/2022\/02\/CFGS_PRODU.jpg\" alt=\"\" data-id=\"5988\" data-full-url=\"https:\/\/site.educa.madrid.org\/cifp.joseluisgarci.alcobendas\/\/wp-content\/uploads\/cifp.joseluisgarci.alcobendas\/2022\/02\/CFGS_PRODU.jpg\" data-link=\"https:\/\/site.educa.madrid.org\/cifp.joseluisgarci.alcobendas\/index.php\/oferta-educativa\/cfgs_produ\/\" srcset=\"https:\/\/site.educa.madrid.org\/cifp.joseluisgarci.alcobendas\/\/wp-content\/uploads\/cifp.joseluisgarci.alcobendas\/2022\/02\/CFGS_PRODU.jpg 500w, https:\/\/site.educa.madrid.org\/cifp.joseluisgarci.alcobendas\/\/wp-content\/uploads\/cifp.joseluisgarci.alcobendas\/2022\/02\/CFGS_PRODU-300x173.jpg 300w\" sizes=\"auto, (max-width: 500px) 100vw, 500px\" \/><\/a><\/figure>\n<\/li>\n<li class=\"blocks-gallery-item\">\n<figure><a href=\"https:\/\/site.educa.madrid.org\/cifp.joseluisgarci.alcobendas\/index.php\/realizacion-2\/\"><img loading=\"lazy\" decoding=\"async\" width=\"500\" height=\"288\" class=\"wp-image-5989\" src=\"https:\/\/site.educa.madrid.org\/cifp.joseluisgarci.alcobendas\/\/wp-content\/uploads\/cifp.joseluisgarci.alcobendas\/2022\/02\/CFGS_REA.jpg\" alt=\"\" data-id=\"5989\" data-full-url=\"https:\/\/site.educa.madrid.org\/cifp.joseluisgarci.alcobendas\/\/wp-content\/uploads\/cifp.joseluisgarci.alcobendas\/2022\/02\/CFGS_REA.jpg\" data-link=\"https:\/\/site.educa.madrid.org\/cifp.joseluisgarci.alcobendas\/index.php\/oferta-educativa\/cfgs_rea\/\" srcset=\"https:\/\/site.educa.madrid.org\/cifp.joseluisgarci.alcobendas\/\/wp-content\/uploads\/cifp.joseluisgarci.alcobendas\/2022\/02\/CFGS_REA.jpg 500w, https:\/\/site.educa.madrid.org\/cifp.joseluisgarci.alcobendas\/\/wp-content\/uploads\/cifp.joseluisgarci.alcobendas\/2022\/02\/CFGS_REA-300x173.jpg 300w\" sizes=\"auto, (max-width: 500px) 100vw, 500px\" \/><\/a><\/figure>\n<\/li>\n<li class=\"blocks-gallery-item\">\n<figure><a href=\"https:\/\/site.educa.madrid.org\/cifp.joseluisgarci.alcobendas\/index.php\/sonido-2\/\"><img loading=\"lazy\" decoding=\"async\" width=\"500\" height=\"288\" class=\"wp-image-5990\" src=\"https:\/\/site.educa.madrid.org\/cifp.joseluisgarci.alcobendas\/\/wp-content\/uploads\/cifp.joseluisgarci.alcobendas\/2022\/02\/CFGS_SONIDO.jpg\" alt=\"\" data-id=\"5990\" data-full-url=\"https:\/\/site.educa.madrid.org\/cifp.joseluisgarci.alcobendas\/\/wp-content\/uploads\/cifp.joseluisgarci.alcobendas\/2022\/02\/CFGS_SONIDO.jpg\" data-link=\"https:\/\/site.educa.madrid.org\/cifp.joseluisgarci.alcobendas\/index.php\/oferta-educativa\/cfgs_sonido\/\" srcset=\"https:\/\/site.educa.madrid.org\/cifp.joseluisgarci.alcobendas\/\/wp-content\/uploads\/cifp.joseluisgarci.alcobendas\/2022\/02\/CFGS_SONIDO.jpg 500w, https:\/\/site.educa.madrid.org\/cifp.joseluisgarci.alcobendas\/\/wp-content\/uploads\/cifp.joseluisgarci.alcobendas\/2022\/02\/CFGS_SONIDO-300x173.jpg 300w\" sizes=\"auto, (max-width: 500px) 100vw, 500px\" \/><\/a><\/figure>\n<\/li>\n<\/ul>\n<\/figure>\n\n\n<div id=\"mec_skin_6059\" class=\"mec-wrap   \">\r\n\r\n    \r\n    <div class=\"mec-calendar mec-box-calendar mec-event-calendar-classic mec-event-container-novel\" id=\"mec_skin_events_6059_full\">\r\n                <div class=\"mec-calendar-side mec-clear\">\r\n                        <div class=\"mec-skin-monthly-view-month-navigator-container\">\r\n                <div class=\"mec-month-navigator\" id=\"mec_month_navigator_6059_202605\"><div class=\"mec-previous-month mec-load-month mec-previous-month\" data-mec-year=\"2026\" data-mec-month=\"04\"><a href=\"#\" class=\"mec-load-month-link\"><i class=\"mec-sl-angle-left\"><\/i> abril<\/a><\/div><div class=\"mec-calendar-header\"><h2>mayo 2026<\/h2><\/div><div class=\"mec-next-month mec-load-month mec-next-month\" data-mec-year=\"2026\" data-mec-month=\"06\"><a href=\"#\" class=\"mec-load-month-link\">junio <i class=\"mec-sl-angle-right\"><\/i><\/a><\/div><\/div>\r\n            <\/div>\r\n            \r\n            <div class=\"mec-calendar-table\" id=\"mec_skin_events_6059\">\r\n                <div class=\"mec-month-container mec-month-container-selected\" id=\"mec_monthly_view_month_6059_202605\" data-month-id=\"202605\"><dl class=\"mec-calendar-table-head\"><dt class=\"mec-calendar-day-head\">LU<\/dt><dt class=\"mec-calendar-day-head\">MA<\/dt><dt class=\"mec-calendar-day-head\">MI<\/dt><dt class=\"mec-calendar-day-head\">JU<\/dt><dt class=\"mec-calendar-day-head\">VI<\/dt><dt class=\"mec-calendar-day-head\">SA<\/dt><dt class=\"mec-calendar-day-head\">DO<\/dt><\/dl><dl class=\"mec-calendar-row\">\r\n    <dt class=\"mec-table-nullday\">27<\/dt><dt class=\"mec-table-nullday\">28<\/dt><dt class=\"mec-table-nullday\">29<\/dt><dt class=\"mec-table-nullday\">30<\/dt><dt class=\"mec-calendar-day \" data-mec-cell=\"20260501\" data-day=\"1\" data-month=\"202605\">1<\/dt><\/dt><dt class=\"mec-calendar-day \" data-mec-cell=\"20260502\" data-day=\"2\" data-month=\"202605\">2<\/dt><\/dt><dt class=\"mec-calendar-day \" data-mec-cell=\"20260503\" data-day=\"3\" data-month=\"202605\">3<\/dt><\/dt><\/dl><dl class=\"mec-calendar-row\"><dt class=\"mec-calendar-day \" data-mec-cell=\"20260504\" data-day=\"4\" data-month=\"202605\">4<\/dt><\/dt><dt class=\"mec-calendar-day \" data-mec-cell=\"20260505\" data-day=\"5\" data-month=\"202605\">5<\/dt><\/dt><dt class=\"mec-calendar-day \" data-mec-cell=\"20260506\" data-day=\"6\" data-month=\"202605\">6<\/dt><\/dt><dt class=\"mec-calendar-day \" data-mec-cell=\"20260507\" data-day=\"7\" data-month=\"202605\">7<\/dt><\/dt><dt class=\"mec-calendar-day \" data-mec-cell=\"20260508\" data-day=\"8\" data-month=\"202605\">8<\/dt><\/dt><dt class=\"mec-calendar-day \" data-mec-cell=\"20260509\" data-day=\"9\" data-month=\"202605\">9<\/dt><\/dt><dt class=\"mec-calendar-day \" data-mec-cell=\"20260510\" data-day=\"10\" data-month=\"202605\">10<\/dt><\/dt><\/dl><dl class=\"mec-calendar-row\"><dt class=\"mec-calendar-day \" data-mec-cell=\"20260511\" data-day=\"11\" data-month=\"202605\">11<\/dt><\/dt><dt class=\"mec-calendar-day  mec-selected-day\" data-mec-cell=\"20260512\" data-day=\"12\" data-month=\"202605\">12<\/dt><\/dt><dt class=\"mec-calendar-day \" data-mec-cell=\"20260513\" data-day=\"13\" data-month=\"202605\">13<\/dt><\/dt><dt class=\"mec-calendar-day \" data-mec-cell=\"20260514\" data-day=\"14\" data-month=\"202605\">14<\/dt><\/dt><dt class=\"mec-calendar-day \" data-mec-cell=\"20260515\" data-day=\"15\" data-month=\"202605\">15<\/dt><\/dt><dt class=\"mec-calendar-day \" data-mec-cell=\"20260516\" data-day=\"16\" data-month=\"202605\">16<\/dt><\/dt><dt class=\"mec-calendar-day \" data-mec-cell=\"20260517\" data-day=\"17\" data-month=\"202605\">17<\/dt><\/dt><\/dl><dl class=\"mec-calendar-row\"><dt class=\"mec-calendar-day \" data-mec-cell=\"20260518\" data-day=\"18\" data-month=\"202605\">18<\/dt><\/dt><dt class=\"mec-calendar-day \" data-mec-cell=\"20260519\" data-day=\"19\" data-month=\"202605\">19<\/dt><\/dt><dt class=\"mec-calendar-day \" data-mec-cell=\"20260520\" data-day=\"20\" data-month=\"202605\">20<\/dt><\/dt><dt class=\"mec-calendar-day \" data-mec-cell=\"20260521\" data-day=\"21\" data-month=\"202605\">21<\/dt><\/dt><dt class=\"mec-calendar-day \" data-mec-cell=\"20260522\" data-day=\"22\" data-month=\"202605\">22<\/dt><\/dt><dt class=\"mec-calendar-day \" data-mec-cell=\"20260523\" data-day=\"23\" data-month=\"202605\">23<\/dt><\/dt><dt class=\"mec-calendar-day \" data-mec-cell=\"20260524\" data-day=\"24\" data-month=\"202605\">24<\/dt><\/dt><\/dl><dl class=\"mec-calendar-row\"><dt class=\"mec-calendar-day \" data-mec-cell=\"20260525\" data-day=\"25\" data-month=\"202605\">25<\/dt><\/dt><dt class=\"mec-calendar-day \" data-mec-cell=\"20260526\" data-day=\"26\" data-month=\"202605\">26<\/dt><\/dt><dt class=\"mec-calendar-day \" data-mec-cell=\"20260527\" data-day=\"27\" data-month=\"202605\">27<\/dt><\/dt><dt class=\"mec-calendar-day \" data-mec-cell=\"20260528\" data-day=\"28\" data-month=\"202605\">28<\/dt><\/dt><dt class=\"mec-calendar-day \" data-mec-cell=\"20260529\" data-day=\"29\" data-month=\"202605\">29<\/dt><\/dt><dt class=\"mec-calendar-day \" data-mec-cell=\"20260530\" data-day=\"30\" data-month=\"202605\">30<\/dt><\/dt><dt class=\"mec-calendar-day \" data-mec-cell=\"20260531\" data-day=\"31\" data-month=\"202605\">31<\/dt><\/dt><\/dl><dl class=\"mec-calendar-row\"><\/dl>\r\n<\/div>\r\n            <\/div>\r\n\r\n                    <\/div>\r\n            <\/div>\r\n\r\n        \r\n        <div class=\"mec-modal-result\"><\/div>\r\n\r\n<\/div>\n\n\n<figure class=\"wp-block-pullquote has-border-color\" style=\"border-color: #cf2e2e;\">\n<blockquote>\n<p>El Garci es un espacio educativo creativo especializado en la formaci\u00f3n profesional de t\u00e9cnicos en el sector audiovisual.<\/p>\n<p>Equipamos al alumno con el conocimiento t\u00e9cnico y propiciamos su desenvolvimiento personal y profesional adaptado a las posibilidades del sector.<\/p>\n<p>Nuestra comunidad educativa promueve el crecimiento personal, el trabajo cooperativo y la creaci\u00f3n de productos audiovisuales de calidad.<\/p>\n<\/blockquote>\n<\/figure>","protected":false},"excerpt":{"rendered":"<p>Aqu\u00ed podr\u00e1s acceder a las diferentes ofertas formativas que ofrece el centro Formaci\u00f3n para el empleo Consulta las ofertas disponibles en formaci\u00f3n para el empleo Ciclos Formativos El Garci es un espacio educativo creativo especializado en la formaci\u00f3n profesional de t\u00e9cnicos en el sector audiovisual. Equipamos al alumno con el conocimiento t\u00e9cnico y propiciamos su<\/p><\/div>\n<div class=\"blog-btn\"><a href=\"https:\/\/site.educa.madrid.org\/cifp.joseluisgarci.alcobendas\/index.php\/oferta-educativa\/\" class=\"home-blog-btn\">Leer m\u00e1s<\/a><\/p>\n","protected":false},"author":3,"featured_media":0,"parent":0,"menu_order":-12,"comment_status":"closed","ping_status":"closed","template":"","meta":{"footnotes":""},"folder":[67],"class_list":["post-4602","page","type-page","status-publish","hentry"],"rttpg_featured_image_url":null,"rttpg_author":{"display_name":"cifp.joseluisgarci.alcobendas","author_link":"https:\/\/site.educa.madrid.org\/cifp.joseluisgarci.alcobendas\/index.php\/author\/cuenta_cifp-joseluisgarci-alcobendas\/"},"rttpg_comment":0,"rttpg_category":" <a href=\"https:\/\/site.educa.madrid.org\/cifp.joseluisgarci.alcobendas\/?taxonomy=folder&#038;term=ensenanzas-1682075843\" rel=\"tag\">Ense\u00f1anzas<\/a>","rttpg_excerpt":"Aqu\u00ed podr\u00e1s acceder a las diferentes ofertas formativas que ofrece el centro Formaci\u00f3n para el empleo Consulta las ofertas disponibles en formaci\u00f3n para el empleo Ciclos Formativos El Garci es un espacio educativo creativo especializado en la formaci\u00f3n profesional de t\u00e9cnicos en el sector audiovisual. Equipamos al alumno con el conocimiento t\u00e9cnico y propiciamos suLeer&hellip;","post_mailing_queue_ids":[],"_links":{"self":[{"href":"https:\/\/site.educa.madrid.org\/cifp.joseluisgarci.alcobendas\/index.php\/wp-json\/wp\/v2\/pages\/4602","targetHints":{"allow":["GET"]}}],"collection":[{"href":"https:\/\/site.educa.madrid.org\/cifp.joseluisgarci.alcobendas\/index.php\/wp-json\/wp\/v2\/pages"}],"about":[{"href":"https:\/\/site.educa.madrid.org\/cifp.joseluisgarci.alcobendas\/index.php\/wp-json\/wp\/v2\/types\/page"}],"author":[{"embeddable":true,"href":"https:\/\/site.educa.madrid.org\/cifp.joseluisgarci.alcobendas\/index.php\/wp-json\/wp\/v2\/users\/3"}],"replies":[{"embeddable":true,"href":"https:\/\/site.educa.madrid.org\/cifp.joseluisgarci.alcobendas\/index.php\/wp-json\/wp\/v2\/comments?post=4602"}],"version-history":[{"count":23,"href":"https:\/\/site.educa.madrid.org\/cifp.joseluisgarci.alcobendas\/index.php\/wp-json\/wp\/v2\/pages\/4602\/revisions"}],"predecessor-version":[{"id":8611,"href":"https:\/\/site.educa.madrid.org\/cifp.joseluisgarci.alcobendas\/index.php\/wp-json\/wp\/v2\/pages\/4602\/revisions\/8611"}],"wp:attachment":[{"href":"https:\/\/site.educa.madrid.org\/cifp.joseluisgarci.alcobendas\/index.php\/wp-json\/wp\/v2\/media?parent=4602"}],"wp:term":[{"taxonomy":"folder","embeddable":true,"href":"https:\/\/site.educa.madrid.org\/cifp.joseluisgarci.alcobendas\/index.php\/wp-json\/wp\/v2\/folder?post=4602"}],"curies":[{"name":"wp","href":"https:\/\/api.w.org\/{rel}","templated":true}]}}