{"id":7562,"date":"2024-10-30T13:51:10","date_gmt":"2024-10-30T12:51:10","guid":{"rendered":"https:\/\/site.educa.madrid.org\/cifp.joseluisgarci.alcobendas\/?page_id=7562"},"modified":"2025-09-15T12:47:50","modified_gmt":"2025-09-15T10:47:50","slug":"grado-superior-2","status":"publish","type":"page","link":"https:\/\/site.educa.madrid.org\/cifp.joseluisgarci.alcobendas\/index.php\/secretaria\/admision\/grado-superior-2\/","title":{"rendered":"Grado Superior"},"content":{"rendered":"\n<p>Informaci\u00f3n sobre los ciclos de Iluminaci\u00f3n, Animaci\u00f3n, Sonido, Realizaci\u00f3n y Producci\u00f3n.<\/p>\n\n\n\n<!--more-->\n<!--noteaser-->\n\n\n\t\t<div class=\"rttpg-block-postgrid rttpg-block-wrapper rttpg-block-c2183e section-title-style-style1\">\n\t\t\t<div class=\"rt-container-fluid rt-tpg-container tpg-el-main-wrapper tpg-gutenberg clearfix\">\n\t\t\t\t<div class='tpg-header-wrapper'>\n\t\t\t\t\t\n        <div class=\"tpg-widget-heading-wrapper rt-clear heading-style1 \">\n            <span class=\"tpg-widget-heading-line line-left\"><\/span>\n\t\t\t<h2 class='tpg-widget-heading'>\n\t\t\t            <a href=\"#\"  target=&quot;_self&quot; >\n\t\t\t\t\n\t\t\t\t                    <span>\n\t\t\t\t\t\t&lt;strong&gt;Ciclos Formativos de Grado Superior&lt;\/strong&gt;\t\t\t\t\t<\/span>\n\t\t\t\t\t\n\t\t\t\t            <\/a>\n\n\t\t\t\t\t<\/h2>            <span class=\"tpg-widget-heading-line line-right\"><\/span>\n\n\t\t\t\n        <\/div>\n\n\t\t\n\t\t\t\t\t\t<\/div>\n\t\t\t<\/div>\n\t\t<\/div>\n\t\t\n\n\n<ul class=\"wp-block-list\">\n<li><strong>PLAZO \u00daNICO DE ADMISI\u00d3N<\/strong><\/li>\n<\/ul>\n\n\n\n<p>El plazo ordinario para presentar las solicitudes de admisi\u00f3n ser\u00e1 del d\u00eda&nbsp;<strong>27 de junio al 4 de julio de 2025, ambos inclusive.&nbsp;<\/strong><\/p>\n\n\n\n<p>La solicitud de admisi\u00f3n a estas ense\u00f1anzas se cumplimentar\u00e1 y presentar\u00e1 a\u202ftrav\u00e9s del sistema integral de gesti\u00f3n educativa\u202fRAICES,\u202f\u202f&nbsp;<\/p>\n\n\n\n<ul class=\"wp-block-list\">\n<li>Secretar\u00eda Virtual.&nbsp;<a href=\"https:\/\/raices.madrid.org\/secretariavirtual\/\" target=\"_blank\" rel=\"noreferrer noopener\">https:\/\/raices.madrid.org\/secretariavirtual\/.<\/a>&nbsp;Disponible desde el\u202fd\u00eda&nbsp;27 de junio al 4 de julio de 2025,,\u202fambas\u202ffechas incluidas.\u202f&nbsp;<\/li>\n<\/ul>\n\n\n\n<p>Admisi\u00f3n en Formaci\u00f3n Profesional: <a href=\"https:\/\/www.comunidad.madrid\/servicios\/educacion\/admision-formacion-profesional\">Admisi\u00f3n en FP<\/a> <\/p>\n\n\n\n<hr class=\"wp-block-separator has-alpha-channel-opacity\"\/>\n\n\n\n<p><strong>C\u00d3DIGO DE CENTRO:<\/strong> 28065671<\/p>\n\n\n\n<p><strong>C\u00f3digos de ciclos formativos<\/strong>:<\/p>\n\n\n\n<ol class=\"wp-block-list\">\n<li>Animaciones 3D, juegos y entornos interactivos: IMSS01<\/li>\n\n\n\n<li>Realizaci\u00f3n de proyectos audiovisuales y espect\u00e1culos: IMSS02<\/li>\n\n\n\n<li>Producci\u00f3n de audiovisuales y espect\u00e1culos: IMSS03<\/li>\n\n\n\n<li>Sonido para audiovisuales y espect\u00e1culos: IMSS04<\/li>\n\n\n\n<li>Iluminaci\u00f3n, captaci\u00f3n y tratamiento de la imagen: IMSS05<\/li>\n<\/ol>\n\n\n\n<hr class=\"wp-block-separator has-alpha-channel-opacity\"\/>\n\n\n\n<p class=\"has-large-font-size\"><strong>Matriculaci\u00f3n de nuevos alumnos<\/strong><\/p>\n\n\n\n<p>Se podr\u00e1n presentar los documentos necesarios para la matriculaci\u00f3n a trav\u00e9s de la secretar\u00eda virtual.<\/p>\n\n\n\n<p>Todas aquellas personas que no tengan la posibilidad de hacerlo online podr\u00e1n presentar los documentos necesarios en la ventanilla de la secretar\u00eda del centro.<\/p>\n\n\n\n<p>Es importante leer las instrucciones primero para poder cumplimentar el formulario de matr\u00edcula correspondiente y presentar la documentaci\u00f3n obligatoria.<\/p>\n\n\n\n<p class=\"has-vivid-cyan-blue-color has-text-color has-link-color wp-elements-43d8ca6b05304f51701e45b6fb03f616\">NOTA: No se admitir\u00e1 la matriculaci\u00f3n a trav\u00e9s de correo electr\u00f3nico.<\/p>\n\n\n\n<div class=\"wp-block-file\"><a id=\"wp-block-file--media-4496f133-5346-44a4-a150-95aff6a94ae8\" href=\"https:\/\/site.educa.madrid.org\/cifp.joseluisgarci.alcobendas\/\/wp-content\/uploads\/cifp.joseluisgarci.alcobendas\/2025\/07\/Instrucciones-Grado-Superior.pdf\">Instrucciones Grado Superior<\/a><a href=\"https:\/\/site.educa.madrid.org\/cifp.joseluisgarci.alcobendas\/\/wp-content\/uploads\/cifp.joseluisgarci.alcobendas\/2025\/07\/Instrucciones-Grado-Superior.pdf\" class=\"wp-block-file__button wp-element-button\" download aria-describedby=\"wp-block-file--media-4496f133-5346-44a4-a150-95aff6a94ae8\">Descarga<\/a><\/div>\n\n\n\n<div class=\"wp-block-file\"><a id=\"wp-block-file--media-d13e0070-ce87-4344-85cc-3a5dbd47364b\" href=\"https:\/\/site.educa.madrid.org\/cifp.joseluisgarci.alcobendas\/\/wp-content\/uploads\/cifp.joseluisgarci.alcobendas\/2025\/07\/Formulario-ANIMACION.pdf\">Formulario ANIMACI\u00d3N<\/a><a href=\"https:\/\/site.educa.madrid.org\/cifp.joseluisgarci.alcobendas\/\/wp-content\/uploads\/cifp.joseluisgarci.alcobendas\/2025\/07\/Formulario-ANIMACION.pdf\" class=\"wp-block-file__button wp-element-button\" download aria-describedby=\"wp-block-file--media-d13e0070-ce87-4344-85cc-3a5dbd47364b\">Descarga<\/a><\/div>\n\n\n\n<div class=\"wp-block-file\"><a id=\"wp-block-file--media-43d1dba3-552a-4711-bdcd-6925665fcf03\" href=\"https:\/\/site.educa.madrid.org\/cifp.joseluisgarci.alcobendas\/\/wp-content\/uploads\/cifp.joseluisgarci.alcobendas\/2025\/07\/Formulario-REALIZACION.pdf\">Formulario REALIZACI\u00d3N<\/a><a href=\"https:\/\/site.educa.madrid.org\/cifp.joseluisgarci.alcobendas\/\/wp-content\/uploads\/cifp.joseluisgarci.alcobendas\/2025\/07\/Formulario-REALIZACION.pdf\" class=\"wp-block-file__button wp-element-button\" download aria-describedby=\"wp-block-file--media-43d1dba3-552a-4711-bdcd-6925665fcf03\">Descarga<\/a><\/div>\n\n\n\n<div class=\"wp-block-file\"><a id=\"wp-block-file--media-82f0f3d6-576d-4df9-9dec-f46218a5c59c\" href=\"https:\/\/site.educa.madrid.org\/cifp.joseluisgarci.alcobendas\/\/wp-content\/uploads\/cifp.joseluisgarci.alcobendas\/2025\/07\/Formulario-PRODUCCION.pdf\">Formulario PRODUCCI\u00d3N<\/a><a href=\"https:\/\/site.educa.madrid.org\/cifp.joseluisgarci.alcobendas\/\/wp-content\/uploads\/cifp.joseluisgarci.alcobendas\/2025\/07\/Formulario-PRODUCCION.pdf\" class=\"wp-block-file__button wp-element-button\" download aria-describedby=\"wp-block-file--media-82f0f3d6-576d-4df9-9dec-f46218a5c59c\">Descarga<\/a><\/div>\n\n\n\n<div class=\"wp-block-file\"><a id=\"wp-block-file--media-ebbf3a1f-a3ca-493e-b7bf-2db856d38dbc\" href=\"https:\/\/site.educa.madrid.org\/cifp.joseluisgarci.alcobendas\/\/wp-content\/uploads\/cifp.joseluisgarci.alcobendas\/2025\/07\/Formulario-SONIDO.pdf\">Formulario SONIDO<\/a><a href=\"https:\/\/site.educa.madrid.org\/cifp.joseluisgarci.alcobendas\/\/wp-content\/uploads\/cifp.joseluisgarci.alcobendas\/2025\/07\/Formulario-SONIDO.pdf\" class=\"wp-block-file__button wp-element-button\" download aria-describedby=\"wp-block-file--media-ebbf3a1f-a3ca-493e-b7bf-2db856d38dbc\">Descarga<\/a><\/div>\n\n\n\n<div class=\"wp-block-file\"><a id=\"wp-block-file--media-50a32afe-deec-4174-af50-7321c4a30905\" href=\"https:\/\/site.educa.madrid.org\/cifp.joseluisgarci.alcobendas\/\/wp-content\/uploads\/cifp.joseluisgarci.alcobendas\/2025\/07\/Formulario-ILUMINACION.pdf\">Formulario ILUMINACI\u00d3N<\/a><a href=\"https:\/\/site.educa.madrid.org\/cifp.joseluisgarci.alcobendas\/\/wp-content\/uploads\/cifp.joseluisgarci.alcobendas\/2025\/07\/Formulario-ILUMINACION.pdf\" class=\"wp-block-file__button wp-element-button\" download aria-describedby=\"wp-block-file--media-50a32afe-deec-4174-af50-7321c4a30905\">Descarga<\/a><\/div>\n\n\n\n<hr class=\"wp-block-separator has-alpha-channel-opacity\"\/>\n\n\n\n<ul class=\"wp-block-list\">\n<li><strong>SOLICITUD<\/strong><\/li>\n<\/ul>\n\n\n\n<div class=\"wp-block-file\"><a id=\"wp-block-file--media-26576918-39b7-4af5-860d-051736d3cb22\" href=\"https:\/\/site.educa.madrid.org\/cifp.joseluisgarci.alcobendas\/\/wp-content\/uploads\/cifp.joseluisgarci.alcobendas\/2025\/06\/Solicitud-de-admision-1.pdf\">Solicitud de admisi\u00f3n<\/a><a href=\"https:\/\/site.educa.madrid.org\/cifp.joseluisgarci.alcobendas\/\/wp-content\/uploads\/cifp.joseluisgarci.alcobendas\/2025\/06\/Solicitud-de-admision-1.pdf\" class=\"wp-block-file__button wp-element-button\" download aria-describedby=\"wp-block-file--media-26576918-39b7-4af5-860d-051736d3cb22\">Descarga<\/a><\/div>\n\n\n\n<p>Para su presentaci\u00f3n, con caracter excepcional, de forma presencial.<\/p>\n\n\n\n<p class=\"has-text-align-center has-vivid-red-color has-text-color has-link-color has-large-font-size wp-elements-a17e65c5061454457253366688123f65\">Cada solicitante presentar\u00e1 \u00fanicamente&nbsp;<strong>UNA SOLICITUD<\/strong>&nbsp;de admisi\u00f3n.<\/p>\n\n\n\n<p class=\"has-text-color has-link-color has-medium-font-size wp-elements-2b3644eedf131494fea3410bf3e5ca97\" style=\"color:#0026ff\">Si un solicitante presentase, en plazo y forma, m\u00e1s de una solicitud, deber\u00e1 asegurarse de que ha anulado la anterior. En caso contrario,<\/p>\n\n\n\n<p class=\"has-text-align-center has-text-color has-link-color has-large-font-size wp-elements-2dd0ec98eae1594380271b0ac0da280a\" style=\"color:#0015f7\"><strong>los solicitantes que presenten solicitudes duplicadas quedar\u00e1n excluidos del proceso de admisi\u00f3n.<\/strong><\/p>\n\n\n\n<hr class=\"wp-block-separator has-alpha-channel-opacity\"\/>\n\n\n\n<ul class=\"wp-block-list\">\n<li><strong>INSTRUCCIONES DE ADMISI\u00d3N<\/strong><\/li>\n<\/ul>\n\n\n\n<div class=\"wp-block-file\"><a id=\"wp-block-file--media-19a1b004-3484-426c-b29a-9dc7beb32ec3\" href=\"https:\/\/site.educa.madrid.org\/cifp.joseluisgarci.alcobendas\/\/wp-content\/uploads\/cifp.joseluisgarci.alcobendas\/2025\/06\/Instrucciones-GS-web.pdf\">Instrucciones GS<\/a><a href=\"https:\/\/site.educa.madrid.org\/cifp.joseluisgarci.alcobendas\/\/wp-content\/uploads\/cifp.joseluisgarci.alcobendas\/2025\/06\/Instrucciones-GS-web.pdf\" class=\"wp-block-file__button wp-element-button\" download aria-describedby=\"wp-block-file--media-19a1b004-3484-426c-b29a-9dc7beb32ec3\">Descarga<\/a><\/div>\n\n\n\n<ul class=\"wp-block-list\">\n<li><strong>CALENDARIO DE ACTUACIONES<\/strong><\/li>\n<\/ul>\n\n\n\n<div class=\"wp-block-file\"><a id=\"wp-block-file--media-d5a44b61-40bd-4e07-a07b-af68327274ee\" href=\"https:\/\/site.educa.madrid.org\/cifp.joseluisgarci.alcobendas\/\/wp-content\/uploads\/cifp.joseluisgarci.alcobendas\/2025\/06\/Calendario-GS.pdf\">Calendario GS<\/a><a href=\"https:\/\/site.educa.madrid.org\/cifp.joseluisgarci.alcobendas\/\/wp-content\/uploads\/cifp.joseluisgarci.alcobendas\/2025\/06\/Calendario-GS.pdf\" class=\"wp-block-file__button wp-element-button\" download aria-describedby=\"wp-block-file--media-d5a44b61-40bd-4e07-a07b-af68327274ee\">Descarga<\/a><\/div>\n\n\n\n<ul class=\"wp-block-list\">\n<li><strong>OFERTA EDUCATIVA<\/strong><\/li>\n<\/ul>\n\n\n\n<div class=\"wp-block-file\"><a id=\"wp-block-file--media-a152711d-61b3-4e4c-81da-83c0e54cfb50\" href=\"https:\/\/site.educa.madrid.org\/cifp.joseluisgarci.alcobendas\/\/wp-content\/uploads\/cifp.joseluisgarci.alcobendas\/2025\/06\/Oferta-educativa-GS-25-26-1.pdf\">Oferta educativa GS 25-26<\/a><a href=\"https:\/\/site.educa.madrid.org\/cifp.joseluisgarci.alcobendas\/\/wp-content\/uploads\/cifp.joseluisgarci.alcobendas\/2025\/06\/Oferta-educativa-GS-25-26-1.pdf\" class=\"wp-block-file__button wp-element-button\" download aria-describedby=\"wp-block-file--media-a152711d-61b3-4e4c-81da-83c0e54cfb50\">Descarga<\/a><\/div>\n\n\n\n<ul class=\"wp-block-list\">\n<li><strong>BAREMO DE CORTE<\/strong><\/li>\n<\/ul>\n\n\n\n<div class=\"wp-block-file\"><a id=\"wp-block-file--media-d2890959-20b0-4e75-8d7e-fd1354f20847\" href=\"https:\/\/site.educa.madrid.org\/cifp.joseluisgarci.alcobendas\/\/wp-content\/uploads\/cifp.joseluisgarci.alcobendas\/2025\/06\/Baremo-corte-GS-24-25.pdf\">Baremo corte GS 24-25<\/a><a href=\"https:\/\/site.educa.madrid.org\/cifp.joseluisgarci.alcobendas\/\/wp-content\/uploads\/cifp.joseluisgarci.alcobendas\/2025\/06\/Baremo-corte-GS-24-25.pdf\" class=\"wp-block-file__button wp-element-button\" download aria-describedby=\"wp-block-file--media-d2890959-20b0-4e75-8d7e-fd1354f20847\">Descarga<\/a><\/div>\n\n\n\n<ul class=\"wp-block-list\">\n<li><strong>SORTEO DE DESEMPATE<\/strong><\/li>\n<\/ul>\n\n\n\n<div class=\"wp-block-file\"><a id=\"wp-block-file--media-93afd23f-7ab8-43f1-891b-04a31f3e2068\" href=\"https:\/\/site.educa.madrid.org\/cifp.joseluisgarci.alcobendas\/\/wp-content\/uploads\/cifp.joseluisgarci.alcobendas\/2025\/06\/Resultado-sorteo-publico-posibles-empates.pdf\">Resultado sorteo p\u00fablico posibles empates<\/a><a href=\"https:\/\/site.educa.madrid.org\/cifp.joseluisgarci.alcobendas\/\/wp-content\/uploads\/cifp.joseluisgarci.alcobendas\/2025\/06\/Resultado-sorteo-publico-posibles-empates.pdf\" class=\"wp-block-file__button wp-element-button\" download aria-describedby=\"wp-block-file--media-93afd23f-7ab8-43f1-891b-04a31f3e2068\">Descarga<\/a><\/div>\n\n\n\n<ul class=\"wp-block-list\">\n<li><strong>VACANTES<\/strong><\/li>\n<\/ul>\n\n\n\n<div class=\"wp-block-file\"><a id=\"wp-block-file--media-e325d0a1-e5ff-4493-adbc-c538c7a0b69a\" href=\"https:\/\/site.educa.madrid.org\/cifp.joseluisgarci.alcobendas\/\/wp-content\/uploads\/cifp.joseluisgarci.alcobendas\/2025\/06\/Vacantes-Grados-superiores.pdf\">Vacantes Grados superiores<\/a><a href=\"https:\/\/site.educa.madrid.org\/cifp.joseluisgarci.alcobendas\/\/wp-content\/uploads\/cifp.joseluisgarci.alcobendas\/2025\/06\/Vacantes-Grados-superiores.pdf\" class=\"wp-block-file__button wp-element-button\" download aria-describedby=\"wp-block-file--media-e325d0a1-e5ff-4493-adbc-c538c7a0b69a\">Descarga<\/a><\/div>\n","protected":false},"excerpt":{"rendered":"<p>Informaci\u00f3n sobre los ciclos de Iluminaci\u00f3n, Animaci\u00f3n, Sonido, Realizaci\u00f3n y Producci\u00f3n.<\/p>\n","protected":false},"author":5,"featured_media":7554,"parent":4296,"menu_order":0,"comment_status":"closed","ping_status":"closed","template":"","meta":{"footnotes":""},"folder":[68],"class_list":["post-7562","page","type-page","status-publish","has-post-thumbnail","hentry"],"rttpg_featured_image_url":{"full":["https:\/\/site.educa.madrid.org\/cifp.joseluisgarci.alcobendas\/\/wp-content\/uploads\/cifp.joseluisgarci.alcobendas\/2024\/10\/Destacada_noticias_Proyectos.jpg",1440,300,false],"landscape":["https:\/\/site.educa.madrid.org\/cifp.joseluisgarci.alcobendas\/\/wp-content\/uploads\/cifp.joseluisgarci.alcobendas\/2024\/10\/Destacada_noticias_Proyectos.jpg",1440,300,false],"portraits":["https:\/\/site.educa.madrid.org\/cifp.joseluisgarci.alcobendas\/\/wp-content\/uploads\/cifp.joseluisgarci.alcobendas\/2024\/10\/Destacada_noticias_Proyectos.jpg",1440,300,false],"thumbnail":["https:\/\/site.educa.madrid.org\/cifp.joseluisgarci.alcobendas\/\/wp-content\/uploads\/cifp.joseluisgarci.alcobendas\/2024\/10\/Destacada_noticias_Proyectos-150x150.jpg",150,150,true],"medium":["https:\/\/site.educa.madrid.org\/cifp.joseluisgarci.alcobendas\/\/wp-content\/uploads\/cifp.joseluisgarci.alcobendas\/2024\/10\/Destacada_noticias_Proyectos-300x63.jpg",300,63,true],"large":["https:\/\/site.educa.madrid.org\/cifp.joseluisgarci.alcobendas\/\/wp-content\/uploads\/cifp.joseluisgarci.alcobendas\/2024\/10\/Destacada_noticias_Proyectos-1024x213.jpg",696,145,true],"thumblist":["https:\/\/site.educa.madrid.org\/cifp.joseluisgarci.alcobendas\/\/wp-content\/uploads\/cifp.joseluisgarci.alcobendas\/2024\/10\/Destacada_noticias_Proyectos-300x300.jpg",300,300,true],"thumbrelated":["https:\/\/site.educa.madrid.org\/cifp.joseluisgarci.alcobendas\/\/wp-content\/uploads\/cifp.joseluisgarci.alcobendas\/2024\/10\/Destacada_noticias_Proyectos-500x300.jpg",500,300,true],"meccarouselthumb":["https:\/\/site.educa.madrid.org\/cifp.joseluisgarci.alcobendas\/\/wp-content\/uploads\/cifp.joseluisgarci.alcobendas\/2024\/10\/Destacada_noticias_Proyectos-474x300.jpg",474,300,true],"gridsquare":["https:\/\/site.educa.madrid.org\/cifp.joseluisgarci.alcobendas\/\/wp-content\/uploads\/cifp.joseluisgarci.alcobendas\/2024\/10\/Destacada_noticias_Proyectos-391x260.jpg",391,260,true],"tileview":["https:\/\/site.educa.madrid.org\/cifp.joseluisgarci.alcobendas\/\/wp-content\/uploads\/cifp.joseluisgarci.alcobendas\/2024\/10\/Destacada_noticias_Proyectos-300x300.jpg",300,300,true],"1536x1536":["https:\/\/site.educa.madrid.org\/cifp.joseluisgarci.alcobendas\/\/wp-content\/uploads\/cifp.joseluisgarci.alcobendas\/2024\/10\/Destacada_noticias_Proyectos.jpg",1440,300,false],"2048x2048":["https:\/\/site.educa.madrid.org\/cifp.joseluisgarci.alcobendas\/\/wp-content\/uploads\/cifp.joseluisgarci.alcobendas\/2024\/10\/Destacada_noticias_Proyectos.jpg",1440,300,false],"sow-carousel-default":["https:\/\/site.educa.madrid.org\/cifp.joseluisgarci.alcobendas\/\/wp-content\/uploads\/cifp.joseluisgarci.alcobendas\/2024\/10\/Destacada_noticias_Proyectos-272x182.jpg",272,182,true],"sow-post-carousel-overlay-theme":["https:\/\/site.educa.madrid.org\/cifp.joseluisgarci.alcobendas\/\/wp-content\/uploads\/cifp.joseluisgarci.alcobendas\/2024\/10\/Destacada_noticias_Proyectos.jpg",360,75,false],"sow-post-carousel-cards-theme":["https:\/\/site.educa.madrid.org\/cifp.joseluisgarci.alcobendas\/\/wp-content\/uploads\/cifp.joseluisgarci.alcobendas\/2024\/10\/Destacada_noticias_Proyectos.jpg",360,75,false],"rt_custom":["https:\/\/site.educa.madrid.org\/cifp.joseluisgarci.alcobendas\/\/wp-content\/uploads\/cifp.joseluisgarci.alcobendas\/2024\/10\/Destacada_noticias_Proyectos.jpg",1440,300,false]},"rttpg_author":{"display_name":"\u00c1lvaro Holguera Gozalo","author_link":"https:\/\/site.educa.madrid.org\/cifp.joseluisgarci.alcobendas\/index.php\/author\/alvaro_holguera-gozalo\/"},"rttpg_comment":0,"rttpg_category":" <a href=\"https:\/\/site.educa.madrid.org\/cifp.joseluisgarci.alcobendas\/?taxonomy=folder&#038;term=secretaria-1682075859\" rel=\"tag\">Secretaria<\/a>","rttpg_excerpt":"Informaci\u00f3n sobre los ciclos de Iluminaci\u00f3n, Animaci\u00f3n, Sonido, Realizaci\u00f3n y Producci\u00f3n.","post_mailing_queue_ids":[],"_links":{"self":[{"href":"https:\/\/site.educa.madrid.org\/cifp.joseluisgarci.alcobendas\/index.php\/wp-json\/wp\/v2\/pages\/7562","targetHints":{"allow":["GET"]}}],"collection":[{"href":"https:\/\/site.educa.madrid.org\/cifp.joseluisgarci.alcobendas\/index.php\/wp-json\/wp\/v2\/pages"}],"about":[{"href":"https:\/\/site.educa.madrid.org\/cifp.joseluisgarci.alcobendas\/index.php\/wp-json\/wp\/v2\/types\/page"}],"author":[{"embeddable":true,"href":"https:\/\/site.educa.madrid.org\/cifp.joseluisgarci.alcobendas\/index.php\/wp-json\/wp\/v2\/users\/5"}],"replies":[{"embeddable":true,"href":"https:\/\/site.educa.madrid.org\/cifp.joseluisgarci.alcobendas\/index.php\/wp-json\/wp\/v2\/comments?post=7562"}],"version-history":[{"count":37,"href":"https:\/\/site.educa.madrid.org\/cifp.joseluisgarci.alcobendas\/index.php\/wp-json\/wp\/v2\/pages\/7562\/revisions"}],"predecessor-version":[{"id":9100,"href":"https:\/\/site.educa.madrid.org\/cifp.joseluisgarci.alcobendas\/index.php\/wp-json\/wp\/v2\/pages\/7562\/revisions\/9100"}],"up":[{"embeddable":true,"href":"https:\/\/site.educa.madrid.org\/cifp.joseluisgarci.alcobendas\/index.php\/wp-json\/wp\/v2\/pages\/4296"}],"wp:featuredmedia":[{"embeddable":true,"href":"https:\/\/site.educa.madrid.org\/cifp.joseluisgarci.alcobendas\/index.php\/wp-json\/wp\/v2\/media\/7554"}],"wp:attachment":[{"href":"https:\/\/site.educa.madrid.org\/cifp.joseluisgarci.alcobendas\/index.php\/wp-json\/wp\/v2\/media?parent=7562"}],"wp:term":[{"taxonomy":"folder","embeddable":true,"href":"https:\/\/site.educa.madrid.org\/cifp.joseluisgarci.alcobendas\/index.php\/wp-json\/wp\/v2\/folder?post=7562"}],"curies":[{"name":"wp","href":"https:\/\/api.w.org\/{rel}","templated":true}]}}