{"id":7566,"date":"2024-10-30T13:53:45","date_gmt":"2024-10-30T12:53:45","guid":{"rendered":"https:\/\/site.educa.madrid.org\/cifp.joseluisgarci.alcobendas\/?page_id=7566"},"modified":"2025-09-15T12:41:15","modified_gmt":"2025-09-15T10:41:15","slug":"grado-medio-2","status":"publish","type":"page","link":"https:\/\/site.educa.madrid.org\/cifp.joseluisgarci.alcobendas\/index.php\/secretaria\/admision\/grado-medio-2\/","title":{"rendered":"Grado Medio"},"content":{"rendered":"\n<p>Informaci\u00f3n sobre el ciclo de VideoDJ<\/p>\n\n\n\n<!--more-->\n<!--noteaser-->\n\n\n\t\t<div class=\"rttpg-block-postgrid rttpg-block-wrapper rttpg-block-9784b1 section-title-style-style1\">\n\t\t\t<div class=\"rt-container-fluid rt-tpg-container tpg-el-main-wrapper tpg-gutenberg clearfix\">\n\t\t\t\t<div class='tpg-header-wrapper'>\n\t\t\t\t\t\n        <div class=\"tpg-widget-heading-wrapper rt-clear heading-style1 \">\n            <span class=\"tpg-widget-heading-line line-left\"><\/span>\n\t\t\t<h2 class='tpg-widget-heading'>\n\t\t\t            <a href=\"#\"  target=&quot;_self&quot; >\n\t\t\t\t\n\t\t\t\t                    <span>\n\t\t\t\t\t\tCiclos formativos de grado medio\t\t\t\t\t<\/span>\n\t\t\t\t\t\n\t\t\t\t            <\/a>\n\n\t\t\t\t\t<\/h2>            <span class=\"tpg-widget-heading-line line-right\"><\/span>\n\n\t\t\t\n        <\/div>\n\n\t\t\n\t\t\t\t\t\t<\/div>\n\t\t\t<\/div>\n\t\t<\/div>\n\t\t\n\n\n<ul class=\"wp-block-list\">\n<li><strong>PLAZO \u00daNICO DE ADMISI\u00d3N<\/strong><\/li>\n<\/ul>\n\n\n\n<p>El plazo ordinario para presentar las solicitudes de admisi\u00f3n ser\u00e1 del d\u00eda&nbsp;<strong>23&nbsp;al 30 de junio de 2025, ambos inclusive.<\/strong><\/p>\n\n\n\n<p>La solicitud de admisi\u00f3n a estas ense\u00f1anzas se cumplimentar\u00e1 y presentar\u00e1 a\u202ftrav\u00e9s del sistema integral de gesti\u00f3n educativa\u202fRAICES,\u202f\u202f&nbsp;<\/p>\n\n\n\n<ul class=\"wp-block-list\">\n<li>Secretar\u00eda Virtual.&nbsp;<a href=\"https:\/\/raices.madrid.org\/secretariavirtual\/\" target=\"_blank\" rel=\"noreferrer noopener\">https:\/\/raices.madrid.org\/secretariavirtual\/.<\/a>&nbsp;Disponible desde el\u202fd\u00eda&nbsp;27 de junio al 4 de julio de 2025,,\u202fambas\u202ffechas incluidas.\u202f&nbsp;<\/li>\n<\/ul>\n\n\n\n<p>Admisi\u00f3n en Formaci\u00f3n Profesional: <a href=\"https:\/\/www.comunidad.madrid\/servicios\/educacion\/admision-formacion-profesional\">Admisi\u00f3n en FP<\/a><\/p>\n\n\n\n<hr class=\"wp-block-separator has-alpha-channel-opacity\"\/>\n\n\n\n<p><strong>C\u00d3DIGO DE CENTRO<\/strong>: 28065671<\/p>\n\n\n\n<p><strong>C\u00f3digo de Video Disc-Jockey y Sonido<\/strong>: IMSM01<\/p>\n\n\n\n<hr class=\"wp-block-separator has-alpha-channel-opacity\"\/>\n\n\n\n<p class=\"has-large-font-size\"><strong>Matriculaci\u00f3n de nuevos alumnos<\/strong><\/p>\n\n\n\n<p>Se podr\u00e1n presentar los documentos necesarios para la matriculaci\u00f3n a trav\u00e9s de la secretar\u00eda virtual.<\/p>\n\n\n\n<p>Todas aquellas personas que no tengan la posibilidad de hacerlo online podr\u00e1n presentar los documentos necesarios en la ventanilla de la secretar\u00eda del centro.<\/p>\n\n\n\n<p>Es importante leer las instrucciones primero para poder cumplimentar el formulario de matr\u00edcula y presentar la documentaci\u00f3n obligatoria.<\/p>\n\n\n\n<div class=\"wp-block-file\"><a id=\"wp-block-file--media-204e8f8a-1efc-4f24-bbec-8a81f6891192\" href=\"https:\/\/site.educa.madrid.org\/cifp.joseluisgarci.alcobendas\/\/wp-content\/uploads\/cifp.joseluisgarci.alcobendas\/2025\/07\/Instrucciones-Grado-Medio.pdf\">Instrucciones Grado Medio<\/a><a href=\"https:\/\/site.educa.madrid.org\/cifp.joseluisgarci.alcobendas\/\/wp-content\/uploads\/cifp.joseluisgarci.alcobendas\/2025\/07\/Instrucciones-Grado-Medio.pdf\" class=\"wp-block-file__button wp-element-button\" download aria-describedby=\"wp-block-file--media-204e8f8a-1efc-4f24-bbec-8a81f6891192\">Descarga<\/a><\/div>\n\n\n\n<div class=\"wp-block-file\"><a id=\"wp-block-file--media-fe2548da-ec6f-47c4-bcba-44d4c4ab2bb2\" href=\"https:\/\/site.educa.madrid.org\/cifp.joseluisgarci.alcobendas\/\/wp-content\/uploads\/cifp.joseluisgarci.alcobendas\/2025\/07\/Formulario-VIDEO-DJ.pdf\">Formulario VIDEO DJ<\/a><a href=\"https:\/\/site.educa.madrid.org\/cifp.joseluisgarci.alcobendas\/\/wp-content\/uploads\/cifp.joseluisgarci.alcobendas\/2025\/07\/Formulario-VIDEO-DJ.pdf\" class=\"wp-block-file__button wp-element-button\" download aria-describedby=\"wp-block-file--media-fe2548da-ec6f-47c4-bcba-44d4c4ab2bb2\">Descarga<\/a><\/div>\n\n\n\n<hr class=\"wp-block-separator has-alpha-channel-opacity\"\/>\n\n\n\n<ul class=\"wp-block-list\">\n<li><strong>SOLICITUD<\/strong><\/li>\n<\/ul>\n\n\n\n<div class=\"wp-block-file\"><a id=\"wp-block-file--media-3eb02925-ce1e-4ac6-9936-b2f0b7ea6e3f\" href=\"https:\/\/site.educa.madrid.org\/cifp.joseluisgarci.alcobendas\/\/wp-content\/uploads\/cifp.joseluisgarci.alcobendas\/2025\/06\/Solicitud-de-admision.pdf\">Solicitud de admisi\u00f3n<\/a><a href=\"https:\/\/site.educa.madrid.org\/cifp.joseluisgarci.alcobendas\/\/wp-content\/uploads\/cifp.joseluisgarci.alcobendas\/2025\/06\/Solicitud-de-admision.pdf\" class=\"wp-block-file__button wp-element-button\" download aria-describedby=\"wp-block-file--media-3eb02925-ce1e-4ac6-9936-b2f0b7ea6e3f\">Descarga<\/a><\/div>\n\n\n\n<p>Para su presentaci\u00f3n, con caracter excepcional, de forma presencial.<\/p>\n\n\n\n<p class=\"has-text-align-center has-vivid-red-color has-text-color has-link-color has-large-font-size wp-elements-28a40ea9c67804ca99fb71640be4b836\">Cada solicitante presentar\u00e1 \u00fanicamente <strong>UNA SOLICITUD<\/strong> de admisi\u00f3n.<\/p>\n\n\n\n<p class=\"has-text-color has-link-color has-medium-font-size wp-elements-8840d76e6a6e05cc1cfa6066c9100ebb\" style=\"color:#2a00ff\">Si un solicitante presentase, en plazo y forma, m\u00e1s de una solicitud, deber\u00e1 asegurarse de que ha anulado la anterior. En caso contrario,<\/p>\n\n\n\n<p class=\"has-text-align-center has-text-color has-link-color has-large-font-size wp-elements-3f4d08bf7b2866a386ef020b0a04fe75\" style=\"color:#2a00ff\"><strong>los solicitantes que presenten solicitudes duplicadas quedar\u00e1n excluidos del proceso de admisi\u00f3n.<\/strong><\/p>\n\n\n\n<hr class=\"wp-block-separator has-alpha-channel-opacity\"\/>\n\n\n\n<ul class=\"wp-block-list\">\n<li><strong>INSTRUCCIONES DE ADMISI\u00d3N<\/strong><\/li>\n<\/ul>\n\n\n\n<div class=\"wp-block-file\"><a id=\"wp-block-file--media-e6009445-c000-4358-8b9f-ef92719a36c1\" href=\"https:\/\/site.educa.madrid.org\/cifp.joseluisgarci.alcobendas\/\/wp-content\/uploads\/cifp.joseluisgarci.alcobendas\/2025\/06\/Instrucciones-GM-web.pdf\">Instrucciones GM<\/a><a href=\"https:\/\/site.educa.madrid.org\/cifp.joseluisgarci.alcobendas\/\/wp-content\/uploads\/cifp.joseluisgarci.alcobendas\/2025\/06\/Instrucciones-GM-web.pdf\" class=\"wp-block-file__button wp-element-button\" download aria-describedby=\"wp-block-file--media-e6009445-c000-4358-8b9f-ef92719a36c1\">Descarga<\/a><\/div>\n\n\n\n<ul class=\"wp-block-list\">\n<li><strong>CALENDARIO DE ACTUACIONES<\/strong><\/li>\n<\/ul>\n\n\n\n<div class=\"wp-block-file\"><a id=\"wp-block-file--media-c8ab5a70-d082-4ace-98d2-9bb9619a88d4\" href=\"https:\/\/site.educa.madrid.org\/cifp.joseluisgarci.alcobendas\/\/wp-content\/uploads\/cifp.joseluisgarci.alcobendas\/2025\/06\/Calendario-GM.pdf\">Calendario GM<\/a><a href=\"https:\/\/site.educa.madrid.org\/cifp.joseluisgarci.alcobendas\/\/wp-content\/uploads\/cifp.joseluisgarci.alcobendas\/2025\/06\/Calendario-GM.pdf\" class=\"wp-block-file__button wp-element-button\" download aria-describedby=\"wp-block-file--media-c8ab5a70-d082-4ace-98d2-9bb9619a88d4\">Descarga<\/a><\/div>\n\n\n\n<ul class=\"wp-block-list\">\n<li><strong>OFERTA EDUCATIVA<\/strong><\/li>\n<\/ul>\n\n\n\n<div class=\"wp-block-file\"><a id=\"wp-block-file--media-02c490fc-fd32-4093-94df-fe9554173565\" href=\"https:\/\/site.educa.madrid.org\/cifp.joseluisgarci.alcobendas\/\/wp-content\/uploads\/cifp.joseluisgarci.alcobendas\/2025\/06\/Oferta-educativa-GM-25-26.pdf\">Oferta educativa GM 25-26<\/a><a href=\"https:\/\/site.educa.madrid.org\/cifp.joseluisgarci.alcobendas\/\/wp-content\/uploads\/cifp.joseluisgarci.alcobendas\/2025\/06\/Oferta-educativa-GM-25-26.pdf\" class=\"wp-block-file__button wp-element-button\" download aria-describedby=\"wp-block-file--media-02c490fc-fd32-4093-94df-fe9554173565\">Descarga<\/a><\/div>\n\n\n\n<ul class=\"wp-block-list\">\n<li><strong>BAREMO DE CORTE<\/strong><\/li>\n<\/ul>\n\n\n\n<div class=\"wp-block-file\"><a id=\"wp-block-file--media-e70c698d-a2ea-423c-ad6d-24863cb45b61\" href=\"https:\/\/site.educa.madrid.org\/cifp.joseluisgarci.alcobendas\/\/wp-content\/uploads\/cifp.joseluisgarci.alcobendas\/2025\/06\/Baremo-corte-GM-24-25.pdf\">Baremo corte GM 24-25<\/a><a href=\"https:\/\/site.educa.madrid.org\/cifp.joseluisgarci.alcobendas\/\/wp-content\/uploads\/cifp.joseluisgarci.alcobendas\/2025\/06\/Baremo-corte-GM-24-25.pdf\" class=\"wp-block-file__button wp-element-button\" download aria-describedby=\"wp-block-file--media-e70c698d-a2ea-423c-ad6d-24863cb45b61\">Descarga<\/a><\/div>\n\n\n\n<ul class=\"wp-block-list\">\n<li><strong>SORTEO DE DESEMPATE<\/strong><\/li>\n<\/ul>\n\n\n\n<div class=\"wp-block-file\"><a id=\"wp-block-file--media-a0ec37c4-90c1-4f32-8aef-813e5c83a717\" href=\"https:\/\/site.educa.madrid.org\/cifp.joseluisgarci.alcobendas\/\/wp-content\/uploads\/cifp.joseluisgarci.alcobendas\/2025\/06\/Resultato-sorteo-publico-posibles-empates.pdf\">Resultado sorteo p\u00fablico posibles empates<\/a><a href=\"https:\/\/site.educa.madrid.org\/cifp.joseluisgarci.alcobendas\/\/wp-content\/uploads\/cifp.joseluisgarci.alcobendas\/2025\/06\/Resultato-sorteo-publico-posibles-empates.pdf\" class=\"wp-block-file__button wp-element-button\" download aria-describedby=\"wp-block-file--media-a0ec37c4-90c1-4f32-8aef-813e5c83a717\">Descarga<\/a><\/div>\n\n\n\n<ul class=\"wp-block-list\">\n<li><strong>VACANTES<\/strong><\/li>\n<\/ul>\n\n\n\n<div class=\"wp-block-file\"><a id=\"wp-block-file--media-2a2ca0e5-3223-4604-b6c2-361005eea9ab\" href=\"https:\/\/site.educa.madrid.org\/cifp.joseluisgarci.alcobendas\/\/wp-content\/uploads\/cifp.joseluisgarci.alcobendas\/2025\/06\/Vacantes-Grado-Medio.pdf\">Vacantes Grado Medio<\/a><a href=\"https:\/\/site.educa.madrid.org\/cifp.joseluisgarci.alcobendas\/\/wp-content\/uploads\/cifp.joseluisgarci.alcobendas\/2025\/06\/Vacantes-Grado-Medio.pdf\" class=\"wp-block-file__button wp-element-button\" download aria-describedby=\"wp-block-file--media-2a2ca0e5-3223-4604-b6c2-361005eea9ab\">Descarga<\/a><\/div>\n\n\n\n<p><\/p>\n","protected":false},"excerpt":{"rendered":"<p>Informaci\u00f3n sobre el ciclo de VideoDJ<\/p>\n","protected":false},"author":5,"featured_media":7553,"parent":4296,"menu_order":0,"comment_status":"closed","ping_status":"closed","template":"","meta":{"footnotes":""},"folder":[68],"class_list":["post-7566","page","type-page","status-publish","has-post-thumbnail","hentry"],"rttpg_featured_image_url":{"full":["https:\/\/site.educa.madrid.org\/cifp.joseluisgarci.alcobendas\/\/wp-content\/uploads\/cifp.joseluisgarci.alcobendas\/2024\/10\/Destacada_noticias_Centro.jpg",1440,300,false],"landscape":["https:\/\/site.educa.madrid.org\/cifp.joseluisgarci.alcobendas\/\/wp-content\/uploads\/cifp.joseluisgarci.alcobendas\/2024\/10\/Destacada_noticias_Centro.jpg",1440,300,false],"portraits":["https:\/\/site.educa.madrid.org\/cifp.joseluisgarci.alcobendas\/\/wp-content\/uploads\/cifp.joseluisgarci.alcobendas\/2024\/10\/Destacada_noticias_Centro.jpg",1440,300,false],"thumbnail":["https:\/\/site.educa.madrid.org\/cifp.joseluisgarci.alcobendas\/\/wp-content\/uploads\/cifp.joseluisgarci.alcobendas\/2024\/10\/Destacada_noticias_Centro-150x150.jpg",150,150,true],"medium":["https:\/\/site.educa.madrid.org\/cifp.joseluisgarci.alcobendas\/\/wp-content\/uploads\/cifp.joseluisgarci.alcobendas\/2024\/10\/Destacada_noticias_Centro-300x63.jpg",300,63,true],"large":["https:\/\/site.educa.madrid.org\/cifp.joseluisgarci.alcobendas\/\/wp-content\/uploads\/cifp.joseluisgarci.alcobendas\/2024\/10\/Destacada_noticias_Centro-1024x213.jpg",696,145,true],"thumblist":["https:\/\/site.educa.madrid.org\/cifp.joseluisgarci.alcobendas\/\/wp-content\/uploads\/cifp.joseluisgarci.alcobendas\/2024\/10\/Destacada_noticias_Centro-300x300.jpg",300,300,true],"thumbrelated":["https:\/\/site.educa.madrid.org\/cifp.joseluisgarci.alcobendas\/\/wp-content\/uploads\/cifp.joseluisgarci.alcobendas\/2024\/10\/Destacada_noticias_Centro-500x300.jpg",500,300,true],"meccarouselthumb":["https:\/\/site.educa.madrid.org\/cifp.joseluisgarci.alcobendas\/\/wp-content\/uploads\/cifp.joseluisgarci.alcobendas\/2024\/10\/Destacada_noticias_Centro-474x300.jpg",474,300,true],"gridsquare":["https:\/\/site.educa.madrid.org\/cifp.joseluisgarci.alcobendas\/\/wp-content\/uploads\/cifp.joseluisgarci.alcobendas\/2024\/10\/Destacada_noticias_Centro-391x260.jpg",391,260,true],"tileview":["https:\/\/site.educa.madrid.org\/cifp.joseluisgarci.alcobendas\/\/wp-content\/uploads\/cifp.joseluisgarci.alcobendas\/2024\/10\/Destacada_noticias_Centro-300x300.jpg",300,300,true],"1536x1536":["https:\/\/site.educa.madrid.org\/cifp.joseluisgarci.alcobendas\/\/wp-content\/uploads\/cifp.joseluisgarci.alcobendas\/2024\/10\/Destacada_noticias_Centro.jpg",1440,300,false],"2048x2048":["https:\/\/site.educa.madrid.org\/cifp.joseluisgarci.alcobendas\/\/wp-content\/uploads\/cifp.joseluisgarci.alcobendas\/2024\/10\/Destacada_noticias_Centro.jpg",1440,300,false],"sow-carousel-default":["https:\/\/site.educa.madrid.org\/cifp.joseluisgarci.alcobendas\/\/wp-content\/uploads\/cifp.joseluisgarci.alcobendas\/2024\/10\/Destacada_noticias_Centro-272x182.jpg",272,182,true],"sow-post-carousel-overlay-theme":["https:\/\/site.educa.madrid.org\/cifp.joseluisgarci.alcobendas\/\/wp-content\/uploads\/cifp.joseluisgarci.alcobendas\/2024\/10\/Destacada_noticias_Centro.jpg",360,75,false],"sow-post-carousel-cards-theme":["https:\/\/site.educa.madrid.org\/cifp.joseluisgarci.alcobendas\/\/wp-content\/uploads\/cifp.joseluisgarci.alcobendas\/2024\/10\/Destacada_noticias_Centro.jpg",360,75,false],"rt_custom":["https:\/\/site.educa.madrid.org\/cifp.joseluisgarci.alcobendas\/\/wp-content\/uploads\/cifp.joseluisgarci.alcobendas\/2024\/10\/Destacada_noticias_Centro.jpg",1440,300,false]},"rttpg_author":{"display_name":"\u00c1lvaro Holguera Gozalo","author_link":"https:\/\/site.educa.madrid.org\/cifp.joseluisgarci.alcobendas\/index.php\/author\/alvaro_holguera-gozalo\/"},"rttpg_comment":0,"rttpg_category":" <a href=\"https:\/\/site.educa.madrid.org\/cifp.joseluisgarci.alcobendas\/?taxonomy=folder&#038;term=secretaria-1682075859\" rel=\"tag\">Secretaria<\/a>","rttpg_excerpt":"Informaci\u00f3n sobre el ciclo de VideoDJ","post_mailing_queue_ids":[],"_links":{"self":[{"href":"https:\/\/site.educa.madrid.org\/cifp.joseluisgarci.alcobendas\/index.php\/wp-json\/wp\/v2\/pages\/7566","targetHints":{"allow":["GET"]}}],"collection":[{"href":"https:\/\/site.educa.madrid.org\/cifp.joseluisgarci.alcobendas\/index.php\/wp-json\/wp\/v2\/pages"}],"about":[{"href":"https:\/\/site.educa.madrid.org\/cifp.joseluisgarci.alcobendas\/index.php\/wp-json\/wp\/v2\/types\/page"}],"author":[{"embeddable":true,"href":"https:\/\/site.educa.madrid.org\/cifp.joseluisgarci.alcobendas\/index.php\/wp-json\/wp\/v2\/users\/5"}],"replies":[{"embeddable":true,"href":"https:\/\/site.educa.madrid.org\/cifp.joseluisgarci.alcobendas\/index.php\/wp-json\/wp\/v2\/comments?post=7566"}],"version-history":[{"count":50,"href":"https:\/\/site.educa.madrid.org\/cifp.joseluisgarci.alcobendas\/index.php\/wp-json\/wp\/v2\/pages\/7566\/revisions"}],"predecessor-version":[{"id":9098,"href":"https:\/\/site.educa.madrid.org\/cifp.joseluisgarci.alcobendas\/index.php\/wp-json\/wp\/v2\/pages\/7566\/revisions\/9098"}],"up":[{"embeddable":true,"href":"https:\/\/site.educa.madrid.org\/cifp.joseluisgarci.alcobendas\/index.php\/wp-json\/wp\/v2\/pages\/4296"}],"wp:featuredmedia":[{"embeddable":true,"href":"https:\/\/site.educa.madrid.org\/cifp.joseluisgarci.alcobendas\/index.php\/wp-json\/wp\/v2\/media\/7553"}],"wp:attachment":[{"href":"https:\/\/site.educa.madrid.org\/cifp.joseluisgarci.alcobendas\/index.php\/wp-json\/wp\/v2\/media?parent=7566"}],"wp:term":[{"taxonomy":"folder","embeddable":true,"href":"https:\/\/site.educa.madrid.org\/cifp.joseluisgarci.alcobendas\/index.php\/wp-json\/wp\/v2\/folder?post=7566"}],"curies":[{"name":"wp","href":"https:\/\/api.w.org\/{rel}","templated":true}]}}