{"id":7591,"date":"2024-10-31T13:04:20","date_gmt":"2024-10-31T12:04:20","guid":{"rendered":"https:\/\/site.educa.madrid.org\/cifp.joseluisgarci.alcobendas\/?page_id=7591"},"modified":"2026-04-15T12:23:24","modified_gmt":"2026-04-15T10:23:24","slug":"internacionalizacion","status":"publish","type":"page","link":"https:\/\/site.educa.madrid.org\/cifp.joseluisgarci.alcobendas\/index.php\/internacionalizacion\/","title":{"rendered":"Internacionalizaci\u00f3n y Erasmus"},"content":{"rendered":"\n<p>Conoce el programa Erasmus+ y los diferentes proyectos de colaboraci\u00f3n con otros pa\u00edses.<\/p>\n\n\n\n<!--more-->\n<!--noteaser-->\n\n\n\n<p>Nuestra configuraci\u00f3n especifica, Centro Integrado de Formaci\u00f3n Profesional, nos hace mantener estrechas relaciones con el sector productivo y con las empresas a nivel nacional e internacional. Los m\u00faltiples convenios marco que tenemos firmados con grandes y peque\u00f1as empresas europeas avalan nuestra apertura al entorno laboral internacional y nuestra continua actualizaci\u00f3n como centro formativo.<\/p>\n\n\n\n<p>El desarrollo de Proyectos Europeos tiene como objetivos generales los siguientes:<\/p>\n\n\n\n<ul class=\"wp-block-list\">\n<li>Apoyar a los participantes en actividades de formaci\u00f3n inicial y de formaci\u00f3n para el empleo en la adquisici\u00f3n y uso de conocimientos, habilidades y cualificaciones de uno o varios idiomas europeos.<br><\/li>\n\n\n\n<li>Aumentar el atractivo de la formaci\u00f3n profesional y de la movilidad internacional para las j\u00f3venes y facilitar la movilidad de trabajadores en formaci\u00f3n.<br><\/li>\n\n\n\n<li>Apoyar las mejoras de la calidad e innovaci\u00f3n de los sistemas, instituciones y pr\u00e1cticas de educaci\u00f3n y formaci\u00f3n profesional.<\/li>\n<\/ul>\n\n\n\n<div style=\"height:35px\" aria-hidden=\"true\" class=\"wp-block-spacer\"><\/div>\n\n\n\t\t<div class=\"rttpg-block-postgrid rttpg-block-wrapper rttpg-block-5fa4ef section-title-style-style1\">\n\t\t\t<div class=\"rt-container-fluid rt-tpg-container tpg-el-main-wrapper tpg-gutenberg clearfix\">\n\t\t\t\t<div class='tpg-header-wrapper'>\n\t\t\t\t\t\n        <div class=\"tpg-widget-heading-wrapper rt-clear heading-style1 \">\n            <span class=\"tpg-widget-heading-line line-left\"><\/span>\n\t\t\t<h2 class='tpg-widget-heading'>\n\t\t\t            <a href=\"#\"  target=&quot;_self&quot; >\n\t\t\t\t\n\t\t\t\t                    <span>\n\t\t\t\t\t\tBecas Erasmus\t\t\t\t\t<\/span>\n\t\t\t\t\t\n\t\t\t\t            <\/a>\n\n\t\t\t\t\t<\/h2>            <span class=\"tpg-widget-heading-line line-right\"><\/span>\n\n\t\t\t\n        <\/div>\n\n\t\t\n\t\t\t\t\t\t<\/div>\n\t\t\t<\/div>\n\t\t<\/div>\n\t\t\n\n\n<p>Erasmus+ es el programa europeo en los \u00e1mbitos de la educaci\u00f3n, la formaci\u00f3n, la juventud y el deporte para el periodo 2021-2027. Es el programa \u00fanico que trata de impulsar las perspectivas laborales y el desarrollo personal, adem\u00e1s de ayudar a nuestros sistemas de educaci\u00f3n, formaci\u00f3n y juventud a proporcionar una ense\u00f1anza y un aprendizaje que doten a las personas de las capacidades necesarias para el mercado laboral y la sociedad actual y futura.<\/p>\n\n\n\n<p><\/p>\n\n\n<div\n\t\t\t\n\t\t\tclass=\"so-widget-sow-tabs so-widget-sow-tabs-default-8e8c2ff86440\"\n\t\t\t\n\t\t><div class=\"sow-tabs\">\n\t<div class=\"sow-tabs-tab-container\" role=\"tablist\">\n\t\t\t<div\n\t\t\tclass=\"sow-tabs-tab sow-tabs-tab-selected\"\n\t\t\trole=\"tab\"\n\t\t\tdata-anchor=\"grado-medio\"\n\t\t\taria-selected=\"true\"\n\t\t\ttabindex=\"0\"\n\t\t>\n\t\t\t<div class=\"sow-tabs-title sow-tabs-title-icon-left\">\n\t\t\t\t\t\t\t\tGrado medio\t\t\t\t\t\t\t<\/div>\n\t\t<\/div>\n\t\t\t<div\n\t\t\tclass=\"sow-tabs-tab\"\n\t\t\trole=\"tab\"\n\t\t\tdata-anchor=\"grado-superior\"\n\t\t\taria-selected=\"false\"\n\t\t\ttabindex=\"0\"\n\t\t>\n\t\t\t<div class=\"sow-tabs-title sow-tabs-title-icon-left\">\n\t\t\t\t\t\t\t\tGrado superior\t\t\t\t\t\t\t<\/div>\n\t\t<\/div>\n\t\t\t<div\n\t\t\tclass=\"sow-tabs-tab\"\n\t\t\trole=\"tab\"\n\t\t\tdata-anchor=\"reci%c3%a9n-titulados\"\n\t\t\taria-selected=\"false\"\n\t\t\ttabindex=\"0\"\n\t\t>\n\t\t\t<div class=\"sow-tabs-title sow-tabs-title-icon-left\">\n\t\t\t\t\t\t\t\tReci\u00e9n titulados\t\t\t\t\t\t\t<\/div>\n\t\t<\/div>\n\t\t<\/div>\n\n\t<div class=\"sow-tabs-panel-container\">\n\t\t\t<div class=\"sow-tabs-panel\">\n\t\t\t<div\n\t\t\t\tclass=\"sow-tabs-panel-content\"\n\t\t\t\trole=\"tabpanel\"\n\t\t\t\taria-hidden=\"false\"\n\t\t\t>\n\t\t\t\t<h4>CONVOCATORIA 2025-2026<\/h4>\n<p><a href=\"https:\/\/site.educa.madrid.org\/cifp.joseluisgarci.alcobendas\/\/wp-content\/uploads\/cifp.joseluisgarci.alcobendas\/2025\/10\/KA102-25-26-CONVOCATORIA-PARA-LA-ASIGNACION-DE-BECAS-DE-MOVILIDAD.pdf\">KA102 25-26 CONVOCATORIA PARA LA ASIGNACI\u00d3N DE BECAS DE MOVILIDAD<\/a><\/p>\n<h4>SELECCIONADOS 2024-2025<\/h4>\n<p><a href=\"https:\/\/site.educa.madrid.org\/cifp.joseluisgarci.alcobendas\/\/wp-content\/uploads\/cifp.joseluisgarci.alcobendas\/2024\/12\/Alumnos-Seleccionados-FCT-2024-2025-GM.pdf\">Alumnos Seleccionados FCT 2024-2025 GM<\/a><\/p>\n<h4>CONVOCATORIA 2024-2025<\/h4>\n<p>Se publica la convocatoria Erasmus para alumnos de Grado Medio que quieran realizar la FCT 2025 en empresas en el extranjero.<\/p>\n<p>Las instrucciones de presentaci\u00f3n est\u00e1n en el documento adjunto. Fecha l\u00edmite 25 de octubre.<\/p>\n\t\t\t<\/div>\n\t\t<\/div>\n\t\t\t<div class=\"sow-tabs-panel\">\n\t\t\t<div\n\t\t\t\tclass=\"sow-tabs-panel-content\"\n\t\t\t\trole=\"tabpanel\"\n\t\t\t\taria-hidden=\"true\"\n\t\t\t>\n\t\t\t\t<p>El C.I.F.P. Jos\u00e9 Luis Garci cuenta con amplia experiencia en movilidades Erasmus + KA1 para alumnos de Grado Superior. Anualmente, entre 12 y 20 alumnos realizan el m\u00f3dulo \u00abFormaci\u00f3n en centros de trabajo\u00bb en una empresa extranjera apoyados por una beca Erasmus.<\/p>\n<p>El n\u00famero de becas disponibles var\u00eda cada curso en funci\u00f3n de las concedidas por el Servicio Espa\u00f1ol para la Internacionalizaci\u00f3n de la Educaci\u00f3n.<\/p>\n<h3 class=\"entry-title\">CONVOCATORIA ERASMUS PARA FFE DE 1\u00ba 2025-2026<\/h3>\n<p><a href=\"https:\/\/site.educa.madrid.org\/cifp.joseluisgarci.alcobendas\/\/wp-content\/uploads\/cifp.joseluisgarci.alcobendas\/2026\/03\/CONVOCATORIA-PROGRAMA-ERASMUS-FFE_HOLANDA-25-26.pdf\">CONVOCATORIA PROGRAMA ERASMUS FFE_HOLANDA 25-26<\/a><\/p>\n<h4 class=\"entry-title\">SELECCIONADOS CONVOCATORIA ERASMUS FFE PRIMER CURSO<\/h4>\n<p><a href=\"https:\/\/site.educa.madrid.org\/cifp.joseluisgarci.alcobendas\/\/wp-content\/uploads\/cifp.joseluisgarci.alcobendas\/2026\/04\/Alumnos-Seleccionados-FFE-Holanda-2026-GS-2.pdf\">Alumnos Seleccionados FFE Holanda 2026 GS-2<\/a><\/p>\n<p><strong>CONVOCATORIA ERASMUS GRADO SUPERIOR FFE Y TITULADOS 2025-2026<\/strong><\/p>\n<p>Se publica el listado de alumnos seleccionados y lista de espera:<\/p>\n<p><a href=\"https:\/\/site.educa.madrid.org\/cifp.joseluisgarci.alcobendas\/\/wp-content\/uploads\/cifp.joseluisgarci.alcobendas\/2025\/12\/Alumnos-Seleccionados-FCT-2025-2026-GS.pdf\">Alumnos Seleccionados FCT 2025-2026 GS<\/a><\/p>\n<p>Se publica el listado de alumnos admitidos en el proceso de selecci\u00f3n para movilidades Erasmus de Grado Superior:<\/p>\n<p><a href=\"https:\/\/site.educa.madrid.org\/cifp.joseluisgarci.alcobendas\/\/wp-content\/uploads\/cifp.joseluisgarci.alcobendas\/2025\/10\/Alumnos-preseleccionados-FFE-2o-2626.pdf\">Alumnos preseleccionados FFE 2\u00ba 2626<\/a><\/p>\n<p>Se adjunta convocatoria Erasmus de <strong>Grado Superior<\/strong>\u00a0 para alumnos de 2\u00ba curso y titulados en 2025:<\/p>\n<p><a href=\"https:\/\/site.educa.madrid.org\/cifp.joseluisgarci.alcobendas\/\/wp-content\/uploads\/cifp.joseluisgarci.alcobendas\/2025\/09\/CONVOCATORIA-PROGRAMA-ERASMUS-25-26.pdf\">CONVOCATORIA PROGRAMA ERASMUS 25-26<\/a><\/p>\n<p>Se realizar\u00e1 una reuni\u00f3n informativa el martes 23 de septiembre a las 14:20 en el sal\u00f3n de actos.<\/p>\n<p><a href=\"https:\/\/site.educa.madrid.org\/cifp.joseluisgarci.alcobendas\/\/wp-content\/uploads\/cifp.joseluisgarci.alcobendas\/2025\/09\/cartel-alumnos-2025-2026-REU-SEPT.pdf\">cartel alumnos 2025-2026-REU SEPT<\/a><\/p>\n<p><strong>CONVOCATORIA ERASMUS PR\u00c1CTICAS PROYECTO CINEMADAMARE VERANO 2025<\/strong><\/p>\n<p><a href=\"https:\/\/site.educa.madrid.org\/cifp.joseluisgarci.alcobendas\/\/wp-content\/uploads\/cifp.joseluisgarci.alcobendas\/2025\/06\/CONVOCATORIA-ERASMUS-CINEMADAMARE-VERANO-2025-1-1.pdf\">CONVOCATORIA ERASMUS CINEMADAMARE VERANO 2025 (1)<\/a><\/p>\n<p><strong>NUEVA CONVOCATORIA BECAS DE MOVILIDAD COMBINADA PARA M\u00d3DULO FFE EN PA\u00cdSES BAJOS<\/strong><\/p>\n<p>ALUMNOS SELCCIONADOS:<\/p>\n<p><a href=\"https:\/\/site.educa.madrid.org\/cifp.joseluisgarci.alcobendas\/\/wp-content\/uploads\/cifp.joseluisgarci.alcobendas\/2025\/03\/Alumnos-Seleccionados-FFE-2024-2025-GS.pdf\">Alumnos Seleccionados FFE 2024-2025 GS<\/a><\/p>\n<p><a href=\"https:\/\/site.educa.madrid.org\/cifp.joseluisgarci.alcobendas\/\/wp-content\/uploads\/cifp.joseluisgarci.alcobendas\/2025\/02\/CONVOCATORIA-PROGRAMA-ERASMUS-FFE-24-25-2-2.pdf\">CONVOCATORIA PROGRAMA ERASMUS FFE 24-25<\/a><\/p>\n<p>Atenci\u00f3n. Cambio en fechas de entrega de solicitudes: <span style=\"font-family: Calibri, serif\">El plazo comienza el 24 de Febrero y termina el 10 de Marzo de 2025, ambos inclusive.<\/span><\/p>\n<p><strong>SELECCIONADOS 2024-2025<\/strong><\/p>\n<p><a href=\"https:\/\/site.educa.madrid.org\/cifp.joseluisgarci.alcobendas\/\/wp-content\/uploads\/cifp.joseluisgarci.alcobendas\/2024\/12\/Alumnos-Seleccionados-FCT-2024-2025-GS.pdf\">Alumnos Seleccionados FCT 2024-2025 GS<\/a><\/p>\n\t\t\t<\/div>\n\t\t<\/div>\n\t\t\t<div class=\"sow-tabs-panel\">\n\t\t\t<div\n\t\t\t\tclass=\"sow-tabs-panel-content\"\n\t\t\t\trole=\"tabpanel\"\n\t\t\t\taria-hidden=\"true\"\n\t\t\t>\n\t\t\t\t<p>Los alumnos reci\u00e9n titulados tambi\u00e9n tienen la posibilidad de optar a una beca Erasmus + dentro de la acci\u00f3n clave KA1 para realizar practicas en el extranjero hasta un m\u00e1ximo de 6 meses.<\/p>\n<p>El n\u00famero de becas disponibles var\u00eda cada curso en funci\u00f3n de las condecidas por el Servicio Espa\u00f1ol para la Internacionalizaci\u00f3n de la Educaci\u00f3n.<\/p>\n<p>CONVOCATORIA ERASMUS 2019-2020<\/p>\n<p>Ya est\u00e1 abierto el plazo para solicitar una beca Erasmus \u00a0para el pr\u00f3ximo curso 2019-2020. Podr\u00e1n solicitarla todos los estudiantes que el a\u00f1o que viene cursen segundo y los que hayan titulado en 2019.<\/p>\n<p>Se har\u00e1 una reuni\u00f3n informativa para los interesados el lunes 27 de mayo a las 14:20 en le sal\u00f3n de actos.<\/p>\n<p>El plazo de presentaci\u00f3n de solicitudes es del martes 21 de mayo al \u00a0viernes 31 de mayo.<\/p>\n<p>Se adjunta convocatoria:<\/p>\n\t\t\t<\/div>\n\t\t<\/div>\n\t\t<\/div>\n<\/div>\n<\/div>\n\n\n<p><\/p>\n\n\n\n<div style=\"height:30px\" aria-hidden=\"true\" class=\"wp-block-spacer\"><\/div>\n\n\n\t\t<div class=\"rttpg-block-postgrid rttpg-block-wrapper rttpg-block-f39674 section-title-style-style1\">\n\t\t\t<div class=\"rt-container-fluid rt-tpg-container tpg-el-main-wrapper tpg-gutenberg clearfix\">\n\t\t\t\t<div class='tpg-header-wrapper'>\n\t\t\t\t\t\n        <div class=\"tpg-widget-heading-wrapper rt-clear heading-style1 \">\n            <span class=\"tpg-widget-heading-line line-left\"><\/span>\n\t\t\t<h2 class='tpg-widget-heading'>\n\t\t\t            <a href=\"#\"  target=&quot;_self&quot; >\n\t\t\t\t\n\t\t\t\t                    <span>\n\t\t\t\t\t\t&lt;br&gt;Otros proyectos\t\t\t\t\t<\/span>\n\t\t\t\t\t\n\t\t\t\t            <\/a>\n\n\t\t\t\t\t<\/h2>            <span class=\"tpg-widget-heading-line line-right\"><\/span>\n\n\t\t\t\n        <\/div>\n\n\t\t\n\t\t\t\t\t\t<\/div>\n\t\t\t<\/div>\n\t\t<\/div>\n\t\t\n\n\n<p>El C.I.F.P. Jos\u00e9 Luis Garci colabora en diferentes proyetos internacionles con otras instituciones y centros educativos. Estos son algunos ejemplos de colaboraci\u00f3n:<\/p>\n\n\n\n<h4 class=\"wp-block-heading\"><strong>PROYECTO \u00abEL P\u00c9NDULO DE IFOULOU\u00bb (MARRUECOS)<\/strong><\/h4>\n\n\n\n<p>El P\u00e9ndulo de Ifoulou es un proyecto llevado a cabo por Juanjo Vergara y el I.E.S. Barrio de Bilbao con el que el C.I.F.P. Jos\u00e9 Luis Garci ha calaborado viajando con profesores y alumnos a una poblaci\u00f3n de Marruecos para documentar la experiencia audivisualmente.<\/p>\n\n\n\n<p>ENLACES RELACIONADOS<\/p>\n\n\n\n<p><a href=\"https:\/\/www.juanjovergara.com\/pendulo\">https:\/\/www.juanjovergara.com\/pendulo<\/a><\/p>\n\n\n\n<p><a href=\"http:\/\/juanjovergara.wixsite.com\/pendulo\">http:\/\/juanjovergara.wixsite.com\/pendulo<\/a><\/p>\n\n\n\n<h4 class=\"wp-block-heading\"><strong>FESTIVAL ITERNAZIONALE TEATRO LAB (ITALIA)<\/strong><\/h4>\n\n\n\n<p>En el curso 2017\/18 varios alumnos y profesores de el C.I.F.P. Jos\u00e9 Luis Garci colaboraron en la realizaci\u00f3n de una obra del \u00abFestival Internazionale Teatro LAB\u00bb &nbsp;junto con el Centro de Teatrale Europeo Etoile (Italia) y el centro educativo holand\u00e9s \u00abCreative College\u00bb. La representaci\u00f3n tuvo lugar en la localidad italiana de Novellara, en la que alumnos de diferentes nacionalidades trabajaron durante una semana para llevarla a cabo.<\/p>\n\n\n\n<h4 class=\"wp-block-heading\"><strong>INTERCAMBIO DE ESTUDIANTES CON CREATIVE COLLEGE (UTRECHT, HOLANDA)<\/strong><\/h4>\n\n\n\n<p>Durante el curso 2018\/19 est\u00e1 previsto hacer un intercambio entre alumnos del C.I.F.P. Jos\u00e9 Luis Garci y alumnos del centro Creative College (Utrecht, Holanda) para realizar diferentes pr\u00e1cticas conjuntas en cada uno de los centros.<\/p>\n\n\n\n<figure class=\"wp-block-embed\"><div class=\"wp-block-embed__wrapper\">\nhttps:\/\/creative.rocmn.nl\n<\/div><\/figure>\n","protected":false},"excerpt":{"rendered":"<p>Conoce el programa Erasmus+ y los diferentes proyectos de colaboraci\u00f3n con otros pa\u00edses.<\/p>\n","protected":false},"author":5,"featured_media":8436,"parent":0,"menu_order":0,"comment_status":"closed","ping_status":"closed","template":"","meta":{"footnotes":""},"folder":[103],"class_list":["post-7591","page","type-page","status-publish","has-post-thumbnail","hentry"],"rttpg_featured_image_url":{"full":["https:\/\/site.educa.madrid.org\/cifp.joseluisgarci.alcobendas\/\/wp-content\/uploads\/cifp.joseluisgarci.alcobendas\/2025\/01\/Concierto.jpg",1200,600,false],"landscape":["https:\/\/site.educa.madrid.org\/cifp.joseluisgarci.alcobendas\/\/wp-content\/uploads\/cifp.joseluisgarci.alcobendas\/2025\/01\/Concierto.jpg",1200,600,false],"portraits":["https:\/\/site.educa.madrid.org\/cifp.joseluisgarci.alcobendas\/\/wp-content\/uploads\/cifp.joseluisgarci.alcobendas\/2025\/01\/Concierto.jpg",1200,600,false],"thumbnail":["https:\/\/site.educa.madrid.org\/cifp.joseluisgarci.alcobendas\/\/wp-content\/uploads\/cifp.joseluisgarci.alcobendas\/2025\/01\/Concierto-150x150.jpg",150,150,true],"medium":["https:\/\/site.educa.madrid.org\/cifp.joseluisgarci.alcobendas\/\/wp-content\/uploads\/cifp.joseluisgarci.alcobendas\/2025\/01\/Concierto-300x150.jpg",300,150,true],"large":["https:\/\/site.educa.madrid.org\/cifp.joseluisgarci.alcobendas\/\/wp-content\/uploads\/cifp.joseluisgarci.alcobendas\/2025\/01\/Concierto-1024x512.jpg",696,348,true],"thumblist":["https:\/\/site.educa.madrid.org\/cifp.joseluisgarci.alcobendas\/\/wp-content\/uploads\/cifp.joseluisgarci.alcobendas\/2025\/01\/Concierto-300x300.jpg",300,300,true],"thumbrelated":["https:\/\/site.educa.madrid.org\/cifp.joseluisgarci.alcobendas\/\/wp-content\/uploads\/cifp.joseluisgarci.alcobendas\/2025\/01\/Concierto-500x500.jpg",500,500,true],"meccarouselthumb":["https:\/\/site.educa.madrid.org\/cifp.joseluisgarci.alcobendas\/\/wp-content\/uploads\/cifp.joseluisgarci.alcobendas\/2025\/01\/Concierto-474x324.jpg",474,324,true],"gridsquare":["https:\/\/site.educa.madrid.org\/cifp.joseluisgarci.alcobendas\/\/wp-content\/uploads\/cifp.joseluisgarci.alcobendas\/2025\/01\/Concierto-391x260.jpg",391,260,true],"tileview":["https:\/\/site.educa.madrid.org\/cifp.joseluisgarci.alcobendas\/\/wp-content\/uploads\/cifp.joseluisgarci.alcobendas\/2025\/01\/Concierto-300x400.jpg",300,400,true],"1536x1536":["https:\/\/site.educa.madrid.org\/cifp.joseluisgarci.alcobendas\/\/wp-content\/uploads\/cifp.joseluisgarci.alcobendas\/2025\/01\/Concierto.jpg",1200,600,false],"2048x2048":["https:\/\/site.educa.madrid.org\/cifp.joseluisgarci.alcobendas\/\/wp-content\/uploads\/cifp.joseluisgarci.alcobendas\/2025\/01\/Concierto.jpg",1200,600,false],"sow-carousel-default":["https:\/\/site.educa.madrid.org\/cifp.joseluisgarci.alcobendas\/\/wp-content\/uploads\/cifp.joseluisgarci.alcobendas\/2025\/01\/Concierto-272x182.jpg",272,182,true],"sow-post-carousel-overlay-theme":["https:\/\/site.educa.madrid.org\/cifp.joseluisgarci.alcobendas\/\/wp-content\/uploads\/cifp.joseluisgarci.alcobendas\/2025\/01\/Concierto.jpg",360,180,false],"sow-post-carousel-cards-theme":["https:\/\/site.educa.madrid.org\/cifp.joseluisgarci.alcobendas\/\/wp-content\/uploads\/cifp.joseluisgarci.alcobendas\/2025\/01\/Concierto.jpg",360,180,false],"rt_custom":["https:\/\/site.educa.madrid.org\/cifp.joseluisgarci.alcobendas\/\/wp-content\/uploads\/cifp.joseluisgarci.alcobendas\/2025\/01\/Concierto.jpg",1200,600,false]},"rttpg_author":{"display_name":"\u00c1lvaro Holguera Gozalo","author_link":"https:\/\/site.educa.madrid.org\/cifp.joseluisgarci.alcobendas\/index.php\/author\/alvaro_holguera-gozalo\/"},"rttpg_comment":0,"rttpg_category":" <a href=\"https:\/\/site.educa.madrid.org\/cifp.joseluisgarci.alcobendas\/?taxonomy=folder&#038;term=proyectos-1730375094-5\" rel=\"tag\">Proyectos<\/a>","rttpg_excerpt":"Conoce el programa Erasmus+ y los diferentes proyectos de colaboraci\u00f3n con otros pa\u00edses.","post_mailing_queue_ids":[],"_links":{"self":[{"href":"https:\/\/site.educa.madrid.org\/cifp.joseluisgarci.alcobendas\/index.php\/wp-json\/wp\/v2\/pages\/7591","targetHints":{"allow":["GET"]}}],"collection":[{"href":"https:\/\/site.educa.madrid.org\/cifp.joseluisgarci.alcobendas\/index.php\/wp-json\/wp\/v2\/pages"}],"about":[{"href":"https:\/\/site.educa.madrid.org\/cifp.joseluisgarci.alcobendas\/index.php\/wp-json\/wp\/v2\/types\/page"}],"author":[{"embeddable":true,"href":"https:\/\/site.educa.madrid.org\/cifp.joseluisgarci.alcobendas\/index.php\/wp-json\/wp\/v2\/users\/5"}],"replies":[{"embeddable":true,"href":"https:\/\/site.educa.madrid.org\/cifp.joseluisgarci.alcobendas\/index.php\/wp-json\/wp\/v2\/comments?post=7591"}],"version-history":[{"count":23,"href":"https:\/\/site.educa.madrid.org\/cifp.joseluisgarci.alcobendas\/index.php\/wp-json\/wp\/v2\/pages\/7591\/revisions"}],"predecessor-version":[{"id":9207,"href":"https:\/\/site.educa.madrid.org\/cifp.joseluisgarci.alcobendas\/index.php\/wp-json\/wp\/v2\/pages\/7591\/revisions\/9207"}],"wp:featuredmedia":[{"embeddable":true,"href":"https:\/\/site.educa.madrid.org\/cifp.joseluisgarci.alcobendas\/index.php\/wp-json\/wp\/v2\/media\/8436"}],"wp:attachment":[{"href":"https:\/\/site.educa.madrid.org\/cifp.joseluisgarci.alcobendas\/index.php\/wp-json\/wp\/v2\/media?parent=7591"}],"wp:term":[{"taxonomy":"folder","embeddable":true,"href":"https:\/\/site.educa.madrid.org\/cifp.joseluisgarci.alcobendas\/index.php\/wp-json\/wp\/v2\/folder?post=7591"}],"curies":[{"name":"wp","href":"https:\/\/api.w.org\/{rel}","templated":true}]}}