{"id":7595,"date":"2024-10-31T13:13:55","date_gmt":"2024-10-31T12:13:55","guid":{"rendered":"https:\/\/site.educa.madrid.org\/cifp.joseluisgarci.alcobendas\/?page_id=7595"},"modified":"2024-10-31T13:16:14","modified_gmt":"2024-10-31T12:16:14","slug":"relacion-con-empresas","status":"publish","type":"page","link":"https:\/\/site.educa.madrid.org\/cifp.joseluisgarci.alcobendas\/index.php\/relacion-con-empresas\/","title":{"rendered":"Relaci\u00f3n con empresas"},"content":{"rendered":"\t\t<div class=\"rttpg-block-postgrid rttpg-block-wrapper rttpg-block-b2392e section-title-style-style1\">\n\t\t\t<div class=\"rt-container-fluid rt-tpg-container tpg-el-main-wrapper tpg-gutenberg clearfix\">\n\t\t\t\t<div class='tpg-header-wrapper'>\n\t\t\t\t\t\n        <div class=\"tpg-widget-heading-wrapper rt-clear heading-style1 \">\n            <span class=\"tpg-widget-heading-line line-left\"><\/span>\n\t\t\t<h2 class='tpg-widget-heading'>\n\t\t\t            <a href=\"#\"  target=&quot;_self&quot; >\n\t\t\t\t\n\t\t\t\t                    <span>\n\t\t\t\t\t\tFormaci\u00f3n en centros de trabajo\t\t\t\t\t<\/span>\n\t\t\t\t\t\n\t\t\t\t            <\/a>\n\n\t\t\t\t\t<\/h2>            <span class=\"tpg-widget-heading-line line-right\"><\/span>\n\n\t\t\t\n        <\/div>\n\n\t\t\n\t\t\t\t\t\t<\/div>\n\t\t\t<\/div>\n\t\t<\/div>\n\t\t\n\n\n<p>Dentro de los planes formativos de los ciclos de Grado Medio y Superior, existe un m\u00f3dulo de Formaci\u00f3n en Centros de Trabajo donde contamos con cientos de empresas del sector, que colaboran en la formaci\u00f3n de los alumnos de todos los perfiles profesionales impartidos en el CIFP Jos\u00e9 Luis Garci. Entre ellas se encuentran empresas de diferente \u00edndole y entidad, desde las conocidas televisiones y teatros, productoras internacionales y promotoras de todo tipo de eventos audiovisuales, hasta PYMES y aut\u00f3nomos con estudios de fotograf\u00eda, sonido, o animaci\u00f3n que desarrollan su labor en el sector a trav\u00e9s de proyectos de menor envergadura.<\/p>\n\n\n\n<p>En todas ellas nuestros alumnos se preparan para su incorporaci\u00f3n al mercado laboral conociendo el entorno de trabajo, y profundizando en el dominio de los procesos y procedimientos que han adquirido previamente en el centro.<\/p>\n\n\n\n<p>Los tutores de las empresas, junto con los profesores tutores del centro, supervisan las labores desarrolladas por los alumnos durante su estancia en la empresa para garantizar el m\u00e1ximo aprovechamiento de la misma y as\u00ed fomentar una adecuada y pronta incorporaci\u00f3n al mercado laboral audiovisual.<\/p>\n\n\n\t\t<div class=\"rttpg-block-postgrid rttpg-block-wrapper rttpg-block-96a898 section-title-style-style1\">\n\t\t\t<div class=\"rt-container-fluid rt-tpg-container tpg-el-main-wrapper tpg-gutenberg clearfix\">\n\t\t\t\t<div class='tpg-header-wrapper'>\n\t\t\t\t\t\n        <div class=\"tpg-widget-heading-wrapper rt-clear heading-style1 \">\n            <span class=\"tpg-widget-heading-line line-left\"><\/span>\n\t\t\t<h2 class='tpg-widget-heading'>\n\t\t\t            <a href=\"#\"  target=&quot;_self&quot; >\n\t\t\t\t\n\t\t\t\t                    <span>\n\t\t\t\t\t\tBosas de trabajo\t\t\t\t\t<\/span>\n\t\t\t\t\t\n\t\t\t\t            <\/a>\n\n\t\t\t\t\t<\/h2>            <span class=\"tpg-widget-heading-line line-right\"><\/span>\n\n\t\t\t\n        <\/div>\n\n\t\t\n\t\t\t\t\t\t<\/div>\n\t\t\t<\/div>\n\t\t<\/div>\n\t\t\n\n\n<p>La empresa solicitante deber\u00e1 acceder a la web:&nbsp;<a href=\"http:\/\/empleafp.es\/\">http:\/\/empleafp.es<\/a>&nbsp;y darse de alta en la misma. Dentro de dicha web podr\u00e1 publicar tantas ofertas como quiera, pudiendo acceder a una base de datos de candidatos muy amplia, que comprende m\u00e1s de 170 centros educativos en toda Espa\u00f1a.<\/p>\n\n\n\n<p>Tambi\u00e9n podr\u00e1 acceder desde este v\u00ednculo:&nbsp;<a href=\"http:\/\/www.empleafp.com\/site\/index.html%23\/docs\/soporte\">http:\/\/www.empleafp.com\/site\/index.html#\/docs\/soporte<\/a>&nbsp;al soporte exclusivo que tiene dicha web (tel\u00e9fono de incidencias y correo electr\u00f3nico).<\/p>\n\n\n\n<p>Los alumnos de este centro educativo que se hayan dado de alta en la web&nbsp;<a href=\"http:\/\/empleafp.es\/\">http:\/\/empleafp.es<\/a>&nbsp;acceder\u00e1n a todas las ofertas publicadas en dicha web, que no ser\u00e1n \u00fanica y exclusivamente ofertas vinculadas a su titulaci\u00f3n.<\/p>\n\n\n\n<p>Para cualquier duda o sugerencia puede contactar con el centro a trav\u00e9s del siguiente formulario:<\/p>\n\n\n\n<div class=\"wp-block-contact-form-7-contact-form-selector\">\n<div class=\"wpcf7 no-js\" id=\"wpcf7-f5963-o1\" lang=\"es-ES\" dir=\"ltr\">\n<div class=\"screen-reader-response\"><p role=\"status\" aria-live=\"polite\" aria-atomic=\"true\"><\/p> <ul><\/ul><\/div>\n<form action=\"\/cifp.joseluisgarci.alcobendas\/index.php\/wp-json\/wp\/v2\/pages\/7595#wpcf7-f5963-o1\" method=\"post\" class=\"wpcf7-form init\" aria-label=\"Formulario de contacto\" enctype=\"multipart\/form-data\" novalidate=\"novalidate\" data-status=\"init\">\n<div style=\"display: none;\">\n<input type=\"hidden\" name=\"_wpcf7\" value=\"5963\" \/>\n<input type=\"hidden\" name=\"_wpcf7_version\" value=\"5.9.7\" \/>\n<input type=\"hidden\" name=\"_wpcf7_locale\" value=\"es_ES\" \/>\n<input type=\"hidden\" name=\"_wpcf7_unit_tag\" value=\"wpcf7-f5963-o1\" \/>\n<input type=\"hidden\" name=\"_wpcf7_container_post\" value=\"0\" \/>\n<input type=\"hidden\" name=\"_wpcf7_posted_data_hash\" value=\"\" \/>\n<\/div>\n<h4>Formulario de contacto\n<\/h4>\n<p><label> Tu nombre y apellidos<br \/>\n<span class=\"wpcf7-form-control-wrap\" data-name=\"your-name\"><input size=\"40\" maxlength=\"400\" class=\"wpcf7-form-control wpcf7-text wpcf7-validates-as-required\" aria-required=\"true\" aria-invalid=\"false\" value=\"\" type=\"text\" name=\"your-name\" \/><\/span> <\/label>\n<\/p>\n<p><label> Tu correo electr\u00f3nico<br \/>\n<span class=\"wpcf7-form-control-wrap\" data-name=\"your-email\"><input size=\"40\" maxlength=\"400\" class=\"wpcf7-form-control wpcf7-email wpcf7-validates-as-required wpcf7-text wpcf7-validates-as-email\" aria-required=\"true\" aria-invalid=\"false\" value=\"\" type=\"email\" name=\"your-email\" \/><\/span> <\/label>\n<\/p>\n<p>\u00bfEres alumno del centro?<br \/>\n<span class=\"wpcf7-form-control-wrap\" data-name=\"radio-999\"><span class=\"wpcf7-form-control wpcf7-radio\"><span class=\"wpcf7-list-item first\"><label><input type=\"radio\" name=\"radio-999\" value=\"S\u00ed\" \/><span class=\"wpcf7-list-item-label\">S\u00ed<\/span><\/label><\/span><span class=\"wpcf7-list-item last\"><label><input type=\"radio\" name=\"radio-999\" value=\"No\" checked=\"checked\" \/><span class=\"wpcf7-list-item-label\">No<\/span><\/label><\/span><\/span><\/span>\n<\/p>\n<p><label> Asunto<br \/>\n<span class=\"wpcf7-form-control-wrap\" data-name=\"your-subject\"><input size=\"40\" maxlength=\"400\" class=\"wpcf7-form-control wpcf7-text wpcf7-validates-as-required\" aria-required=\"true\" aria-invalid=\"false\" value=\"\" type=\"text\" name=\"your-subject\" \/><\/span> <\/label>\n<\/p>\n<p><label> Tu mensaje (opcional)<br \/>\n<span class=\"wpcf7-form-control-wrap\" data-name=\"your-message\"><textarea cols=\"40\" rows=\"10\" maxlength=\"2000\" class=\"wpcf7-form-control wpcf7-textarea\" aria-invalid=\"false\" name=\"your-message\"><\/textarea><\/span> <\/label>\n<\/p>\n<p><label> Adjuntar archivo. Si son varios tendr\u00e1s que comprimirlos en uno (tama\u00f1o m\u00e1ximo del archivo 10MB.)<br \/>\n<span class=\"wpcf7-form-control-wrap\" data-name=\"your-file\"><input size=\"40\" class=\"wpcf7-form-control wpcf7-file\" accept=\"image\/*,.txt,.zip,.rar,.doc,.docx,application\/pdf\" aria-invalid=\"false\" type=\"file\" name=\"your-file\" \/><\/span><\/label>\n<\/p>\n<p class=\"aiowps-captcha hide-when-displaying-tfa-input\"><label for=\"aiowps-captcha-answer\">Por favor, introduce una respuesta en d\u00edgitos:<\/label>\n<\/p>\n<div class=\"aiowps-captcha-equation hide-when-displaying-tfa-input\">\n\t<p><strong>diecisiete &#43; diecinueve = <input type=\"hidden\" name=\"aiowps-captcha-string-info\" class=\"aiowps-captcha-string-info\" value=\"9885gf045p\" \/><input type=\"hidden\" name=\"aiowps-captcha-temp-string\" class=\"aiowps-captcha-temp-string\" value=\"1778603470\" \/><input type=\"text\" size=\"2\" class=\"aiowps-captcha-answer\" name=\"aiowps-captcha-answer\" value=\"\" autocomplete=\"off\" \/><\/strong>\n\t<\/p>\n<\/div>\n<p><span class='wpcf7-form-control-wrap' data-name='aiowps-captcha'><\/span><input class=\"wpcf7-form-control wpcf7-submit has-spinner\" type=\"submit\" value=\"Enviar\" \/>\n<\/p><p style=\"display: none !important;\" class=\"akismet-fields-container\" data-prefix=\"_wpcf7_ak_\"><label>&#916;<textarea name=\"_wpcf7_ak_hp_textarea\" cols=\"45\" rows=\"8\" maxlength=\"100\"><\/textarea><\/label><input type=\"hidden\" id=\"ak_js_1\" name=\"_wpcf7_ak_js\" value=\"194\"\/><script>document.getElementById( \"ak_js_1\" ).setAttribute( \"value\", ( new Date() ).getTime() );<\/script><\/p><div class=\"wpcf7-response-output\" aria-hidden=\"true\"><\/div>\n<\/form>\n<\/div>\n<\/div>\n","protected":false},"excerpt":{"rendered":"<p>Dentro de los planes formativos de los ciclos de Grado Medio y Superior, existe un m\u00f3dulo de Formaci\u00f3n en Centros de Trabajo donde contamos con cientos de empresas del sector, que colaboran en la formaci\u00f3n de los alumnos de todos los perfiles profesionales impartidos en el CIFP Jos\u00e9 Luis Garci. Entre ellas se encuentran empresas<\/p><\/div>\n<div class=\"blog-btn\"><a href=\"https:\/\/site.educa.madrid.org\/cifp.joseluisgarci.alcobendas\/index.php\/relacion-con-empresas\/\" class=\"home-blog-btn\">Leer m\u00e1s<\/a><\/p>\n","protected":false},"author":5,"featured_media":6169,"parent":0,"menu_order":0,"comment_status":"closed","ping_status":"closed","template":"","meta":{"footnotes":""},"folder":[103],"class_list":["post-7595","page","type-page","status-publish","has-post-thumbnail","hentry"],"rttpg_featured_image_url":{"full":["https:\/\/site.educa.madrid.org\/cifp.joseluisgarci.alcobendas\/\/wp-content\/uploads\/cifp.joseluisgarci.alcobendas\/2022\/03\/IMG_7366-scaled.jpg",2560,1707,false],"landscape":["https:\/\/site.educa.madrid.org\/cifp.joseluisgarci.alcobendas\/\/wp-content\/uploads\/cifp.joseluisgarci.alcobendas\/2022\/03\/IMG_7366-scaled.jpg",2560,1707,false],"portraits":["https:\/\/site.educa.madrid.org\/cifp.joseluisgarci.alcobendas\/\/wp-content\/uploads\/cifp.joseluisgarci.alcobendas\/2022\/03\/IMG_7366-scaled.jpg",2560,1707,false],"thumbnail":["https:\/\/site.educa.madrid.org\/cifp.joseluisgarci.alcobendas\/\/wp-content\/uploads\/cifp.joseluisgarci.alcobendas\/2022\/03\/IMG_7366-150x150.jpg",150,150,true],"medium":["https:\/\/site.educa.madrid.org\/cifp.joseluisgarci.alcobendas\/\/wp-content\/uploads\/cifp.joseluisgarci.alcobendas\/2022\/03\/IMG_7366-300x200.jpg",300,200,true],"large":["https:\/\/site.educa.madrid.org\/cifp.joseluisgarci.alcobendas\/\/wp-content\/uploads\/cifp.joseluisgarci.alcobendas\/2022\/03\/IMG_7366-1024x683.jpg",696,464,true],"thumblist":["https:\/\/site.educa.madrid.org\/cifp.joseluisgarci.alcobendas\/\/wp-content\/uploads\/cifp.joseluisgarci.alcobendas\/2022\/03\/IMG_7366-300x300.jpg",300,300,true],"thumbrelated":["https:\/\/site.educa.madrid.org\/cifp.joseluisgarci.alcobendas\/\/wp-content\/uploads\/cifp.joseluisgarci.alcobendas\/2022\/03\/IMG_7366-scaled.jpg",500,333,false],"meccarouselthumb":["https:\/\/site.educa.madrid.org\/cifp.joseluisgarci.alcobendas\/\/wp-content\/uploads\/cifp.joseluisgarci.alcobendas\/2022\/03\/IMG_7366-474x324.jpg",474,324,true],"gridsquare":["https:\/\/site.educa.madrid.org\/cifp.joseluisgarci.alcobendas\/\/wp-content\/uploads\/cifp.joseluisgarci.alcobendas\/2022\/03\/IMG_7366-391x260.jpg",391,260,true],"tileview":["https:\/\/site.educa.madrid.org\/cifp.joseluisgarci.alcobendas\/\/wp-content\/uploads\/cifp.joseluisgarci.alcobendas\/2022\/03\/IMG_7366-300x400.jpg",300,400,true],"1536x1536":["https:\/\/site.educa.madrid.org\/cifp.joseluisgarci.alcobendas\/\/wp-content\/uploads\/cifp.joseluisgarci.alcobendas\/2022\/03\/IMG_7366-1536x1024.jpg",1536,1024,true],"2048x2048":["https:\/\/site.educa.madrid.org\/cifp.joseluisgarci.alcobendas\/\/wp-content\/uploads\/cifp.joseluisgarci.alcobendas\/2022\/03\/IMG_7366-2048x1365.jpg",2048,1365,true],"sow-carousel-default":["https:\/\/site.educa.madrid.org\/cifp.joseluisgarci.alcobendas\/\/wp-content\/uploads\/cifp.joseluisgarci.alcobendas\/2022\/03\/IMG_7366-272x182.jpg",272,182,true],"sow-post-carousel-overlay-theme":["https:\/\/site.educa.madrid.org\/cifp.joseluisgarci.alcobendas\/\/wp-content\/uploads\/cifp.joseluisgarci.alcobendas\/2022\/03\/IMG_7366-scaled.jpg",360,240,false],"sow-post-carousel-cards-theme":["https:\/\/site.educa.madrid.org\/cifp.joseluisgarci.alcobendas\/\/wp-content\/uploads\/cifp.joseluisgarci.alcobendas\/2022\/03\/IMG_7366-scaled.jpg",360,240,false],"rt_custom":["https:\/\/site.educa.madrid.org\/cifp.joseluisgarci.alcobendas\/\/wp-content\/uploads\/cifp.joseluisgarci.alcobendas\/2022\/03\/IMG_7366-scaled.jpg",2560,1707,false]},"rttpg_author":{"display_name":"\u00c1lvaro Holguera Gozalo","author_link":"https:\/\/site.educa.madrid.org\/cifp.joseluisgarci.alcobendas\/index.php\/author\/alvaro_holguera-gozalo\/"},"rttpg_comment":0,"rttpg_category":" <a href=\"https:\/\/site.educa.madrid.org\/cifp.joseluisgarci.alcobendas\/?taxonomy=folder&#038;term=proyectos-1730375094-5\" rel=\"tag\">Proyectos<\/a>","rttpg_excerpt":"Dentro de los planes formativos de los ciclos de Grado Medio y Superior, existe un m\u00f3dulo de Formaci\u00f3n en Centros de Trabajo donde contamos con cientos de empresas del sector, que colaboran en la formaci\u00f3n de los alumnos de todos los perfiles profesionales impartidos en el CIFP Jos\u00e9 Luis Garci. Entre ellas se encuentran empresasLeer&hellip;","post_mailing_queue_ids":[],"_links":{"self":[{"href":"https:\/\/site.educa.madrid.org\/cifp.joseluisgarci.alcobendas\/index.php\/wp-json\/wp\/v2\/pages\/7595","targetHints":{"allow":["GET"]}}],"collection":[{"href":"https:\/\/site.educa.madrid.org\/cifp.joseluisgarci.alcobendas\/index.php\/wp-json\/wp\/v2\/pages"}],"about":[{"href":"https:\/\/site.educa.madrid.org\/cifp.joseluisgarci.alcobendas\/index.php\/wp-json\/wp\/v2\/types\/page"}],"author":[{"embeddable":true,"href":"https:\/\/site.educa.madrid.org\/cifp.joseluisgarci.alcobendas\/index.php\/wp-json\/wp\/v2\/users\/5"}],"replies":[{"embeddable":true,"href":"https:\/\/site.educa.madrid.org\/cifp.joseluisgarci.alcobendas\/index.php\/wp-json\/wp\/v2\/comments?post=7595"}],"version-history":[{"count":3,"href":"https:\/\/site.educa.madrid.org\/cifp.joseluisgarci.alcobendas\/index.php\/wp-json\/wp\/v2\/pages\/7595\/revisions"}],"predecessor-version":[{"id":7598,"href":"https:\/\/site.educa.madrid.org\/cifp.joseluisgarci.alcobendas\/index.php\/wp-json\/wp\/v2\/pages\/7595\/revisions\/7598"}],"wp:featuredmedia":[{"embeddable":true,"href":"https:\/\/site.educa.madrid.org\/cifp.joseluisgarci.alcobendas\/index.php\/wp-json\/wp\/v2\/media\/6169"}],"wp:attachment":[{"href":"https:\/\/site.educa.madrid.org\/cifp.joseluisgarci.alcobendas\/index.php\/wp-json\/wp\/v2\/media?parent=7595"}],"wp:term":[{"taxonomy":"folder","embeddable":true,"href":"https:\/\/site.educa.madrid.org\/cifp.joseluisgarci.alcobendas\/index.php\/wp-json\/wp\/v2\/folder?post=7595"}],"curies":[{"name":"wp","href":"https:\/\/api.w.org\/{rel}","templated":true}]}}