{"id":7615,"date":"2024-10-31T13:52:01","date_gmt":"2024-10-31T12:52:01","guid":{"rendered":"https:\/\/site.educa.madrid.org\/cifp.joseluisgarci.alcobendas\/?page_id=7615"},"modified":"2025-11-19T19:00:02","modified_gmt":"2025-11-19T18:00:02","slug":"mentor-fp","status":"publish","type":"page","link":"https:\/\/site.educa.madrid.org\/cifp.joseluisgarci.alcobendas\/index.php\/centro\/mentor-fp\/","title":{"rendered":"Mentores FP"},"content":{"rendered":"\n<h2 class=\"wp-block-heading\"><strong>\u00bfQui\u00e9nes somos?<\/strong><\/h2>\n\n\n\n<p>Servicio p\u00fablico de asesoramiento acad\u00e9mico-profesional personalizado, especializado en el \u00e1mbito de la Formaci\u00f3n Profesional (FP), formado por\u00a0 orientadores educativos de la Consejer\u00eda de Educaci\u00f3n, Ciencia y Universidades de la Comunidad de Madrid (CAM) y ubicado en centros formativos de FP.<\/p>\n\n\n\n<p><\/p>\n\n\n\n<h2 class=\"wp-block-heading\"><strong>\u00bfA qui\u00e9n atendemos?<\/strong><\/h2>\n\n\n\n<p>Tenemos distintas zonas de actuaci\u00f3n y la persona mentora del CIFP Jose Luis Garci atiende a ciudadanos de la zona norte de Madrid, que residan en los municipios de Alcobendas, El Molar, Talamanca del Jarama y Valdetorres del Jarama, y que necesiten asesoramiento con respecto a su proyecto formativo o laboral.<\/p>\n\n\n\n<p>A empresas, para hacer de enlace entre empleados, empresas y diferentes itinerarios formativos, para mejorar la inserci\u00f3n laboral y las competencias de los profesionales.<\/p>\n\n\n\n<p>A organismos o entidades, tanto p\u00fablicos como privados, interesados en la orientaci\u00f3n acad\u00e9mico-profesional de personas (asociaciones, fundaciones, centros educativos, corporaciones locales,\u2026).\u00bb<\/p>\n\n\n\n<p><\/p>\n\n\n\n<h2 class=\"wp-block-heading\"><strong>\u00bfEn qu\u00e9 podemos ayudarte?<\/strong><\/h2>\n\n\n\n<ul class=\"wp-block-list\">\n<li>Llevo a\u00f1os trabajando y quiero conseguir una titulaci\u00f3n de FP compatibiliz\u00e1ndolo con mi trabajo.<\/li>\n\n\n\n<li>Llevo a\u00f1os trabajando y quiero acreditar mi experiencia laboral.<\/li>\n\n\n\n<li>Quiero encontrar trabajo y no s\u00e9 qu\u00e9 titulaci\u00f3n de FP ser\u00eda la m\u00e1s adecuada para mi perfil profesional.<\/li>\n\n\n\n<li>Estoy estudiando pero tengo dudas sobre si seguir y me gustar\u00eda conocer posibles alternativas dentro de la FP.<\/li>\n\n\n\n<li>Quiero seguir estudiando pero me he quedado sin plaza en los estudios que hab\u00eda solicitado.<\/li>\n<\/ul>\n\n\n\n<p><\/p>\n\n\n\n<h2 class=\"wp-block-heading\"><strong>Horario de atenci\u00f3n<\/strong><\/h2>\n\n\n\n<ul class=\"wp-block-list\">\n<li>Lunes, jueves y viernes: de 9:30h a 15:00h.<\/li>\n\n\n\n<li>Martes y mi\u00e9rcoles: 15:00h a 20:00h.<\/li>\n<\/ul>\n\n\n\n<hr class=\"wp-block-separator has-alpha-channel-opacity\"\/>\n\n\n\t\t<div class=\"rttpg-block-postgrid rttpg-block-wrapper rttpg-block-526049 section-title-style-style4\">\n\t\t\t<div class=\"rt-container-fluid rt-tpg-container tpg-el-main-wrapper tpg-gutenberg clearfix\">\n\t\t\t\t<div class='tpg-header-wrapper'>\n\t\t\t\t\t\n        <div class=\"tpg-widget-heading-wrapper rt-clear heading-style4 \">\n            <span class=\"tpg-widget-heading-line line-left\"><\/span>\n\t\t\t<h2 class='tpg-widget-heading'>\n\t\t\t            <a href=\"#\"  target=&quot;_self&quot; >\n\t\t\t\t\n\t\t\t\t                    <span>\n\t\t\t\t\t\tFormulario de contacto\t\t\t\t\t<\/span>\n\t\t\t\t\t\n\t\t\t\t            <\/a>\n\n\t\t\t\t\t<\/h2>            <span class=\"tpg-widget-heading-line line-right\"><\/span>\n\n\t\t\t\n        <\/div>\n\n\t\t\n\t\t\t\t\t\t<\/div>\n\t\t\t<\/div>\n\t\t<\/div>\n\t\t\n\n\n<p>Si tienes alguna consulta que quieras dirigir a nuestro mentor, rellena el siguiente formulario.<\/p>\n\n\n\n<div class=\"wp-block-contact-form-7-contact-form-selector\">\n<div class=\"wpcf7 no-js\" id=\"wpcf7-f7618-o1\" lang=\"es-ES\" dir=\"ltr\">\n<div class=\"screen-reader-response\"><p role=\"status\" aria-live=\"polite\" aria-atomic=\"true\"><\/p> <ul><\/ul><\/div>\n<form action=\"\/cifp.joseluisgarci.alcobendas\/index.php\/wp-json\/wp\/v2\/pages\/7615#wpcf7-f7618-o1\" method=\"post\" class=\"wpcf7-form init\" aria-label=\"Formulario de contacto\" novalidate=\"novalidate\" data-status=\"init\">\n<div style=\"display: none;\">\n<input type=\"hidden\" name=\"_wpcf7\" value=\"7618\" \/>\n<input type=\"hidden\" name=\"_wpcf7_version\" value=\"5.9.7\" \/>\n<input type=\"hidden\" name=\"_wpcf7_locale\" value=\"es_ES\" \/>\n<input type=\"hidden\" name=\"_wpcf7_unit_tag\" value=\"wpcf7-f7618-o1\" \/>\n<input type=\"hidden\" name=\"_wpcf7_container_post\" value=\"0\" \/>\n<input type=\"hidden\" name=\"_wpcf7_posted_data_hash\" value=\"\" \/>\n<\/div>\n<p><label> Tu nombre<br \/>\n<span class=\"wpcf7-form-control-wrap\" data-name=\"your-name\"><input size=\"40\" maxlength=\"400\" class=\"wpcf7-form-control wpcf7-text wpcf7-validates-as-required\" autocomplete=\"name\" aria-required=\"true\" aria-invalid=\"false\" value=\"\" type=\"text\" name=\"your-name\" \/><\/span> <\/label>\n<\/p>\n<p><label> Tu correo electr\u00f3nico<br \/>\n<span class=\"wpcf7-form-control-wrap\" data-name=\"your-email\"><input size=\"40\" maxlength=\"400\" class=\"wpcf7-form-control wpcf7-email wpcf7-validates-as-required wpcf7-text wpcf7-validates-as-email\" autocomplete=\"email\" aria-required=\"true\" aria-invalid=\"false\" value=\"\" type=\"email\" name=\"your-email\" \/><\/span> <\/label>\n<\/p>\n<p><label> Asunto<br \/>\n<span class=\"wpcf7-form-control-wrap\" data-name=\"your-subject\"><input size=\"40\" maxlength=\"400\" class=\"wpcf7-form-control wpcf7-text wpcf7-validates-as-required\" aria-required=\"true\" aria-invalid=\"false\" value=\"\" type=\"text\" name=\"your-subject\" \/><\/span> <\/label>\n<\/p>\n<p><label> Tu mensaje (opcional)<br \/>\n<span class=\"wpcf7-form-control-wrap\" data-name=\"your-message\"><textarea cols=\"40\" rows=\"10\" maxlength=\"2000\" class=\"wpcf7-form-control wpcf7-textarea\" aria-invalid=\"false\" name=\"your-message\"><\/textarea><\/span> <\/label>\n<\/p>\n<p class=\"aiowps-captcha hide-when-displaying-tfa-input\"><label for=\"aiowps-captcha-answer\">Por favor, introduce una respuesta en d\u00edgitos:<\/label>\n<\/p>\n<div class=\"aiowps-captcha-equation hide-when-displaying-tfa-input\">\n\t<p><strong>1 &#8722; 1 = <input type=\"hidden\" name=\"aiowps-captcha-string-info\" class=\"aiowps-captcha-string-info\" value=\"iby21bifnr\" \/><input type=\"hidden\" name=\"aiowps-captcha-temp-string\" class=\"aiowps-captcha-temp-string\" value=\"1778603461\" \/><input type=\"text\" size=\"2\" class=\"aiowps-captcha-answer\" name=\"aiowps-captcha-answer\" value=\"\" autocomplete=\"off\" \/><\/strong>\n\t<\/p>\n<\/div>\n<p><span class='wpcf7-form-control-wrap' data-name='aiowps-captcha'><\/span><input class=\"wpcf7-form-control wpcf7-submit has-spinner\" type=\"submit\" value=\"Enviar\" \/>\n<\/p><p style=\"display: none !important;\" class=\"akismet-fields-container\" data-prefix=\"_wpcf7_ak_\"><label>&#916;<textarea name=\"_wpcf7_ak_hp_textarea\" cols=\"45\" rows=\"8\" maxlength=\"100\"><\/textarea><\/label><input type=\"hidden\" id=\"ak_js_1\" name=\"_wpcf7_ak_js\" value=\"156\"\/><script>document.getElementById( \"ak_js_1\" ).setAttribute( \"value\", ( new Date() ).getTime() );<\/script><\/p><div class=\"wpcf7-response-output\" aria-hidden=\"true\"><\/div>\n<\/form>\n<\/div>\n<\/div>\n\n\n\n<hr class=\"wp-block-separator has-alpha-channel-opacity\"\/>\n\n\n<div class=\"wp-block-image\">\n<figure class=\"aligncenter size-full\"><img loading=\"lazy\" decoding=\"async\" width=\"253\" height=\"158\" src=\"https:\/\/site.educa.madrid.org\/cifp.joseluisgarci.alcobendas\/\/wp-content\/uploads\/cifp.joseluisgarci.alcobendas\/2025\/09\/1-Logotipo-MENTORES-FP_FPMAD-2025-DEF.png\" alt=\"\" class=\"wp-image-9112\"\/><\/figure>\n<\/div>\n\n\n<p><\/p>\n","protected":false},"excerpt":{"rendered":"<p>\u00bfQui\u00e9nes somos? Servicio p\u00fablico de asesoramiento acad\u00e9mico-profesional personalizado, especializado en el \u00e1mbito de la Formaci\u00f3n Profesional (FP), formado por\u00a0 orientadores educativos de la Consejer\u00eda de Educaci\u00f3n, Ciencia y Universidades de la Comunidad de Madrid (CAM) y ubicado en centros formativos de FP. \u00bfA qui\u00e9n atendemos? Tenemos distintas zonas de actuaci\u00f3n y la persona mentora del<\/p><\/div>\n<div class=\"blog-btn\"><a href=\"https:\/\/site.educa.madrid.org\/cifp.joseluisgarci.alcobendas\/index.php\/centro\/mentor-fp\/\" class=\"home-blog-btn\">Leer m\u00e1s<\/a><\/p>\n","protected":false},"author":5,"featured_media":9112,"parent":4654,"menu_order":4,"comment_status":"closed","ping_status":"closed","template":"","meta":{"footnotes":""},"folder":[69],"class_list":["post-7615","page","type-page","status-publish","has-post-thumbnail","hentry"],"rttpg_featured_image_url":{"full":["https:\/\/site.educa.madrid.org\/cifp.joseluisgarci.alcobendas\/\/wp-content\/uploads\/cifp.joseluisgarci.alcobendas\/2025\/09\/1-Logotipo-MENTORES-FP_FPMAD-2025-DEF.png",253,158,false],"landscape":["https:\/\/site.educa.madrid.org\/cifp.joseluisgarci.alcobendas\/\/wp-content\/uploads\/cifp.joseluisgarci.alcobendas\/2025\/09\/1-Logotipo-MENTORES-FP_FPMAD-2025-DEF.png",253,158,false],"portraits":["https:\/\/site.educa.madrid.org\/cifp.joseluisgarci.alcobendas\/\/wp-content\/uploads\/cifp.joseluisgarci.alcobendas\/2025\/09\/1-Logotipo-MENTORES-FP_FPMAD-2025-DEF.png",253,158,false],"thumbnail":["https:\/\/site.educa.madrid.org\/cifp.joseluisgarci.alcobendas\/\/wp-content\/uploads\/cifp.joseluisgarci.alcobendas\/2025\/09\/1-Logotipo-MENTORES-FP_FPMAD-2025-DEF-150x150.png",150,150,true],"medium":["https:\/\/site.educa.madrid.org\/cifp.joseluisgarci.alcobendas\/\/wp-content\/uploads\/cifp.joseluisgarci.alcobendas\/2025\/09\/1-Logotipo-MENTORES-FP_FPMAD-2025-DEF.png",253,158,false],"large":["https:\/\/site.educa.madrid.org\/cifp.joseluisgarci.alcobendas\/\/wp-content\/uploads\/cifp.joseluisgarci.alcobendas\/2025\/09\/1-Logotipo-MENTORES-FP_FPMAD-2025-DEF.png",253,158,false],"thumblist":["https:\/\/site.educa.madrid.org\/cifp.joseluisgarci.alcobendas\/\/wp-content\/uploads\/cifp.joseluisgarci.alcobendas\/2025\/09\/1-Logotipo-MENTORES-FP_FPMAD-2025-DEF.png",253,158,false],"thumbrelated":["https:\/\/site.educa.madrid.org\/cifp.joseluisgarci.alcobendas\/\/wp-content\/uploads\/cifp.joseluisgarci.alcobendas\/2025\/09\/1-Logotipo-MENTORES-FP_FPMAD-2025-DEF.png",253,158,false],"meccarouselthumb":["https:\/\/site.educa.madrid.org\/cifp.joseluisgarci.alcobendas\/\/wp-content\/uploads\/cifp.joseluisgarci.alcobendas\/2025\/09\/1-Logotipo-MENTORES-FP_FPMAD-2025-DEF.png",253,158,false],"gridsquare":["https:\/\/site.educa.madrid.org\/cifp.joseluisgarci.alcobendas\/\/wp-content\/uploads\/cifp.joseluisgarci.alcobendas\/2025\/09\/1-Logotipo-MENTORES-FP_FPMAD-2025-DEF.png",253,158,false],"tileview":["https:\/\/site.educa.madrid.org\/cifp.joseluisgarci.alcobendas\/\/wp-content\/uploads\/cifp.joseluisgarci.alcobendas\/2025\/09\/1-Logotipo-MENTORES-FP_FPMAD-2025-DEF.png",253,158,false],"1536x1536":["https:\/\/site.educa.madrid.org\/cifp.joseluisgarci.alcobendas\/\/wp-content\/uploads\/cifp.joseluisgarci.alcobendas\/2025\/09\/1-Logotipo-MENTORES-FP_FPMAD-2025-DEF.png",253,158,false],"2048x2048":["https:\/\/site.educa.madrid.org\/cifp.joseluisgarci.alcobendas\/\/wp-content\/uploads\/cifp.joseluisgarci.alcobendas\/2025\/09\/1-Logotipo-MENTORES-FP_FPMAD-2025-DEF.png",253,158,false],"sow-carousel-default":["https:\/\/site.educa.madrid.org\/cifp.joseluisgarci.alcobendas\/\/wp-content\/uploads\/cifp.joseluisgarci.alcobendas\/2025\/09\/1-Logotipo-MENTORES-FP_FPMAD-2025-DEF.png",253,158,false],"sow-post-carousel-overlay-theme":["https:\/\/site.educa.madrid.org\/cifp.joseluisgarci.alcobendas\/\/wp-content\/uploads\/cifp.joseluisgarci.alcobendas\/2025\/09\/1-Logotipo-MENTORES-FP_FPMAD-2025-DEF.png",253,158,false],"sow-post-carousel-cards-theme":["https:\/\/site.educa.madrid.org\/cifp.joseluisgarci.alcobendas\/\/wp-content\/uploads\/cifp.joseluisgarci.alcobendas\/2025\/09\/1-Logotipo-MENTORES-FP_FPMAD-2025-DEF.png",253,158,false],"rt_custom":["https:\/\/site.educa.madrid.org\/cifp.joseluisgarci.alcobendas\/\/wp-content\/uploads\/cifp.joseluisgarci.alcobendas\/2025\/09\/1-Logotipo-MENTORES-FP_FPMAD-2025-DEF.png",253,158,false]},"rttpg_author":{"display_name":"\u00c1lvaro Holguera Gozalo","author_link":"https:\/\/site.educa.madrid.org\/cifp.joseluisgarci.alcobendas\/index.php\/author\/alvaro_holguera-gozalo\/"},"rttpg_comment":0,"rttpg_category":" <a href=\"https:\/\/site.educa.madrid.org\/cifp.joseluisgarci.alcobendas\/?taxonomy=folder&#038;term=centro-1682075889\" rel=\"tag\">Centro<\/a>","rttpg_excerpt":"\u00bfQui\u00e9nes somos? Servicio p\u00fablico de asesoramiento acad\u00e9mico-profesional personalizado, especializado en el \u00e1mbito de la Formaci\u00f3n Profesional (FP), formado por\u00a0 orientadores educativos de la Consejer\u00eda de Educaci\u00f3n, Ciencia y Universidades de la Comunidad de Madrid (CAM) y ubicado en centros formativos de FP. \u00bfA qui\u00e9n atendemos? Tenemos distintas zonas de actuaci\u00f3n y la persona mentora delLeer&hellip;","post_mailing_queue_ids":[],"_links":{"self":[{"href":"https:\/\/site.educa.madrid.org\/cifp.joseluisgarci.alcobendas\/index.php\/wp-json\/wp\/v2\/pages\/7615","targetHints":{"allow":["GET"]}}],"collection":[{"href":"https:\/\/site.educa.madrid.org\/cifp.joseluisgarci.alcobendas\/index.php\/wp-json\/wp\/v2\/pages"}],"about":[{"href":"https:\/\/site.educa.madrid.org\/cifp.joseluisgarci.alcobendas\/index.php\/wp-json\/wp\/v2\/types\/page"}],"author":[{"embeddable":true,"href":"https:\/\/site.educa.madrid.org\/cifp.joseluisgarci.alcobendas\/index.php\/wp-json\/wp\/v2\/users\/5"}],"replies":[{"embeddable":true,"href":"https:\/\/site.educa.madrid.org\/cifp.joseluisgarci.alcobendas\/index.php\/wp-json\/wp\/v2\/comments?post=7615"}],"version-history":[{"count":27,"href":"https:\/\/site.educa.madrid.org\/cifp.joseluisgarci.alcobendas\/index.php\/wp-json\/wp\/v2\/pages\/7615\/revisions"}],"predecessor-version":[{"id":9160,"href":"https:\/\/site.educa.madrid.org\/cifp.joseluisgarci.alcobendas\/index.php\/wp-json\/wp\/v2\/pages\/7615\/revisions\/9160"}],"up":[{"embeddable":true,"href":"https:\/\/site.educa.madrid.org\/cifp.joseluisgarci.alcobendas\/index.php\/wp-json\/wp\/v2\/pages\/4654"}],"wp:featuredmedia":[{"embeddable":true,"href":"https:\/\/site.educa.madrid.org\/cifp.joseluisgarci.alcobendas\/index.php\/wp-json\/wp\/v2\/media\/9112"}],"wp:attachment":[{"href":"https:\/\/site.educa.madrid.org\/cifp.joseluisgarci.alcobendas\/index.php\/wp-json\/wp\/v2\/media?parent=7615"}],"wp:term":[{"taxonomy":"folder","embeddable":true,"href":"https:\/\/site.educa.madrid.org\/cifp.joseluisgarci.alcobendas\/index.php\/wp-json\/wp\/v2\/folder?post=7615"}],"curies":[{"name":"wp","href":"https:\/\/api.w.org\/{rel}","templated":true}]}}