{"id":7891,"date":"2024-12-11T21:10:30","date_gmt":"2024-12-11T20:10:30","guid":{"rendered":"https:\/\/site.educa.madrid.org\/cifp.joseluisgarci.alcobendas\/?page_id=7891"},"modified":"2025-07-11T11:33:03","modified_gmt":"2025-07-11T09:33:03","slug":"imsv0059","status":"publish","type":"page","link":"https:\/\/site.educa.madrid.org\/cifp.joseluisgarci.alcobendas\/index.php\/oferta-educativa\/formacion-para-el-empleo\/imsv0059\/","title":{"rendered":"Animaci\u00f3n de personajes 3D aplicada al Character Animation (IMSV0059)"},"content":{"rendered":"\n<p>Duraci\u00f3n: 170 horas. <\/p>\n\n\n\n<p>Del 22\/09\/25 al 05\/11\/2025. Turno de ma\u00f1ana. Presencial. <\/p>\n\n\n\n<p>Admisi\u00f3n de solicitudes del 11\/07\/2025 al 14\/09\/2025<\/p>\n\n\n\n<p>Sesi\u00f3n informativa y prueba de nivel: 15\/09\/2025 a las 12:00h en el CIFP Jos\u00e9 Luis Garci.<\/p>\n\n\n\n<!--more-->\n<!--noteaser-->\n\n\n\n<p>C\u00f3digo: <strong><strong><strong><strong><strong><strong><strong><strong>IMSV0059<\/strong><\/strong><\/strong><\/strong><\/strong><\/strong><\/strong><\/strong><\/p>\n\n\n\n<p>Duraci\u00f3n: <strong>170 horas<\/strong><\/p>\n\n\n\n<p><strong>Del 22\/09\/25 al 05\/11\/2025. Turno de ma\u00f1ana. Presencial. <\/strong><\/p>\n\n\n\n<p>Admisi\u00f3n de solicitudes del 11\/07\/2025 al 14\/09\/2025<\/p>\n\n\n\n<p>Sesi\u00f3n informativa y prueba de nivel: 15\/09\/2025 a las 12:00h en el CIFP Jos\u00e9 Luis Garci.<\/p>\n\n\n\n<hr class=\"wp-block-separator has-alpha-channel-opacity\"\/>\n\n\n\n<h2 class=\"wp-block-heading\">Documentaci\u00f3n del curso<\/h2>\n\n\n\n<div data-wp-interactive=\"core\/file\" class=\"wp-block-file\"><object data-wp-bind--hidden=\"!state.hasPdfPreview\" hidden class=\"wp-block-file__embed\" data=\"https:\/\/site.educa.madrid.org\/cifp.joseluisgarci.alcobendas\/\/wp-content\/uploads\/cifp.joseluisgarci.alcobendas\/2024\/12\/IMSV0059.pdf\" type=\"application\/pdf\" style=\"width:100%;height:600px\" aria-label=\"Incrustado de IMSV0059.\"><\/object><a id=\"wp-block-file--media-cd308696-1478-4a8d-bac7-258cebc15638\" href=\"https:\/\/site.educa.madrid.org\/cifp.joseluisgarci.alcobendas\/\/wp-content\/uploads\/cifp.joseluisgarci.alcobendas\/2024\/12\/IMSV0059.pdf\">IMSV0059<\/a><a href=\"https:\/\/site.educa.madrid.org\/cifp.joseluisgarci.alcobendas\/\/wp-content\/uploads\/cifp.joseluisgarci.alcobendas\/2024\/12\/IMSV0059.pdf\" class=\"wp-block-file__button wp-element-button\" download aria-describedby=\"wp-block-file--media-cd308696-1478-4a8d-bac7-258cebc15638\">Descarga<\/a><\/div>\n\n\n\n<hr class=\"wp-block-separator has-alpha-channel-opacity\"\/>\n\n\n\n<div class=\"wp-block-columns is-layout-flex wp-container-core-columns-is-layout-9d6595d7 wp-block-columns-is-layout-flex\">\n<div class=\"wp-block-column is-layout-flow wp-block-column-is-layout-flow\">\n<h2 class=\"wp-block-heading\">Informaci\u00f3n de inter\u00e9s<\/h2>\n\n\n\n<p><em>Se recomienda&nbsp;<strong>leer toda esta informaci\u00f3n<\/strong>&nbsp;<strong>general<\/strong>&nbsp;antes de acceder de forma espec\u00edfica a la informaci\u00f3n de cada curso a trav\u00e9s de los enlaces indicados m\u00e1s abajo.<\/em><\/p>\n\n\n\n<ul class=\"wp-block-list\">\n<li>Las acciones formativas para el empleo que se realizan en el CIFP JOSE LUIS GARCI son gratuitas por estar financiados por el servicio estatal de formaci\u00f3n para el Empleo de la Comunidad de Madrid, y cofinanciados por el Fondo Social Europeo.<\/li>\n\n\n\n<li>Las&nbsp;<strong>fechas&nbsp;<\/strong>de&nbsp;<strong>comienzo<\/strong>&nbsp;de cada curso se ir\u00e1n publicando en la presente web a medida que se vayan programando. Asimismo, el plazo de&nbsp;<strong>preinscripci\u00f3n<\/strong>&nbsp;se publicar\u00e1&nbsp;<strong>para cada curso,&nbsp;<\/strong>en funci\u00f3n de la fecha en que se vaya a impartir dicha acci\u00f3n formativa.<\/li>\n\n\n\n<li>Los requisitos b\u00e1sicos de acceso para cada uno de los cursos est\u00e1n publicados en esta web en las FICHAS DE CURSO correspondiente a cada uno de ellos, a la que se accede desde su enlace.<\/li>\n<\/ul>\n\n\n\n<p>IMPORTANTE. Es&nbsp;<strong>condici\u00f3n prioritaria<\/strong>&nbsp;para acceder a dichos cursos es ESTAR INSCRITO EN LAS OFICINAS DE EMPLEO COMO DEMANDANTE EN LA COMUNIDAD DE MADRID.<\/p>\n\n\n\n<ul class=\"wp-block-list\">\n<li>Una vez que se inicie el periodo de preinscripci\u00f3n de cada curso, los interesados deber\u00e1n cumplimentar el formulario de inscripci\u00f3n de cada curso.<\/li>\n\n\n\n<li>Una vez finalizado el plazo de preinscripci\u00f3n, se podr\u00e1 convocar&nbsp;a<strong>&nbsp;los aspirantes que cumplan los requisitos<\/strong>, a una&nbsp;<strong>PRUEBA DE ACCESO<\/strong>&nbsp;&nbsp; para cada curso.<\/li>\n<\/ul>\n<\/div>\n\n\n\n<div class=\"wp-block-column is-layout-flow wp-block-column-is-layout-flow\">\n<h2 class=\"wp-block-heading\">Inscripci\u00f3n<\/h2>\n\n\n\n<p>Accede al siguiente formulario para cumplimentar la solicitud del curso.<\/p>\n\n\n\n<p><\/p>\n\n\n\n<div class=\"wp-block-buttons is-content-justification-center is-layout-flex wp-container-core-buttons-is-layout-16018d1d wp-block-buttons-is-layout-flex\">\n<div class=\"wp-block-button\"><a class=\"wp-block-button__link has-vivid-red-background-color has-background wp-element-button\" href=\"https:\/\/forms.gle\/DW4HGN8M3wjGv2eB9\">SOLICITUD<\/a><\/div>\n<\/div>\n\n\n\n<div style=\"height:30px\" aria-hidden=\"true\" class=\"wp-block-spacer\"><\/div>\n<\/div>\n<\/div>\n\n\n\n<div style=\"height:100px\" aria-hidden=\"true\" class=\"wp-block-spacer\"><\/div>\n\n\n\n<div class=\"wp-block-buttons is-content-justification-center is-layout-flex wp-container-core-buttons-is-layout-16018d1d wp-block-buttons-is-layout-flex\">\n<div class=\"wp-block-button has-custom-font-size has-small-font-size\"><a class=\"wp-block-button__link has-blush-bordeaux-gradient-background has-background wp-element-button\" href=\"https:\/\/site.educa.madrid.org\/cifp.joseluisgarci.alcobendas\/index.php\/oferta-educativa\/formacion-para-el-empleo\/\" style=\"border-radius:7px\">Volver al listado de cursos<\/a><\/div>\n<\/div>\n","protected":false},"excerpt":{"rendered":"<p>Duraci\u00f3n: 170 horas. Del 22\/09\/25 al 05\/11\/2025. Turno de ma\u00f1ana. Presencial. Admisi\u00f3n de solicitudes del 11\/07\/2025 al 14\/09\/2025 Sesi\u00f3n informativa y prueba de nivel: 15\/09\/2025 a las 12:00h en el CIFP Jos\u00e9 Luis Garci.<\/p>\n","protected":false},"author":14,"featured_media":7893,"parent":1571,"menu_order":0,"comment_status":"closed","ping_status":"closed","template":"template\/template-page-full-width.php","meta":{"footnotes":""},"folder":[106],"class_list":["post-7891","page","type-page","status-publish","has-post-thumbnail","hentry"],"rttpg_featured_image_url":{"full":["https:\/\/site.educa.madrid.org\/cifp.joseluisgarci.alcobendas\/\/wp-content\/uploads\/cifp.joseluisgarci.alcobendas\/2024\/12\/IMSV0059_CharacterAnimation.jpg",1200,502,false],"landscape":["https:\/\/site.educa.madrid.org\/cifp.joseluisgarci.alcobendas\/\/wp-content\/uploads\/cifp.joseluisgarci.alcobendas\/2024\/12\/IMSV0059_CharacterAnimation.jpg",1200,502,false],"portraits":["https:\/\/site.educa.madrid.org\/cifp.joseluisgarci.alcobendas\/\/wp-content\/uploads\/cifp.joseluisgarci.alcobendas\/2024\/12\/IMSV0059_CharacterAnimation.jpg",1200,502,false],"thumbnail":["https:\/\/site.educa.madrid.org\/cifp.joseluisgarci.alcobendas\/\/wp-content\/uploads\/cifp.joseluisgarci.alcobendas\/2024\/12\/IMSV0059_CharacterAnimation-150x150.jpg",150,150,true],"medium":["https:\/\/site.educa.madrid.org\/cifp.joseluisgarci.alcobendas\/\/wp-content\/uploads\/cifp.joseluisgarci.alcobendas\/2024\/12\/IMSV0059_CharacterAnimation-300x126.jpg",300,126,true],"large":["https:\/\/site.educa.madrid.org\/cifp.joseluisgarci.alcobendas\/\/wp-content\/uploads\/cifp.joseluisgarci.alcobendas\/2024\/12\/IMSV0059_CharacterAnimation-1024x428.jpg",696,291,true],"thumblist":["https:\/\/site.educa.madrid.org\/cifp.joseluisgarci.alcobendas\/\/wp-content\/uploads\/cifp.joseluisgarci.alcobendas\/2024\/12\/IMSV0059_CharacterAnimation-300x300.jpg",300,300,true],"thumbrelated":["https:\/\/site.educa.madrid.org\/cifp.joseluisgarci.alcobendas\/\/wp-content\/uploads\/cifp.joseluisgarci.alcobendas\/2024\/12\/IMSV0059_CharacterAnimation-500x500.jpg",500,500,true],"meccarouselthumb":["https:\/\/site.educa.madrid.org\/cifp.joseluisgarci.alcobendas\/\/wp-content\/uploads\/cifp.joseluisgarci.alcobendas\/2024\/12\/IMSV0059_CharacterAnimation-474x324.jpg",474,324,true],"gridsquare":["https:\/\/site.educa.madrid.org\/cifp.joseluisgarci.alcobendas\/\/wp-content\/uploads\/cifp.joseluisgarci.alcobendas\/2024\/12\/IMSV0059_CharacterAnimation-391x260.jpg",391,260,true],"tileview":["https:\/\/site.educa.madrid.org\/cifp.joseluisgarci.alcobendas\/\/wp-content\/uploads\/cifp.joseluisgarci.alcobendas\/2024\/12\/IMSV0059_CharacterAnimation-300x400.jpg",300,400,true],"1536x1536":["https:\/\/site.educa.madrid.org\/cifp.joseluisgarci.alcobendas\/\/wp-content\/uploads\/cifp.joseluisgarci.alcobendas\/2024\/12\/IMSV0059_CharacterAnimation.jpg",1200,502,false],"2048x2048":["https:\/\/site.educa.madrid.org\/cifp.joseluisgarci.alcobendas\/\/wp-content\/uploads\/cifp.joseluisgarci.alcobendas\/2024\/12\/IMSV0059_CharacterAnimation.jpg",1200,502,false],"sow-carousel-default":["https:\/\/site.educa.madrid.org\/cifp.joseluisgarci.alcobendas\/\/wp-content\/uploads\/cifp.joseluisgarci.alcobendas\/2024\/12\/IMSV0059_CharacterAnimation-272x182.jpg",272,182,true],"sow-post-carousel-overlay-theme":["https:\/\/site.educa.madrid.org\/cifp.joseluisgarci.alcobendas\/\/wp-content\/uploads\/cifp.joseluisgarci.alcobendas\/2024\/12\/IMSV0059_CharacterAnimation.jpg",360,151,false],"sow-post-carousel-cards-theme":["https:\/\/site.educa.madrid.org\/cifp.joseluisgarci.alcobendas\/\/wp-content\/uploads\/cifp.joseluisgarci.alcobendas\/2024\/12\/IMSV0059_CharacterAnimation.jpg",360,151,false],"rt_custom":["https:\/\/site.educa.madrid.org\/cifp.joseluisgarci.alcobendas\/\/wp-content\/uploads\/cifp.joseluisgarci.alcobendas\/2024\/12\/IMSV0059_CharacterAnimation.jpg",1200,502,false]},"rttpg_author":{"display_name":"Roberto Alonso Asenjo","author_link":"https:\/\/site.educa.madrid.org\/cifp.joseluisgarci.alcobendas\/index.php\/author\/roberto_alonso-asenjo\/"},"rttpg_comment":0,"rttpg_category":" <a href=\"https:\/\/site.educa.madrid.org\/cifp.joseluisgarci.alcobendas\/?taxonomy=folder&#038;term=cursosformacionempleo-1730927172-5\" rel=\"tag\">CursosFormaci\u00f3nEmpleo<\/a>","rttpg_excerpt":"Duraci\u00f3n: 170 horas. Del 22\/09\/25 al 05\/11\/2025. Turno de ma\u00f1ana. Presencial. Admisi\u00f3n de solicitudes del 11\/07\/2025 al 14\/09\/2025 Sesi\u00f3n informativa y prueba de nivel: 15\/09\/2025 a las 12:00h en el CIFP Jos\u00e9 Luis Garci.","post_mailing_queue_ids":[],"_links":{"self":[{"href":"https:\/\/site.educa.madrid.org\/cifp.joseluisgarci.alcobendas\/index.php\/wp-json\/wp\/v2\/pages\/7891","targetHints":{"allow":["GET"]}}],"collection":[{"href":"https:\/\/site.educa.madrid.org\/cifp.joseluisgarci.alcobendas\/index.php\/wp-json\/wp\/v2\/pages"}],"about":[{"href":"https:\/\/site.educa.madrid.org\/cifp.joseluisgarci.alcobendas\/index.php\/wp-json\/wp\/v2\/types\/page"}],"author":[{"embeddable":true,"href":"https:\/\/site.educa.madrid.org\/cifp.joseluisgarci.alcobendas\/index.php\/wp-json\/wp\/v2\/users\/14"}],"replies":[{"embeddable":true,"href":"https:\/\/site.educa.madrid.org\/cifp.joseluisgarci.alcobendas\/index.php\/wp-json\/wp\/v2\/comments?post=7891"}],"version-history":[{"count":7,"href":"https:\/\/site.educa.madrid.org\/cifp.joseluisgarci.alcobendas\/index.php\/wp-json\/wp\/v2\/pages\/7891\/revisions"}],"predecessor-version":[{"id":8895,"href":"https:\/\/site.educa.madrid.org\/cifp.joseluisgarci.alcobendas\/index.php\/wp-json\/wp\/v2\/pages\/7891\/revisions\/8895"}],"up":[{"embeddable":true,"href":"https:\/\/site.educa.madrid.org\/cifp.joseluisgarci.alcobendas\/index.php\/wp-json\/wp\/v2\/pages\/1571"}],"wp:featuredmedia":[{"embeddable":true,"href":"https:\/\/site.educa.madrid.org\/cifp.joseluisgarci.alcobendas\/index.php\/wp-json\/wp\/v2\/media\/7893"}],"wp:attachment":[{"href":"https:\/\/site.educa.madrid.org\/cifp.joseluisgarci.alcobendas\/index.php\/wp-json\/wp\/v2\/media?parent=7891"}],"wp:term":[{"taxonomy":"folder","embeddable":true,"href":"https:\/\/site.educa.madrid.org\/cifp.joseluisgarci.alcobendas\/index.php\/wp-json\/wp\/v2\/folder?post=7891"}],"curies":[{"name":"wp","href":"https:\/\/api.w.org\/{rel}","templated":true}]}}