{"id":8473,"date":"2025-02-20T19:25:33","date_gmt":"2025-02-20T18:25:33","guid":{"rendered":"https:\/\/site.educa.madrid.org\/cifp.joseluisgarci.alcobendas\/?page_id=8473"},"modified":"2025-02-20T21:43:46","modified_gmt":"2025-02-20T20:43:46","slug":"plan-contra-las-drogas","status":"publish","type":"page","link":"https:\/\/site.educa.madrid.org\/cifp.joseluisgarci.alcobendas\/index.php\/centro\/plan-contra-las-drogas\/","title":{"rendered":"Plan contra las droga"},"content":{"rendered":"\n<p>El consumo de drogas es un grave problema con repercusiones, tanto en la persona que las consume, como en el conjunto de la sociedad. El gobierno regional afronta el desaf\u00edo de realizar una labor de car\u00e1cter social y preventiva, con la finalidad de eliminar o modificar los factores de riesgo y fomentar factores de protecci\u00f3n frente al consumo de drogas. Es por ello que, se ha aprobado el Plan Regional contra las drogas de la Comunidad de Madrid y, desde la Consejer\u00eda competente en materia de Educaci\u00f3n de la Comunidad de Madrid, se han desarrollado actuaciones unificadas y coordinadas para frenar y erradicar actitudes en relaci\u00f3n con el consumo de drogas.<\/p>\n\n\n\n<p>Una de esas actuaciones consiste en poner a disposici\u00f3n del alumnado y sus familias el siguiente \u201cBuz\u00f3n de denuncias\u201d. Se puede acceder a \u00e9l a trav\u00e9s del correo <a href=\"mailto:buzonfueradrogas@educa.madrid.org\">buzonfueradrogas@educa.madrid.org<\/a> , o de este c\u00f3digo QR.<\/p>\n\n\n<div class=\"wp-block-image\">\n<figure class=\"aligncenter size-full is-resized\"><img loading=\"lazy\" decoding=\"async\" width=\"680\" height=\"857\" src=\"https:\/\/site.educa.madrid.org\/cifp.joseluisgarci.alcobendas\/\/wp-content\/uploads\/cifp.joseluisgarci.alcobendas\/2025\/02\/QR_Buzon.jpg\" alt=\"\" class=\"wp-image-8475\" style=\"width:400px\" srcset=\"https:\/\/site.educa.madrid.org\/cifp.joseluisgarci.alcobendas\/\/wp-content\/uploads\/cifp.joseluisgarci.alcobendas\/2025\/02\/QR_Buzon.jpg 680w, https:\/\/site.educa.madrid.org\/cifp.joseluisgarci.alcobendas\/\/wp-content\/uploads\/cifp.joseluisgarci.alcobendas\/2025\/02\/QR_Buzon-238x300.jpg 238w\" sizes=\"auto, (max-width: 680px) 100vw, 680px\" \/><\/figure>\n<\/div>\n\n\n<p>Este buz\u00f3n de denuncias garantizar\u00e1 el anonimato, as\u00ed como las actuaciones derivadas de las mismas bajo el principio de confidencialidad y sigilo en la toma de decisiones. Su responsable es la Unidad de Convivencia y contra el acoso escolar, que proceder\u00e1 de manera inmediata y seg\u00fan corresponda.<\/p>\n","protected":false},"excerpt":{"rendered":"<p>El consumo de drogas es un grave problema con repercusiones, tanto en la persona que las consume, como en el conjunto de la sociedad. El gobierno regional afronta el desaf\u00edo de realizar una labor de car\u00e1cter social y preventiva, con la finalidad de eliminar o modificar los factores de riesgo y fomentar factores de protecci\u00f3n<\/p><\/div>\n<div class=\"blog-btn\"><a href=\"https:\/\/site.educa.madrid.org\/cifp.joseluisgarci.alcobendas\/index.php\/centro\/plan-contra-las-drogas\/\" class=\"home-blog-btn\">Leer m\u00e1s<\/a><\/p>\n","protected":false},"author":5,"featured_media":0,"parent":4654,"menu_order":3,"comment_status":"closed","ping_status":"closed","template":"","meta":{"footnotes":""},"folder":[69],"class_list":["post-8473","page","type-page","status-publish","hentry"],"rttpg_featured_image_url":null,"rttpg_author":{"display_name":"\u00c1lvaro Holguera Gozalo","author_link":"https:\/\/site.educa.madrid.org\/cifp.joseluisgarci.alcobendas\/index.php\/author\/alvaro_holguera-gozalo\/"},"rttpg_comment":0,"rttpg_category":" <a href=\"https:\/\/site.educa.madrid.org\/cifp.joseluisgarci.alcobendas\/?taxonomy=folder&#038;term=centro-1682075889\" rel=\"tag\">Centro<\/a>","rttpg_excerpt":"El consumo de drogas es un grave problema con repercusiones, tanto en la persona que las consume, como en el conjunto de la sociedad. El gobierno regional afronta el desaf\u00edo de realizar una labor de car\u00e1cter social y preventiva, con la finalidad de eliminar o modificar los factores de riesgo y fomentar factores de protecci\u00f3nLeer&hellip;","post_mailing_queue_ids":[],"_links":{"self":[{"href":"https:\/\/site.educa.madrid.org\/cifp.joseluisgarci.alcobendas\/index.php\/wp-json\/wp\/v2\/pages\/8473","targetHints":{"allow":["GET"]}}],"collection":[{"href":"https:\/\/site.educa.madrid.org\/cifp.joseluisgarci.alcobendas\/index.php\/wp-json\/wp\/v2\/pages"}],"about":[{"href":"https:\/\/site.educa.madrid.org\/cifp.joseluisgarci.alcobendas\/index.php\/wp-json\/wp\/v2\/types\/page"}],"author":[{"embeddable":true,"href":"https:\/\/site.educa.madrid.org\/cifp.joseluisgarci.alcobendas\/index.php\/wp-json\/wp\/v2\/users\/5"}],"replies":[{"embeddable":true,"href":"https:\/\/site.educa.madrid.org\/cifp.joseluisgarci.alcobendas\/index.php\/wp-json\/wp\/v2\/comments?post=8473"}],"version-history":[{"count":4,"href":"https:\/\/site.educa.madrid.org\/cifp.joseluisgarci.alcobendas\/index.php\/wp-json\/wp\/v2\/pages\/8473\/revisions"}],"predecessor-version":[{"id":8496,"href":"https:\/\/site.educa.madrid.org\/cifp.joseluisgarci.alcobendas\/index.php\/wp-json\/wp\/v2\/pages\/8473\/revisions\/8496"}],"up":[{"embeddable":true,"href":"https:\/\/site.educa.madrid.org\/cifp.joseluisgarci.alcobendas\/index.php\/wp-json\/wp\/v2\/pages\/4654"}],"wp:attachment":[{"href":"https:\/\/site.educa.madrid.org\/cifp.joseluisgarci.alcobendas\/index.php\/wp-json\/wp\/v2\/media?parent=8473"}],"wp:term":[{"taxonomy":"folder","embeddable":true,"href":"https:\/\/site.educa.madrid.org\/cifp.joseluisgarci.alcobendas\/index.php\/wp-json\/wp\/v2\/folder?post=8473"}],"curies":[{"name":"wp","href":"https:\/\/api.w.org\/{rel}","templated":true}]}}