{"id":1108,"date":"2023-01-04T20:52:44","date_gmt":"2023-01-04T19:52:44","guid":{"rendered":"https:\/\/site.educa.madrid.org\/cp.alfonsodecimo.madrid\/?page_id=1108"},"modified":"2023-09-27T17:51:57","modified_gmt":"2023-09-27T15:51:57","slug":"religion","status":"publish","type":"page","link":"https:\/\/site.educa.madrid.org\/cp.alfonsodecimo.madrid\/index.php\/ensenanzas\/religion\/","title":{"rendered":"Religi\u00f3n"},"content":{"rendered":"\n<h2 class=\"wp-block-heading has-vivid-red-color has-text-color\">Premio El Bel\u00e9n en mi Centro<\/h2>\n\n\n\n<figure class=\"wp-block-image size-full\"><img loading=\"lazy\" decoding=\"async\" width=\"549\" height=\"383\" src=\"https:\/\/site.educa.madrid.org\/cp.alfonsodecimo.madrid\/\/wp-content\/uploads\/cp.alfonsodecimo.madrid\/2023\/01\/Certamen-El-Belen.jpg\" alt=\"\" class=\"wp-image-1111\" srcset=\"https:\/\/site.educa.madrid.org\/cp.alfonsodecimo.madrid\/\/wp-content\/uploads\/cp.alfonsodecimo.madrid\/2023\/01\/Certamen-El-Belen.jpg 549w, https:\/\/site.educa.madrid.org\/cp.alfonsodecimo.madrid\/\/wp-content\/uploads\/cp.alfonsodecimo.madrid\/2023\/01\/Certamen-El-Belen-300x209.jpg 300w\" sizes=\"auto, (max-width: 549px) 100vw, 549px\" \/><\/figure>\n\n\n\n<h2 class=\"wp-block-heading has-vivid-red-color has-text-color\">\u00c1rea de religi\u00f3n cat\u00f3lica<\/h2>\n\n\n\n<p>La docente Ana imparte el \u00e1rea de religi\u00f3n cat\u00f3lica en el centro.<\/p>\n\n\n\n<p><strong>\u00bfQU\u00c9 HACEMOS EN RELIGI\u00d3N?<\/strong><\/p>\n\n\n\n<p>Desde Educaci\u00f3n Infantil, hasta acabar la Educaci\u00f3n Primaria, el m\u00e9todo&nbsp;que usamos en Religi\u00f3n es el del Proyecto Casals. En este curso, los ni\u00f1os&nbsp;no compran libro, pero utilizamos libros digitales y seguimos totalmente&nbsp;el m\u00e9todo de esta editorial.<\/p>\n\n\n\n<p>Canciones, pel\u00edculas, bailes, juegos, concursos, excursiones, etc, de una&nbsp;forma l\u00fadica para transmitir la fe y los valores que esta materia requiere&nbsp;y refuerza una esperanza trascendental.<\/p>\n\n\n\n<p>Los autores y la editorial han tenido presente al elaborar los \u00faltimos&nbsp;materiales esta necesidad de transmitir el Evangelio con nuevo ardor&nbsp;-confirmando la palabra con el testimonio de la vida-, con unos m\u00e9todos&nbsp;novedosos -especialmente, las nuevas tecnolog\u00edas- y con una expresi\u00f3n&nbsp;actual -que responda a la cultura de nuestros d\u00edas-.<\/p>\n\n\n\n<p>Los proyectos de Religi\u00f3n Cat\u00f3lica de la Editorial Casals que ahora se&nbsp;presentan pretenden contribuir a la educaci\u00f3n integral del estudiante en&nbsp;dos direcciones. Por una parte, responde a la dimensi\u00f3n religiosa de todo&nbsp;ser humano y, por otra, lo introduce en la realidad a la luz de una hip\u00f3tesis&nbsp;ofrecida por una historia y una tradici\u00f3n. De este modo, se promueve el&nbsp;reconocimiento de un sentido de la existencia de una manera coherente&nbsp;con el propio desarrollo psico-evolutivo del alumnado (Curr\u00edculo del \u00e1rea&nbsp;de Religi\u00f3n y Moral Cat\u00f3lica, Conferencia Episcopal Espa\u00f1ola).<\/p>\n","protected":false},"excerpt":{"rendered":"<p>Premio El Bel\u00e9n en mi Centro \u00c1rea de religi\u00f3n cat\u00f3lica La docente Ana imparte el \u00e1rea de religi\u00f3n cat\u00f3lica en el centro. \u00bfQU\u00c9 HACEMOS EN RELIGI\u00d3N? Desde Educaci\u00f3n Infantil, hasta acabar la Educaci\u00f3n Primaria, el m\u00e9todo&nbsp;que usamos en Religi\u00f3n es el del Proyecto Casals. En este curso, los ni\u00f1os&nbsp;no compran libro, pero utilizamos libros digitales &hellip; <\/p>\n<p class=\"link-more\"><a href=\"https:\/\/site.educa.madrid.org\/cp.alfonsodecimo.madrid\/index.php\/ensenanzas\/religion\/\" class=\"more-link\">Continuar leyendo<span class=\"screen-reader-text\"> \u00abReligi\u00f3n\u00bb<\/span><\/a><\/p>\n","protected":false},"author":3,"featured_media":0,"parent":117,"menu_order":6,"comment_status":"closed","ping_status":"closed","template":"page-with-siblings-submenu.php","meta":{"footnotes":""},"folder":[],"class_list":["post-1108","page","type-page","status-publish","hentry"],"rttpg_featured_image_url":null,"rttpg_author":{"display_name":"cp.alfonsodecimo.madrid","author_link":"https:\/\/site.educa.madrid.org\/cp.alfonsodecimo.madrid\/index.php\/author\/cuenta_cp-alfonsodecimo-madrid\/"},"rttpg_comment":0,"rttpg_category":false,"rttpg_excerpt":"Premio El Bel\u00e9n en mi Centro \u00c1rea de religi\u00f3n cat\u00f3lica La docente Ana imparte el \u00e1rea de religi\u00f3n cat\u00f3lica en el centro. \u00bfQU\u00c9 HACEMOS EN RELIGI\u00d3N? Desde Educaci\u00f3n Infantil, hasta acabar la Educaci\u00f3n Primaria, el m\u00e9todo&nbsp;que usamos en Religi\u00f3n es el del Proyecto Casals. En este curso, los ni\u00f1os&nbsp;no compran libro, pero utilizamos libros digitales&hellip;","post_mailing_queue_ids":[],"_links":{"self":[{"href":"https:\/\/site.educa.madrid.org\/cp.alfonsodecimo.madrid\/index.php\/wp-json\/wp\/v2\/pages\/1108","targetHints":{"allow":["GET"]}}],"collection":[{"href":"https:\/\/site.educa.madrid.org\/cp.alfonsodecimo.madrid\/index.php\/wp-json\/wp\/v2\/pages"}],"about":[{"href":"https:\/\/site.educa.madrid.org\/cp.alfonsodecimo.madrid\/index.php\/wp-json\/wp\/v2\/types\/page"}],"author":[{"embeddable":true,"href":"https:\/\/site.educa.madrid.org\/cp.alfonsodecimo.madrid\/index.php\/wp-json\/wp\/v2\/users\/3"}],"replies":[{"embeddable":true,"href":"https:\/\/site.educa.madrid.org\/cp.alfonsodecimo.madrid\/index.php\/wp-json\/wp\/v2\/comments?post=1108"}],"version-history":[{"count":3,"href":"https:\/\/site.educa.madrid.org\/cp.alfonsodecimo.madrid\/index.php\/wp-json\/wp\/v2\/pages\/1108\/revisions"}],"predecessor-version":[{"id":1891,"href":"https:\/\/site.educa.madrid.org\/cp.alfonsodecimo.madrid\/index.php\/wp-json\/wp\/v2\/pages\/1108\/revisions\/1891"}],"up":[{"embeddable":true,"href":"https:\/\/site.educa.madrid.org\/cp.alfonsodecimo.madrid\/index.php\/wp-json\/wp\/v2\/pages\/117"}],"wp:attachment":[{"href":"https:\/\/site.educa.madrid.org\/cp.alfonsodecimo.madrid\/index.php\/wp-json\/wp\/v2\/media?parent=1108"}],"wp:term":[{"taxonomy":"folder","embeddable":true,"href":"https:\/\/site.educa.madrid.org\/cp.alfonsodecimo.madrid\/index.php\/wp-json\/wp\/v2\/folder?post=1108"}],"curies":[{"name":"wp","href":"https:\/\/api.w.org\/{rel}","templated":true}]}}