{"id":1116,"date":"2023-01-04T21:03:45","date_gmt":"2023-01-04T20:03:45","guid":{"rendered":"https:\/\/site.educa.madrid.org\/cp.alfonsodecimo.madrid\/?page_id=1116"},"modified":"2023-09-27T17:53:33","modified_gmt":"2023-09-27T15:53:33","slug":"aula-de-las-estrellas","status":"publish","type":"page","link":"https:\/\/site.educa.madrid.org\/cp.alfonsodecimo.madrid\/index.php\/ensenanzas\/aula-de-las-estrellas\/","title":{"rendered":"Aula de las Estrellas"},"content":{"rendered":"\n<p>Desde el curso escolar 2016\/2017, el centro cuenta con este proyecto de alumnos con T.E.A. (Trastorno del Espectro Autista).<\/p>\n\n\n\n<p>Este aula se denomina AULA DE LAS ESTRELLAS y dio comienzo en Septiembre con 4 alumnos\/as.<\/p>\n\n\n\n<p>Como Centro Preferente de alumnos con TEA, este y los a\u00f1os sucesivos van a ser un reto para nosotros y en el que pretendemos dar un paso m\u00e1s acercar a todo el mundo qu\u00e9 supone presentar Autismo, no c\u00f3mo una \u201cenfermedad\u201d ni \u201ctrastorno\u201d si no como ver el mundo desde una perspectiva diferente.<\/p>\n\n\n\n<p>Este a\u00f1o empezamos con gran ilusi\u00f3n, miedo e incertidumbres pero con ganas de aprender y conocer cada d\u00eda m\u00e1s.<\/p>\n\n\n\n<p>A lo largo de un curso que hemos realizado, &nbsp;hemos conocido un poco m\u00e1s algunos aspectos de los alumnos\/as T.E.A.<\/p>\n\n\n\n<p>\u00abLa cosa m\u00e1s bella que podemos experimentar es lo misterioso\u00bb Albert Einstein (1879-1955), cient\u00edfico alem\u00e1n<\/p>\n\n\n\n<p>Si quieres m\u00e1s informaci\u00f3n <a href=\"http:\/\/www.educa2.madrid.org\/web\/orientacion-capital\/inicio\" target=\"_blank\" rel=\"noreferrer noopener\">PINCHA AQUI<\/a><\/p>\n\n\n\n<h2 class=\"wp-block-heading has-vivid-red-color has-text-color\">Centro preferente<\/h2>\n\n\n\n<div class=\"wp-block-columns is-layout-flex wp-container-core-columns-is-layout-9d6595d7 wp-block-columns-is-layout-flex\">\n<div class=\"wp-block-column is-layout-flow wp-block-column-is-layout-flow\" style=\"flex-basis:33.33%\">\n<figure class=\"wp-block-image size-full\"><img loading=\"lazy\" decoding=\"async\" width=\"176\" height=\"286\" src=\"https:\/\/site.educa.madrid.org\/cp.alfonsodecimo.madrid\/\/wp-content\/uploads\/cp.alfonsodecimo.madrid\/2023\/01\/centro-preferente.jpg\" alt=\"\" class=\"wp-image-1130\"\/><\/figure>\n<\/div>\n\n\n\n<div class=\"wp-block-column is-layout-flow wp-block-column-is-layout-flow\" style=\"flex-basis:66.66%\">\n<p>El C.E.I.P. Alfonso X el Sabio ser\u00e1 Centro Preferente desde este curso escolar 2016-2017.<\/p>\n\n\n\n<p>Los docentes del centro, el personal administrativo y el personal de comedor estamos realizando un curso relacionado con los alumnos\/as T.E.A.<\/p>\n<\/div>\n<\/div>\n\n\n\n<h2 class=\"wp-block-heading has-vivid-red-color has-text-color\">Hay una estrella<\/h2>\n\n\n\n<p><strong>Canci\u00f3n escrita por nuestra docente de m\u00fasica<\/strong>.<\/p>\n\n\n\n<p class=\"has-text-align-center has-vivid-cyan-blue-color has-text-color\"><strong>HAY UNA ESTRELLA&nbsp;<\/strong><br><strong>QUE BRILLA DONDE PASA<\/strong><br><strong>HAY CINCO ESTRELLAS<\/strong><br><strong>QUE SE SIENTEN COMO EN CASA<\/strong><br><br><strong>&nbsp;<\/strong>Dicen que tienen poderes especiales,<br>y es que t\u00fa no sabes que son solo mortales.<br>Estudian y cantan porque quieren aprender,<br>juegan y r\u00eden y se sienten muy felices.<br><br><strong><strong>HAY UNA ESTRELLA&nbsp;<\/strong><br><strong>QUE BRILLA DONDE PASA<\/strong><br><strong>HAY CINCO ESTRELLAS<\/strong><br><strong>QUE SE SIENTEN COMO EN CASA<\/strong><\/strong><br><br>Entiendo el mundo de manera diferente<br>solo necesito que t\u00fa me comprendas<br>Ponte en mi lugar y trad\u00faceme el mundo,<br>con mis ganas y tu ayuda lo conseguiremos.<br><br><strong><strong>HAY UNA ESTRELLA&nbsp;<\/strong><br><strong>QUE BRILLA DONDE PASA<\/strong><br><strong>HAY CINCO ESTRELLAS<\/strong><br><strong>QUE SE SIENTEN COMO EN CASA<\/strong><\/strong><br><br>Juega conmigo y ens\u00e9\u00f1ame las normas,<br>quiero divertirme, como los dem\u00e1s<br>Con\u00f3ceme primero, antes de juzgar<br>a las estrellas, d\u00e9jalas entrar.<br><br><strong><strong>HAY UNA ESTRELLA&nbsp;<\/strong><br><strong>QUE BRILLA DONDE PASA<\/strong><br><strong>HAY CINCO ESTRELLAS<\/strong><br><strong>QUE SE SIENTEN COMO EN CASA<\/strong><\/strong><br><br>El aula de las estrellas est\u00e1 abierta para ti<br>con los brazos abiertos, te vamos a acoger.<br>Rincones y paneles te vas a encontrar<br>Este es mi mundo y tambi\u00e9n mi hogar.<br><br><strong><strong>HAY UNA ESTRELLA&nbsp;<\/strong><br><strong>QUE BRILLA DONDE PASA<\/strong><br><strong>HAY CINCO ESTRELLAS<\/strong><br><strong>QUE SE SIENTEN COMO EN CASA<\/strong><\/strong><br><br>TODOS LOS NI\u00d1OS<br>BRILLAN DONDE PASAN,<br>EN EL FIRMAMENTO<br>CON TODAS LAS ESTRELLAS.<\/p>\n\n\n\n<h2 class=\"wp-block-heading has-vivid-red-color has-text-color\">Juegos<\/h2>\n\n\n\n<p><strong>Creemos que este juego os puede resultar de utilidad<\/strong><br><a rel=\"noreferrer noopener\" href=\"https:\/\/www.educa2.madrid.org\/web\/educamadrid\/principal\/files\/9eb4365b-257a-42e1-b254-0b1cc030ea6f\/JUEGO-DE-LA-OCA-GESTOS-BARRERA.pdf\" data-type=\"URL\" data-id=\"https:\/\/www.educa2.madrid.org\/web\/educamadrid\/principal\/files\/9eb4365b-257a-42e1-b254-0b1cc030ea6f\/JUEGO-DE-LA-OCA-GESTOS-BARRERA.pdf\" target=\"_blank\">Juego de la oca<\/a><\/p>\n\n\n\n<p><strong>Os dejamos nuevos juegos y actividades para hacer en familia<\/strong><br>J<a rel=\"noreferrer noopener\" href=\"https:\/\/www.educa2.madrid.org\/web\/educamadrid\/principal\/files\/a1743a3c-1220-445a-8422-0ce0fd52dd19\/JUEGOS%20PARA%20%20WEB.pdf\" data-type=\"URL\" data-id=\"https:\/\/www.educa2.madrid.org\/web\/educamadrid\/principal\/files\/a1743a3c-1220-445a-8422-0ce0fd52dd19\/JUEGOS%20PARA%20%20WEB.pdf\" target=\"_blank\">uego tu nombre en movimiento<\/a><br><a rel=\"noreferrer noopener\" href=\"https:\/\/www.educa2.madrid.org\/web\/educamadrid\/principal\/files\/aadeb758-b740-4d31-9708-35f9a3402dd9\/ACTIVIDADES%20%20MONTESSORI.pdf?t=1587389957781\" data-type=\"URL\" data-id=\"https:\/\/www.educa2.madrid.org\/web\/educamadrid\/principal\/files\/aadeb758-b740-4d31-9708-35f9a3402dd9\/ACTIVIDADES%20%20MONTESSORI.pdf?t=1587389957781\" target=\"_blank\">Actividades de inspiraci\u00f3n Montessori para hacer en casa<\/a><br><a rel=\"noreferrer noopener\" href=\"https:\/\/www.educa2.madrid.org\/web\/educamadrid\/principal\/files\/aadeb758-b740-4d31-9708-35f9a3402dd9\/El%20juego%20del%20%20detective.pdf?t=1587389984276\" data-type=\"URL\" data-id=\"https:\/\/www.educa2.madrid.org\/web\/educamadrid\/principal\/files\/aadeb758-b740-4d31-9708-35f9a3402dd9\/El%20juego%20del%20%20detective.pdf?t=1587389984276\" target=\"_blank\">Juego del detective<\/a><br><a rel=\"noreferrer noopener\" href=\"https:\/\/www.educa2.madrid.org\/web\/educamadrid\/principal\/files\/aadeb758-b740-4d31-9708-35f9a3402dd9\/Las-emociones-Juego-de-mesa-.pdf?t=1587390013154\" data-type=\"URL\" data-id=\"https:\/\/www.educa2.madrid.org\/web\/educamadrid\/principal\/files\/aadeb758-b740-4d31-9708-35f9a3402dd9\/Las-emociones-Juego-de-mesa-.pdf?t=1587390013154\" target=\"_blank\">Juego de mesa: Las emociones<\/a><\/p>\n\n\n\n<p><strong>\u00bfQuer\u00e9is jugar a las adivinanzas, contar historias, hacer manualidades o cocinar?<\/strong><br>\u00a1Aqu\u00ed ten\u00e9is actividades y juegos para poder hacerlo!<br><a href=\"https:\/\/www.educa2.madrid.org\/web\/educamadrid\/principal\/files\/b9fb799a-6940-4184-b315-0530c4d32b9b\/adivina%20el%20%20%20%20animal.pdf\">Adivina el animal<\/a><br><a href=\"https:\/\/www.educa2.madrid.org\/web\/educamadrid\/principal\/files\/b9fb799a-6940-4184-b315-0530c4d32b9b\/adivinanzas%20y%20%20%20%20colorear%201.pdf\">Adivinanzas y colorear 1<\/a><br><a href=\"https:\/\/www.educa2.madrid.org\/web\/educamadrid\/principal\/files\/b9fb799a-6940-4184-b315-0530c4d32b9b\/Adivinanzas%20y%20%20%20%20colorear%202.pdf\">Adivinanzas y colorear 2<\/a><br><a href=\"https:\/\/www.educa2.madrid.org\/web\/educamadrid\/principal\/files\/b9fb799a-6940-4184-b315-0530c4d32b9b\/Brochetas_de_frutas.pdf\">Brochetas de frutas<\/a><br><a href=\"https:\/\/www.educa2.madrid.org\/web\/educamadrid\/principal\/files\/b9fb799a-6940-4184-b315-0530c4d32b9b\/Cubos_Cuenta_historias.pdf\">Cubos cuenta historias<\/a><br><a href=\"https:\/\/www.educa2.madrid.org\/web\/educamadrid\/principal\/files\/b9fb799a-6940-4184-b315-0530c4d32b9b\/IDEAS%20ACTIVIDADES%20%20%20%20MOTRICIDAD%20FINA%20LEIRE%20com_compressed.pdf\">IDEAS ACTIVIDADES MOTRICIDAD FINA LEIRE<\/a><\/p>\n\n\n\n<p>Os dejamos el <strong>enlace para&nbsp;un juego educativo-interactivo&nbsp;en la web para que accedan directamente al juego&nbsp; del \u00abbosque de actividades\u00bb<\/strong>, es de una p\u00e1gina de recursos educativos de la Junta de Castilla y Le\u00f3n<br><a href=\"http:\/\/www.educa.jcyl.es\/educacyl\/cm\/gallery\/Recursos%20Infinity\/escritorio_infantil_\/default.html\" data-type=\"URL\" data-id=\"http:\/\/www.educa.jcyl.es\/educacyl\/cm\/gallery\/Recursos%20Infinity\/escritorio_infantil_\/default.html\" target=\"_blank\" rel=\"noreferrer noopener\">Pincha aqu\u00ed<\/a><\/p>\n\n\n\n<h2 class=\"wp-block-heading has-vivid-red-color has-text-color\">Autismo diario<\/h2>\n\n\n\n<p>Os dejamos el enlace de\u201d Autismo diario\u201d&nbsp;que tiene&nbsp;formaci\u00f3n&nbsp;para familias, aprovechadlo, no sabemos hasta cu\u00e1ndo estar\u00e1n abiertos los cursos de forma gratuita:<br><a href=\"https:\/\/campus.autismodiario.com\/\" target=\"_blank\" rel=\"noreferrer noopener\">https:\/\/campus.autismodiario.com\/<\/a><\/p>\n\n\n\n<h2 class=\"wp-block-heading has-vivid-red-color has-text-color\">Dia del autismo<\/h2>\n\n\n\n<p>Estimadas familias<br><em>\u00ab&#8230;..cada vez que sucede que el autismo cubre a un ni\u00f1o con sus blancos copos de silencio, tiene lugar el comienzo de una historia larga y conmovedora&#8230;..\u00bb (\u00c1ngel Rivi\u00e8re, 1997).<\/em><\/p>\n\n\n\n<p><br>Os dejamos informaci\u00f3n sobre este d\u00eda y sobre las personas TEA.<br>Adem\u00e1s os dejamos un archivo para hacer un molino de viento.<br><a href=\"https:\/\/www.educa2.madrid.org\/web\/educamadrid\/principal\/files\/b3a982d9-720f-4652-8624-6d0156f28ccc\/dia%20autismo%202020.pdf\" data-type=\"URL\" data-id=\"https:\/\/www.educa2.madrid.org\/web\/educamadrid\/principal\/files\/b3a982d9-720f-4652-8624-6d0156f28ccc\/dia%20autismo%202020.pdf\" target=\"_blank\" rel=\"noreferrer noopener\">Dia del autismo<\/a><\/p>\n\n\n\n<h2 class=\"wp-block-heading has-vivid-red-color has-text-color\">Recomendaciones para salir de casa y del d\u00eda del libro<\/h2>\n\n\n\n<figure class=\"wp-block-image size-full\"><img loading=\"lazy\" decoding=\"async\" width=\"550\" height=\"391\" src=\"https:\/\/site.educa.madrid.org\/cp.alfonsodecimo.madrid\/\/wp-content\/uploads\/cp.alfonsodecimo.madrid\/2023\/01\/01.-salir-de-casa.jpg\" alt=\"\" class=\"wp-image-1134\" srcset=\"https:\/\/site.educa.madrid.org\/cp.alfonsodecimo.madrid\/\/wp-content\/uploads\/cp.alfonsodecimo.madrid\/2023\/01\/01.-salir-de-casa.jpg 550w, https:\/\/site.educa.madrid.org\/cp.alfonsodecimo.madrid\/\/wp-content\/uploads\/cp.alfonsodecimo.madrid\/2023\/01\/01.-salir-de-casa-300x213.jpg 300w\" sizes=\"auto, (max-width: 550px) 100vw, 550px\" \/><\/figure>\n\n\n\n<figure class=\"wp-block-image size-full\"><img loading=\"lazy\" decoding=\"async\" width=\"549\" height=\"369\" src=\"https:\/\/site.educa.madrid.org\/cp.alfonsodecimo.madrid\/\/wp-content\/uploads\/cp.alfonsodecimo.madrid\/2023\/01\/02.-salir-de-casa.jpg\" alt=\"\" class=\"wp-image-1135\" srcset=\"https:\/\/site.educa.madrid.org\/cp.alfonsodecimo.madrid\/\/wp-content\/uploads\/cp.alfonsodecimo.madrid\/2023\/01\/02.-salir-de-casa.jpg 549w, https:\/\/site.educa.madrid.org\/cp.alfonsodecimo.madrid\/\/wp-content\/uploads\/cp.alfonsodecimo.madrid\/2023\/01\/02.-salir-de-casa-300x202.jpg 300w, https:\/\/site.educa.madrid.org\/cp.alfonsodecimo.madrid\/\/wp-content\/uploads\/cp.alfonsodecimo.madrid\/2023\/01\/02.-salir-de-casa-272x182.jpg 272w\" sizes=\"auto, (max-width: 549px) 100vw, 549px\" \/><\/figure>\n\n\n\n<figure class=\"wp-block-image size-full\"><img loading=\"lazy\" decoding=\"async\" width=\"549\" height=\"377\" src=\"https:\/\/site.educa.madrid.org\/cp.alfonsodecimo.madrid\/\/wp-content\/uploads\/cp.alfonsodecimo.madrid\/2023\/01\/03.-salir-de-casa.jpg\" alt=\"\" class=\"wp-image-1136\" srcset=\"https:\/\/site.educa.madrid.org\/cp.alfonsodecimo.madrid\/\/wp-content\/uploads\/cp.alfonsodecimo.madrid\/2023\/01\/03.-salir-de-casa.jpg 549w, https:\/\/site.educa.madrid.org\/cp.alfonsodecimo.madrid\/\/wp-content\/uploads\/cp.alfonsodecimo.madrid\/2023\/01\/03.-salir-de-casa-300x206.jpg 300w, https:\/\/site.educa.madrid.org\/cp.alfonsodecimo.madrid\/\/wp-content\/uploads\/cp.alfonsodecimo.madrid\/2023\/01\/03.-salir-de-casa-474x324.jpg 474w\" sizes=\"auto, (max-width: 549px) 100vw, 549px\" \/><\/figure>\n\n\n\n<figure class=\"wp-block-image size-full\"><img loading=\"lazy\" decoding=\"async\" width=\"550\" height=\"363\" src=\"https:\/\/site.educa.madrid.org\/cp.alfonsodecimo.madrid\/\/wp-content\/uploads\/cp.alfonsodecimo.madrid\/2023\/01\/04.-salir-de-casa.jpg\" alt=\"\" class=\"wp-image-1137\" srcset=\"https:\/\/site.educa.madrid.org\/cp.alfonsodecimo.madrid\/\/wp-content\/uploads\/cp.alfonsodecimo.madrid\/2023\/01\/04.-salir-de-casa.jpg 550w, https:\/\/site.educa.madrid.org\/cp.alfonsodecimo.madrid\/\/wp-content\/uploads\/cp.alfonsodecimo.madrid\/2023\/01\/04.-salir-de-casa-300x198.jpg 300w\" sizes=\"auto, (max-width: 550px) 100vw, 550px\" \/><\/figure>\n\n\n\n<figure class=\"wp-block-image size-full\"><img loading=\"lazy\" decoding=\"async\" width=\"549\" height=\"381\" src=\"https:\/\/site.educa.madrid.org\/cp.alfonsodecimo.madrid\/\/wp-content\/uploads\/cp.alfonsodecimo.madrid\/2023\/01\/05.-salir-de-casa.jpg\" alt=\"\" class=\"wp-image-1138\" srcset=\"https:\/\/site.educa.madrid.org\/cp.alfonsodecimo.madrid\/\/wp-content\/uploads\/cp.alfonsodecimo.madrid\/2023\/01\/05.-salir-de-casa.jpg 549w, https:\/\/site.educa.madrid.org\/cp.alfonsodecimo.madrid\/\/wp-content\/uploads\/cp.alfonsodecimo.madrid\/2023\/01\/05.-salir-de-casa-300x208.jpg 300w\" sizes=\"auto, (max-width: 549px) 100vw, 549px\" \/><\/figure>\n\n\n\n<figure class=\"wp-block-image size-full\"><img loading=\"lazy\" decoding=\"async\" width=\"549\" height=\"378\" src=\"https:\/\/site.educa.madrid.org\/cp.alfonsodecimo.madrid\/\/wp-content\/uploads\/cp.alfonsodecimo.madrid\/2023\/01\/06.-salir-de-casa.jpg\" alt=\"\" class=\"wp-image-1139\" srcset=\"https:\/\/site.educa.madrid.org\/cp.alfonsodecimo.madrid\/\/wp-content\/uploads\/cp.alfonsodecimo.madrid\/2023\/01\/06.-salir-de-casa.jpg 549w, https:\/\/site.educa.madrid.org\/cp.alfonsodecimo.madrid\/\/wp-content\/uploads\/cp.alfonsodecimo.madrid\/2023\/01\/06.-salir-de-casa-300x207.jpg 300w\" sizes=\"auto, (max-width: 549px) 100vw, 549px\" \/><\/figure>\n\n\n\n<p><strong>Ficheros adicionales:<\/strong><br><br><a href=\"https:\/\/www.educa2.madrid.org\/web\/educamadrid\/principal\/files\/1511e1ae-4ebb-4317-8696-6c58efd43fd0\/SALIR%20A%20LA%20CALLE%20%20CORONAVIRUS.pdf\">SALIR A LA CALLE CORONAVIRUS<\/a><br><a href=\"https:\/\/www.educa2.madrid.org\/web\/educamadrid\/principal\/files\/1511e1ae-4ebb-4317-8696-6c58efd43fd0\/LIBROS%20PARA%20%20TOD%40S-dia%20Libro%20CATT_AMIVAL.pdf\">LIBROS PARA TOD@S-dia Libro CATT_AMIVAL<\/a><\/p>\n\n\n\n<h2 class=\"wp-block-heading has-vivid-red-color has-text-color\">Sugerencias \/ Actividades \/ Enlaces para trabajar en casa<\/h2>\n\n\n\n<figure class=\"wp-block-table is-style-stripes\"><table><tbody><tr><td><strong>T\u00edtulo<\/strong><\/td><td><strong>Fuente<\/strong><\/td><td>&nbsp; &nbsp; <strong>PDF<\/strong><\/td><\/tr><tr><td>\u201cCoronavirus en Pictogramas\u201d<\/td><td><a href=\"https:\/\/compartiresvivirweb.wordpress.com\/2020\/03\/13\/como-explicar-el-coronavirus-a-personas-con-tea\/\">https:\/\/compartiresvivirweb.wordpress<\/a><\/td><td>Coronavirus pdf<\/td><\/tr><tr><td>\u201cYo no voy al colegio\u201d<\/td><td><a href=\"http:\/\/colegiolavallina.com\/web\/2020\/03\/16\/yo-no-voy-al-colegio\/\">Centro Mar\u00cda Corredentora- Servicio Psicopedag\u00f3gico<\/a><\/td><td><\/td><\/tr><tr><td>\u201cHorario para d\u00edas de cuarentena\u201d<\/td><td>Elaborado por @abc_logopedia Material libre de descarga en: <a href=\"https:\/\/abclogopedia.blogspot.com\/\">http:\/\/abclogopedia.blogspot.com<\/a><\/td><td>Horario para d\u00edas de cuarentena<\/td><\/tr><tr><td>\u201cTrabajar con APPS\u201d<\/td><td>Regi\u00f3n de Murcia: <a href=\"https:\/\/equipoautismomurcia.com\/\">www.equipoautismotgdmurcia.es<\/a><\/td><td><a href=\"ttp:\/\/www3.gobiernodecanarias.org\/medusa\/edublogs\/ceiplalajita\/files\/2020\/01\/listado-apps-febrero-2019.pdf\">App<\/a><\/td><\/tr><tr><td>\u201cOrientaciones para este periodo en casa\u201d Marzo 2020<\/td><td><a href=\"https:\/\/www.deletrea.es\/\">Deletrea<\/a><\/td><td><\/td><\/tr><tr><td>\u201c<a href=\"https:\/\/www.aulapt.org\/wp-content\/uploads\/2020\/03\/1584197986653_nos-quedamos-en-casa.pdf\">Nos quedamos en casa-recomendaciones y consejos para mam\u00e1s y pap\u00e1s de ni\u00f1@s con TEA<\/a>\u201d<\/td><td>Anna Anguix- Logopeda Alba Talavera Gonz\u00e1lez- Psic\u00f3loga<\/td><td><\/td><\/tr><tr><td>Actividad \u201cArcoiris\u201d&nbsp;&nbsp;-Podemos hacer cosas junt@s-<\/td><td>Carmen Capilla (@capilla_carmen) Psicopedagoga\/Psicomotricista &nbsp; Buscar en google: Carmen Capilla <a href=\"http:\/\/www.arasaac.org\/zona_descargas\/materiales\/2288\/Arco_Iris_Todo_va_a_ir_bien_1.pdf\">arcoiris<\/a><\/td><td><\/td><\/tr><\/tbody><\/table><\/figure>\n\n\n\n<p><strong>Ficheros adicionales<\/strong><\/p>\n\n\n\n<ul class=\"wp-block-list\">\n<li><a rel=\"noreferrer noopener\" href=\"https:\/\/www.educa2.madrid.org\/web\/educamadrid\/principal\/files\/367ed19c-bd52-4ee1-bd1b-6f022b960738\/coronavirus.pdf\" target=\"_blank\">coronavirus<\/a><\/li>\n\n\n\n<li><a rel=\"noreferrer noopener\" href=\"https:\/\/www.educa2.madrid.org\/web\/educamadrid\/principal\/files\/367ed19c-bd52-4ee1-bd1b-6f022b960738\/Guion_social_Yo_no_voy_al_colegio.pdf\" target=\"_blank\">Guion_social_Yo_no_voy_al_colegio<\/a><\/li>\n\n\n\n<li><a rel=\"noreferrer noopener\" href=\"https:\/\/www.educa2.madrid.org\/web\/educamadrid\/principal\/files\/367ed19c-bd52-4ee1-bd1b-6f022b960738\/Horario%20Para%20D%C3%ADas%20de%20Cuarentena.pdf\" target=\"_blank\">Horario Para D\u00edas de Cuarentena<\/a><\/li>\n\n\n\n<li><a rel=\"noreferrer noopener\" href=\"https:\/\/www.educa2.madrid.org\/web\/educamadrid\/principal\/files\/367ed19c-bd52-4ee1-bd1b-6f022b960738\/Orientaciones%20para%20%20casa.pdf\" target=\"_blank\">Orientaciones para casa<\/a><\/li>\n\n\n\n<li><a rel=\"noreferrer noopener\" href=\"https:\/\/www.educa2.madrid.org\/web\/educamadrid\/principal\/files\/367ed19c-bd52-4ee1-bd1b-6f022b960738\/Listado%20apps-comprimido.pdf\" target=\"_blank\">Listado apps-comprimido<\/a><\/li>\n\n\n\n<li><a rel=\"noreferrer noopener\" href=\"https:\/\/www.educa2.madrid.org\/web\/educamadrid\/principal\/files\/367ed19c-bd52-4ee1-bd1b-6f022b960738\/emociones.pdf\" target=\"_blank\">emociones<\/a><\/li>\n<\/ul>\n","protected":false},"excerpt":{"rendered":"<p>Desde el curso escolar 2016\/2017, el centro cuenta con este proyecto de alumnos con T.E.A. (Trastorno del Espectro Autista). Este aula se denomina AULA DE LAS ESTRELLAS y dio comienzo en Septiembre con 4 alumnos\/as. Como Centro Preferente de alumnos con TEA, este y los a\u00f1os sucesivos van a ser un reto para nosotros y &hellip; <\/p>\n<p class=\"link-more\"><a href=\"https:\/\/site.educa.madrid.org\/cp.alfonsodecimo.madrid\/index.php\/ensenanzas\/aula-de-las-estrellas\/\" class=\"more-link\">Continuar leyendo<span class=\"screen-reader-text\"> \u00abAula de las Estrellas\u00bb<\/span><\/a><\/p>\n","protected":false},"author":3,"featured_media":0,"parent":117,"menu_order":7,"comment_status":"closed","ping_status":"closed","template":"page-with-siblings-submenu.php","meta":{"footnotes":""},"folder":[],"class_list":["post-1116","page","type-page","status-publish","hentry"],"rttpg_featured_image_url":null,"rttpg_author":{"display_name":"cp.alfonsodecimo.madrid","author_link":"https:\/\/site.educa.madrid.org\/cp.alfonsodecimo.madrid\/index.php\/author\/cuenta_cp-alfonsodecimo-madrid\/"},"rttpg_comment":0,"rttpg_category":false,"rttpg_excerpt":"Desde el curso escolar 2016\/2017, el centro cuenta con este proyecto de alumnos con T.E.A. (Trastorno del Espectro Autista). Este aula se denomina AULA DE LAS ESTRELLAS y dio comienzo en Septiembre con 4 alumnos\/as. Como Centro Preferente de alumnos con TEA, este y los a\u00f1os sucesivos van a ser un reto para nosotros y&hellip;","post_mailing_queue_ids":[],"_links":{"self":[{"href":"https:\/\/site.educa.madrid.org\/cp.alfonsodecimo.madrid\/index.php\/wp-json\/wp\/v2\/pages\/1116","targetHints":{"allow":["GET"]}}],"collection":[{"href":"https:\/\/site.educa.madrid.org\/cp.alfonsodecimo.madrid\/index.php\/wp-json\/wp\/v2\/pages"}],"about":[{"href":"https:\/\/site.educa.madrid.org\/cp.alfonsodecimo.madrid\/index.php\/wp-json\/wp\/v2\/types\/page"}],"author":[{"embeddable":true,"href":"https:\/\/site.educa.madrid.org\/cp.alfonsodecimo.madrid\/index.php\/wp-json\/wp\/v2\/users\/3"}],"replies":[{"embeddable":true,"href":"https:\/\/site.educa.madrid.org\/cp.alfonsodecimo.madrid\/index.php\/wp-json\/wp\/v2\/comments?post=1116"}],"version-history":[{"count":10,"href":"https:\/\/site.educa.madrid.org\/cp.alfonsodecimo.madrid\/index.php\/wp-json\/wp\/v2\/pages\/1116\/revisions"}],"predecessor-version":[{"id":1893,"href":"https:\/\/site.educa.madrid.org\/cp.alfonsodecimo.madrid\/index.php\/wp-json\/wp\/v2\/pages\/1116\/revisions\/1893"}],"up":[{"embeddable":true,"href":"https:\/\/site.educa.madrid.org\/cp.alfonsodecimo.madrid\/index.php\/wp-json\/wp\/v2\/pages\/117"}],"wp:attachment":[{"href":"https:\/\/site.educa.madrid.org\/cp.alfonsodecimo.madrid\/index.php\/wp-json\/wp\/v2\/media?parent=1116"}],"wp:term":[{"taxonomy":"folder","embeddable":true,"href":"https:\/\/site.educa.madrid.org\/cp.alfonsodecimo.madrid\/index.php\/wp-json\/wp\/v2\/folder?post=1116"}],"curies":[{"name":"wp","href":"https:\/\/api.w.org\/{rel}","templated":true}]}}