{"id":114,"date":"2022-05-30T16:22:35","date_gmt":"2022-05-30T14:22:35","guid":{"rendered":"https:\/\/site.educa.madrid.org\/cp.alfonsodecimo.madrid\/?page_id=114"},"modified":"2025-03-08T12:25:38","modified_gmt":"2025-03-08T11:25:38","slug":"alumnos","status":"publish","type":"page","link":"https:\/\/site.educa.madrid.org\/cp.alfonsodecimo.madrid\/index.php\/inicio\/el-centro\/quienes-somos\/alumnos\/","title":{"rendered":"Alumnos"},"content":{"rendered":"\n<figure class=\"wp-block-gallery has-nested-images columns-default is-cropped wp-block-gallery-1 is-layout-flex wp-block-gallery-is-layout-flex\">\n<figure class=\"wp-block-image size-large\"><img loading=\"lazy\" decoding=\"async\" width=\"1024\" height=\"683\" data-id=\"400\" src=\"https:\/\/site.educa.madrid.org\/cp.alfonsodecimo.madrid\/\/wp-content\/uploads\/cp.alfonsodecimo.madrid\/2022\/06\/jeshoots-com-LKREcvZeoJQ-unsplash-1024x683.jpg\" alt=\"alumno de infantil mirando un mapa\" class=\"wp-image-400\" srcset=\"https:\/\/site.educa.madrid.org\/cp.alfonsodecimo.madrid\/\/wp-content\/uploads\/cp.alfonsodecimo.madrid\/2022\/06\/jeshoots-com-LKREcvZeoJQ-unsplash-1024x683.jpg 1024w, https:\/\/site.educa.madrid.org\/cp.alfonsodecimo.madrid\/\/wp-content\/uploads\/cp.alfonsodecimo.madrid\/2022\/06\/jeshoots-com-LKREcvZeoJQ-unsplash-300x200.jpg 300w, https:\/\/site.educa.madrid.org\/cp.alfonsodecimo.madrid\/\/wp-content\/uploads\/cp.alfonsodecimo.madrid\/2022\/06\/jeshoots-com-LKREcvZeoJQ-unsplash-768x512.jpg 768w, https:\/\/site.educa.madrid.org\/cp.alfonsodecimo.madrid\/\/wp-content\/uploads\/cp.alfonsodecimo.madrid\/2022\/06\/jeshoots-com-LKREcvZeoJQ-unsplash-391x260.jpg 391w, https:\/\/site.educa.madrid.org\/cp.alfonsodecimo.madrid\/\/wp-content\/uploads\/cp.alfonsodecimo.madrid\/2022\/06\/jeshoots-com-LKREcvZeoJQ-unsplash-1536x1024.jpg 1536w, https:\/\/site.educa.madrid.org\/cp.alfonsodecimo.madrid\/\/wp-content\/uploads\/cp.alfonsodecimo.madrid\/2022\/06\/jeshoots-com-LKREcvZeoJQ-unsplash-272x182.jpg 272w, https:\/\/site.educa.madrid.org\/cp.alfonsodecimo.madrid\/\/wp-content\/uploads\/cp.alfonsodecimo.madrid\/2022\/06\/jeshoots-com-LKREcvZeoJQ-unsplash.jpg 1920w\" sizes=\"auto, (max-width: 767px) 89vw, (max-width: 1000px) 54vw, (max-width: 1071px) 543px, 580px\" \/><\/figure>\n\n\n\n<figure class=\"wp-block-image size-large\"><img loading=\"lazy\" decoding=\"async\" width=\"1024\" height=\"683\" data-id=\"336\" src=\"https:\/\/site.educa.madrid.org\/cp.alfonsodecimo.madrid\/\/wp-content\/uploads\/cp.alfonsodecimo.madrid\/2022\/05\/dragos-gontariu-JgEkrsLQd_w-unsplash-1024x683.jpg\" alt=\"ni\u00f1o usando un bote de pintura\" class=\"wp-image-336\" srcset=\"https:\/\/site.educa.madrid.org\/cp.alfonsodecimo.madrid\/\/wp-content\/uploads\/cp.alfonsodecimo.madrid\/2022\/05\/dragos-gontariu-JgEkrsLQd_w-unsplash-1024x683.jpg 1024w, https:\/\/site.educa.madrid.org\/cp.alfonsodecimo.madrid\/\/wp-content\/uploads\/cp.alfonsodecimo.madrid\/2022\/05\/dragos-gontariu-JgEkrsLQd_w-unsplash-300x200.jpg 300w, https:\/\/site.educa.madrid.org\/cp.alfonsodecimo.madrid\/\/wp-content\/uploads\/cp.alfonsodecimo.madrid\/2022\/05\/dragos-gontariu-JgEkrsLQd_w-unsplash-768x512.jpg 768w, https:\/\/site.educa.madrid.org\/cp.alfonsodecimo.madrid\/\/wp-content\/uploads\/cp.alfonsodecimo.madrid\/2022\/05\/dragos-gontariu-JgEkrsLQd_w-unsplash-391x260.jpg 391w, https:\/\/site.educa.madrid.org\/cp.alfonsodecimo.madrid\/\/wp-content\/uploads\/cp.alfonsodecimo.madrid\/2022\/05\/dragos-gontariu-JgEkrsLQd_w-unsplash-1536x1024.jpg 1536w, https:\/\/site.educa.madrid.org\/cp.alfonsodecimo.madrid\/\/wp-content\/uploads\/cp.alfonsodecimo.madrid\/2022\/05\/dragos-gontariu-JgEkrsLQd_w-unsplash-272x182.jpg 272w, https:\/\/site.educa.madrid.org\/cp.alfonsodecimo.madrid\/\/wp-content\/uploads\/cp.alfonsodecimo.madrid\/2022\/05\/dragos-gontariu-JgEkrsLQd_w-unsplash.jpg 1920w\" sizes=\"auto, (max-width: 767px) 89vw, (max-width: 1000px) 54vw, (max-width: 1071px) 543px, 580px\" \/><\/figure>\n<\/figure>\n\n\n\n<p>En este curso escolar, el centro cuenta con <strong>265 alumnos\/as: <\/strong><\/p>\n\n\n\n<ul class=\"wp-block-list\">\n<li><strong>37 se encuentran matriculados en el 1\u00ba Ciclo de Educaci\u00f3n Infantil<\/strong><\/li>\n\n\n\n<li><strong>63 se encuentran matriculados en 2\u00ba Ciclo de Educaci\u00f3n Infantil<\/strong><\/li>\n\n\n\n<li><strong>165 en la Etapa de Educaci\u00f3n Primaria.<\/strong><\/li>\n<\/ul>\n\n\n\n<p>Alrededor del <strong>9% de alumnos son de necesidades educativas especiales<\/strong> y, adem\u00e1s de realizar trabajos en sus cursos de referencia, trabajan con las especialistas de Pedagog\u00eda Terap\u00e9utica y de Adici\u00f3n y Lenguaje.<\/p>\n\n\n\n<p>La mayor\u00eda de alumnos residen en el barrio, aunque tanto al inicio como a lo largo del curso escolar se matriculan alumnos que provienen de otros municipios, comunidades o pa\u00edses. Estos casos son muy puntuales y reciben una respuesta r\u00e1pida por parte del centro para que los alumnos puedan adaptarse r\u00e1pidamente dentro de la comunidad educativa. <strong>El n\u00famero de alumnos extranjeros representa aproximadamente un 41% del total.<\/strong><\/p>\n\n\n\n<p>El nivel socio-econ\u00f3mico y cultural de las familias es muy variado, predominando el nivel medio en todas sus variables.<\/p>\n","protected":false},"excerpt":{"rendered":"<p>En este curso escolar, el centro cuenta con 265 alumnos\/as: Alrededor del 9% de alumnos son de necesidades educativas especiales y, adem\u00e1s de realizar trabajos en sus cursos de referencia, trabajan con las especialistas de Pedagog\u00eda Terap\u00e9utica y de Adici\u00f3n y Lenguaje. La mayor\u00eda de alumnos residen en el barrio, aunque tanto al inicio como &hellip; <\/p>\n<p class=\"link-more\"><a href=\"https:\/\/site.educa.madrid.org\/cp.alfonsodecimo.madrid\/index.php\/inicio\/el-centro\/quienes-somos\/alumnos\/\" class=\"more-link\">Continuar leyendo<span class=\"screen-reader-text\"> \u00abAlumnos\u00bb<\/span><\/a><\/p>\n","protected":false},"author":6,"featured_media":0,"parent":1069,"menu_order":6,"comment_status":"closed","ping_status":"closed","template":"page-with-siblings-submenu.php","meta":{"footnotes":""},"folder":[],"class_list":["post-114","page","type-page","status-publish","hentry"],"rttpg_featured_image_url":null,"rttpg_author":{"display_name":"Cuenta Admin-educamadrid","author_link":"https:\/\/site.educa.madrid.org\/cp.alfonsodecimo.madrid\/index.php\/author\/cuenta_admin-educamadrid\/"},"rttpg_comment":0,"rttpg_category":false,"rttpg_excerpt":"En este curso escolar, el centro cuenta con 265 alumnos\/as: Alrededor del 9% de alumnos son de necesidades educativas especiales y, adem\u00e1s de realizar trabajos en sus cursos de referencia, trabajan con las especialistas de Pedagog\u00eda Terap\u00e9utica y de Adici\u00f3n y Lenguaje. La mayor\u00eda de alumnos residen en el barrio, aunque tanto al inicio como&hellip;","post_mailing_queue_ids":[],"_links":{"self":[{"href":"https:\/\/site.educa.madrid.org\/cp.alfonsodecimo.madrid\/index.php\/wp-json\/wp\/v2\/pages\/114","targetHints":{"allow":["GET"]}}],"collection":[{"href":"https:\/\/site.educa.madrid.org\/cp.alfonsodecimo.madrid\/index.php\/wp-json\/wp\/v2\/pages"}],"about":[{"href":"https:\/\/site.educa.madrid.org\/cp.alfonsodecimo.madrid\/index.php\/wp-json\/wp\/v2\/types\/page"}],"author":[{"embeddable":true,"href":"https:\/\/site.educa.madrid.org\/cp.alfonsodecimo.madrid\/index.php\/wp-json\/wp\/v2\/users\/6"}],"replies":[{"embeddable":true,"href":"https:\/\/site.educa.madrid.org\/cp.alfonsodecimo.madrid\/index.php\/wp-json\/wp\/v2\/comments?post=114"}],"version-history":[{"count":16,"href":"https:\/\/site.educa.madrid.org\/cp.alfonsodecimo.madrid\/index.php\/wp-json\/wp\/v2\/pages\/114\/revisions"}],"predecessor-version":[{"id":2652,"href":"https:\/\/site.educa.madrid.org\/cp.alfonsodecimo.madrid\/index.php\/wp-json\/wp\/v2\/pages\/114\/revisions\/2652"}],"up":[{"embeddable":true,"href":"https:\/\/site.educa.madrid.org\/cp.alfonsodecimo.madrid\/index.php\/wp-json\/wp\/v2\/pages\/1069"}],"wp:attachment":[{"href":"https:\/\/site.educa.madrid.org\/cp.alfonsodecimo.madrid\/index.php\/wp-json\/wp\/v2\/media?parent=114"}],"wp:term":[{"taxonomy":"folder","embeddable":true,"href":"https:\/\/site.educa.madrid.org\/cp.alfonsodecimo.madrid\/index.php\/wp-json\/wp\/v2\/folder?post=114"}],"curies":[{"name":"wp","href":"https:\/\/api.w.org\/{rel}","templated":true}]}}