{"id":1141,"date":"2023-01-05T18:57:17","date_gmt":"2023-01-05T17:57:17","guid":{"rendered":"https:\/\/site.educa.madrid.org\/cp.alfonsodecimo.madrid\/?page_id=1141"},"modified":"2023-01-05T18:59:32","modified_gmt":"2023-01-05T17:59:32","slug":"pt-y-al","status":"publish","type":"page","link":"https:\/\/site.educa.madrid.org\/cp.alfonsodecimo.madrid\/index.php\/ensenanzas\/pt-y-al\/","title":{"rendered":"PT y AL"},"content":{"rendered":"\n<h2 class=\"has-vivid-red-color has-text-color wp-block-heading\">Recomendaciones PT<\/h2>\n\n\n\n<p>Estimadas familias os enviamos m\u00e1s recomendaciones para hacer en casa estos dias<br><a href=\"https:\/\/www.educa2.madrid.org\/web\/educamadrid\/principal\/files\/af040c76-4a98-428b-9e83-4039567b5cdc\/Actividades%20%20padres%20PT.pdf\">Actividades padres PT<\/a><\/p>\n\n\n\n<h2 class=\"has-vivid-red-color has-text-color wp-block-heading\">Recomendaciones AL (Audici\u00f3n y Lenguaje)<\/h2>\n\n\n\n<p>Tareas de Audici\u00f3n y Lenguaje<br><br>\u00a1Hola! Te propongo que estos d\u00edas que estamos en casa trabajemos diferentes aspectos del lenguaje, he intentado hacerlo ameno para que a la vez de trabajar nos divirtamos un poco.<\/p>\n\n\n\n<p>Tenemos varios apartados, los cuales tienen diferentes enlaces para que los vay\u00e1is realizando poco a poco durante toda la semana, adem\u00e1s de realizar las tareas que os mandan vuestros tutores.<\/p>\n\n\n\n<figure class=\"wp-block-table is-style-stripes\"><table><tbody><tr><td><em><strong>PARA RECORDAD<\/strong><\/em><\/td><td><\/td><\/tr><tr><td>Vocales<\/td><td><a href=\"https:\/\/www.youtube.com\/watch?v=PUF8U4kiM-w\">https:\/\/www.youtube.com\/watch?v=PUF8U4kiM-w<\/a><\/td><\/tr><tr><td>Abecedario<\/td><td><a href=\"https:\/\/www.youtube.com\/watch?v=3US5fBUH7CE\">https:\/\/www.youtube.com\/watch?v=3US5fBUH7CE<\/a><\/td><\/tr><tr><td>D\u00edas de la semana<\/td><td><a href=\"https:\/\/www.youtube.com\/watch?v=v7mm8MC1MgY&amp;t=8s\">https:\/\/www.youtube.com\/watch?v=v7mm8MC1MgY&amp;t=8s<\/a><\/td><\/tr><tr><td>Meses del a\u00f1o<\/td><td><a href=\"https:\/\/www.youtube.com\/watch?v=S2gJndFQJ-c\">https:\/\/www.youtube.com\/watch?v=S2gJndFQJ-c<\/a><\/td><\/tr><tr><td>Estaciones del a\u00f1o<\/td><td><a href=\"https:\/\/www.youtube.com\/watch?v=QJ97O6xDXKY\">https:\/\/www.youtube.com\/watch?v=QJ97O6xDXKY<\/a><\/td><\/tr><tr><td><em><strong>PRAXIS<\/strong><\/em><\/td><td>Mira estos v\u00eddeos e intenta hacer lo mismo que hacen los personajes, si alguno te resulta dif\u00edcil no te preocupes, t\u00fa Int\u00e9ntalo que poco a poco ir\u00e1n saliendo.<\/td><\/tr><tr><td>Vaca<\/td><td><a href=\"https:\/\/www.youtube.com\/watch?v=dm7o44GVYa4\">https:\/\/www.youtube.com\/watch?v=dm7o44GVYa4<\/a><\/td><\/tr><tr><td>Minions<\/td><td><a href=\"https:\/\/www.youtube.com\/watch?v=ngOZaYCmPq0\">https:\/\/www.youtube.com\/watch?v=ngOZaYCmPq0<\/a><\/td><\/tr><tr><td>Cuento del gusanito<\/td><td><a href=\"https:\/\/www.youtube.com\/watch?v=imz9Ii3vhTs\">https:\/\/www.youtube.com\/watch?v=imz9Ii3vhTs<\/a><\/td><\/tr><tr><td><em><strong>SOPLO<\/strong><\/em><\/td><td>Aqu\u00ed te env\u00edo unas manualidades que puedes hacer con tu familia (para las partes dif\u00edciles p\u00eddeles ayuda) y si no tienes materiales en casa, \u00e9chale imaginaci\u00f3n y utiliza otros parecidos que tengas en casa, o fabr\u00edcalos t\u00fa mismo, \u00a1La de cosas que se pueden hacer con un papel o con materiales reciclables!<\/td><\/tr><tr><td>Gusano<\/td><td><a href=\"https:\/\/www.youtube.com\/watch?v=masXI2h3qt0\">https:\/\/www.youtube.com\/watch?v=masXI2h3qt0<\/a><\/td><\/tr><tr><td>Pompero<\/td><td><a href=\"https:\/\/www.youtube.com\/watch?v=fjtJ0jQJcTI\">https:\/\/www.youtube.com\/watch?v=fjtJ0jQJcTI<\/a><\/td><\/tr><tr><td><em><strong>LECTOESCRITURA<\/strong><\/em><\/td><td>Adem\u00e1s de leer diariamente, \u00a1te ofrezco otras posibilidades<\/td><\/tr><tr><td>La oruga glotona<\/td><td><a href=\"https:\/\/www.youtube.com\/watch?v=SjiGJWylfHc\">https:\/\/www.youtube.com\/watch?v=SjiGJWylfHc<\/a> Si eres de los peque\u00f1os visualiza este v\u00eddeo, cu\u00e9ntales a tus padres lo que ha pasado y haz un dibujo de la parte que m\u00e1s te haya gustado Si eres de los que ya empiezan a leer visualiza el v\u00cddeo, hazles un resumen oral a tus padres de lo que ha pasado y copia 2 palabras que empiecen por cada letra: (m, p, d, l) A los que ya ten\u00e9is soltura con la lectoescritura os pido que hag\u00e1is un peque\u00f1o resumen del v\u00eddeo y que adem\u00e1s hag\u00e1is una tabla como la siguiente con las palabras que van apareciendo, copia al menos 5 de cada uno SUSTANTIVOS ADJETIVOS VERBOS<\/td><\/tr><tr><td>Juegos en Familia<\/td><td><em><strong>Veo veo<\/strong><\/em>:<br>Uno de los participantes elige un objeto que est\u00e9 en la habitaci\u00f3n o el lugar donde se encuentran los participantes y empieza el juego diciendo: &#8211; Veo, veo. Los dem\u00e1s le contestan: &#8211; \u00bfQu\u00e9 ves? El que empez\u00f3 el juego replica: &#8211; Una cosita. Los dem\u00e1s le contestan: &#8211; \u00bfQu\u00e9 cosita es? El que inici\u00f3 el juego dice: &#8211; Empieza por la letrita&#8230; y dir\u00e1 la letra inicial del objeto que haya elegido. Todos los participantes intentar\u00e1n acertar el objeto elegido. Si alguien lo consigue pasar\u00e1 a ser el director del juego. <strong>Palabras encadenadas<\/strong> El primer jugador dice una palabra cualquiera y el jugador que le sigue debe decir una palabra que comience con la \u00faltima s\u00edlaba o letra de la palabra anterior. La idea es no repetir las palabras ya dichas <strong>\u00c1rbol geneal\u00f3gico<\/strong> Aprovecha estos d\u00edas en familia para montar entre todos el \u00e1rbol geneal\u00f3gico de la familia, puedes utilizar fotos y dibujos para representar a cada miembro de la familia.<\/td><\/tr><tr><td><\/td><td><img loading=\"lazy\" decoding=\"async\" src=\"https:\/\/www.educa2.madrid.org\/web\/educamadrid\/principal\/files\/f87c27fe-2cd4-4daa-98cf-a0bf37180473\/teRE.jpg?t=1584716487765&amp;largeSize=true\" alt=\"\" width=\"250\" height=\"152\"><\/td><\/tr><\/tbody><\/table><\/figure>\n","protected":false},"excerpt":{"rendered":"<p>Recomendaciones PT Estimadas familias os enviamos m\u00e1s recomendaciones para hacer en casa estos diasActividades padres PT Recomendaciones AL (Audici\u00f3n y Lenguaje) Tareas de Audici\u00f3n y Lenguaje \u00a1Hola! Te propongo que estos d\u00edas que estamos en casa trabajemos diferentes aspectos del lenguaje, he intentado hacerlo ameno para que a la vez de trabajar nos divirtamos un &hellip; <\/p>\n<p class=\"link-more\"><a href=\"https:\/\/site.educa.madrid.org\/cp.alfonsodecimo.madrid\/index.php\/ensenanzas\/pt-y-al\/\" class=\"more-link\">Continuar leyendo<span class=\"screen-reader-text\"> \u00abPT y AL\u00bb<\/span><\/a><\/p>\n","protected":false},"author":3,"featured_media":0,"parent":117,"menu_order":8,"comment_status":"closed","ping_status":"closed","template":"page-with-siblings-submenu.php","meta":{"footnotes":""},"folder":[],"class_list":["post-1141","page","type-page","status-publish","hentry"],"rttpg_featured_image_url":null,"rttpg_author":{"display_name":"cp.alfonsodecimo.madrid","author_link":"https:\/\/site.educa.madrid.org\/cp.alfonsodecimo.madrid\/index.php\/author\/cuenta_cp-alfonsodecimo-madrid\/"},"rttpg_comment":0,"rttpg_category":false,"rttpg_excerpt":"Recomendaciones PT Estimadas familias os enviamos m\u00e1s recomendaciones para hacer en casa estos diasActividades padres PT Recomendaciones AL (Audici\u00f3n y Lenguaje) Tareas de Audici\u00f3n y Lenguaje \u00a1Hola! Te propongo que estos d\u00edas que estamos en casa trabajemos diferentes aspectos del lenguaje, he intentado hacerlo ameno para que a la vez de trabajar nos divirtamos un&hellip;","post_mailing_queue_ids":[],"_links":{"self":[{"href":"https:\/\/site.educa.madrid.org\/cp.alfonsodecimo.madrid\/index.php\/wp-json\/wp\/v2\/pages\/1141","targetHints":{"allow":["GET"]}}],"collection":[{"href":"https:\/\/site.educa.madrid.org\/cp.alfonsodecimo.madrid\/index.php\/wp-json\/wp\/v2\/pages"}],"about":[{"href":"https:\/\/site.educa.madrid.org\/cp.alfonsodecimo.madrid\/index.php\/wp-json\/wp\/v2\/types\/page"}],"author":[{"embeddable":true,"href":"https:\/\/site.educa.madrid.org\/cp.alfonsodecimo.madrid\/index.php\/wp-json\/wp\/v2\/users\/3"}],"replies":[{"embeddable":true,"href":"https:\/\/site.educa.madrid.org\/cp.alfonsodecimo.madrid\/index.php\/wp-json\/wp\/v2\/comments?post=1141"}],"version-history":[{"count":3,"href":"https:\/\/site.educa.madrid.org\/cp.alfonsodecimo.madrid\/index.php\/wp-json\/wp\/v2\/pages\/1141\/revisions"}],"predecessor-version":[{"id":1144,"href":"https:\/\/site.educa.madrid.org\/cp.alfonsodecimo.madrid\/index.php\/wp-json\/wp\/v2\/pages\/1141\/revisions\/1144"}],"up":[{"embeddable":true,"href":"https:\/\/site.educa.madrid.org\/cp.alfonsodecimo.madrid\/index.php\/wp-json\/wp\/v2\/pages\/117"}],"wp:attachment":[{"href":"https:\/\/site.educa.madrid.org\/cp.alfonsodecimo.madrid\/index.php\/wp-json\/wp\/v2\/media?parent=1141"}],"wp:term":[{"taxonomy":"folder","embeddable":true,"href":"https:\/\/site.educa.madrid.org\/cp.alfonsodecimo.madrid\/index.php\/wp-json\/wp\/v2\/folder?post=1141"}],"curies":[{"name":"wp","href":"https:\/\/api.w.org\/{rel}","templated":true}]}}