{"id":115,"date":"2022-05-30T16:22:35","date_gmt":"2022-05-30T14:22:35","guid":{"rendered":"https:\/\/site.educa.madrid.org\/cp.alfonsodecimo.madrid\/?page_id=115"},"modified":"2026-01-14T23:29:33","modified_gmt":"2026-01-14T22:29:33","slug":"consejo-escolar","status":"publish","type":"page","link":"https:\/\/site.educa.madrid.org\/cp.alfonsodecimo.madrid\/index.php\/inicio\/el-centro\/quienes-somos\/consejo-escolar\/","title":{"rendered":"Consejo escolar"},"content":{"rendered":"\n<p>El Consejo Escolar es el \u00f3rgano representativo de los diferentes sectores de la comunidad educativa y se fundamenta en el art\u00edculo 27.7 de nuestra Constituci\u00f3n, en el cual se establece que \u00ablos profesores, los padres y, en su caso, los alumnos intervendr\u00e1n en el control y gesti\u00f3n de todos los centros sostenidos por la Administraci\u00f3n con fondos p\u00fablicos, en los t\u00e9rminos que la ley establezca\u00bb.<\/p>\n\n\n\n<h2 class=\"wp-block-heading\"><mark style=\"background-color:rgba(0, 0, 0, 0)\" class=\"has-inline-color has-vivid-red-color\"><strong>Miembros que componen el Consejo Escolar<\/strong><\/mark><\/h2>\n\n\n\n<p>El Consejo escolar del CEIP Alfonso X el Sabio est\u00e1 formado por los&nbsp;siguientes miembros\/as:<\/p>\n\n\n\n<ul class=\"wp-block-list\">\n<li><strong>Presidenta<\/strong>: Mar\u00eda Jos\u00e9<\/li>\n\n\n\n<li><strong>Jefe de Estudios<\/strong>: Mayte<\/li>\n\n\n\n<li><strong>Secretaria<\/strong>: Mar\u00eda Jes\u00fas<\/li>\n\n\n\n<li><strong>Miembros Sector Padres\/Madres<\/strong>:\n<ul class=\"wp-block-list\">\n<li>Lorena<\/li>\n\n\n\n<li>Libertad (Representante AMPA)<\/li>\n\n\n\n<li>Elsa<\/li>\n\n\n\n<li>Isaac<\/li>\n\n\n\n<li>Remedios<\/li>\n<\/ul>\n<\/li>\n\n\n\n<li><strong>Miembros sector Profesores:<\/strong>\n<ul class=\"wp-block-list\">\n<li>Pilar Esmeralda<\/li>\n\n\n\n<li>Ana Mar\u00eda<\/li>\n\n\n\n<li>Nerea<\/li>\n\n\n\n<li>Mercedes<\/li>\n\n\n\n<li>Pilar Naranjo<\/li>\n<\/ul>\n<\/li>\n\n\n\n<li><strong>Miembros sector Administraci\u00f3n \/Servicios<\/strong>:\n<ul class=\"wp-block-list\">\n<li>Lourdes<\/li>\n<\/ul>\n<\/li>\n\n\n\n<li><strong>Miembros representantes Ayuntamiento<\/strong>\n<ul class=\"wp-block-list\">\n<li>Adri\u00e1n<\/li>\n<\/ul>\n<\/li>\n<\/ul>\n","protected":false},"excerpt":{"rendered":"<p>El Consejo Escolar es el \u00f3rgano representativo de los diferentes sectores de la comunidad educativa y se fundamenta en el art\u00edculo 27.7 de nuestra Constituci\u00f3n, en el cual se establece que \u00ablos profesores, los padres y, en su caso, los alumnos intervendr\u00e1n en el control y gesti\u00f3n de todos los centros sostenidos por la Administraci\u00f3n &hellip; <\/p>\n<p class=\"link-more\"><a href=\"https:\/\/site.educa.madrid.org\/cp.alfonsodecimo.madrid\/index.php\/inicio\/el-centro\/quienes-somos\/consejo-escolar\/\" class=\"more-link\">Continuar leyendo<span class=\"screen-reader-text\"> \u00abConsejo escolar\u00bb<\/span><\/a><\/p>\n","protected":false},"author":6,"featured_media":0,"parent":1069,"menu_order":3,"comment_status":"closed","ping_status":"closed","template":"page-with-siblings-submenu.php","meta":{"footnotes":""},"folder":[],"class_list":["post-115","page","type-page","status-publish","hentry"],"rttpg_featured_image_url":null,"rttpg_author":{"display_name":"Cuenta Admin-educamadrid","author_link":"https:\/\/site.educa.madrid.org\/cp.alfonsodecimo.madrid\/index.php\/author\/cuenta_admin-educamadrid\/"},"rttpg_comment":0,"rttpg_category":false,"rttpg_excerpt":"El Consejo Escolar es el \u00f3rgano representativo de los diferentes sectores de la comunidad educativa y se fundamenta en el art\u00edculo 27.7 de nuestra Constituci\u00f3n, en el cual se establece que \u00ablos profesores, los padres y, en su caso, los alumnos intervendr\u00e1n en el control y gesti\u00f3n de todos los centros sostenidos por la Administraci\u00f3n&hellip;","post_mailing_queue_ids":[],"_links":{"self":[{"href":"https:\/\/site.educa.madrid.org\/cp.alfonsodecimo.madrid\/index.php\/wp-json\/wp\/v2\/pages\/115","targetHints":{"allow":["GET"]}}],"collection":[{"href":"https:\/\/site.educa.madrid.org\/cp.alfonsodecimo.madrid\/index.php\/wp-json\/wp\/v2\/pages"}],"about":[{"href":"https:\/\/site.educa.madrid.org\/cp.alfonsodecimo.madrid\/index.php\/wp-json\/wp\/v2\/types\/page"}],"author":[{"embeddable":true,"href":"https:\/\/site.educa.madrid.org\/cp.alfonsodecimo.madrid\/index.php\/wp-json\/wp\/v2\/users\/6"}],"replies":[{"embeddable":true,"href":"https:\/\/site.educa.madrid.org\/cp.alfonsodecimo.madrid\/index.php\/wp-json\/wp\/v2\/comments?post=115"}],"version-history":[{"count":14,"href":"https:\/\/site.educa.madrid.org\/cp.alfonsodecimo.madrid\/index.php\/wp-json\/wp\/v2\/pages\/115\/revisions"}],"predecessor-version":[{"id":3018,"href":"https:\/\/site.educa.madrid.org\/cp.alfonsodecimo.madrid\/index.php\/wp-json\/wp\/v2\/pages\/115\/revisions\/3018"}],"up":[{"embeddable":true,"href":"https:\/\/site.educa.madrid.org\/cp.alfonsodecimo.madrid\/index.php\/wp-json\/wp\/v2\/pages\/1069"}],"wp:attachment":[{"href":"https:\/\/site.educa.madrid.org\/cp.alfonsodecimo.madrid\/index.php\/wp-json\/wp\/v2\/media?parent=115"}],"wp:term":[{"taxonomy":"folder","embeddable":true,"href":"https:\/\/site.educa.madrid.org\/cp.alfonsodecimo.madrid\/index.php\/wp-json\/wp\/v2\/folder?post=115"}],"curies":[{"name":"wp","href":"https:\/\/api.w.org\/{rel}","templated":true}]}}