{"id":117,"date":"2022-05-30T16:22:35","date_gmt":"2022-05-30T14:22:35","guid":{"rendered":"https:\/\/site.educa.madrid.org\/cp.alfonsodecimo.madrid\/?page_id=117"},"modified":"2026-01-15T00:38:01","modified_gmt":"2026-01-14T23:38:01","slug":"ensenanzas","status":"publish","type":"page","link":"https:\/\/site.educa.madrid.org\/cp.alfonsodecimo.madrid\/index.php\/ensenanzas\/","title":{"rendered":"Ense\u00f1anzas"},"content":{"rendered":"\n<figure class=\"wp-block-gallery alignwide has-nested-images columns-default is-cropped wp-block-gallery-1 is-layout-flex wp-block-gallery-is-layout-flex\">\n<figure class=\"wp-block-image size-large\"><img loading=\"lazy\" decoding=\"async\" width=\"1024\" height=\"683\" data-id=\"336\" src=\"https:\/\/site.educa.madrid.org\/cp.alfonsodecimo.madrid\/\/wp-content\/uploads\/cp.alfonsodecimo.madrid\/2022\/05\/dragos-gontariu-JgEkrsLQd_w-unsplash-1024x683.jpg\" alt=\"Ni\u00f1o peque\u00f1o utilizando botes de pintura.\" class=\"wp-image-336\" srcset=\"https:\/\/site.educa.madrid.org\/cp.alfonsodecimo.madrid\/\/wp-content\/uploads\/cp.alfonsodecimo.madrid\/2022\/05\/dragos-gontariu-JgEkrsLQd_w-unsplash-1024x683.jpg 1024w, https:\/\/site.educa.madrid.org\/cp.alfonsodecimo.madrid\/\/wp-content\/uploads\/cp.alfonsodecimo.madrid\/2022\/05\/dragos-gontariu-JgEkrsLQd_w-unsplash-300x200.jpg 300w, https:\/\/site.educa.madrid.org\/cp.alfonsodecimo.madrid\/\/wp-content\/uploads\/cp.alfonsodecimo.madrid\/2022\/05\/dragos-gontariu-JgEkrsLQd_w-unsplash-768x512.jpg 768w, https:\/\/site.educa.madrid.org\/cp.alfonsodecimo.madrid\/\/wp-content\/uploads\/cp.alfonsodecimo.madrid\/2022\/05\/dragos-gontariu-JgEkrsLQd_w-unsplash-391x260.jpg 391w, https:\/\/site.educa.madrid.org\/cp.alfonsodecimo.madrid\/\/wp-content\/uploads\/cp.alfonsodecimo.madrid\/2022\/05\/dragos-gontariu-JgEkrsLQd_w-unsplash-1536x1024.jpg 1536w, https:\/\/site.educa.madrid.org\/cp.alfonsodecimo.madrid\/\/wp-content\/uploads\/cp.alfonsodecimo.madrid\/2022\/05\/dragos-gontariu-JgEkrsLQd_w-unsplash-272x182.jpg 272w, https:\/\/site.educa.madrid.org\/cp.alfonsodecimo.madrid\/\/wp-content\/uploads\/cp.alfonsodecimo.madrid\/2022\/05\/dragos-gontariu-JgEkrsLQd_w-unsplash.jpg 1920w\" sizes=\"auto, (max-width: 767px) 89vw, (max-width: 1000px) 54vw, (max-width: 1071px) 543px, 580px\" \/><\/figure>\n\n\n\n<figure class=\"wp-block-image size-large\"><img loading=\"lazy\" decoding=\"async\" width=\"1024\" height=\"683\" data-id=\"394\" src=\"https:\/\/site.educa.madrid.org\/cp.alfonsodecimo.madrid\/\/wp-content\/uploads\/cp.alfonsodecimo.madrid\/2022\/06\/ben-mullins-oXV3bzR7jxI-unsplash-1024x683.jpg\" alt=\"alumno escribiendo sobre papel en el escritorio\" class=\"wp-image-394\" srcset=\"https:\/\/site.educa.madrid.org\/cp.alfonsodecimo.madrid\/\/wp-content\/uploads\/cp.alfonsodecimo.madrid\/2022\/06\/ben-mullins-oXV3bzR7jxI-unsplash-1024x683.jpg 1024w, https:\/\/site.educa.madrid.org\/cp.alfonsodecimo.madrid\/\/wp-content\/uploads\/cp.alfonsodecimo.madrid\/2022\/06\/ben-mullins-oXV3bzR7jxI-unsplash-300x200.jpg 300w, https:\/\/site.educa.madrid.org\/cp.alfonsodecimo.madrid\/\/wp-content\/uploads\/cp.alfonsodecimo.madrid\/2022\/06\/ben-mullins-oXV3bzR7jxI-unsplash-768x512.jpg 768w, https:\/\/site.educa.madrid.org\/cp.alfonsodecimo.madrid\/\/wp-content\/uploads\/cp.alfonsodecimo.madrid\/2022\/06\/ben-mullins-oXV3bzR7jxI-unsplash-391x260.jpg 391w, https:\/\/site.educa.madrid.org\/cp.alfonsodecimo.madrid\/\/wp-content\/uploads\/cp.alfonsodecimo.madrid\/2022\/06\/ben-mullins-oXV3bzR7jxI-unsplash-1536x1024.jpg 1536w, https:\/\/site.educa.madrid.org\/cp.alfonsodecimo.madrid\/\/wp-content\/uploads\/cp.alfonsodecimo.madrid\/2022\/06\/ben-mullins-oXV3bzR7jxI-unsplash-272x182.jpg 272w, https:\/\/site.educa.madrid.org\/cp.alfonsodecimo.madrid\/\/wp-content\/uploads\/cp.alfonsodecimo.madrid\/2022\/06\/ben-mullins-oXV3bzR7jxI-unsplash.jpg 1920w\" sizes=\"auto, (max-width: 767px) 89vw, (max-width: 1000px) 54vw, (max-width: 1071px) 543px, 580px\" \/><\/figure>\n<\/figure>\n\n\n<div\n\t\t\t\n\t\t\tclass=\"so-widget-sow-accordion so-widget-sow-accordion-default-f3331a954696\"\n\t\t\t data-max-open-panels=\"0\" data-initial-scroll-panel=\"0\"\n\t\t><div>\n\t<div class=\"sow-accordion\">\n\t\t<\/div>\n<\/div>\n<\/div>\n\n\n<p>Nuestro colegio se construy\u00f3 en el a\u00f1o 1973 y comenz\u00f3 a funcionar ese mismo a\u00f1o para dar respuesta a la demanda educativa de un barrio del sureste de Madrid. Podemos aseverar que <strong>nuestra prioridad sigue siendo el desarrollo integral de las capacidades de cada alumno y nuestra meta es dotar a todos los alumnos de conocimientos y herramientas necesarias<\/strong> porque solo el conocimiento ofrece alternativas para el futuro.<\/p>\n\n\n\n<p>En la actualidad nuestro centro se compone de:<\/p>\n\n\n\n<ul class=\"wp-block-list\">\n<li><strong>6 unidades de Educaci\u00f3n Infantil<\/strong>: 3 de primer ciclo de Educaci\u00f3n Infantil y 3 de segundo ciclo que se encuentran repartidas entre la planta baja y la primera planta del edificio. Adem\u00e1s de estas aulas de Educaci\u00f3n Infantil, contamos con un <strong>aula polivalente<\/strong> donde se llevan a cabo <strong>actividades de psicomotricidad.<\/strong> Tambi\u00e9n contamos con una amplia <strong>biblioteca escolar y sal\u00f3n de actos.<\/strong><\/li>\n\n\n\n<li><strong>6  unidades de Educaci\u00f3n Primaria<\/strong> cuyas aulas se encuentran repartidas en las diferentes plantas del edificio.<\/li>\n\n\n\n<li>Adem\u00e1s, el centro dispone de una <strong>sala de usos m\u00faltiples, sal\u00f3n de actos, aula de psicomotricidad, aula sensorial  y comedor escolar.<\/strong><\/li>\n<\/ul>\n\n\n\n<p>La profesionalidad, la cercan\u00eda y el cari\u00f1o con que los integrantes de nuestra comunidad realizan su tarea hace de nuestro centro <strong>la mejor elecci\u00f3n para los padres preocupados por la educaci\u00f3n de sus hijos.<\/strong><\/p>\n\n\n\n<p><\/p>\n","protected":false},"excerpt":{"rendered":"<p>Nuestro colegio se construy\u00f3 en el a\u00f1o 1973 y comenz\u00f3 a funcionar ese mismo a\u00f1o para dar respuesta a la demanda educativa de un barrio del sureste de Madrid. Podemos aseverar que nuestra prioridad sigue siendo el desarrollo integral de las capacidades de cada alumno y nuestra meta es dotar a todos los alumnos de &hellip; <\/p>\n<p class=\"link-more\"><a href=\"https:\/\/site.educa.madrid.org\/cp.alfonsodecimo.madrid\/index.php\/ensenanzas\/\" class=\"more-link\">Continuar leyendo<span class=\"screen-reader-text\"> \u00abEnse\u00f1anzas\u00bb<\/span><\/a><\/p>\n","protected":false},"author":6,"featured_media":0,"parent":0,"menu_order":0,"comment_status":"closed","ping_status":"closed","template":"page-with-submenu.php","meta":{"footnotes":""},"folder":[],"class_list":["post-117","page","type-page","status-publish","hentry"],"rttpg_featured_image_url":null,"rttpg_author":{"display_name":"Cuenta Admin-educamadrid","author_link":"https:\/\/site.educa.madrid.org\/cp.alfonsodecimo.madrid\/index.php\/author\/cuenta_admin-educamadrid\/"},"rttpg_comment":0,"rttpg_category":false,"rttpg_excerpt":"Nuestro colegio se construy\u00f3 en el a\u00f1o 1973 y comenz\u00f3 a funcionar ese mismo a\u00f1o para dar respuesta a la demanda educativa de un barrio del sureste de Madrid. Podemos aseverar que nuestra prioridad sigue siendo el desarrollo integral de las capacidades de cada alumno y nuestra meta es dotar a todos los alumnos de&hellip;","post_mailing_queue_ids":[],"_links":{"self":[{"href":"https:\/\/site.educa.madrid.org\/cp.alfonsodecimo.madrid\/index.php\/wp-json\/wp\/v2\/pages\/117","targetHints":{"allow":["GET"]}}],"collection":[{"href":"https:\/\/site.educa.madrid.org\/cp.alfonsodecimo.madrid\/index.php\/wp-json\/wp\/v2\/pages"}],"about":[{"href":"https:\/\/site.educa.madrid.org\/cp.alfonsodecimo.madrid\/index.php\/wp-json\/wp\/v2\/types\/page"}],"author":[{"embeddable":true,"href":"https:\/\/site.educa.madrid.org\/cp.alfonsodecimo.madrid\/index.php\/wp-json\/wp\/v2\/users\/6"}],"replies":[{"embeddable":true,"href":"https:\/\/site.educa.madrid.org\/cp.alfonsodecimo.madrid\/index.php\/wp-json\/wp\/v2\/comments?post=117"}],"version-history":[{"count":30,"href":"https:\/\/site.educa.madrid.org\/cp.alfonsodecimo.madrid\/index.php\/wp-json\/wp\/v2\/pages\/117\/revisions"}],"predecessor-version":[{"id":3041,"href":"https:\/\/site.educa.madrid.org\/cp.alfonsodecimo.madrid\/index.php\/wp-json\/wp\/v2\/pages\/117\/revisions\/3041"}],"wp:attachment":[{"href":"https:\/\/site.educa.madrid.org\/cp.alfonsodecimo.madrid\/index.php\/wp-json\/wp\/v2\/media?parent=117"}],"wp:term":[{"taxonomy":"folder","embeddable":true,"href":"https:\/\/site.educa.madrid.org\/cp.alfonsodecimo.madrid\/index.php\/wp-json\/wp\/v2\/folder?post=117"}],"curies":[{"name":"wp","href":"https:\/\/api.w.org\/{rel}","templated":true}]}}