{"id":1193,"date":"2023-01-05T19:31:41","date_gmt":"2023-01-05T18:31:41","guid":{"rendered":"https:\/\/site.educa.madrid.org\/cp.alfonsodecimo.madrid\/?page_id=1193"},"modified":"2025-07-12T13:36:45","modified_gmt":"2025-07-12T11:36:45","slug":"libros-de-texto","status":"publish","type":"page","link":"https:\/\/site.educa.madrid.org\/cp.alfonsodecimo.madrid\/index.php\/ensenanzas\/libros-de-texto\/","title":{"rendered":"Libros de texto"},"content":{"rendered":"\n<h2 class=\"wp-block-heading has-vivid-red-color has-text-color\">Libros de texto Educaci\u00f3n Primaria<\/h2>\n\n\n\n<p>Este curso escolar 2025-2026, todos los alumnos\/as del colegio de los cursos de Primaria ser\u00e1n beneficiarios del pr\u00e9stamos de libros, siempre y cuando cumplan los requisitos de ACCEDE.<\/p>\n\n\n\n<p>Recordamos que es un pr\u00e9stamo de libros.<\/p>\n\n\n\n<p>*Las familias no deben comprar ning\u00fan libro hasta hablar en septiembre con el\/la tutor\/a del alumno\/a.<\/p>\n\n\n\n<p><a href=\"https:\/\/site.educa.madrid.org\/cp.alfonsodecimo.madrid\/\/wp-content\/uploads\/cp.alfonsodecimo.madrid\/2025\/07\/PRIMARIA-25-26-1.pdf\" target=\"_blank\" rel=\"noreferrer noopener\">Listado de libros de texto para el curso 2025-2026<\/a><\/p>\n\n\n\n<h2 class=\"wp-block-heading has-vivid-red-color has-text-color\">Libros de texto Segundo Ciclo de Educaci\u00f3n Infantil<\/h2>\n\n\n\n<p>\u00a1Este curso\u2026 aprendemos con sentido! \u00a1Adi\u00f3s al libro de texto, hola al aprendizaje real!<br>En Infantil, el aprendizaje no se encuentra en un libro\u2026 se construye con las manos, el<br>coraz\u00f3n y la curiosidad.<br>Este curso no utilizaremos libros de texto en el 2\u00ba ciclo de EI. Trabajaremos por<br>proyectos dise\u00f1ados por el equipo docente, pensados para responder a lo que<br>realmente importa: el inter\u00e9s, la emoci\u00f3n y el ritmo de cada ni\u00f1o y ni\u00f1a.<\/p>\n\n\n\n<p><br><strong>\u00bfQu\u00e9 significa aprender por proyectos?<\/strong>:<\/p>\n\n\n\n<ul class=\"wp-block-list\">\n<li>Partimos de la experiencia, el juego y la exploraci\u00f3n.<\/li>\n\n\n\n<li>Cada tema nace de las preguntas e intereses de los peque\u00f1os.<\/li>\n\n\n\n<li>Descubrimos, construimos y reflexionamos juntos.<\/li>\n<\/ul>\n\n\n\n<p><strong>Beneficios pedag\u00f3gicos:<\/strong><\/p>\n\n\n\n<ul class=\"wp-block-list\">\n<li>Favorece el pensamiento cr\u00edtico y creativo.<\/li>\n\n\n\n<li>Estimula la curiosidad natural.<\/li>\n\n\n\n<li>Promueve aprendizajes significativos y duraderos.<\/li>\n\n\n\n<li>Fomenta el trabajo en equipo y la comunicaci\u00f3n.<\/li>\n\n\n\n<li>Integraci\u00f3n global de distintas \u00e1reas.<\/li>\n\n\n\n<li>Desarrollo del lenguaje y la expresi\u00f3n emocional.<\/li>\n<\/ul>\n\n\n\n<p>Cada ni\u00f1o es protagonista de su propio aprendizaje: una educaci\u00f3n m\u00e1s libre, viva y<br>conectada con la realidad.<br>\u00a1Gracias por acompa\u00f1arnos en este camino!<\/p>\n\n\n\n<figure class=\"wp-block-image size-large\"><img loading=\"lazy\" decoding=\"async\" width=\"717\" height=\"1024\" src=\"https:\/\/site.educa.madrid.org\/cp.alfonsodecimo.madrid\/\/wp-content\/uploads\/cp.alfonsodecimo.madrid\/2025\/07\/INFANTIL-SEGUNDO-CICLO-717x1024.jpeg\" alt=\"\" class=\"wp-image-2866\" srcset=\"https:\/\/site.educa.madrid.org\/cp.alfonsodecimo.madrid\/\/wp-content\/uploads\/cp.alfonsodecimo.madrid\/2025\/07\/INFANTIL-SEGUNDO-CICLO-717x1024.jpeg 717w, https:\/\/site.educa.madrid.org\/cp.alfonsodecimo.madrid\/\/wp-content\/uploads\/cp.alfonsodecimo.madrid\/2025\/07\/INFANTIL-SEGUNDO-CICLO-210x300.jpeg 210w, https:\/\/site.educa.madrid.org\/cp.alfonsodecimo.madrid\/\/wp-content\/uploads\/cp.alfonsodecimo.madrid\/2025\/07\/INFANTIL-SEGUNDO-CICLO-768x1097.jpeg 768w, https:\/\/site.educa.madrid.org\/cp.alfonsodecimo.madrid\/\/wp-content\/uploads\/cp.alfonsodecimo.madrid\/2025\/07\/INFANTIL-SEGUNDO-CICLO.jpeg 1001w\" sizes=\"auto, (max-width: 717px) 100vw, 717px\" \/><\/figure>\n\n\n\n<h2 class=\"wp-block-heading has-vivid-red-color has-text-color\">Pr\u00e9stamo de libros curso 2024-2025. Ed. Primaria (Programa ACCEDE)<\/h2>\n\n\n\n<p>El Centro har\u00e1 entrega de los libros del Programa ACCEDE el viernes 13 de septiembre a los alumnos\/as de Educaci\u00f3n Primaria de los cursos de 3\u00ba a 6\u00ba. Se entregar\u00e1 junto con el lote de libros un recibo de entrega de ejemplares que tendr\u00e1 que devolver al tutor firmado por ustedes.<\/p>\n\n\n\n<p>A continuaci\u00f3n les adjuntamos unas consideraciones para las familias y los alumnos\/as a tener en cuenta para un uso correcto de los libros: <\/p>\n\n\n\n<p> <strong><a href=\"https:\/\/site.educa.madrid.org\/cp.alfonsodecimo.madrid\/\/wp-content\/uploads\/cp.alfonsodecimo.madrid\/2023\/09\/Guia-Cuidado-Familias-ACCEDE.pdf\">Gu\u00eda de cuidado y Mantenimiento de libros del Programa ACCEDE.<\/a><\/strong><\/p>\n\n\n\n<p><\/p>\n","protected":false},"excerpt":{"rendered":"<p>Libros de texto Educaci\u00f3n Primaria Este curso escolar 2025-2026, todos los alumnos\/as del colegio de los cursos de Primaria ser\u00e1n beneficiarios del pr\u00e9stamos de libros, siempre y cuando cumplan los requisitos de ACCEDE. Recordamos que es un pr\u00e9stamo de libros. *Las familias no deben comprar ning\u00fan libro hasta hablar en septiembre con el\/la tutor\/a del &hellip; <\/p>\n<p class=\"link-more\"><a href=\"https:\/\/site.educa.madrid.org\/cp.alfonsodecimo.madrid\/index.php\/ensenanzas\/libros-de-texto\/\" class=\"more-link\">Continuar leyendo<span class=\"screen-reader-text\"> \u00abLibros de texto\u00bb<\/span><\/a><\/p>\n","protected":false},"author":3,"featured_media":0,"parent":117,"menu_order":10,"comment_status":"closed","ping_status":"closed","template":"page-with-siblings-submenu.php","meta":{"footnotes":""},"folder":[],"class_list":["post-1193","page","type-page","status-publish","hentry"],"rttpg_featured_image_url":null,"rttpg_author":{"display_name":"cp.alfonsodecimo.madrid","author_link":"https:\/\/site.educa.madrid.org\/cp.alfonsodecimo.madrid\/index.php\/author\/cuenta_cp-alfonsodecimo-madrid\/"},"rttpg_comment":0,"rttpg_category":false,"rttpg_excerpt":"Libros de texto Educaci\u00f3n Primaria Este curso escolar 2025-2026, todos los alumnos\/as del colegio de los cursos de Primaria ser\u00e1n beneficiarios del pr\u00e9stamos de libros, siempre y cuando cumplan los requisitos de ACCEDE. Recordamos que es un pr\u00e9stamo de libros. *Las familias no deben comprar ning\u00fan libro hasta hablar en septiembre con el\/la tutor\/a del&hellip;","post_mailing_queue_ids":[],"_links":{"self":[{"href":"https:\/\/site.educa.madrid.org\/cp.alfonsodecimo.madrid\/index.php\/wp-json\/wp\/v2\/pages\/1193","targetHints":{"allow":["GET"]}}],"collection":[{"href":"https:\/\/site.educa.madrid.org\/cp.alfonsodecimo.madrid\/index.php\/wp-json\/wp\/v2\/pages"}],"about":[{"href":"https:\/\/site.educa.madrid.org\/cp.alfonsodecimo.madrid\/index.php\/wp-json\/wp\/v2\/types\/page"}],"author":[{"embeddable":true,"href":"https:\/\/site.educa.madrid.org\/cp.alfonsodecimo.madrid\/index.php\/wp-json\/wp\/v2\/users\/3"}],"replies":[{"embeddable":true,"href":"https:\/\/site.educa.madrid.org\/cp.alfonsodecimo.madrid\/index.php\/wp-json\/wp\/v2\/comments?post=1193"}],"version-history":[{"count":24,"href":"https:\/\/site.educa.madrid.org\/cp.alfonsodecimo.madrid\/index.php\/wp-json\/wp\/v2\/pages\/1193\/revisions"}],"predecessor-version":[{"id":2871,"href":"https:\/\/site.educa.madrid.org\/cp.alfonsodecimo.madrid\/index.php\/wp-json\/wp\/v2\/pages\/1193\/revisions\/2871"}],"up":[{"embeddable":true,"href":"https:\/\/site.educa.madrid.org\/cp.alfonsodecimo.madrid\/index.php\/wp-json\/wp\/v2\/pages\/117"}],"wp:attachment":[{"href":"https:\/\/site.educa.madrid.org\/cp.alfonsodecimo.madrid\/index.php\/wp-json\/wp\/v2\/media?parent=1193"}],"wp:term":[{"taxonomy":"folder","embeddable":true,"href":"https:\/\/site.educa.madrid.org\/cp.alfonsodecimo.madrid\/index.php\/wp-json\/wp\/v2\/folder?post=1193"}],"curies":[{"name":"wp","href":"https:\/\/api.w.org\/{rel}","templated":true}]}}