{"id":1195,"date":"2023-01-05T19:32:12","date_gmt":"2023-01-05T18:32:12","guid":{"rendered":"https:\/\/site.educa.madrid.org\/cp.alfonsodecimo.madrid\/?page_id=1195"},"modified":"2026-01-19T23:10:05","modified_gmt":"2026-01-19T22:10:05","slug":"documentos-importantes","status":"publish","type":"page","link":"https:\/\/site.educa.madrid.org\/cp.alfonsodecimo.madrid\/index.php\/secretaria\/documentos-importantes\/","title":{"rendered":"Documentos importantes"},"content":{"rendered":"\n<p class=\"has-vivid-cyan-blue-color has-text-color\"><strong>PRIMER CICLO DE INFANTIL<\/strong><\/p>\n\n\n\n<p><a rel=\"noreferrer noopener\" href=\"https:\/\/site.educa.madrid.org\/cp.alfonsodecimo.madrid\/\/wp-content\/uploads\/cp.alfonsodecimo.madrid\/2023\/06\/SOLICITUD-DE-HORARIO-AMPLIADO.pdf\" target=\"_blank\">Solicitud de horario ampliado primer ciclo de infantil.<\/a><\/p>\n\n\n\n<p class=\"has-vivid-cyan-blue-color has-text-color\"><strong>SEGUNDO CICLO DE EDUCACI\u00d3N INFANTIL Y PRIMARIA<\/strong><\/p>\n\n\n\n<p><a href=\"https:\/\/site.educa.madrid.org\/cp.alfonsodecimo.madrid\/\/wp-content\/uploads\/cp.alfonsodecimo.madrid\/2023\/06\/MODELO-AUTORIZACION-RECOGIDA.pdf\" target=\"_blank\" rel=\"noreferrer noopener\">Autorizaci\u00f3n de recogida a familiares y otras personas.<\/a><\/p>\n\n\n\n<p><a href=\"https:\/\/site.educa.madrid.org\/cp.alfonsodecimo.madrid\/\/wp-content\/uploads\/cp.alfonsodecimo.madrid\/2023\/09\/Actualizacion-datos-personales-23-24.pdf\" target=\"_blank\" rel=\"noreferrer noopener\">Actualizaci\u00f3n de datos<\/a><\/p>\n\n\n\n<p><a href=\"https:\/\/site.educa.madrid.org\/cp.alfonsodecimo.madrid\/\/wp-content\/uploads\/cp.alfonsodecimo.madrid\/2023\/06\/OPCION-RELIGION-O-VALORES.pdf\" target=\"_blank\" rel=\"noreferrer noopener\">Opci\u00f3n cambio de religi\u00f3n o valores.<\/a><\/p>\n\n\n\n<p class=\"has-vivid-cyan-blue-color has-text-color\"><strong>COMEDOR<\/strong><\/p>\n\n\n\n<p><a href=\"https:\/\/site.educa.madrid.org\/cp.alfonsodecimo.madrid\/\/wp-content\/uploads\/cp.alfonsodecimo.madrid\/2023\/06\/SOLICITUD-COMEDOR-GENERICA-RELLENABLE.pdf\" target=\"_blank\" rel=\"noreferrer noopener\">Solicitud de comedor.<\/a><\/p>\n\n\n\n<p><a href=\"https:\/\/site.educa.madrid.org\/cp.alfonsodecimo.madrid\/\/wp-content\/uploads\/cp.alfonsodecimo.madrid\/2023\/06\/NORMAS-COMEDOR-2-CICLO-EI-Y-PRIMARIA.pdf\" target=\"_blank\" rel=\"noreferrer noopener\">Normas de comedor segundo ciclo de infantil y primaria.<\/a><\/p>\n\n\n\n<p><a href=\"https:\/\/site.educa.madrid.org\/cp.alfonsodecimo.madrid\/\/wp-content\/uploads\/cp.alfonsodecimo.madrid\/2023\/06\/NORMAS-COMEDOR-1ER-CICLO-EI.pdf\" target=\"_blank\" rel=\"noreferrer noopener\">Normas de comedor primer ciclo de infantil.<\/a><\/p>\n\n\n\n<p class=\"has-vivid-cyan-blue-color has-text-color has-link-color wp-elements-9633924f3b4637da2de2054e70dc0254\"><strong>PRIMARIA<\/strong><\/p>\n\n\n\n<p><a href=\"https:\/\/site.educa.madrid.org\/cp.alfonsodecimo.madrid\/\/wp-content\/uploads\/cp.alfonsodecimo.madrid\/2026\/01\/PROCEDIMIENTO-RECLAMACION-CALIFICACIONES-1.pdf\" target=\"_blank\" rel=\"noreferrer noopener\">Procedimiento reclamaci\u00f3n calificaciones Primaria<\/a><\/p>\n\n\n\n<p><a href=\"https:\/\/site.educa.madrid.org\/cp.alfonsodecimo.madrid\/\/wp-content\/uploads\/cp.alfonsodecimo.madrid\/2026\/01\/FORMULARIO-RECLAMACION-CALIFICACIONES-PRIMARIA-1.pdf\" target=\"_blank\" rel=\"noreferrer noopener\">Formulario reclamaci\u00f3n calificaciones Primaria<\/a><\/p>\n\n\n\n<p><a href=\"https:\/\/site.educa.madrid.org\/cp.alfonsodecimo.madrid\/\/wp-content\/uploads\/cp.alfonsodecimo.madrid\/2026\/01\/Solicitud-y-Recibi-copia-pruebas-escritas.pdf\" target=\"_blank\" rel=\"noreferrer noopener\">Solicitud y recib\u00ed copia pruebas escritas<\/a><\/p>\n\n\n\n<p class=\"has-vivid-cyan-blue-color has-text-color has-link-color wp-elements-7d26acd0048ce0a288ef93df73562121\"><strong>PROTOCOLO DE CONTESTACI\u00d3N DE QUEJAS Y RECLAMACIOES<\/strong><\/p>\n\n\n\n<p><a href=\"https:\/\/site.educa.madrid.org\/cp.alfonsodecimo.madrid\/\/wp-content\/uploads\/cp.alfonsodecimo.madrid\/2026\/01\/Protocolo-de-contestacion-de-quejas-y-reclamaciones-3.pdf\" target=\"_blank\" rel=\"noreferrer noopener\">Protocolo de contestaci\u00f3n de quejas y reclamaciones<\/a><\/p>\n\n\n\n<p><a href=\"https:\/\/site.educa.madrid.org\/cp.alfonsodecimo.madrid\/\/wp-content\/uploads\/cp.alfonsodecimo.madrid\/2026\/01\/Formulario-para-quejas-o-reclamaciones.pdf\" target=\"_blank\" rel=\"noreferrer noopener\">Formulario para quejas o reclamaciones<\/a><\/p>\n","protected":false},"excerpt":{"rendered":"<p>PRIMER CICLO DE INFANTIL Solicitud de horario ampliado primer ciclo de infantil. SEGUNDO CICLO DE EDUCACI\u00d3N INFANTIL Y PRIMARIA Autorizaci\u00f3n de recogida a familiares y otras personas. Actualizaci\u00f3n de datos Opci\u00f3n cambio de religi\u00f3n o valores. COMEDOR Solicitud de comedor. Normas de comedor segundo ciclo de infantil y primaria. Normas de comedor primer ciclo de &hellip; <\/p>\n<p class=\"link-more\"><a href=\"https:\/\/site.educa.madrid.org\/cp.alfonsodecimo.madrid\/index.php\/secretaria\/documentos-importantes\/\" class=\"more-link\">Continuar leyendo<span class=\"screen-reader-text\"> \u00abDocumentos importantes\u00bb<\/span><\/a><\/p>\n","protected":false},"author":3,"featured_media":0,"parent":1187,"menu_order":6,"comment_status":"closed","ping_status":"closed","template":"page-with-siblings-submenu.php","meta":{"footnotes":""},"folder":[],"class_list":["post-1195","page","type-page","status-publish","hentry"],"rttpg_featured_image_url":null,"rttpg_author":{"display_name":"cp.alfonsodecimo.madrid","author_link":"https:\/\/site.educa.madrid.org\/cp.alfonsodecimo.madrid\/index.php\/author\/cuenta_cp-alfonsodecimo-madrid\/"},"rttpg_comment":0,"rttpg_category":false,"rttpg_excerpt":"PRIMER CICLO DE INFANTIL Solicitud de horario ampliado primer ciclo de infantil. SEGUNDO CICLO DE EDUCACI\u00d3N INFANTIL Y PRIMARIA Autorizaci\u00f3n de recogida a familiares y otras personas. Actualizaci\u00f3n de datos Opci\u00f3n cambio de religi\u00f3n o valores. COMEDOR Solicitud de comedor. Normas de comedor segundo ciclo de infantil y primaria. Normas de comedor primer ciclo de&hellip;","post_mailing_queue_ids":[],"_links":{"self":[{"href":"https:\/\/site.educa.madrid.org\/cp.alfonsodecimo.madrid\/index.php\/wp-json\/wp\/v2\/pages\/1195","targetHints":{"allow":["GET"]}}],"collection":[{"href":"https:\/\/site.educa.madrid.org\/cp.alfonsodecimo.madrid\/index.php\/wp-json\/wp\/v2\/pages"}],"about":[{"href":"https:\/\/site.educa.madrid.org\/cp.alfonsodecimo.madrid\/index.php\/wp-json\/wp\/v2\/types\/page"}],"author":[{"embeddable":true,"href":"https:\/\/site.educa.madrid.org\/cp.alfonsodecimo.madrid\/index.php\/wp-json\/wp\/v2\/users\/3"}],"replies":[{"embeddable":true,"href":"https:\/\/site.educa.madrid.org\/cp.alfonsodecimo.madrid\/index.php\/wp-json\/wp\/v2\/comments?post=1195"}],"version-history":[{"count":29,"href":"https:\/\/site.educa.madrid.org\/cp.alfonsodecimo.madrid\/index.php\/wp-json\/wp\/v2\/pages\/1195\/revisions"}],"predecessor-version":[{"id":3086,"href":"https:\/\/site.educa.madrid.org\/cp.alfonsodecimo.madrid\/index.php\/wp-json\/wp\/v2\/pages\/1195\/revisions\/3086"}],"up":[{"embeddable":true,"href":"https:\/\/site.educa.madrid.org\/cp.alfonsodecimo.madrid\/index.php\/wp-json\/wp\/v2\/pages\/1187"}],"wp:attachment":[{"href":"https:\/\/site.educa.madrid.org\/cp.alfonsodecimo.madrid\/index.php\/wp-json\/wp\/v2\/media?parent=1195"}],"wp:term":[{"taxonomy":"folder","embeddable":true,"href":"https:\/\/site.educa.madrid.org\/cp.alfonsodecimo.madrid\/index.php\/wp-json\/wp\/v2\/folder?post=1195"}],"curies":[{"name":"wp","href":"https:\/\/api.w.org\/{rel}","templated":true}]}}