{"id":1225,"date":"2023-01-08T18:06:45","date_gmt":"2023-01-08T17:06:45","guid":{"rendered":"https:\/\/site.educa.madrid.org\/cp.alfonsodecimo.madrid\/?page_id=1225"},"modified":"2023-01-08T18:07:31","modified_gmt":"2023-01-08T17:07:31","slug":"actuaciones","status":"publish","type":"page","link":"https:\/\/site.educa.madrid.org\/cp.alfonsodecimo.madrid\/index.php\/informatica\/actuaciones\/","title":{"rendered":"Actuaciones"},"content":{"rendered":"\n<p>*Crear una unidad de equipo (cloud) compartida con todo el Claustro incluyendo documentos del\u00a0Centro.<br><br>*Compartir con todo el Claustro: reuniones, juntas de evaluaci\u00f3n, salidas complementarias,\u2026<br><br>* Sesiones de recordatorio con la Coordinadora TIC para el aprovechamiento de los servicios de\u00a0EducaMadrid: correo electr\u00f3nico, CLOUD, Aula Virtual, Mediateca\u2026<br><br>* Charlas a los alumnos de primaria sobre seguridad en la red y peligro de las redes sociales en Internet.\u00a0Protocolo de uso responsable<br><br>* Talleres sobre el uso de las nuevas tecnolog\u00edas<br><br>* Introducci\u00f3n al Scrach con los alumnos de 6\u00ba EP<br><br>* Actualizaci\u00f3n de la p\u00e1gina web<br><br>* Elaboraci\u00f3n de un inventario de equipos en el centro y aplicaciones de uso educativo de inter\u00e9s.<br><br>* Mantenimiento b\u00e1sico de los equipos del centro<\/p>\n","protected":false},"excerpt":{"rendered":"<p>*Crear una unidad de equipo (cloud) compartida con todo el Claustro incluyendo documentos del\u00a0Centro. *Compartir con todo el Claustro: reuniones, juntas de evaluaci\u00f3n, salidas complementarias,\u2026 * Sesiones de recordatorio con la Coordinadora TIC para el aprovechamiento de los servicios de\u00a0EducaMadrid: correo electr\u00f3nico, CLOUD, Aula Virtual, Mediateca\u2026 * Charlas a los alumnos de primaria sobre seguridad &hellip; <\/p>\n<p class=\"link-more\"><a href=\"https:\/\/site.educa.madrid.org\/cp.alfonsodecimo.madrid\/index.php\/informatica\/actuaciones\/\" class=\"more-link\">Continuar leyendo<span class=\"screen-reader-text\"> \u00abActuaciones\u00bb<\/span><\/a><\/p>\n","protected":false},"author":3,"featured_media":0,"parent":1223,"menu_order":1,"comment_status":"closed","ping_status":"closed","template":"page-with-siblings-submenu.php","meta":{"footnotes":""},"folder":[],"class_list":["post-1225","page","type-page","status-publish","hentry"],"rttpg_featured_image_url":null,"rttpg_author":{"display_name":"cp.alfonsodecimo.madrid","author_link":"https:\/\/site.educa.madrid.org\/cp.alfonsodecimo.madrid\/index.php\/author\/cuenta_cp-alfonsodecimo-madrid\/"},"rttpg_comment":0,"rttpg_category":false,"rttpg_excerpt":"*Crear una unidad de equipo (cloud) compartida con todo el Claustro incluyendo documentos del\u00a0Centro. *Compartir con todo el Claustro: reuniones, juntas de evaluaci\u00f3n, salidas complementarias,\u2026 * Sesiones de recordatorio con la Coordinadora TIC para el aprovechamiento de los servicios de\u00a0EducaMadrid: correo electr\u00f3nico, CLOUD, Aula Virtual, Mediateca\u2026 * Charlas a los alumnos de primaria sobre seguridad&hellip;","post_mailing_queue_ids":[],"_links":{"self":[{"href":"https:\/\/site.educa.madrid.org\/cp.alfonsodecimo.madrid\/index.php\/wp-json\/wp\/v2\/pages\/1225","targetHints":{"allow":["GET"]}}],"collection":[{"href":"https:\/\/site.educa.madrid.org\/cp.alfonsodecimo.madrid\/index.php\/wp-json\/wp\/v2\/pages"}],"about":[{"href":"https:\/\/site.educa.madrid.org\/cp.alfonsodecimo.madrid\/index.php\/wp-json\/wp\/v2\/types\/page"}],"author":[{"embeddable":true,"href":"https:\/\/site.educa.madrid.org\/cp.alfonsodecimo.madrid\/index.php\/wp-json\/wp\/v2\/users\/3"}],"replies":[{"embeddable":true,"href":"https:\/\/site.educa.madrid.org\/cp.alfonsodecimo.madrid\/index.php\/wp-json\/wp\/v2\/comments?post=1225"}],"version-history":[{"count":3,"href":"https:\/\/site.educa.madrid.org\/cp.alfonsodecimo.madrid\/index.php\/wp-json\/wp\/v2\/pages\/1225\/revisions"}],"predecessor-version":[{"id":1228,"href":"https:\/\/site.educa.madrid.org\/cp.alfonsodecimo.madrid\/index.php\/wp-json\/wp\/v2\/pages\/1225\/revisions\/1228"}],"up":[{"embeddable":true,"href":"https:\/\/site.educa.madrid.org\/cp.alfonsodecimo.madrid\/index.php\/wp-json\/wp\/v2\/pages\/1223"}],"wp:attachment":[{"href":"https:\/\/site.educa.madrid.org\/cp.alfonsodecimo.madrid\/index.php\/wp-json\/wp\/v2\/media?parent=1225"}],"wp:term":[{"taxonomy":"folder","embeddable":true,"href":"https:\/\/site.educa.madrid.org\/cp.alfonsodecimo.madrid\/index.php\/wp-json\/wp\/v2\/folder?post=1225"}],"curies":[{"name":"wp","href":"https:\/\/api.w.org\/{rel}","templated":true}]}}