{"id":1229,"date":"2023-01-08T18:08:24","date_gmt":"2023-01-08T17:08:24","guid":{"rendered":"https:\/\/site.educa.madrid.org\/cp.alfonsodecimo.madrid\/?page_id=1229"},"modified":"2023-09-27T18:06:16","modified_gmt":"2023-09-27T16:06:16","slug":"roble","status":"publish","type":"page","link":"https:\/\/site.educa.madrid.org\/cp.alfonsodecimo.madrid\/index.php\/informatica\/roble\/","title":{"rendered":"ROBLE"},"content":{"rendered":"\n<h2 class=\"wp-block-heading has-vivid-red-color has-text-color\">Acceso a ROBLE por primera vez<\/h2>\n\n\n\n<figure class=\"wp-block-image size-full\"><a href=\"https:\/\/www.educa2.madrid.org\/web\/educamadrid\/principal\/files\/aaeabac6-ef48-4c1d-b1b7-3b77f6af2890\/acceso%20a%20Roble%20primera%20vez.pdf?t=1615468732323\" target=\"_blank\" rel=\"noopener\"><img loading=\"lazy\" decoding=\"async\" width=\"225\" height=\"225\" src=\"https:\/\/site.educa.madrid.org\/cp.alfonsodecimo.madrid\/\/wp-content\/uploads\/cp.alfonsodecimo.madrid\/2023\/01\/LIBRO.png\" alt=\"\" class=\"wp-image-1231\" srcset=\"https:\/\/site.educa.madrid.org\/cp.alfonsodecimo.madrid\/\/wp-content\/uploads\/cp.alfonsodecimo.madrid\/2023\/01\/LIBRO.png 225w, https:\/\/site.educa.madrid.org\/cp.alfonsodecimo.madrid\/\/wp-content\/uploads\/cp.alfonsodecimo.madrid\/2023\/01\/LIBRO-150x150.png 150w, https:\/\/site.educa.madrid.org\/cp.alfonsodecimo.madrid\/\/wp-content\/uploads\/cp.alfonsodecimo.madrid\/2023\/01\/LIBRO-100x100.png 100w\" sizes=\"auto, (max-width: 225px) 100vw, 225px\" \/><\/a><\/figure>\n\n\n\n<h2 class=\"wp-block-heading has-vivid-red-color has-text-color\">Acceso y descarga<\/h2>\n\n\n\n<p>Acceso por ordenador desde cualquier navegador:<\/p>\n\n\n\n<figure class=\"wp-block-image size-full\"><a href=\"https:\/\/raices.madrid.org\/raiz_app\/jsp\/portal\/portalraices.html\" target=\"_blank\" rel=\"noopener\"><img loading=\"lazy\" decoding=\"async\" width=\"199\" height=\"92\" src=\"https:\/\/site.educa.madrid.org\/cp.alfonsodecimo.madrid\/\/wp-content\/uploads\/cp.alfonsodecimo.madrid\/2023\/01\/imagen_raices.png\" alt=\"\" class=\"wp-image-1234\"\/><\/a><\/figure>\n\n\n\n<div class=\"wp-block-buttons is-layout-flex wp-block-buttons-is-layout-flex\">\n<div class=\"wp-block-button\"><a class=\"wp-block-button__link wp-element-button\" href=\"https:\/\/raices.madrid.org\/raiz_app\/jsp\/portal\/portalraices.html\" target=\"_blank\" rel=\"noreferrer noopener\">ACCEDER<\/a><\/div>\n<\/div>\n\n\n\n<div style=\"height:20px\" aria-hidden=\"true\" class=\"wp-block-spacer\"><\/div>\n\n\n\n<p>Acceso desde m\u00f3vil mediante apps, descarg\u00e1ndolas en:<\/p>\n\n\n\n<figure class=\"wp-block-image size-thumbnail\"><img loading=\"lazy\" decoding=\"async\" width=\"150\" height=\"150\" src=\"https:\/\/site.educa.madrid.org\/cp.alfonsodecimo.madrid\/\/wp-content\/uploads\/cp.alfonsodecimo.madrid\/2023\/01\/01imagen_app_robles_ios-1-150x150.png\" alt=\"\" class=\"wp-image-1236\" srcset=\"https:\/\/site.educa.madrid.org\/cp.alfonsodecimo.madrid\/\/wp-content\/uploads\/cp.alfonsodecimo.madrid\/2023\/01\/01imagen_app_robles_ios-1-150x150.png 150w, https:\/\/site.educa.madrid.org\/cp.alfonsodecimo.madrid\/\/wp-content\/uploads\/cp.alfonsodecimo.madrid\/2023\/01\/01imagen_app_robles_ios-1-100x100.png 100w\" sizes=\"auto, (max-width: 150px) 100vw, 150px\" \/><\/figure>\n\n\n\n<div class=\"wp-block-buttons is-layout-flex wp-block-buttons-is-layout-flex\">\n<div class=\"wp-block-button\"><a class=\"wp-block-button__link wp-element-button\" href=\"https:\/\/play.google.com\/store\/apps\/details?id=org.madrid.raiz.roble\">Para ANDROID en GOOGLE PLAY<\/a><\/div>\n<\/div>\n\n\n\n<div class=\"wp-block-buttons is-layout-flex wp-block-buttons-is-layout-flex\">\n<div class=\"wp-block-button\"><a class=\"wp-block-button__link wp-element-button\" href=\"https:\/\/apps.apple.com\/es\/app\/roble\/id1458472789\">Para IOS en APP STORE<\/a><\/div>\n<\/div>\n\n\n\n<h2 class=\"wp-block-heading has-vivid-red-color has-text-color\">Web ayuda Comunidad de Madrid<\/h2>\n\n\n\n<p><a href=\"https:\/\/www.comunidad.madrid\/servicios\/educacion\/raices\" target=\"_blank\" rel=\"noreferrer noopener\">https:\/\/www.comunidad.madrid\/servicios\/educacion\/raices<\/a><\/p>\n\n\n\n<h2 class=\"wp-block-heading has-vivid-red-color has-text-color\">Informaci\u00f3n ROBLE<\/h2>\n\n\n\n<p><strong>ROBLE&nbsp;<\/strong>es un portal&nbsp;destinado a las familias&nbsp;con una doble finalidad:<\/p>\n\n\n\n<p>Facilitar el acceso a la informaci\u00f3n de sus hijos en RA\u00cdCES (raices.madrid.org)<br>Servir como plataforma de comunicaci\u00f3n e interacci\u00f3n entre el centro y las familias<\/p>\n\n\n\n<p><strong>ROBLE&nbsp;<\/strong>constituye una herramienta adecuada para realizar el&nbsp;seguimiento educativo del alumno, obtener informaci\u00f3n del centro y establecer un canal de comunicaci\u00f3n&nbsp;con \u00e9ste.<\/p>\n\n\n\n<p>Cada tutor\/a legal tendr\u00e1 un usuario personal.&nbsp;Si no dispone de usuario o contrase\u00f1a, o tiene dificultades para acceder, p\u00f3ngase en contacto con el centro a trav\u00e9s del mail<\/p>\n\n\n\n<p>secretaria.cp.alfonsodecimo.madrid@educa.madrid.org<\/p>\n\n\n\n<p>Se accede a&nbsp;<strong>ROBLE&nbsp;<\/strong>desde cualquier navegador actualizado o desde cualquier dispositivo m\u00f3vil (tel\u00e9fono o tablet).<\/p>\n\n\n\n<h2 class=\"wp-block-heading has-vivid-red-color has-text-color\">Gu\u00edas visuales y manuales de ayuda<\/h2>\n\n\n\n<figure class=\"wp-block-image size-full\"><a href=\"https:\/\/www.educa2.madrid.org\/web\/educamadrid\/principal\/files\/598fb4f5-7e17-4353-b7e4-ccf2b51eb97a\/ROBLE-WEB-Familias-Gu%C3%ADa-Visual-1.4.pdf?t=1615469447119\"><img loading=\"lazy\" decoding=\"async\" width=\"250\" height=\"174\" src=\"https:\/\/site.educa.madrid.org\/cp.alfonsodecimo.madrid\/\/wp-content\/uploads\/cp.alfonsodecimo.madrid\/2023\/01\/guia-familias-2.jpg\" alt=\"\" class=\"wp-image-1239\"\/><\/a><\/figure>\n\n\n\n<p><a rel=\"noreferrer noopener\" href=\"https:\/\/www.educa2.madrid.org\/web\/educamadrid\/principal\/files\/598fb4f5-7e17-4353-b7e4-ccf2b51eb97a\/ROBLE-WEB-Familias-Gu%C3%ADa-Visual-1.4.pdf?t=1615469447119\" data-type=\"URL\" data-id=\"https:\/\/www.educa2.madrid.org\/web\/educamadrid\/principal\/files\/598fb4f5-7e17-4353-b7e4-ccf2b51eb97a\/ROBLE-WEB-Familias-Gu%C3%ADa-Visual-1.4.pdf?t=1615469447119\" target=\"_blank\">Gu\u00eda visual web<\/a><br><a href=\"https:\/\/www.educa2.madrid.org\/web\/educamadrid\/principal\/files\/598fb4f5-7e17-4353-b7e4-ccf2b51eb97a\/ROBLE-APP-Gu%C3%ADa-Visual-1.1.pdf?t=1615469365934\" data-type=\"URL\" data-id=\"https:\/\/www.educa2.madrid.org\/web\/educamadrid\/principal\/files\/598fb4f5-7e17-4353-b7e4-ccf2b51eb97a\/ROBLE-APP-Gu%C3%ADa-Visual-1.1.pdf?t=1615469365934\">Gu\u00eda visual app<\/a><\/p>\n\n\n\n<figure class=\"wp-block-image size-full\"><a href=\"https:\/\/www.educa2.madrid.org\/web\/educamadrid\/principal\/files\/598fb4f5-7e17-4353-b7e4-ccf2b51eb97a\/ROBLE-WEB-Visual-Ventanas-emergentes-1.0.pdf?t=1615469471102\"><img loading=\"lazy\" decoding=\"async\" width=\"249\" height=\"174\" src=\"https:\/\/site.educa.madrid.org\/cp.alfonsodecimo.madrid\/\/wp-content\/uploads\/cp.alfonsodecimo.madrid\/2023\/01\/desbloqueo-ventanas.jpg\" alt=\"\" class=\"wp-image-1240\"\/><\/a><\/figure>\n\n\n\n<p><a href=\"https:\/\/www.educa2.madrid.org\/web\/educamadrid\/principal\/files\/598fb4f5-7e17-4353-b7e4-ccf2b51eb97a\/ROBLE-WEB-Visual-Ventanas-emergentes-1.0.pdf?t=1615469471102\" data-type=\"URL\" data-id=\"https:\/\/www.educa2.madrid.org\/web\/educamadrid\/principal\/files\/598fb4f5-7e17-4353-b7e4-ccf2b51eb97a\/ROBLE-WEB-Visual-Ventanas-emergentes-1.0.pdf?t=1615469471102\" target=\"_blank\" rel=\"noreferrer noopener\">Desbloqueo ventanas emergentes<\/a><\/p>\n\n\n\n<figure class=\"wp-block-image size-full\"><a href=\"https:\/\/www.educa2.madrid.org\/web\/educamadrid\/principal\/files\/598fb4f5-7e17-4353-b7e4-ccf2b51eb97a\/Seguimiento-educativo-para-tutores-legales-1_0.pdf?t=1615469602203\"><img loading=\"lazy\" decoding=\"async\" width=\"183\" height=\"249\" src=\"https:\/\/site.educa.madrid.org\/cp.alfonsodecimo.madrid\/\/wp-content\/uploads\/cp.alfonsodecimo.madrid\/2023\/01\/seguimiento-tutores.jpg\" alt=\"\" class=\"wp-image-1241\"\/><\/a><\/figure>\n\n\n\n<p>S<a href=\"https:\/\/www.educa2.madrid.org\/web\/educamadrid\/principal\/files\/598fb4f5-7e17-4353-b7e4-ccf2b51eb97a\/Seguimiento-educativo-para-tutores-legales-1_0.pdf?t=1615469602203\" data-type=\"URL\" data-id=\"https:\/\/www.educa2.madrid.org\/web\/educamadrid\/principal\/files\/598fb4f5-7e17-4353-b7e4-ccf2b51eb97a\/Seguimiento-educativo-para-tutores-legales-1_0.pdf?t=1615469602203\" target=\"_blank\" rel=\"noreferrer noopener\">eguimiento educativo tutores<\/a><\/p>\n","protected":false},"excerpt":{"rendered":"<p>Acceso a ROBLE por primera vez Acceso y descarga Acceso por ordenador desde cualquier navegador: Acceso desde m\u00f3vil mediante apps, descarg\u00e1ndolas en: Web ayuda Comunidad de Madrid https:\/\/www.comunidad.madrid\/servicios\/educacion\/raices Informaci\u00f3n ROBLE ROBLE&nbsp;es un portal&nbsp;destinado a las familias&nbsp;con una doble finalidad: Facilitar el acceso a la informaci\u00f3n de sus hijos en RA\u00cdCES (raices.madrid.org)Servir como plataforma de comunicaci\u00f3n &hellip; <\/p>\n<p class=\"link-more\"><a href=\"https:\/\/site.educa.madrid.org\/cp.alfonsodecimo.madrid\/index.php\/informatica\/roble\/\" class=\"more-link\">Continuar leyendo<span class=\"screen-reader-text\"> \u00abROBLE\u00bb<\/span><\/a><\/p>\n","protected":false},"author":3,"featured_media":0,"parent":1223,"menu_order":2,"comment_status":"closed","ping_status":"closed","template":"page-with-siblings-submenu.php","meta":{"footnotes":""},"folder":[],"class_list":["post-1229","page","type-page","status-publish","hentry"],"rttpg_featured_image_url":null,"rttpg_author":{"display_name":"cp.alfonsodecimo.madrid","author_link":"https:\/\/site.educa.madrid.org\/cp.alfonsodecimo.madrid\/index.php\/author\/cuenta_cp-alfonsodecimo-madrid\/"},"rttpg_comment":0,"rttpg_category":false,"rttpg_excerpt":"Acceso a ROBLE por primera vez Acceso y descarga Acceso por ordenador desde cualquier navegador: Acceso desde m\u00f3vil mediante apps, descarg\u00e1ndolas en: Web ayuda Comunidad de Madrid https:\/\/www.comunidad.madrid\/servicios\/educacion\/raices Informaci\u00f3n ROBLE ROBLE&nbsp;es un portal&nbsp;destinado a las familias&nbsp;con una doble finalidad: Facilitar el acceso a la informaci\u00f3n de sus hijos en RA\u00cdCES (raices.madrid.org)Servir como plataforma de comunicaci\u00f3n&hellip;","post_mailing_queue_ids":[],"_links":{"self":[{"href":"https:\/\/site.educa.madrid.org\/cp.alfonsodecimo.madrid\/index.php\/wp-json\/wp\/v2\/pages\/1229","targetHints":{"allow":["GET"]}}],"collection":[{"href":"https:\/\/site.educa.madrid.org\/cp.alfonsodecimo.madrid\/index.php\/wp-json\/wp\/v2\/pages"}],"about":[{"href":"https:\/\/site.educa.madrid.org\/cp.alfonsodecimo.madrid\/index.php\/wp-json\/wp\/v2\/types\/page"}],"author":[{"embeddable":true,"href":"https:\/\/site.educa.madrid.org\/cp.alfonsodecimo.madrid\/index.php\/wp-json\/wp\/v2\/users\/3"}],"replies":[{"embeddable":true,"href":"https:\/\/site.educa.madrid.org\/cp.alfonsodecimo.madrid\/index.php\/wp-json\/wp\/v2\/comments?post=1229"}],"version-history":[{"count":7,"href":"https:\/\/site.educa.madrid.org\/cp.alfonsodecimo.madrid\/index.php\/wp-json\/wp\/v2\/pages\/1229\/revisions"}],"predecessor-version":[{"id":1900,"href":"https:\/\/site.educa.madrid.org\/cp.alfonsodecimo.madrid\/index.php\/wp-json\/wp\/v2\/pages\/1229\/revisions\/1900"}],"up":[{"embeddable":true,"href":"https:\/\/site.educa.madrid.org\/cp.alfonsodecimo.madrid\/index.php\/wp-json\/wp\/v2\/pages\/1223"}],"wp:attachment":[{"href":"https:\/\/site.educa.madrid.org\/cp.alfonsodecimo.madrid\/index.php\/wp-json\/wp\/v2\/media?parent=1229"}],"wp:term":[{"taxonomy":"folder","embeddable":true,"href":"https:\/\/site.educa.madrid.org\/cp.alfonsodecimo.madrid\/index.php\/wp-json\/wp\/v2\/folder?post=1229"}],"curies":[{"name":"wp","href":"https:\/\/api.w.org\/{rel}","templated":true}]}}