{"id":1245,"date":"2023-01-08T19:26:16","date_gmt":"2023-01-08T18:26:16","guid":{"rendered":"https:\/\/site.educa.madrid.org\/cp.alfonsodecimo.madrid\/?page_id=1245"},"modified":"2023-01-10T13:16:19","modified_gmt":"2023-01-10T12:16:19","slug":"smile-and-learn","status":"publish","type":"page","link":"https:\/\/site.educa.madrid.org\/cp.alfonsodecimo.madrid\/index.php\/informatica\/smile-and-learn\/","title":{"rendered":"Smile and learn"},"content":{"rendered":"\n<div class=\"wp-block-columns is-layout-flex wp-container-core-columns-is-layout-9d6595d7 wp-block-columns-is-layout-flex\">\n<div class=\"wp-block-column is-layout-flow wp-block-column-is-layout-flow\" style=\"flex-basis:33.33%\">\n<div class=\"wp-block-image\"><figure class=\"aligncenter size-full\"><img loading=\"lazy\" decoding=\"async\" width=\"200\" height=\"200\" src=\"https:\/\/site.educa.madrid.org\/cp.alfonsodecimo.madrid\/\/wp-content\/uploads\/cp.alfonsodecimo.madrid\/2023\/01\/smile-and-learn.png\" alt=\"\" class=\"wp-image-1252\" srcset=\"https:\/\/site.educa.madrid.org\/cp.alfonsodecimo.madrid\/\/wp-content\/uploads\/cp.alfonsodecimo.madrid\/2023\/01\/smile-and-learn.png 200w, https:\/\/site.educa.madrid.org\/cp.alfonsodecimo.madrid\/\/wp-content\/uploads\/cp.alfonsodecimo.madrid\/2023\/01\/smile-and-learn-150x150.png 150w, https:\/\/site.educa.madrid.org\/cp.alfonsodecimo.madrid\/\/wp-content\/uploads\/cp.alfonsodecimo.madrid\/2023\/01\/smile-and-learn-100x100.png 100w\" sizes=\"auto, (max-width: 200px) 100vw, 200px\" \/><\/figure><\/div>\n<\/div>\n\n\n\n<div class=\"wp-block-column is-layout-flow wp-block-column-is-layout-flow\" style=\"flex-basis:66.66%\">\n<p><strong>Smile and Learn<\/strong>\u00a0es una plataforma educativa de contenidos adaptativos 360\u00ba para ni\u00f1os de entre 3 y 12 a\u00f1os. Dise\u00f1ada por expertos educadores, su contenido refuerza inteligencias m\u00faltiples, \u00e1reas curriculares y aprendizaje de idiomas.\u00a0Smile and Learn\u00a0ha sido premiada internacionalmente por la Comisi\u00f3n Europea, el MIT de Boston y el Bett Show de Londres y cuenta con 4.500 actividades en 200 apps y 250 v\u00eddeos.<\/p>\n<\/div>\n<\/div>\n\n\n\n<p>La plataforma est\u00e1 disponible en cinco idiomas (espa\u00f1ol, ingl\u00e9s, franc\u00e9s, portugu\u00e9s e italiano), y es una herramienta perfecta para centros biling\u00fces. Adem\u00e1s,&nbsp;Smile and Learn&nbsp;es una herramienta inclusiva, con material adaptable a las necesidades de cada ni\u00f1o e incluye un sistema de an\u00e1lisis y recomendaciones seg\u00fan el uso, aprovechando la inteligencia artificial y las capacidades de aprendizaje autom\u00e1tico.<\/p>\n\n\n\n<p>Smile and Learn\u00a0es multidispositivo (pizarra digital, PC, ipad o tableta) y est\u00e1 disponible en varios sistemas operativos (Windows, iOS, Android, MAX). <\/p>\n\n\n\n<p><strong>Para descargar la aplicaci\u00f3n pincha aqu\u00ed debajo:<\/strong><\/p>\n\n\n\n<div class=\"wp-block-columns is-layout-flex wp-container-core-columns-is-layout-9d6595d7 wp-block-columns-is-layout-flex\">\n<div class=\"wp-block-column is-layout-flow wp-block-column-is-layout-flow\">\n<div class=\"wp-block-image\"><figure class=\"aligncenter size-full\"><a href=\"https:\/\/play.google.com\/store\/apps\/details?id=net.smileandlearn.library&amp;hl=es&amp;gl=US\"><img loading=\"lazy\" decoding=\"async\" width=\"179\" height=\"55\" src=\"https:\/\/site.educa.madrid.org\/cp.alfonsodecimo.madrid\/\/wp-content\/uploads\/cp.alfonsodecimo.madrid\/2023\/01\/google-play.png\" alt=\"\" class=\"wp-image-1253\"\/><\/a><\/figure><\/div>\n<\/div>\n\n\n\n<div class=\"wp-block-column is-layout-flow wp-block-column-is-layout-flow\">\n<div class=\"wp-block-image\"><figure class=\"aligncenter size-full\"><a href=\"https:\/\/apps.apple.com\/es\/app\/smile-and-learn\/id1062523369\"><img loading=\"lazy\" decoding=\"async\" width=\"179\" height=\"55\" src=\"https:\/\/site.educa.madrid.org\/cp.alfonsodecimo.madrid\/\/wp-content\/uploads\/cp.alfonsodecimo.madrid\/2023\/01\/app-store.jpg\" alt=\"\" class=\"wp-image-1254\"\/><\/a><\/figure><\/div>\n<\/div>\n\n\n\n<div class=\"wp-block-column is-layout-flow wp-block-column-is-layout-flow\">\n<div class=\"wp-block-image\"><figure class=\"aligncenter size-full\"><a href=\"https:\/\/www.microsoft.com\/es-es\/p\/smile-and-learn-juegos-educativos-para-ninos\/9mvxkgmmbknt?activetab=pivot:overviewtab\"><img loading=\"lazy\" decoding=\"async\" width=\"183\" height=\"57\" src=\"https:\/\/site.educa.madrid.org\/cp.alfonsodecimo.madrid\/\/wp-content\/uploads\/cp.alfonsodecimo.madrid\/2023\/01\/windows-store.jpg\" alt=\"\" class=\"wp-image-1255\"\/><\/a><\/figure><\/div>\n<\/div>\n<\/div>\n\n\n\n<p>Una vez descargado en tu dispositivo, deb\u00e9is introducir vuestro correo @educa.madrid.org y contrase\u00f1a<\/p>\n\n\n\n<figure class=\"wp-block-image size-full\"><img loading=\"lazy\" decoding=\"async\" width=\"550\" height=\"253\" src=\"https:\/\/site.educa.madrid.org\/cp.alfonsodecimo.madrid\/\/wp-content\/uploads\/cp.alfonsodecimo.madrid\/2023\/01\/smile-1.jpeg\" alt=\"\" class=\"wp-image-1256\" srcset=\"https:\/\/site.educa.madrid.org\/cp.alfonsodecimo.madrid\/\/wp-content\/uploads\/cp.alfonsodecimo.madrid\/2023\/01\/smile-1.jpeg 550w, https:\/\/site.educa.madrid.org\/cp.alfonsodecimo.madrid\/\/wp-content\/uploads\/cp.alfonsodecimo.madrid\/2023\/01\/smile-1-300x138.jpeg 300w\" sizes=\"auto, (max-width: 550px) 100vw, 550px\" \/><\/figure>\n\n\n\n<p>Ahora introduce tu nombre, fecha de nacimiento y pulsa en el bot\u00f3n verde<\/p>\n\n\n\n<figure class=\"wp-block-image size-full\"><img loading=\"lazy\" decoding=\"async\" width=\"550\" height=\"253\" src=\"https:\/\/site.educa.madrid.org\/cp.alfonsodecimo.madrid\/\/wp-content\/uploads\/cp.alfonsodecimo.madrid\/2023\/01\/smile-2.jpeg\" alt=\"\" class=\"wp-image-1257\" srcset=\"https:\/\/site.educa.madrid.org\/cp.alfonsodecimo.madrid\/\/wp-content\/uploads\/cp.alfonsodecimo.madrid\/2023\/01\/smile-2.jpeg 550w, https:\/\/site.educa.madrid.org\/cp.alfonsodecimo.madrid\/\/wp-content\/uploads\/cp.alfonsodecimo.madrid\/2023\/01\/smile-2-300x138.jpeg 300w\" sizes=\"auto, (max-width: 550px) 100vw, 550px\" \/><\/figure>\n\n\n\n<p>Por si a\u00fan ten\u00e9is dudas, a continuaci\u00f3n dispon\u00e9is de un videotutorial en el que se explica c\u00f3mo descargar la aplicaci\u00f3n y c\u00f3mo acceder con correo y contrase\u00f1a de EducaMadrid:<\/p>\n\n\n\n<figure class=\"wp-block-image size-full\"><a href=\"https:\/\/youtu.be\/NVntAlSsq1s\"><img loading=\"lazy\" decoding=\"async\" width=\"510\" height=\"288\" src=\"https:\/\/site.educa.madrid.org\/cp.alfonsodecimo.madrid\/\/wp-content\/uploads\/cp.alfonsodecimo.madrid\/2023\/01\/smile-3.jpg\" alt=\"\" class=\"wp-image-1258\" srcset=\"https:\/\/site.educa.madrid.org\/cp.alfonsodecimo.madrid\/\/wp-content\/uploads\/cp.alfonsodecimo.madrid\/2023\/01\/smile-3.jpg 510w, https:\/\/site.educa.madrid.org\/cp.alfonsodecimo.madrid\/\/wp-content\/uploads\/cp.alfonsodecimo.madrid\/2023\/01\/smile-3-300x169.jpg 300w\" sizes=\"auto, (max-width: 510px) 100vw, 510px\" \/><\/a><\/figure>\n\n\n\n<p><strong>Cat\u00e1logo de contenidos: <\/strong>\u00a0<a href=\"https:\/\/smileandlearn.com\/colegios\/\">https:\/\/smileandlearn.com\/colegios\/<\/a><\/p>\n","protected":false},"excerpt":{"rendered":"<p>Smile and Learn\u00a0es una plataforma educativa de contenidos adaptativos 360\u00ba para ni\u00f1os de entre 3 y 12 a\u00f1os. Dise\u00f1ada por expertos educadores, su contenido refuerza inteligencias m\u00faltiples, \u00e1reas curriculares y aprendizaje de idiomas.\u00a0Smile and Learn\u00a0ha sido premiada internacionalmente por la Comisi\u00f3n Europea, el MIT de Boston y el Bett Show de Londres y cuenta con &hellip; <\/p>\n<p class=\"link-more\"><a href=\"https:\/\/site.educa.madrid.org\/cp.alfonsodecimo.madrid\/index.php\/informatica\/smile-and-learn\/\" class=\"more-link\">Continuar leyendo<span class=\"screen-reader-text\"> \u00abSmile and learn\u00bb<\/span><\/a><\/p>\n","protected":false},"author":3,"featured_media":0,"parent":1223,"menu_order":3,"comment_status":"closed","ping_status":"closed","template":"page-with-siblings-submenu.php","meta":{"footnotes":""},"folder":[],"class_list":["post-1245","page","type-page","status-publish","hentry"],"rttpg_featured_image_url":null,"rttpg_author":{"display_name":"cp.alfonsodecimo.madrid","author_link":"https:\/\/site.educa.madrid.org\/cp.alfonsodecimo.madrid\/index.php\/author\/cuenta_cp-alfonsodecimo-madrid\/"},"rttpg_comment":0,"rttpg_category":false,"rttpg_excerpt":"Smile and Learn\u00a0es una plataforma educativa de contenidos adaptativos 360\u00ba para ni\u00f1os de entre 3 y 12 a\u00f1os. Dise\u00f1ada por expertos educadores, su contenido refuerza inteligencias m\u00faltiples, \u00e1reas curriculares y aprendizaje de idiomas.\u00a0Smile and Learn\u00a0ha sido premiada internacionalmente por la Comisi\u00f3n Europea, el MIT de Boston y el Bett Show de Londres y cuenta con&hellip;","post_mailing_queue_ids":[],"_links":{"self":[{"href":"https:\/\/site.educa.madrid.org\/cp.alfonsodecimo.madrid\/index.php\/wp-json\/wp\/v2\/pages\/1245","targetHints":{"allow":["GET"]}}],"collection":[{"href":"https:\/\/site.educa.madrid.org\/cp.alfonsodecimo.madrid\/index.php\/wp-json\/wp\/v2\/pages"}],"about":[{"href":"https:\/\/site.educa.madrid.org\/cp.alfonsodecimo.madrid\/index.php\/wp-json\/wp\/v2\/types\/page"}],"author":[{"embeddable":true,"href":"https:\/\/site.educa.madrid.org\/cp.alfonsodecimo.madrid\/index.php\/wp-json\/wp\/v2\/users\/3"}],"replies":[{"embeddable":true,"href":"https:\/\/site.educa.madrid.org\/cp.alfonsodecimo.madrid\/index.php\/wp-json\/wp\/v2\/comments?post=1245"}],"version-history":[{"count":2,"href":"https:\/\/site.educa.madrid.org\/cp.alfonsodecimo.madrid\/index.php\/wp-json\/wp\/v2\/pages\/1245\/revisions"}],"predecessor-version":[{"id":1259,"href":"https:\/\/site.educa.madrid.org\/cp.alfonsodecimo.madrid\/index.php\/wp-json\/wp\/v2\/pages\/1245\/revisions\/1259"}],"up":[{"embeddable":true,"href":"https:\/\/site.educa.madrid.org\/cp.alfonsodecimo.madrid\/index.php\/wp-json\/wp\/v2\/pages\/1223"}],"wp:attachment":[{"href":"https:\/\/site.educa.madrid.org\/cp.alfonsodecimo.madrid\/index.php\/wp-json\/wp\/v2\/media?parent=1245"}],"wp:term":[{"taxonomy":"folder","embeddable":true,"href":"https:\/\/site.educa.madrid.org\/cp.alfonsodecimo.madrid\/index.php\/wp-json\/wp\/v2\/folder?post=1245"}],"curies":[{"name":"wp","href":"https:\/\/api.w.org\/{rel}","templated":true}]}}