{"id":1260,"date":"2023-01-10T13:19:22","date_gmt":"2023-01-10T12:19:22","guid":{"rendered":"https:\/\/site.educa.madrid.org\/cp.alfonsodecimo.madrid\/?page_id=1260"},"modified":"2025-03-08T15:49:59","modified_gmt":"2025-03-08T14:49:59","slug":"contacto","status":"publish","type":"page","link":"https:\/\/site.educa.madrid.org\/cp.alfonsodecimo.madrid\/index.php\/contacto\/","title":{"rendered":"Contacto"},"content":{"rendered":"\n<h2 class=\"wp-block-heading has-vivid-red-color has-text-color\">V\u00edas de contacto con el centro<\/h2>\n\n\n\n<p>Para contactar con el personal docente del centro, lo pod\u00e9is hacer:<\/p>\n\n\n\n<p>&gt; Por <strong>tel\u00e9fono <\/strong>al&nbsp;<a href=\"tel:\/\/913719661\" data-type=\"tel\" data-id=\"tel:\/\/913719661\">913719661<\/a> \/ <a href=\"tel:\/\/629709295\" data-type=\"tel\" data-id=\"tel:\/\/629709295\">629709295<\/a><\/p>\n\n\n\n<p>&gt; Por <strong>correo electr\u00f3nico<\/strong>: <br> <br> &#8211; Mar\u00eda Jos\u00e9 &#8211; <strong>Directora del colegio<\/strong>&nbsp; &#8211;&nbsp; &nbsp;<a href=\"mailto:cp.alfonsodecimo.madrid@educa.madrid.org\">cp.alfonsodecimo.madrid@educa.madrid.org<\/a><br> &#8211; Mayte &#8211; <strong>Jefe de Estudios <\/strong> &#8211; &nbsp;<a href=\"mailto:jestudios.cp.alfonsodecimo.madrid@educa.madrid.org\">jestudios.cp.alfonsodecimo.madrid@educa.madrid.org<\/a>&nbsp;&nbsp;<br> &#8211; Mar\u00eda Jes\u00fas &#8211; <strong>Secretaria&nbsp;<\/strong> &#8211;&nbsp; &nbsp;<a href=\"mailto:secretaria.cp.alfonsodecimo.madrid@educa.madrid.org\">secretaria.cp.alfonsodecimo.madrid@educa.madrid.org<\/a><\/p>\n\n\n\n<p><strong>&gt;<\/strong> En la <strong>direcci\u00f3n&nbsp;<\/strong>Calle De La Fuente De San Pedro 6, 28032, Madrid (Vic\u00e1lvaro)&nbsp;<\/p>\n\n\n\n<h2 class=\"wp-block-heading has-vivid-red-color has-text-color\">Formulario de contacto<\/h2>\n\n\n\n<div class=\"wp-block-contact-form-7-contact-form-selector\">\n<div class=\"wpcf7 no-js\" id=\"wpcf7-f229-o1\" lang=\"es-ES\" dir=\"ltr\">\n<div class=\"screen-reader-response\"><p role=\"status\" aria-live=\"polite\" aria-atomic=\"true\"><\/p> <ul><\/ul><\/div>\n<form action=\"\/cp.alfonsodecimo.madrid\/index.php\/wp-json\/wp\/v2\/pages\/1260#wpcf7-f229-o1\" method=\"post\" class=\"wpcf7-form init\" aria-label=\"Formulario de contacto\" novalidate=\"novalidate\" data-status=\"init\">\n<div style=\"display: none;\">\n<input type=\"hidden\" name=\"_wpcf7\" value=\"229\" \/>\n<input type=\"hidden\" name=\"_wpcf7_version\" value=\"5.9.7\" \/>\n<input type=\"hidden\" name=\"_wpcf7_locale\" value=\"es_ES\" \/>\n<input type=\"hidden\" name=\"_wpcf7_unit_tag\" value=\"wpcf7-f229-o1\" \/>\n<input type=\"hidden\" name=\"_wpcf7_container_post\" value=\"0\" \/>\n<input type=\"hidden\" name=\"_wpcf7_posted_data_hash\" value=\"\" \/>\n<\/div>\n<p><label> Nombre<br \/>\n<span class=\"wpcf7-form-control-wrap\" data-name=\"your-name\"><input size=\"40\" maxlength=\"400\" class=\"wpcf7-form-control wpcf7-text wpcf7-validates-as-required\" aria-required=\"true\" aria-invalid=\"false\" value=\"\" type=\"text\" name=\"your-name\" \/><\/span> <\/label>\n<\/p>\n<p><label> Email<br \/>\n<span class=\"wpcf7-form-control-wrap\" data-name=\"your-email\"><input size=\"40\" maxlength=\"400\" class=\"wpcf7-form-control wpcf7-email wpcf7-validates-as-required wpcf7-text wpcf7-validates-as-email\" aria-required=\"true\" aria-invalid=\"false\" value=\"\" type=\"email\" name=\"your-email\" \/><\/span> <\/label>\n<\/p>\n<p><label> Tel\u00e9fono<br \/>\n<span class=\"wpcf7-form-control-wrap\" data-name=\"tel-250\"><input size=\"40\" maxlength=\"400\" class=\"wpcf7-form-control wpcf7-tel wpcf7-validates-as-required wpcf7-text wpcf7-validates-as-tel\" aria-required=\"true\" aria-invalid=\"false\" value=\"\" type=\"tel\" name=\"tel-250\" \/><\/span> <\/label>\n<\/p>\n<p><label> \u00bfCon qui\u00e9n quiere contactar?<br \/>\n<span class=\"wpcf7-form-control-wrap\" data-name=\"menu-160\"><select class=\"wpcf7-form-control wpcf7-select\" aria-invalid=\"false\" name=\"menu-160\"><option value=\"\">&#8212;Por favor, elige una opci\u00f3n&#8212;<\/option><option value=\"Secretaria\">Secretaria<\/option><option value=\"Jefe de Estudios\">Jefe de Estudios<\/option><option value=\"Directora\">Directora<\/option><option value=\"Administradora\">Administradora<\/option><option value=\"Comedor\">Comedor<\/option><\/select><\/span> <\/label>\n<\/p>\n<p><label> Mensaje<br \/>\n<span class=\"wpcf7-form-control-wrap\" data-name=\"your-message\"><textarea cols=\"40\" rows=\"10\" maxlength=\"2000\" class=\"wpcf7-form-control wpcf7-textarea\" aria-invalid=\"false\" name=\"your-message\"><\/textarea><\/span> <\/label>\n<\/p>\n<p class=\"aiowps-captcha hide-when-displaying-tfa-input\"><label for=\"aiowps-captcha-answer\">Por favor, introduce una respuesta en d\u00edgitos:<\/label>\n<\/p>\n<div class=\"aiowps-captcha-equation hide-when-displaying-tfa-input\">\n\t<p><strong>dieciocho &#8722; 1 = <input type=\"hidden\" name=\"aiowps-captcha-string-info\" class=\"aiowps-captcha-string-info\" value=\"c3oew2xgjq\" \/><input type=\"hidden\" name=\"aiowps-captcha-temp-string\" class=\"aiowps-captcha-temp-string\" value=\"1778606869\" \/><input type=\"text\" size=\"2\" class=\"aiowps-captcha-answer\" name=\"aiowps-captcha-answer\" value=\"\" autocomplete=\"off\" \/><\/strong>\n\t<\/p>\n<\/div>\n<p><span class='wpcf7-form-control-wrap' data-name='aiowps-captcha'><\/span><input class=\"wpcf7-form-control wpcf7-submit has-spinner\" type=\"submit\" value=\"Enviar\" \/>\n<\/p><p style=\"display: none !important;\" class=\"akismet-fields-container\" data-prefix=\"_wpcf7_ak_\"><label>&#916;<textarea name=\"_wpcf7_ak_hp_textarea\" cols=\"45\" rows=\"8\" maxlength=\"100\"><\/textarea><\/label><input type=\"hidden\" id=\"ak_js_1\" name=\"_wpcf7_ak_js\" value=\"38\"\/><script>document.getElementById( \"ak_js_1\" ).setAttribute( \"value\", ( new Date() ).getTime() );<\/script><\/p><div class=\"wpcf7-response-output\" aria-hidden=\"true\"><\/div>\n<\/form>\n<\/div>\n<\/div>\n\n\n\n<p><\/p>\n","protected":false},"excerpt":{"rendered":"<p>V\u00edas de contacto con el centro Para contactar con el personal docente del centro, lo pod\u00e9is hacer: &gt; Por tel\u00e9fono al&nbsp;913719661 \/ 629709295 &gt; Por correo electr\u00f3nico: &#8211; Mar\u00eda Jos\u00e9 &#8211; Directora del colegio&nbsp; &#8211;&nbsp; &nbsp;cp.alfonsodecimo.madrid@educa.madrid.org &#8211; Mayte &#8211; Jefe de Estudios &#8211; &nbsp;jestudios.cp.alfonsodecimo.madrid@educa.madrid.org&nbsp;&nbsp; &#8211; Mar\u00eda Jes\u00fas &#8211; Secretaria&nbsp; &#8211;&nbsp; &nbsp;secretaria.cp.alfonsodecimo.madrid@educa.madrid.org &gt; En la direcci\u00f3n&nbsp;Calle &hellip; <\/p>\n<p class=\"link-more\"><a href=\"https:\/\/site.educa.madrid.org\/cp.alfonsodecimo.madrid\/index.php\/contacto\/\" class=\"more-link\">Continuar leyendo<span class=\"screen-reader-text\"> \u00abContacto\u00bb<\/span><\/a><\/p>\n","protected":false},"author":3,"featured_media":0,"parent":0,"menu_order":0,"comment_status":"closed","ping_status":"closed","template":"","meta":{"footnotes":""},"folder":[],"class_list":["post-1260","page","type-page","status-publish","hentry"],"rttpg_featured_image_url":null,"rttpg_author":{"display_name":"cp.alfonsodecimo.madrid","author_link":"https:\/\/site.educa.madrid.org\/cp.alfonsodecimo.madrid\/index.php\/author\/cuenta_cp-alfonsodecimo-madrid\/"},"rttpg_comment":0,"rttpg_category":false,"rttpg_excerpt":"V\u00edas de contacto con el centro Para contactar con el personal docente del centro, lo pod\u00e9is hacer: &gt; Por tel\u00e9fono al&nbsp;913719661 \/ 629709295 &gt; Por correo electr\u00f3nico: &#8211; Mar\u00eda Jos\u00e9 &#8211; Directora del colegio&nbsp; &#8211;&nbsp; &nbsp;cp.alfonsodecimo.madrid@educa.madrid.org &#8211; Mayte &#8211; Jefe de Estudios &#8211; &nbsp;jestudios.cp.alfonsodecimo.madrid@educa.madrid.org&nbsp;&nbsp; &#8211; Mar\u00eda Jes\u00fas &#8211; Secretaria&nbsp; &#8211;&nbsp; &nbsp;secretaria.cp.alfonsodecimo.madrid@educa.madrid.org &gt; En la direcci\u00f3n&nbsp;Calle&hellip;","post_mailing_queue_ids":[],"_links":{"self":[{"href":"https:\/\/site.educa.madrid.org\/cp.alfonsodecimo.madrid\/index.php\/wp-json\/wp\/v2\/pages\/1260","targetHints":{"allow":["GET"]}}],"collection":[{"href":"https:\/\/site.educa.madrid.org\/cp.alfonsodecimo.madrid\/index.php\/wp-json\/wp\/v2\/pages"}],"about":[{"href":"https:\/\/site.educa.madrid.org\/cp.alfonsodecimo.madrid\/index.php\/wp-json\/wp\/v2\/types\/page"}],"author":[{"embeddable":true,"href":"https:\/\/site.educa.madrid.org\/cp.alfonsodecimo.madrid\/index.php\/wp-json\/wp\/v2\/users\/3"}],"replies":[{"embeddable":true,"href":"https:\/\/site.educa.madrid.org\/cp.alfonsodecimo.madrid\/index.php\/wp-json\/wp\/v2\/comments?post=1260"}],"version-history":[{"count":14,"href":"https:\/\/site.educa.madrid.org\/cp.alfonsodecimo.madrid\/index.php\/wp-json\/wp\/v2\/pages\/1260\/revisions"}],"predecessor-version":[{"id":2691,"href":"https:\/\/site.educa.madrid.org\/cp.alfonsodecimo.madrid\/index.php\/wp-json\/wp\/v2\/pages\/1260\/revisions\/2691"}],"wp:attachment":[{"href":"https:\/\/site.educa.madrid.org\/cp.alfonsodecimo.madrid\/index.php\/wp-json\/wp\/v2\/media?parent=1260"}],"wp:term":[{"taxonomy":"folder","embeddable":true,"href":"https:\/\/site.educa.madrid.org\/cp.alfonsodecimo.madrid\/index.php\/wp-json\/wp\/v2\/folder?post=1260"}],"curies":[{"name":"wp","href":"https:\/\/api.w.org\/{rel}","templated":true}]}}